{"id":69,"date":"2013-09-17T14:40:27","date_gmt":"2013-09-17T14:40:27","guid":{"rendered":"http:\/\/dev02.websynapse.ro\/parerea-clientilor\/"},"modified":"2020-05-02T16:29:52","modified_gmt":"2020-05-02T13:29:52","slug":"customer-opinion","status":"publish","type":"page","link":"https:\/\/azura.ro\/en\/parerea-clientilor\/","title":{"rendered":"Customer feedback"},"content":{"rendered":"<div class=\"container section-title-container\" ><h1 class=\"section-title section-title-bold-center\"><b aria-hidden=\"true\"><\/b><span class=\"section-title-main\" ><i class=\"icon-checkmark\" aria-hidden=\"true\"><\/i>Bine a\u021bi venit \u00een rubrica - P\u0103rerea clien\u021bilor -<\/span><b aria-hidden=\"true\"><\/b><\/h1><\/div>\n<div class=\"row\"  id=\"row-788056289\">\n\n\t<div id=\"col-963795199\" class=\"col medium-8 small-12 large-8\"  >\n\t\t\t\t<div class=\"col-inner\"  >\n\t\t\t\n\t\t\t\n<p>V\u0103 mul\u021bumim pentru interes \u0219i v\u0103 prezent\u0103m mai jos, un rezumat al recenziilor primite la diferite produse de-ale noastre. Mai multe recenzii ve\u021bi g\u0103si direct pe pagina produselor (acolo unde ele au \u0219i fost scrise de c\u0103tre clien\u021bii no\u0219tri) iar mai jos ve\u021bi g\u0103si doar un num\u0103r limitat pentru a v\u0103 putea face o p\u0103rere rapid\u0103 despre produsele noastre dar \u0219i despre noi.<\/p>\n<p style=\"text-align: justify;\">Clien\u021bii no\u0219tri sunt clien\u021bi mul\u021bumi\u021bi. Asa c\u0103 te invit\u0103m s\u0103 ne devii client c\u00e2t mai cur\u00e2nd, poate chiar acum?<\/p>\n\t\t<\/div>\n\t\t\t\t\t<\/div>\n\n\t\n\n\t<div id=\"col-1227525796\" class=\"col medium-4 small-12 large-4\"  >\n\t\t\t\t<div class=\"col-inner\"  >\n\t\t\t\n\t\t\t\n\t<div class=\"img has-hover x md-x lg-x y md-y lg-y\" id=\"image_790358635\">\n\t\t\t\t\t\t\t\t<div class=\"img-inner dark\" >\n\t\t\t<img decoding=\"async\" width=\"1020\" height=\"414\" src=\"https:\/\/azura.ro\/wp-content\/uploads\/2020\/05\/azura-recenzii-1024x416.jpg\" class=\"attachment-large size-large\" alt=\"\" srcset=\"https:\/\/azura.ro\/wp-content\/uploads\/2020\/05\/azura-recenzii-1024x416.jpg 1024w, https:\/\/azura.ro\/wp-content\/uploads\/2020\/05\/azura-recenzii-510x207.jpg 510w, https:\/\/azura.ro\/wp-content\/uploads\/2020\/05\/azura-recenzii-300x122.jpg 300w, https:\/\/azura.ro\/wp-content\/uploads\/2020\/05\/azura-recenzii-1536x624.jpg 1536w, https:\/\/azura.ro\/wp-content\/uploads\/2020\/05\/azura-recenzii.jpg 1890w\" sizes=\"(max-width: 1020px) 100vw, 1020px\" \/>\t\t\t\t\t\t\n\t\t\t\t\t<\/div>\n\t\t\t\t\t\t\t\t\n<style>\n#image_790358635 {\n  width: 100%;\n}\n<\/style>\n\t<\/div>\n\t\n\t\t<\/div>\n\t\t\t\t\t<\/div>\n\n\t\n<\/div>\n<div class=\"row align-equal row-box-shadow-2 row-box-shadow-5-hover\"  id=\"row-1016734112\">\n\n\t<div id=\"col-274350148\" class=\"col medium-6 small-12 large-6\"  >\n\t\t\t\t<div class=\"col-inner\"  >\n\t\t\t\n\t\t\t\n  <div class=\"icon-box testimonial-box icon-box-center text-center\">\n                <div class=\"icon-box-text p-last-0\">\n          <div class=\"star-rating\" role=\"img\" aria-label=\"Rated 5 out of 5\"><span style=\"width:100%\"><strong class=\"rating\"><\/strong><\/span><\/div>  \t\t\t\t<div class=\"testimonial-text line-height-small italic test_text first-reset last-reset is-italic\">\n            \n<h2><a href=\"https:\/\/azura.ro\/produs\/filtru-apa-ultrazura-11uf-bmb-line\/\">FILTRU APA ULTRAZURA 11UF BMB LINE<\/a><\/h2>\n<p>Acest produs este solutia perfecta pentru o familie. Este calitativ si cred ca are un raport bun calitate-pret. Am scapat de caratul baxurilor de apa si de stresul ca mai avem doar o sticla de apa si ca trebuie sa merg neaparat sa mai cumpar. Avem acum apa din abundenta.<\/p>\n<p>Folosim apa pentru baut, pentru gatit, noi spalam fructele\/legumele cu apa de la filtru inainte sa le consumam.<\/p>\n<p>Filtrele trebuie schimbate la 6 luni (doua dintre ele) si toate la un an. Trebuie sa mai mentionez ca filtrele se schimba DEOSEBIT de simplu. Daca stii sa schimbi un bec, stii sa schimbi si aceste filtre! :) Ma bucur ca nu am nevoie la fiecare 6 luni de un instalator in casa! :)<\/p>\n<p>Over all, filtrele aduc nu numai o apa de calitate dar si un confort in plus de care avem nevoie. Sunt foarte incantat de produs si il recomand oricarui om interesat de apa potabila in casa la un pret rezonabil.<\/p>\n          <\/div>\n          <div class=\"testimonial-meta pt-half\">\n             <strong class=\"testimonial-name test_name\">Beni Grozea<\/strong>\n                          <span class=\"testimonial-company test_company\"><\/span>\n          <\/div>\n        <\/div>\n  <\/div>\n\n  \n\t\t<\/div>\n\t\t\t\t\t<\/div>\n\n\t\n\n\t<div id=\"col-1988952518\" class=\"col medium-6 small-12 large-6\"  >\n\t\t\t\t<div class=\"col-inner\"  >\n\t\t\t\n\t\t\t\n  <div class=\"icon-box testimonial-box icon-box-center text-center\">\n                <div class=\"icon-box-text p-last-0\">\n          <div class=\"star-rating\" role=\"img\" aria-label=\"Rated 5 out of 5\"><span style=\"width:100%\"><strong class=\"rating\"><\/strong><\/span><\/div>  \t\t\t\t<div class=\"testimonial-text line-height-small italic test_text first-reset last-reset is-italic\">\n            \n<h2><a href=\"https:\/\/azura.ro\/produs\/filtru-apa-ultrazura-line-8uf-azura-filters\/\">FILTRU APA ULTRAZURA LINE 8UF<\/a><\/h2>\n<p><\/p>\n<p>In primul rand, informatiile prezentate pe site sunt precise, profesionale, foarte detaliate si de foarte mare ajutor pt. orientarea cumparatorului, sub toate aspectele.<\/p>\n<p>Aceste informatii m-au ajutat sa aleg dintre multe alte produse pe cele de la AZURA.<\/p>\n<p>Am fost sunat de reprezentantul AZURA si am dezbatut aceste informatii, acest fapt fiindu-mi de mare ajutor in hotararea de a achizitiona echipamentul ULTRAZURA LINE 8UF.<\/p>\n<p>Comanda mi-a fost rapid livrata, dupa o zi de la primire produsul era si montat de catre mine, fara nici un fel de impediment. Am fost foarte atent sa respect instructiunile de punere in functiune si rezultatul a fost pe masura cerintelor familiei: apa fara mirosul acela de la reteaua de alimentare (clor\u2026), limpede, fara rugina, GUSTOASA, da!<\/p>\n<p>Am scapat de chinul cumpararii si cararii bidoanelor de apa plata pt. baut (60 l pe luna). Au trecut aproape trei luni; voi fi atent la perioadele de inlocuire ale consumabilelor si sper ca totul sa mearga foarte bine de acum incolo. Multumesc, AZURA.<\/p>\n          <\/div>\n          <div class=\"testimonial-meta pt-half\">\n             <strong class=\"testimonial-name test_name\">Emanoil Lazar<\/strong>\n                          <span class=\"testimonial-company test_company\"><\/span>\n          <\/div>\n        <\/div>\n  <\/div>\n\n  \n\t\t<\/div>\n\t\t\t\t\t<\/div>\n\n\t\n\n<style>\n#row-1016734112 > .col > .col-inner {\n  padding: 30px 30px 30px 30px;\n}\n<\/style>\n<\/div>\n<div class=\"row align-equal row-box-shadow-2 row-box-shadow-5-hover\"  id=\"row-344124299\">\n\n\t<div id=\"col-1717012980\" class=\"col medium-6 small-12 large-6\"  >\n\t\t\t\t<div class=\"col-inner\"  >\n\t\t\t\n\t\t\t\n  <div class=\"icon-box testimonial-box icon-box-center text-center\">\n                <div class=\"icon-box-text p-last-0\">\n          <div class=\"star-rating\" role=\"img\" aria-label=\"Rated 5 out of 5\"><span style=\"width:100%\"><strong class=\"rating\"><\/strong><\/span><\/div>  \t\t\t\t<div class=\"testimonial-text line-height-small italic test_text first-reset last-reset is-italic\">\n            \n<h2><a href=\"https:\/\/azura.ro\/produs\/filtru-apa-cerazura-line-9mf-azura-filters\/\">\tFILTRU APA CERAZURA LINE 9MF<\/a><\/h2>\n<p>Dupa 1 an de utilizare. Un produs nu ok, ci foarte OK<br \/>Apa foarte buna, te \u201csatura\u201d.<\/p>\n<p>In alta parte, la calitatea asta, platesti mult mai mult. Am cautat ceva vreme pana ce m-am hotarat.<\/p>\n<p>Instalare usoara, nu ai nevoie de un \u201dmeserias\u201d. Buna treaba ca esti anuntat prin email ca este timpul sa le schimbi, filtrele.<br \/>Numai de bine<\/p>\n          <\/div>\n          <div class=\"testimonial-meta pt-half\">\n             <strong class=\"testimonial-name test_name\">Razvan<\/strong>\n                          <span class=\"testimonial-company test_company\"><\/span>\n          <\/div>\n        <\/div>\n  <\/div>\n\n  \n\t\t<\/div>\n\t\t\t\t\t<\/div>\n\n\t\n\n\t<div id=\"col-1553337507\" class=\"col medium-6 small-12 large-6\"  >\n\t\t\t\t<div class=\"col-inner\"  >\n\t\t\t\n\t\t\t\n  <div class=\"icon-box testimonial-box icon-box-center text-center\">\n                <div class=\"icon-box-text p-last-0\">\n          <div class=\"star-rating\" role=\"img\" aria-label=\"Rated 5 out of 5\"><span style=\"width:100%\"><strong class=\"rating\"><\/strong><\/span><\/div>  \t\t\t\t<div class=\"testimonial-text line-height-small italic test_text first-reset last-reset is-italic\">\n            \n<h2><a href=\"https:\/\/azura.ro\/produs\/purificator-apa-osmoazura-15-tratamente-ro75rem6-cu-osmoza-inversa-ph-8\/\">PURIFICATOR APA OSMOAZURA 15 RO75REM6 CU pH 8<\/a><\/h2>\n<p>Ap\u0103 foarte bun\u0103 la gust, calitate irepro\u0219abil\u0103 a produsului \u0219i a consilierii profesionale primite.<\/p>\n<p>Recomand\u0103rile Azura.ro s-au dovedit exact pe nevoile noastre.<\/p>\n          <\/div>\n          <div class=\"testimonial-meta pt-half\">\n             <strong class=\"testimonial-name test_name\">Liviu<\/strong>\n                          <span class=\"testimonial-company test_company\"><\/span>\n          <\/div>\n        <\/div>\n  <\/div>\n\n  \n\t\t<\/div>\n\t\t\t\t\t<\/div>\n\n\t\n\n<style>\n#row-344124299 > .col > .col-inner {\n  padding: 30px 30px 30px 30px;\n}\n<\/style>\n<\/div>\n<div class=\"row align-equal row-box-shadow-2 row-box-shadow-5-hover\"  id=\"row-754025498\">\n\n\t<div id=\"col-925934849\" class=\"col medium-6 small-12 large-6\"  >\n\t\t\t\t<div class=\"col-inner\"  >\n\t\t\t\n\t\t\t\n  <div class=\"icon-box testimonial-box icon-box-center text-center\">\n                <div class=\"icon-box-text p-last-0\">\n          <div class=\"star-rating\" role=\"img\" aria-label=\"Rated 5 out of 5\"><span style=\"width:100%\"><strong class=\"rating\"><\/strong><\/span><\/div>  \t\t\t\t<div class=\"testimonial-text line-height-small italic test_text first-reset last-reset is-italic\">\n            \n<h2><a href=\"https:\/\/azura.ro\/produs\/aparat-electronic-anticalcar-scalewatcher-3-star\/\">APARAT ELECTRONIC ANTICALCAR SCALEWATCHER 3 STAR<\/a><\/h2>\n<p style=\"line-height: 18.0pt; background: #F9F9F9; margin: .1in 0in .1in 0in;\">Pentru ca locuiesc in Constanta iar apa este foarte dura, in jur de 23 grade germane, am achizitionat in urma cu doi ani de la Azura un filtru anticalcar \u2013 Scalewatcher 3 Star pentru a fi instalat in apartament , pe linia de bucatarie\/centrala termica.<\/p>\n<p style=\"line-height: 18.0pt; background: #F9F9F9; margin: .1in 0in .1in 0in;\">Dupa trei luni de functionare, efectele au inceput sa apara: lipsa depunerilor de calcar pe flotoare, la bazinele toaletelor si pe bateriile de lavoar.<br \/>In prezent, toate obiectele sanitare pot fi curatate cu mare usurinta iar petele si depunerile de calcar sunt o amintire\u2026!<\/p>\n<p style=\"line-height: 18.0pt; background: #F9F9F9; margin: .1in 0in .1in 0in;\">Datorita efectelor sale vizibile, dupa un an, mi-am achizitionat al doilea produs, pe care l-am instalat la a doua linie de alimentare a apartamentului-baie\/masina de spalat.<\/p>\n<p style=\"line-height: 18.0pt; background: #F9F9F9; margin: .1in 0in .1in 0in;\">Dupa verificarea periodica de doi ani la centrala termica, randamentul acesteia a ramas aproape identic\u2026.aceasta inseamna depuneri minime de calcar pe schimbatorul de caldura.<\/p>\n<p style=\"line-height: 18.0pt; background: #F9F9F9; margin: .1in 0in .1in 0in;\">La achizitionarea primului produs, am fost putin sceptic de rezultatele sale, dar acum pot sa-l recomand cu caldura.<\/p>\n          <\/div>\n          <div class=\"testimonial-meta pt-half\">\n             <strong class=\"testimonial-name test_name\">Radu<\/strong>\n                          <span class=\"testimonial-company test_company\"><\/span>\n          <\/div>\n        <\/div>\n  <\/div>\n\n  \n\t\t<\/div>\n\t\t\t\t\t<\/div>\n\n\t\n\n\t<div id=\"col-318398886\" class=\"col medium-6 small-12 large-6\"  >\n\t\t\t\t<div class=\"col-inner\"  >\n\t\t\t\n\t\t\t\n  <div class=\"icon-box testimonial-box icon-box-center text-center\">\n                <div class=\"icon-box-text p-last-0\">\n          <div class=\"star-rating\" role=\"img\" aria-label=\"Rated 5 out of 5\"><span style=\"width:100%\"><strong class=\"rating\"><\/strong><\/span><\/div>  \t\t\t\t<div class=\"testimonial-text line-height-small italic test_text first-reset last-reset is-italic\">\n            \n<h2><a href=\"https:\/\/azura.ro\/produs\/aparat-electronic-anticalcar-scalewatcher-4-star\/\">APARAT ELECTRONIC ANTICALCAR SCALEWATCHER 4 STAR<\/a><\/h2>\n<p style=\"line-height: 18.0pt; background: #F9F9F9; margin: .1in 0in .1in 0in;\">Buna ziua,<br \/>Am achizitionat Scalewatcher 4 dupa o analiza atenta a pietii si produselor similare, fiind convins de faptul ca e un produs vechi pe piata si singurul care are un studiu care dovedeste eficienta lui. De asemenea, faptul ca este perfect ecologic a contat la fel de mult.<\/p>\n<p style=\"line-height: 18.0pt; background: #F9F9F9; margin: .1in 0in .1in 0in;\">Locuiesc la tara, ma alimentez cu apa din put de adancime la 9m si aveam mari probleme cu depunerile de piatra de pe instalatiile sanitare.<\/p>\n<p style=\"line-height: 18.0pt; background: #F9F9F9; margin: .1in 0in .1in 0in;\">Dupa aproximativ 2-3 saptamani de la instalare, efectul era deja vizibil, o data la calitatea apei care avea o alta reactie cu detergentii, gelul de dus si sapun, apoi la depuneri \u2013 de unde pana acum aveam depuneri consistente intre doua curatari (la saptamana) \u2013 acum singura depunere aparuta este un praf alb care se poate lua inclusiv cu o carpa.<\/p>\n<p style=\"line-height: 18.0pt; background: #F9F9F9; margin: .1in 0in .1in 0in;\">In continuare, geamul de la dus este mult mai curat si mai usor de curatat decat pana acum, tot din lipsa depunerilor.<\/p>\n<p style=\"line-height: 18.0pt; background: #F9F9F9; margin: .1in 0in .1in 0in;\">Acum dupa aproape 6 luni de utilizare pot spune linistit ca a fost o investitie excelenta si sunt extrem de multumit de produs.<\/p>\n          <\/div>\n          <div class=\"testimonial-meta pt-half\">\n             <strong class=\"testimonial-name test_name\">Istrate Sorin<\/strong>\n                          <span class=\"testimonial-company test_company\"><\/span>\n          <\/div>\n        <\/div>\n  <\/div>\n\n  \n\t\t<\/div>\n\t\t\t\t\t<\/div>\n\n\t\n\n<style>\n#row-754025498 > .col > .col-inner {\n  padding: 30px 30px 30px 30px;\n}\n<\/style>\n<\/div>\n<div class=\"row align-equal row-box-shadow-2 row-box-shadow-5-hover\"  id=\"row-1574662029\">\n\n\t<div id=\"col-172569387\" class=\"col medium-6 small-12 large-6\"  >\n\t\t\t\t<div class=\"col-inner\"  >\n\t\t\t\n\t\t\t\n  <div class=\"icon-box testimonial-box icon-box-center text-center\">\n                <div class=\"icon-box-text p-last-0\">\n          <div class=\"star-rating\" role=\"img\" aria-label=\"Rated 5 out of 5\"><span style=\"width:100%\"><strong class=\"rating\"><\/strong><\/span><\/div>  \t\t\t\t<div class=\"testimonial-text line-height-small italic test_text first-reset last-reset is-italic\">\n            \n<h2><a href=\"https:\/\/azura.ro\/produs\/ionizator-apa-ja-703-purepro\/\">IONIZATOR APA JA \u2013 703 PurePro<\/a><\/h2>\n<p>Am comandat ionizatorul JA-703 PurePro pe 1 aprilie 2020 \u0219i nu a fost deloc o p\u0103c\u0103leal\u0103. Livrarea a fost foarte rapid\u0103, a doua zi, pe 2 aprilie.<\/p>\n<p>\u00cen urma sfaturilor pe care le-am primit de la domnul Emanuel Toader, c\u0103ruia pe aceast\u0103 cale \u00eei mul\u021bumesc, \u00een seara zilei respective deja era \u00een func\u021biune. L-am racordat direct la bateria existent\u0103 \u00een buc\u0103t\u0103rie folosindu-m\u0103 de divertorul furnizat \u00een chit. Suplimentar, \u00eenaintea bateriei am montat sub chiuvet\u0103 un filtru de sedimente de 5 microni anibacterian 10\u2033, cu dou\u0103 racoarde flexibile de 1\/2\u2033.<\/p>\n<p>Apa ob\u021binut\u0103 este foarte bun\u0103 la gust, cu mult peste apele \u00eembuteliate alcaline pe care le foloseam anterior. Am verificat parametrii apei at\u00e2t cu kitul de testare furnizat, c\u00e2t \u0219i cu un ph-metru. Indica\u021biile ionizatorului corespund cu cele ale ph-metrului.<\/p>\n<p>\u00cen concluzie sunt \u00eencantat de achizi\u021bie.<\/p>\n          <\/div>\n          <div class=\"testimonial-meta pt-half\">\n             <strong class=\"testimonial-name test_name\">Stanila Florian<\/strong>\n                          <span class=\"testimonial-company test_company\"><\/span>\n          <\/div>\n        <\/div>\n  <\/div>\n\n  \n\t\t<\/div>\n\t\t\t\t\t<\/div>\n\n\t\n\n\t<div id=\"col-1606022549\" class=\"col medium-6 small-12 large-6\"  >\n\t\t\t\t<div class=\"col-inner\"  >\n\t\t\t\n\t\t\t\n  <div class=\"icon-box testimonial-box icon-box-center text-center\">\n                <div class=\"icon-box-text p-last-0\">\n          <div class=\"star-rating\" role=\"img\" aria-label=\"Rated 5 out of 5\"><span style=\"width:100%\"><strong class=\"rating\"><\/strong><\/span><\/div>  \t\t\t\t<div class=\"testimonial-text line-height-small italic test_text first-reset last-reset is-italic\">\n            \n<h2><a href=\"https:\/\/azura.ro\/produs\/filtru-dus-premium-azura-filters\/\">FILTRU DUS PREMIUM \u2013 AZURA FILTERS<\/a><\/h2>\n<p>Se monteaz\u0103 foarte u\u0219or \u0219i se observa de la prima folosire calitatea apei<\/p>\n<p>Chiar functioneaza nici eu nu credeam ca da randament dar am observat de la prima sp\u0103lare diferen\u021ba Pielea numai este a\u0219a uscata parul este mai m\u0103t\u0103sos<\/p>\n<p>Mul\u021bumim Azura<\/p>\n          <\/div>\n          <div class=\"testimonial-meta pt-half\">\n             <strong class=\"testimonial-name test_name\">Elena Boboc<\/strong>\n                          <span class=\"testimonial-company test_company\"><\/span>\n          <\/div>\n        <\/div>\n  <\/div>\n\n  \n\t\t<\/div>\n\t\t\t\t\t<\/div>\n\n\t\n\n<style>\n#row-1574662029 > .col > .col-inner {\n  padding: 30px 30px 30px 30px;\n}\n<\/style>\n<\/div>\n<div class=\"row align-equal row-box-shadow-2 row-box-shadow-5-hover\"  id=\"row-1972667960\">\n\n\t<div id=\"col-817179859\" class=\"col medium-6 small-12 large-6\"  >\n\t\t\t\t<div class=\"col-inner\"  >\n\t\t\t\n\t\t\t\n  <div class=\"icon-box testimonial-box icon-box-center text-center\">\n                <div class=\"icon-box-text p-last-0\">\n          <div class=\"star-rating\" role=\"img\" aria-label=\"Rated 5 out of 5\"><span style=\"width:100%\"><strong class=\"rating\"><\/strong><\/span><\/div>  \t\t\t\t<div class=\"testimonial-text line-height-small italic test_text first-reset last-reset is-italic\">\n            \n<h2><a href=\"https:\/\/azura.ro\/produs\/aparat-electronic-anticalcar-scalewatcher-sw-nano\/\">APARAT ELECTRONIC ANTICALCAR SCALEWATCHER SW NANO<\/a><\/h2>\n<p>\u00a0<\/p>\n<p>Am cumparat anul trecut aparatul pentru ca stau in Constanta, iar in zona mea apa este foarte dura. Am realizat asta mai ales dupa ce am imbunatatit apartamentul si am schimbat bateriile existente cu unele cromate.<\/p>\n<p>Dupa cam o luna, a inceput sa se depuna calcar pe ele dar mai ales am observat la tava picuratorului de farfurii din bucatarie ca se depune o crusta foarte dura, moment in care sotia a declarat ca e treaba mea sa scap de ea pentru ca ea nu reuseste cu produsele obisnuite.[\u2026]\n<p>Am primit dispozitivul si l-am instalat singur pe conducta de propilena de 20 mm care aduce apa la bucatarie, pentru ca de acolo se alimenteaza si centrala termica.<\/p>\n<p>Efectele s-au vazut destul de repede pentru ca instalatia sanitara e noua. Momentan pe baterii dupa ceva vreme se mai vad ceva urme de calcar dar acestea sunt foarte usor de sters cu o laveta, in timp ce inainte, fara o solutie lasata sa actioneze era practic imposibil de curatat. Cel mai bine insa se vede la tava picuratorului de la farfurii care in timp se acopera cu un fel de praf alb(calcar) dar care e foarte usor de indepartat. Practic daca umezesc pelicula, se ia cu o laveta.[\u2026]\n<p>\u00a0<\/p>\n          <\/div>\n          <div class=\"testimonial-meta pt-half\">\n             <strong class=\"testimonial-name test_name\">Dragomir Nicusor Adrian<\/strong>\n                          <span class=\"testimonial-company test_company\"><\/span>\n          <\/div>\n        <\/div>\n  <\/div>\n\n  \n\t\t<\/div>\n\t\t\t\t\t<\/div>\n\n\t\n\n\t<div id=\"col-1619831103\" class=\"col medium-6 small-12 large-6\"  >\n\t\t\t\t<div class=\"col-inner\"  >\n\t\t\t\n\t\t\t\n  <div class=\"icon-box testimonial-box icon-box-center text-center\">\n                <div class=\"icon-box-text p-last-0\">\n          <div class=\"star-rating\" role=\"img\" aria-label=\"Rated 5 out of 5\"><span style=\"width:100%\"><strong class=\"rating\"><\/strong><\/span><\/div>  \t\t\t\t<div class=\"testimonial-text line-height-small italic test_text first-reset last-reset is-italic\">\n            \n<h2><a href=\"https:\/\/azura.ro\/produs\/filtru-dus-pro-6000-kdf-gac-purepro\/\">FILTRU DUS PRO 6000, KDF + GAC PurePro<\/a><\/h2>\n<p>Foarte multumita de acest produs!<br \/>Sotul meu suferea de 30 de ani de o alergie pe piele (mici bubite care apareau imediat dupa dus, gadilau, si dispareau in 10 minute), si dupa 4 zile de dus cu apa filtrata, bubitele nu au mai aparut.<\/p>\n<p>Eu aveam pielea foarte uscata, iar dupa ce am montat filtre in toate baile, pielea are din nou un aspect sanatos.<\/p>\n<p>Am recomandat produsul multor prieteni!<\/p>\n          <\/div>\n          <div class=\"testimonial-meta pt-half\">\n             <strong class=\"testimonial-name test_name\">Cristina A<\/strong>\n                          <span class=\"testimonial-company test_company\"><\/span>\n          <\/div>\n        <\/div>\n  <\/div>\n\n  \n\t\t<\/div>\n\t\t\t\t\t<\/div>\n\n\t\n\n<style>\n#row-1972667960 > .col > .col-inner {\n  padding: 30px 30px 30px 30px;\n}\n<\/style>\n<\/div>\n<div class=\"message-box relative dark\" style=\"padding-top:15px;padding-bottom:15px;\"><div class=\"message-box-bg-image bg-fill fill\" ><\/div><div class=\"message-box-bg-overlay bg-fill fill\" style=\"background-color:rgb(70, 98, 134);\"><\/div><div class=\"container relative\"><div class=\"inner last-reset\">\n<div class=\"row align-middle align-center\"  id=\"row-1794574565\">\n\n\t<div id=\"col-1747507427\" class=\"col medium-9 small-12 large-9\"  >\n\t\t\t\t<div class=\"col-inner\"  >\n\t\t\t\n\t\t\t\n<p style=\"text-align: left;\"><strong>Daca esti in cautarea un sistem de filtrare\/tratare a apei, te invit sa ne contactezi si vei primi cel mai bun sfat posibil. Doar incearca si te vei convinge. Un simplu click pe Contact si vei avea acces la telefon, formular de contact, email.<\/strong><\/p>\n<p style=\"text-align: right;\"><strong>Consilierul tau,<\/strong><br \/><strong>Emanuel Toader<\/strong><\/p>\n\t\t<\/div>\n\t\t\t\t\t<\/div>\n\n\t\n\n\t<div id=\"col-37240665\" class=\"col medium-2 small-12 large-2\"  >\n\t\t\t\t<div class=\"col-inner text-center\"  >\n\t\t\t\n\t\t\t\n<a href=\"\/contact\/\" class=\"button white is-outline\" style=\"border-radius:99px;\">\n\t\t<span>CONTACT<\/span>\n\t<\/a>\n\n\t\t<\/div>\n\t\t\t\t\t<\/div>\n\n\t\n<\/div>\n<\/div><\/div><\/div>\n","protected":false},"excerpt":{"rendered":"","protected":false},"author":3,"featured_media":0,"parent":0,"menu_order":11,"comment_status":"closed","ping_status":"closed","template":"","meta":{"_seopress_robots_primary_cat":"","_seopress_titles_title":"Parerea clientilor","_seopress_titles_desc":"Parerea clientilor despre filtrele noastre","_seopress_robots_index":"","footnotes":""},"class_list":["post-69","page","type-page","status-publish","hentry"],"_links":{"self":[{"href":"https:\/\/azura.ro\/en\/wp-json\/wp\/v2\/pages\/69","targetHints":{"allow":["GET"]}}],"collection":[{"href":"https:\/\/azura.ro\/en\/wp-json\/wp\/v2\/pages"}],"about":[{"href":"https:\/\/azura.ro\/en\/wp-json\/wp\/v2\/types\/page"}],"author":[{"embeddable":true,"href":"https:\/\/azura.ro\/en\/wp-json\/wp\/v2\/users\/3"}],"replies":[{"embeddable":true,"href":"https:\/\/azura.ro\/en\/wp-json\/wp\/v2\/comments?post=69"}],"version-history":[{"count":24,"href":"https:\/\/azura.ro\/en\/wp-json\/wp\/v2\/pages\/69\/revisions"}],"predecessor-version":[{"id":23750,"href":"https:\/\/azura.ro\/en\/wp-json\/wp\/v2\/pages\/69\/revisions\/23750"}],"wp:attachment":[{"href":"https:\/\/azura.ro\/en\/wp-json\/wp\/v2\/media?parent=69"}],"curies":[{"name":"wp","href":"https:\/\/api.w.org\/{rel}","templated":true}]}}