{"id":13,"date":"2013-09-17T14:40:27","date_gmt":"2013-09-17T14:40:27","guid":{"rendered":"http:\/\/dev02.websynapse.ro\/notificare-cookie\/"},"modified":"2017-01-03T17:40:12","modified_gmt":"2017-01-03T17:40:12","slug":"notificacion-de-cookies","status":"publish","type":"page","link":"https:\/\/azura.ro\/es\/notificare-cookie\/","title":{"rendered":"Notificaci\u00f3n de cookies"},"content":{"rendered":"<p><strong>Informar sobre cookies<\/strong><\/p>\n<p><strong>Informaci\u00f3n sobre las cookies de un sitio web<\/strong><\/p>\n<p>El sitio web http:\/\/azura.ro\/ utiliza cookies.<\/p>\n<p>La informaci\u00f3n que se presenta a continuaci\u00f3n tiene por objeto informar al usuario de m\u00e1s detalles sobre la colocaci\u00f3n, el uso y la gesti\u00f3n de las cookies utilizadas por el sitio web http:\/\/azura.ro\/. Tambi\u00e9n hay algunos enlaces \u00fatiles relacionados con este tema.<\/p>\n<p>Lea atentamente la siguiente informaci\u00f3n:<\/p>\n<p>Este sitio web utiliza cookies propias y de terceros para ofrecer a los visitantes una experiencia de navegaci\u00f3n mucho mejor y servicios adaptados a las necesidades e intereses de cada visitante.<\/p>\n<p>En lo que denominamos \"web 2.0\", las cookies desempe\u00f1an un papel importante a la hora de facilitar el acceso y la prestaci\u00f3n de los numerosos servicios de los que disfruta el usuario en internet, tales como:<\/p>\n<p>- Personalizar ciertos par\u00e1metros como: el idioma en el que se muestra un sitio, la moneda en la que se expresan ciertos precios o tarifas, mantener opciones para varios productos (medidas, otros detalles, etc.) en la cesta de la compra (y almacenar estas opciones), creando as\u00ed flexibilidad en la \"cesta de la compra\" (accediendo a antiguas preferencias pulsando los botones \"atr\u00e1s\" y \"adelante\").<\/p>\n<p>- Las cookies proporcionan a los propietarios de los sitios informaci\u00f3n valiosa sobre c\u00f3mo los utilizan los usuarios, lo que les permite hacerlos a\u00fan m\u00e1s eficaces y f\u00e1ciles de usar.<\/p>\n<p>- Permitir la incrustaci\u00f3n en un sitio web de aplicaciones multimedia y de otro tipo procedentes de otros sitios web para crear una experiencia de navegaci\u00f3n m\u00e1s valiosa, \u00fatil y agradable;<\/p>\n<p>- Mejorar la eficacia de la publicidad en l\u00ednea.<\/p>\n<p><strong>\u00bfQu\u00e9 es una galleta?<\/strong><\/p>\n<p>Una \"cookie de Internet\" (tambi\u00e9n conocida como \"cookie del navegador\" o \"cookie HTTP\" o simplemente \"cookie\") es un peque\u00f1o archivo, formado por letras y n\u00fameros, que se almacena en el ordenador, terminal m\u00f3vil u otro equipo del usuario desde el que se accede a Internet.<\/p>\n<p>La cookie se instala mediante una solicitud emitida por un servidor web a un navegador (por ejemplo, Internet Explorer, Chrome) y es completamente \"pasiva\" (no contiene ning\u00fan programa inform\u00e1tico, virus o spyware y no puede acceder a la informaci\u00f3n del disco duro del usuario).<\/p>\n<p>Una cookie consta de 2 partes: el nombre y el contenido o valor de la cookie. Adem\u00e1s, la vida \u00fatil de una cookie est\u00e1 determinada; t\u00e9cnicamente, s\u00f3lo el servidor web que envi\u00f3 la cookie puede acceder a ella de nuevo cuando un usuario vuelve al sitio web asociado a ese servidor web.<\/p>\n<p>Las cookies en s\u00ed no requieren informaci\u00f3n personal para ser utilizadas y, en la mayor\u00eda de los casos, no identifican personalmente a los usuarios de Internet.<\/p>\n<p>Existen dos grandes categor\u00edas de cookies:<\/p>\n<p>- Cookies de sesi\u00f3n: se almacenan temporalmente en la carpeta de cookies del navegador web para que \u00e9ste las recuerde hasta que el usuario salga del sitio web o cierre la ventana del navegador (por ejemplo, al iniciar o cerrar sesi\u00f3n en una cuenta de correo electr\u00f3nico o de una red social).<\/p>\n<p>- Cookies persistentes: se almacenan en el disco duro de un ordenador o dispositivo (y generalmente dependen de la vida \u00fatil preestablecida de la cookie). Las cookies persistentes tambi\u00e9n incluyen las colocadas por un sitio web distinto del que el usuario est\u00e1 visitando en ese momento -conocidas como \"cookies de terceros\"-, que pueden utilizarse de forma an\u00f3nima para recordar los intereses de un usuario, de modo que se le pueda ofrecer publicidad lo m\u00e1s relevante posible para \u00e9l.<\/p>\n<p><strong>\u00bfCu\u00e1les son las ventajas de las cookies?<\/strong><\/p>\n<p>Una cookie contiene informaci\u00f3n que vincula un navegador web (el usuario) a un servidor web espec\u00edfico (el sitio web). Si un navegador vuelve a acceder a ese servidor web, puede leer la informaci\u00f3n ya almacenada y reaccionar en consecuencia. Las cookies proporcionan a los usuarios una experiencia de navegaci\u00f3n agradable y respaldan los esfuerzos de muchos sitios web por ofrecer servicios f\u00e1ciles de usar: por ejemplo, preferencias de privacidad en l\u00ednea, opciones de idioma del sitio, cestas de la compra o publicidad relevante.<\/p>\n<p><strong>\u00bfCu\u00e1l es la vida \u00fatil de una cookie?<\/strong><\/p>\n<p>Las cookies son gestionadas por los servidores web. La vida \u00fatil de una cookie puede variar significativamente en funci\u00f3n de la finalidad para la que se utilice. Algunas cookies se utilizan exclusivamente para una sola sesi\u00f3n (cookies de sesi\u00f3n) y no se conservan una vez que el usuario ha abandonado el sitio web y otras cookies se conservan y reutilizan cada vez que el usuario vuelve a ese sitio web (\"cookies permanentes\"). No obstante, el usuario puede eliminar las cookies en cualquier momento a trav\u00e9s de la configuraci\u00f3n de su navegador.<\/p>\n<p><strong>\u00bfQu\u00e9 son las cookies de terceros?<\/strong><\/p>\n<p>Ciertas secciones de contenido de algunos sitios web pueden facilitarse a trav\u00e9s de terceros\/proveedores (por ejemplo, un recuadro de noticias, un v\u00eddeo o un anuncio). Estos terceros tambi\u00e9n pueden colocar cookies a trav\u00e9s del sitio web y se denominan \"cookies de terceros\" porque no las coloca el propietario de ese sitio web. Los proveedores externos tambi\u00e9n deben cumplir la legislaci\u00f3n aplicable y las pol\u00edticas de privacidad del propietario del sitio web.<\/p>\n<p><strong>C\u00f3mo utiliza las cookies este sitio web<\/strong><\/p>\n<p>La visita a este sitio web puede colocar cookies con los siguientes fines:<\/p>\n<p>- Cookies de rendimiento del sitio<br \/> - Cookies de an\u00e1lisis de visitantes<br \/> - Cookies de geolocalizaci\u00f3n<br \/> - Cookies de registro<br \/> - Cookies publicitarias<br \/> - Cookies publicitarias<\/p>\n<p>Estas cookies pueden proceder de los siguientes terceros: Google, Facebook, SATI, Httpool, SPA.<\/p>\n<p><strong>Cookies de rendimiento<\/strong><\/p>\n<p>Este tipo de cookie conserva las preferencias del usuario en este sitio, por lo que no es necesario configurarlas cada vez que lo visita.<strong>.<\/strong><\/p>\n<p>Por ejemplo:<\/p>\n<p>- ajustes de volumen del reproductor de v\u00eddeo<br \/> - la velocidad de transmisi\u00f3n de v\u00eddeo que admite el navegador<\/p>\n<p><strong>Cookies para analizar a los visitantes<\/strong><\/p>\n<p>Cada vez que un usuario visita este sitio, el software de an\u00e1lisis proporcionado por un tercero genera una cookie de an\u00e1lisis del usuario. Esta cookie nos dice si usted ha visitado este sitio antes. Su navegador nos dir\u00e1 si tiene esta cookie y, en caso contrario, generaremos una.<strong>.\u00a0<\/strong>Nos permite hacer un seguimiento de los usuarios \u00fanicos que nos visitan y con qu\u00e9 frecuencia lo hacen. Mientras no est\u00e9 registrado en este sitio, esta cookie no puede utilizarse para identificar a personas, sino \u00fanicamente con fines estad\u00edsticos. Si est\u00e1 registrado, tambi\u00e9n podemos conocer los datos que nos ha proporcionado, como su direcci\u00f3n de correo electr\u00f3nico y su nombre de usuario - \u00e9stos est\u00e1n sujetos a las disposiciones sobre privacidad y confidencialidad de nuestros T\u00e9rminos y Condiciones, Pol\u00edtica de Privacidad, as\u00ed como a las disposiciones de la legislaci\u00f3n vigente en materia de protecci\u00f3n de datos personales.<\/p>\n<p><strong>Cookies de geolocalizaci\u00f3n<\/strong><\/p>\n<p>Estas cookies son utilizadas por un programa inform\u00e1tico que determina de qu\u00e9 pa\u00eds procede usted. Se trata de una informaci\u00f3n totalmente an\u00f3nima que solo se utiliza para orientar el contenido: aunque est\u00e9s en nuestra p\u00e1gina en ingl\u00e9s o en otro idioma, recibir\u00e1s el mismo anuncio.<\/p>\n<p><strong>Cookies de registro<\/strong><\/p>\n<p>Cuando se registra en este sitio, generamos una cookie que nos indica si est\u00e1 registrado o no. Nuestros servidores utilizan estas cookies para mostrarnos con qu\u00e9 cuenta est\u00e1 registrado y si tiene permiso para un servicio concreto. Tambi\u00e9n nos permite asociar cualquier comentario que publique en nuestro sitio con su nombre de usuario. Si no ha seleccionado \"mantenerme conectado\", esta cookie se borrar\u00e1 autom\u00e1ticamente cuando cierre su navegador u ordenador.<\/p>\n<p><strong>Cookies publicitarias<\/strong><\/p>\n<p>Estas cookies nos permiten saber si ha visto o no un anuncio en l\u00ednea, qu\u00e9 tipo de anuncio es y cu\u00e1nto tiempo ha pasado desde que vio el anuncio. Tambi\u00e9n utilizamos estas cookies para orientar la publicidad en l\u00ednea. Tambi\u00e9n podemos utilizar cookies de terceros para orientar mejor la publicidad, por ejemplo, para mostrar anuncios de vacaciones si el usuario ha visitado recientemente un art\u00edculo sobre vacaciones. Estas cookies son an\u00f3nimas, almacenan informaci\u00f3n sobre el contenido visualizado, no sobre los usuarios. Tambi\u00e9n instalamos cookies an\u00f3nimas a trav\u00e9s de otros sitios en los que nos anunciamos. Al recibirlas, podemos utilizarlas para reconocerle como visitante de ese sitio si posteriormente visita el nuestro, lo que nos permitir\u00e1 ofrecerle publicidad basada en esta informaci\u00f3n.<\/p>\n<p><strong>Cookies publicitarias<\/strong><\/p>\n<p>Gran parte de la publicidad que encuentra en este sitio pertenece a terceros. Algunos de estos terceros utilizan sus propias cookies an\u00f3nimas para analizar cu\u00e1ntas personas han estado expuestas a un anuncio, o para ver cu\u00e1ntas personas han estado expuestas al mismo anuncio m\u00e1s de una vez. Las empresas que generan estas cookies tienen sus propias pol\u00edticas de privacidad, y este sitio no tiene acceso para leer o escribir estas cookies. Las cookies de terceros pueden utilizarse para mostrarle publicidad dirigida en otros sitios en funci\u00f3n de su navegaci\u00f3n en este sitio.<\/p>\n<p><strong>Otras cookies de terceros<\/strong><\/p>\n<p>En algunas p\u00e1ginas, terceros pueden instalar sus propias cookies an\u00f3nimas para rastrear el \u00e9xito de una aplicaci\u00f3n, o para personalizar una aplicaci\u00f3n. Debido a la forma en que se utilizan, este sitio no puede acceder a estas cookies, al igual que los terceros no pueden acceder a las cookies propiedad de este sitio. Por ejemplo, cuando usted comparte un art\u00edculo utilizando el bot\u00f3n de red social de este sitio, esa red social registrar\u00e1 su actividad.<\/p>\n<p><strong>\u00bfQu\u00e9 tipo de informaci\u00f3n se almacena y a qu\u00e9 tipo de informaci\u00f3n se accede a trav\u00e9s de las cookies?<\/strong><\/p>\n<p>Las cookies almacenan informaci\u00f3n en un peque\u00f1o archivo de texto que permite a un sitio web reconocer un navegador. El servidor web reconocer\u00e1 el navegador hasta que la cookie caduque o se elimine.<\/p>\n<p>La cookie almacena informaci\u00f3n importante que mejora la experiencia de navegaci\u00f3n por Internet (por ejemplo: configuraci\u00f3n del idioma en el que se desea acceder a un sitio web; mantenimiento de la sesi\u00f3n de un usuario en una cuenta de correo web; seguridad de la banca en l\u00ednea; mantenimiento de los productos en la cesta de la compra).<\/p>\n<p><strong>\u00bfPor qu\u00e9 son importantes las cookies para Internet?<\/strong><\/p>\n<p>Las cookies son fundamentales para el funcionamiento eficiente de Internet, ya que ayudan a generar una experiencia de navegaci\u00f3n f\u00e1cil y adaptada a las preferencias e intereses de cada usuario. Rechazar o desactivar las cookies puede hacer que algunos sitios web sean inutilizables. Rechazar o desactivar las cookies no significa que deje de recibir publicidad en l\u00ednea, s\u00f3lo significa que \u00e9sta ya no podr\u00e1 tener en cuenta sus preferencias e intereses, tal como se desprende de su comportamiento de navegaci\u00f3n.<\/p>\n<p>Ejemplos de usos importantes de las cookies (que no requieren la autenticaci\u00f3n de un usuario a trav\u00e9s de una cuenta):<\/p>\n<p>- Contenidos y servicios adaptados a las preferencias del usuario: categor\u00edas de noticias, meteorolog\u00eda, deportes, mapas, servicios p\u00fablicos y gubernamentales, sitios de ocio y servicios de viajes.<\/p>\n<p>- Ofertas adaptadas a los intereses de los usuarios: retenci\u00f3n de contrase\u00f1as, preferencias de idioma (por ejemplo, mostrar los resultados de b\u00fasqueda en rumano).<\/p>\n<p>- Mantener los filtros de protecci\u00f3n infantil en los contenidos de Internet (opciones de modo familiar, funciones de b\u00fasqueda segura).<\/p>\n<p>- Limitar la frecuencia de los anuncios: limitar el n\u00famero de veces que se muestra un anuncio a un usuario concreto en un sitio web.<\/p>\n<p>- Ofrecer al usuario una publicidad m\u00e1s pertinente.<\/p>\n<p>- Funciones de medici\u00f3n, optimizaci\u00f3n y an\u00e1lisis: por ejemplo, confirmar un determinado nivel de tr\u00e1fico en un sitio web, qu\u00e9 tipo de contenido se est\u00e1 viendo y c\u00f3mo llega un usuario a un sitio web (por ejemplo, a trav\u00e9s de motores de b\u00fasqueda, directamente, desde otros sitios web, etc.). Los sitios web realizan estos an\u00e1lisis de su uso para mejorar sus sitios web en beneficio de sus usuarios.<\/p>\n<p><strong>Cuestiones de seguridad y privacidad<\/strong><\/p>\n<p>Las cookies NO son virus. Utilizan formatos de texto plano. No est\u00e1n formadas por fragmentos de c\u00f3digo, por lo que no pueden ejecutarse ni autoejecutarse. En consecuencia, no pueden duplicarse ni replicarse en otras redes para volver a ejecutarse o replicarse. Dado que no pueden realizar estas funciones, no pueden considerarse virus. No obstante, las cookies pueden utilizarse con fines negativos. Dado que almacenan informaci\u00f3n sobre las preferencias y el historial de navegaci\u00f3n de los usuarios, tanto en un sitio concreto como en muchos otros, las cookies pueden utilizarse como una forma de Spyware. Muchos productos anti-spyware son conscientes de este hecho y marcan constantemente las cookies para su eliminaci\u00f3n como parte de sus procedimientos de eliminaci\u00f3n\/escaneo antivirus\/anti-spyware.<\/p>\n<p>En general, los navegadores tienen ajustes de privacidad incorporados que proporcionan diferentes niveles de aceptaci\u00f3n de cookies, periodo de validez y eliminaci\u00f3n autom\u00e1tica despu\u00e9s de que el usuario haya visitado un sitio concreto. Otros problemas de seguridad relacionados con las cookies Dado que la protecci\u00f3n de la identidad es muy valiosa y constituye un derecho de todo usuario de Internet, conviene ser consciente de los problemas potenciales que pueden crear las cookies. Dado que las cookies transmiten constantemente informaci\u00f3n de ida y vuelta entre el navegador y el sitio web, si un atacante o una persona no autorizada interviene en la transmisi\u00f3n de datos, la informaci\u00f3n contenida en la cookie puede ser interceptada.\u00a0<strong>Aunque muy raramente<\/strong>,\u00a0<em>Esto puede ocurrir si el navegador se conecta al servidor utilizando una red no cifrada (por ejemplo, una red WiFi no segura).<\/em><\/p>\n<p>Otros ataques basados en cookies implican una configuraci\u00f3n incorrecta de las cookies en los servidores. Si un sitio web no exige que el navegador utilice \u00fanicamente canales cifrados, los atacantes pueden utilizar esta vulnerabilidad para enga\u00f1ar a los navegadores y hacer que env\u00eden informaci\u00f3n a trav\u00e9s de canales no seguros. Los atacantes utilizan entonces la informaci\u00f3n para obtener acceso no autorizado a determinados sitios web. Es muy importante tener cuidado a la hora de elegir la forma m\u00e1s adecuada de proteger su informaci\u00f3n personal.<\/p>\n<p>Consejos para una navegaci\u00f3n segura y responsable basada en cookies. Debido a su flexibilidad y al hecho de que la mayor\u00eda de los sitios m\u00e1s visitados y m\u00e1s grandes utilizan cookies, son casi inevitables. Deshabilitar las cookies no permitir\u00e1 al usuario acceder a los sitios m\u00e1s populares y utilizados, como Youtube, Gmail, Yahoo y otros.<\/p>\n<p>Aqu\u00ed tienes algunos consejos para que no tengas que preocuparte de navegar con cookies:<\/p>\n<p>- Personalice la configuraci\u00f3n de cookies de su navegador para reflejar un nivel c\u00f3modo de seguridad de cookies para usted.<\/p>\n<p>- Si no te molestan las cookies y eres la \u00fanica persona que utiliza tu ordenador, puedes establecer plazos de caducidad mensuales para almacenar tu historial de navegaci\u00f3n y tus datos de acceso personales.<\/p>\n<p>- Si comparte el acceso a su ordenador, puede considerar configurar su navegador para que borre los datos de navegaci\u00f3n individuales cada vez que cierre el navegador. Esta es una alternativa a acceder a sitios que colocan cookies y borrar cualquier informaci\u00f3n de navegaci\u00f3n al cerrar la sesi\u00f3n de navegaci\u00f3n.<\/p>\n<p>- Instale y actualice constantemente aplicaciones antiesp\u00eda.<\/p>\n<p>Muchas aplicaciones de detecci\u00f3n y prevenci\u00f3n de programas esp\u00eda incluyen la detecci\u00f3n de ataques a sitios web.<\/p>\n<p>Esto impide que el navegador acceda a sitios web que podr\u00edan aprovecharse de vulnerabilidades del navegador o descargar software peligroso.\u00a0<strong>Aseg\u00farese de que su navegador est\u00e1 siempre actualizado<\/strong>. Muchos ataques basados en cookies aprovechan los puntos d\u00e9biles de las versiones antiguas de los navegadores.<\/p>\n<p>Las cookies est\u00e1n en todas partes y no pueden evitarse si se quiere disfrutar de acceso a los mejores y m\u00e1s grandes sitios de Internet, ya sean locales o internacionales. Con una comprensi\u00f3n clara de c\u00f3mo funcionan y los beneficios que aportan, puede tomar las medidas de seguridad necesarias para poder navegar con confianza por Internet.<\/p>\n<p><strong>\u00bfC\u00f3mo puedo detener las cookies?<\/strong><\/p>\n<p>Deshabilitar y rechazar la recepci\u00f3n de cookies puede hacer que determinados sitios web resulten impracticables o dif\u00edciles de visitar y utilizar. Asimismo, negarse a aceptar cookies no significa que deje de recibir\/ver publicidad en l\u00ednea.<\/p>\n<p>Es posible configurar su navegador para que deje de aceptar estas cookies o puede configurar su navegador para que acepte cookies de un sitio espec\u00edfico. Pero, por ejemplo, si no est\u00e1 registrado mediante cookies, no podr\u00e1 dejar comentarios.<\/p>\n<p>Todos los navegadores modernos ofrecen la posibilidad de cambiar la configuraci\u00f3n de las cookies. Estos ajustes suelen encontrarse en el men\u00fa \"opciones\" o \"preferencias\" de su navegador.<\/p>\n<p>Para entender estos ajustes, los siguientes enlaces pueden ser de utilidad; si no, puede utilizar la opci\u00f3n \"ayuda\" de su navegador para obtener m\u00e1s detalles.<\/p>\n<p><a href=\"http:\/\/support.microsoft.com\/kb\/196955\" target=\"_blank\">Configuraci\u00f3n de cookies en Internet Explorer<\/a><br \/> <a href=\"https:\/\/support.mozilla.org\/en-US\/kb\/cookies-information-websites-store-on-your-computer?redirectlocale=en-US&amp;redirectslug=Cookies\" target=\"_blank\">Configuraci\u00f3n de cookies en Firefox<\/a><br \/> <a href=\"https:\/\/support.google.com\/chrome\/answer\/95647?hl=en\">Configuraci\u00f3n de cookies en Chrome<\/a><br \/> <a href=\"http:\/\/support.apple.com\/kb\/PH5042\">Configuraci\u00f3n de cookies en Safari<\/a><\/p>\n<p>Para conocer la configuraci\u00f3n de las cookies de terceros, consulte tambi\u00e9n el sitio web:\u00a0<a href=\"http:\/\/www.youronlinechoices.com\/ro\/\" target=\"_blank\">http:\/\/www.youronlinechoices.com\/ro\/<\/a><\/p>\n<p><strong>Enlaces \u00fatiles<\/strong><\/p>\n<p>Si desea saber m\u00e1s sobre las cookies y para qu\u00e9 se utilizan, le recomendamos los siguientes enlaces:<\/p>\n<p><a href=\"http:\/\/www.microsoft.com\/info\/cookies.mspx\" target=\"_blank\">Gu\u00eda de cookies de Microsoft<\/a><br \/> <a href=\"http:\/\/www.allaboutcookies.org\/\" target=\"_blank\">Todo sobre las cookies<\/a><\/p>\n<p>IAB Romania ofrece el siguiente sitio web para obtener m\u00e1s informaci\u00f3n sobre la privacidad de la publicidad en l\u00ednea:\u00a0<a href=\"http:\/\/www.youronlinechoices.com\/ro\/\" target=\"_blank\">http:\/\/www.youronlinechoices.com\/ro\/<\/a><\/p>\n<p>Para m\u00e1s detalles sobre cuestiones de privacidad, tambi\u00e9n puede acceder a los siguientes enlaces:<\/p>\n<p>-<a href=\"http:\/\/www.dreptonline.ro\/legislatie\/oug_13_2012_modificare_prelucrare_date_caracter_personal_protectia_vietii_private_comunicatii_electronice.php\" target=\"_blank\">http:\/\/www.dreptonline.ro\/legislatie\/oug_13_2012_modificare_prelucrare_date_caracter_personal_protectia_vietii_private_comunicatii_electronice.php<\/a><\/p>\n<p>-\u00a0<a href=\"http:\/\/www.youronlinechoices.eu\/ro\" target=\"_blank\">www.youronlinechoices.eu\/ro<\/a><\/p>\n<p>-\u00a0<a href=\"http:\/\/www.iabeurope.eu\/cookies-faq\/internet-cookies---increasing-and-enhancing-yourinternet-surfing-experience\/what-are-cookies-how-do-they-work---cookies-faq.aspx\" target=\"_blank\">http:\/\/www.iabeurope.eu\/cookies-faq\/internet-cookies&#8211;increasing-and-enhancing-yourinternet-surfing-experience\/what-are-cookies-how-do-they-work&#8211;cookies-faq.aspx<\/a><\/p>\n<p>-\u00a0<a href=\"http:\/\/www.guardian.co.uk\/info\/cookies\" target=\"_blank\">http:\/\/www.guardian.co.uk\/info\/cookies<\/a><\/p>\n<p>\u00a0<\/p>","protected":false},"excerpt":{"rendered":"<p>Informare cookies Informatii privind\u00a0 prezenta cookie-urilor pe un site Site-ul http:\/\/azura.ro\/\u00a0utilizeaza cookie-uri. Informatiile prezentate in continuare au scopul de a aduce la cunostinta utilizatorului mai multe detalii despre plasarea, utilizarea si administrarea &#8222;cookie&#8221;-urilor utilizate de site-ul http:\/\/azura.ro\/. De asemenea, sunt prezente si cateva linkuri utile legate de acest subiect. Va rugam sa cititi cu atentie [&#8230;]\n","protected":false},"author":3,"featured_media":0,"parent":0,"menu_order":7,"comment_status":"closed","ping_status":"closed","template":"","meta":{"_seopress_robots_primary_cat":"","_seopress_titles_title":"Notificare cookie","_seopress_titles_desc":"Notificare cookie","_seopress_robots_index":"yes","footnotes":""},"class_list":["post-13","page","type-page","status-publish","hentry"],"_links":{"self":[{"href":"https:\/\/azura.ro\/es\/wp-json\/wp\/v2\/pages\/13","targetHints":{"allow":["GET"]}}],"collection":[{"href":"https:\/\/azura.ro\/es\/wp-json\/wp\/v2\/pages"}],"about":[{"href":"https:\/\/azura.ro\/es\/wp-json\/wp\/v2\/types\/page"}],"author":[{"embeddable":true,"href":"https:\/\/azura.ro\/es\/wp-json\/wp\/v2\/users\/3"}],"replies":[{"embeddable":true,"href":"https:\/\/azura.ro\/es\/wp-json\/wp\/v2\/comments?post=13"}],"version-history":[{"count":0,"href":"https:\/\/azura.ro\/es\/wp-json\/wp\/v2\/pages\/13\/revisions"}],"wp:attachment":[{"href":"https:\/\/azura.ro\/es\/wp-json\/wp\/v2\/media?parent=13"}],"curies":[{"name":"wp","href":"https:\/\/api.w.org\/{rel}","templated":true}]}}