{"id":2619,"date":"2015-08-06T02:34:12","date_gmt":"2015-08-06T02:34:12","guid":{"rendered":"http:\/\/demo.genietheme.net\/bonnie\/?page_id=2611"},"modified":"2025-03-15T14:14:41","modified_gmt":"2025-03-15T12:14:41","slug":"pongase-en-contacto-con","status":"publish","type":"page","link":"https:\/\/azura.ro\/es\/contact\/","title":{"rendered":"P\u00f3ngase en contacto con"},"content":{"rendered":"<div class=\"row\"  id=\"row-1639948944\">\n\n\t<div id=\"col-624477160\" class=\"col medium-6 small-12 large-6\"  >\n\t\t\t\t<div class=\"col-inner\"  >\n\t\t\t\n\t\t\t\n\n<div class=\"wpcf7 no-js\" id=\"wpcf7-f87989-o1\" lang=\"ro-RO\" dir=\"ltr\" data-wpcf7-id=\"87989\">\n<div class=\"screen-reader-response\"><p role=\"status\" aria-live=\"polite\" aria-atomic=\"true\"><\/p> <ul><\/ul><\/div>\n<form action=\"\/es\/wp-json\/wp\/v2\/pages\/2619#wpcf7-f87989-o1\" method=\"post\" class=\"wpcf7-form init\" aria-label=\"Formular de contact\" novalidate=\"novalidate\" data-status=\"init\" data-trp-original-action=\"\/es\/wp-json\/wp\/v2\/pages\/2619#wpcf7-f87989-o1\">\n<fieldset class=\"hidden-fields-container\"><input type=\"hidden\" name=\"_wpcf7\" value=\"87989\" \/><input type=\"hidden\" name=\"_wpcf7_version\" value=\"6.1.5\" \/><input type=\"hidden\" name=\"_wpcf7_locale\" value=\"ro_RO\" \/><input type=\"hidden\" name=\"_wpcf7_unit_tag\" value=\"wpcf7-f87989-o1\" \/><input type=\"hidden\" name=\"_wpcf7_container_post\" value=\"0\" \/><input type=\"hidden\" name=\"_wpcf7_posted_data_hash\" value=\"\" \/>\n<\/fieldset>\n<h2>Completeaz\u0103 formularul de mai jos\n<\/h2>\n<p>c\u00e2mpurile marcate cu * sunt necesare\n<\/p>\n<div id=\"responsive-form\" class=\"clearfix\">\n\t<div class=\"form-row\">\n\t\t<div class=\"column-half\">\n\t\t\t<p><span class=\"wpcf7-form-control-wrap\" data-name=\"name-surname\"><input size=\"40\" maxlength=\"400\" class=\"wpcf7-form-control wpcf7-text wpcf7-validates-as-required\" aria-required=\"true\" aria-invalid=\"false\" placeholder=\"Nume \u0219i Prenume*\" value=\"\" type=\"text\" name=\"name-surname\" \/><\/span>\n\t\t\t<\/p>\n\t\t<\/div>\n\t\t<div class=\"column-half\">\n\t\t\t<p><span class=\"wpcf7-form-control-wrap\" data-name=\"company\"><input size=\"40\" maxlength=\"400\" class=\"wpcf7-form-control wpcf7-text\" aria-invalid=\"false\" placeholder=\"Companie\" value=\"\" type=\"text\" name=\"company\" \/><\/span>\n\t\t\t<\/p>\n\t\t<\/div>\n\t<\/div>\n\t<div class=\"form-row\">\n\t\t<div class=\"column-half\">\n\t\t\t<p><span class=\"wpcf7-form-control-wrap\" data-name=\"email\"><input size=\"40\" maxlength=\"400\" class=\"wpcf7-form-control wpcf7-email wpcf7-validates-as-required wpcf7-text wpcf7-validates-as-email\" aria-required=\"true\" aria-invalid=\"false\" placeholder=\"Email*\" value=\"\" type=\"email\" name=\"email\" \/><\/span>\n\t\t\t<\/p>\n\t\t<\/div>\n\t\t<div class=\"column-half\">\n\t\t\t<p><span class=\"wpcf7-form-control-wrap\" data-name=\"phone\"><input size=\"40\" maxlength=\"400\" class=\"wpcf7-form-control wpcf7-tel wpcf7-text wpcf7-validates-as-tel\" aria-invalid=\"false\" placeholder=\"Telefon\" value=\"\" type=\"tel\" name=\"phone\" \/><\/span>\n\t\t\t<\/p>\n\t\t<\/div>\n\t<\/div>\n\t<div class=\"form-row\">\n\t\t<div class=\"colum-full\">\n\t\t\t<p><span class=\"wpcf7-form-control-wrap\" data-name=\"message\"><textarea cols=\"40\" rows=\"10\" maxlength=\"2000\" class=\"wpcf7-form-control wpcf7-textarea\" aria-invalid=\"false\" placeholder=\"Message\" name=\"message\"><\/textarea><\/span>\n\t\t\t<\/p>\n\t\t<\/div>\n\t<\/div>\n\t<div class=\"form-row\">\n\t\t<div class=\"colum-full\">\n\t\t\t<p><span class=\"wpcf7-form-control-wrap\" data-name=\"privacy\"><span class=\"wpcf7-form-control wpcf7-acceptance\"><span class=\"wpcf7-list-item\"><label><input type=\"checkbox\" name=\"privacy\" value=\"1\" aria-invalid=\"false\" \/><span class=\"wpcf7-list-item-label\">Am citit \u0219i accept <a href=\"https:\/\/azura.ro\/es\/politica-de-privacidad\/\" target=\"_blank\">Politica de confidentialitate*<\/a><\/span><\/label><\/span><\/span><\/span>\n\t\t\t<\/p>\n\t\t<\/div>\n\t<\/div>\n\t<div class=\"form-row\">\n\t\t<div class=\"column-full\">\n\t\t\t<p><input class=\"wpcf7-form-control wpcf7-submit has-spinner\" type=\"submit\" value=\"TRIMITE\" \/>\n\t\t\t<\/p>\n\t\t<\/div>\n\t<\/div>\n<\/div><input type='hidden' class='wpcf7-pum' value='{\"closepopup\":false,\"closedelay\":0,\"openpopup\":false,\"openpopup_id\":0}' \/><div class=\"wpcf7-response-output\" aria-hidden=\"true\"><\/div>\n<input type=\"hidden\" name=\"trp-form-language\" value=\"es\"\/><\/form>\n<\/div>\n\n\t\t<\/div>\n\t\t\t\t\t<\/div>\n\n\t\n\n\t<div id=\"col-894610554\" class=\"col medium-6 small-12 large-6\"  >\n\t\t\t\t<div class=\"col-inner\"  >\n\t\t\t\n\t\t\t\n<h1>ATENCI\u00d3N AL CLIENTE<\/h1>\n<p><strong>Asesoramiento telef\u00f3nico:<\/strong> De lunes a viernes, de 9:30 a 17:30.<\/p>\n<p><strong>Para instalaciones:<\/strong> Nuestro equipo tambi\u00e9n est\u00e1 disponible fuera del horario laboral (tardes entre semana). Para citas de instalaci\u00f3n, p\u00f3ngase en contacto con nosotros de lunes a viernes, de 9:30 a 17:30. P\u00f3ngase en contacto con nosotros a trav\u00e9s del formulario de la izquierda o env\u00edenos un correo electr\u00f3nico a: contact@azura.ro \u00bfDesea ponerse en contacto con nosotros por tel\u00e9fono?<\/p>\n<div class=\"contact-item\">\n<h6>Informaci\u00f3n de contacto<\/h6>\n<ul>\n<li><i class=\"fa fa-envelope\"><\/i> contact@azura.ro<\/li>\n<li><i class=\"fa fa-phone\"><\/i> <a href=\"tel:+40726206505\">0726-206-505<\/a><\/li>\n<\/ul>\n<\/div>\n<div class=\"contact-item\">\n<h6>Direcci\u00f3n<\/h6>\n<p>Oficina y almac\u00e9n: Blv. Energeticienilor nr. 9E, Bloc M1, Parter, Camera 1034, sect. 3, c\u00f3digo postal 032091, Bucuresti, Ruman\u00eda<br \/>\nPuntos de referencia: junto al gimnasio Apollo, a unos 300 metros de Auchan Vitan.<br \/>\nInterior del edificio: Gheorghe Cristea<\/p>\n<\/div>\n<p><strong>Si desea visitarnos<\/strong>le sugerimos que se ponga en contacto con nosotros por tel\u00e9fono para concertar una cita. Nuestro trabajo consiste en el tratamiento de agua para el \u00e1rea residencial\/comercial\/industrial. Esta es la raz\u00f3n por la que no estamos permanentemente en la oficina. Ofrecemos consulta y servicio in situ cuando sea necesario.<\/p>\n\t\t<\/div>\n\t\t\t\t\t<\/div>\n\n\t\n<\/div>","protected":false},"excerpt":{"rendered":"","protected":false},"author":3,"featured_media":0,"parent":0,"menu_order":0,"comment_status":"closed","ping_status":"closed","template":"","meta":{"_seopress_robots_primary_cat":"","_seopress_titles_title":"","_seopress_titles_desc":"","_seopress_robots_index":"","footnotes":""},"class_list":["post-2619","page","type-page","status-publish","hentry"],"_links":{"self":[{"href":"https:\/\/azura.ro\/es\/wp-json\/wp\/v2\/pages\/2619","targetHints":{"allow":["GET"]}}],"collection":[{"href":"https:\/\/azura.ro\/es\/wp-json\/wp\/v2\/pages"}],"about":[{"href":"https:\/\/azura.ro\/es\/wp-json\/wp\/v2\/types\/page"}],"author":[{"embeddable":true,"href":"https:\/\/azura.ro\/es\/wp-json\/wp\/v2\/users\/3"}],"replies":[{"embeddable":true,"href":"https:\/\/azura.ro\/es\/wp-json\/wp\/v2\/comments?post=2619"}],"version-history":[{"count":5,"href":"https:\/\/azura.ro\/es\/wp-json\/wp\/v2\/pages\/2619\/revisions"}],"predecessor-version":[{"id":87990,"href":"https:\/\/azura.ro\/es\/wp-json\/wp\/v2\/pages\/2619\/revisions\/87990"}],"wp:attachment":[{"href":"https:\/\/azura.ro\/es\/wp-json\/wp\/v2\/media?parent=2619"}],"curies":[{"name":"wp","href":"https:\/\/api.w.org\/{rel}","templated":true}]}}