{"id":30332,"date":"2020-12-12T19:33:37","date_gmt":"2020-12-12T17:33:37","guid":{"rendered":"https:\/\/azura.ro\/?page_id=30332"},"modified":"2024-01-03T12:00:06","modified_gmt":"2024-01-03T10:00:06","slug":"garantie-pe-viata","status":"publish","type":"page","link":"https:\/\/azura.ro\/es\/garantie-pe-viata\/","title":{"rendered":"Garant\u00eda de por vida"},"content":{"rendered":"<p><img decoding=\"async\" class=\"alignleft\" src=\"https:\/\/azura.ro\/wp-content\/uploads\/2024\/01\/garantie-pe-viata.png\" alt=\"garant\u00eda de por vida\" \/><\/p>\n<p><span style=\"font-family: tahoma, arial, helvetica, sans-serif; font-size: 105%;\"><strong>Garantie pe viata pentru echipamentul nostru<\/strong><\/span><\/p>\n<p><span style=\"font-family: tahoma, arial, helvetica, sans-serif; font-size: 105%;\">Comprando este equipo en nuestra tienda online azura.ro, <strong>Benef\u00edciese de una GARANT\u00cdA DE POR VIDA<\/strong>contra cualquier defecto de fabricaci\u00f3n.<\/span><\/p>\n<p><span style=\"font-family: tahoma, arial, helvetica, sans-serif; font-size: 105%;\">Cualquier problema de mal funcionamiento ser\u00e1 resuelto en nuestro servicio en Rumania, en nuestro punto de trabajo, s\u00f3lo p\u00f3ngase en contacto con nosotros por correo electr\u00f3nico : contact@azura.ro.<\/span><\/p>\n<p><span style=\"font-family: tahoma, arial, helvetica, sans-serif; font-size: 105%;\">El tiempo medio de resoluci\u00f3n de problemas es de 7 d\u00edas. En los casos 90% - 97%, el tiempo de reparaci\u00f3n ser\u00e1 de 7 d\u00edas laborables. Si se requieren piezas especiales que normalmente no est\u00e1n en nuestro stock, le informaremos del plazo de reparaci\u00f3n, en funci\u00f3n del plazo de entrega del componente o componentes.<\/span><\/p>\n<p><span style=\"font-family: tahoma, arial, helvetica, sans-serif; font-size: 105%;\">Para el servicio de garant\u00eda y posgarant\u00eda, el producto debe entregarse o traerse a nuestro punto de trabajo, mencionado en el ep\u00edgrafe <a href=\"https:\/\/azura.ro\/es\/pongase-en-contacto-con\/\">P\u00f3ngase en contacto con<\/a>.<\/span><\/p>\n<p><span style=\"font-family: tahoma, arial, helvetica, sans-serif; font-size: 105%;\">Mentiras sobre la garant\u00eda:<\/span><\/p>\n<p><span style=\"font-family: tahoma, arial, helvetica, sans-serif; font-size: 105%;\">La garant\u00eda se concede contra defectos de fabricaci\u00f3n y\/o vicios ocultos y no cubre el desgaste normal y\/o el mantenimiento de los distintos componentes: juntas, racores el\u00e9ctricos, cartuchos, cartuchos filtrantes, etc. Se trata de consumibles.<\/span><\/p>\n<p><span style=\"font-family: tahoma, arial, helvetica, sans-serif; font-size: 105%;\">Queda excluida cualquier otra garant\u00eda. La garant\u00eda no cubre los defectos causados por fluctuaciones de tensi\u00f3n y\/o descargas el\u00e9ctricas.<\/span><\/p>\n<p><span style=\"font-family: tahoma, arial, helvetica, sans-serif; font-size: 105%;\">La garant\u00eda no cubre los defectos causados por fluctuaciones de presi\u00f3n, sobrepresurizaci\u00f3n, \"presi\u00f3n de ariete\".<\/span><\/p>\n<p><span style=\"font-family: tahoma, arial, helvetica, sans-serif; font-size: 105%;\">La garant\u00eda s\u00f3lo es v\u00e1lida si la instalaci\u00f3n, la puesta en servicio, el funcionamiento y el mantenimiento se realizan de acuerdo con la documentaci\u00f3n que acompa\u00f1a al equipo.<\/span><\/p>\n<p><span style=\"font-family: tahoma, arial, helvetica, sans-serif; font-size: 105%;\">La \"Garant\u00eda de por vida\" es v\u00e1lida para cualquier n\u00famero de a\u00f1os, siempre que los cartuchos filtrantes se pidan y sustituyan a tiempo, tal como se describe en la descripci\u00f3n del producto tanto en el sitio web como en las instrucciones recibidas con el producto. Aceptamos un retraso m\u00e1ximo de 15 d\u00edas para la sustituci\u00f3n de los cartuchos filtrantes. Si este cambio no se ha efectuado, la \"Garant\u00eda de por vida\" quedar\u00e1 anulada sin previo aviso y usted se beneficiar\u00e1 de la garant\u00eda de 2 a\u00f1os a partir de la fecha de compra del producto principal (no de los cartuchos filtrantes). La referencia de cambio de los cartuchos filtrantes ser\u00e1 la fecha natural de la factura de compra de estos cartuchos filtrantes. Si no existe factura de compra de estos cartuchos filtrantes seg\u00fan las instrucciones recibidas con el producto, se anular\u00e1 la \"Garant\u00eda de por vida\".<\/span><\/p>\n<p><span style=\"font-family: tahoma, arial, helvetica, sans-serif; font-size: 105%;\">Nota: el plazo de un a\u00f1o para cambiar los cartuchos filtrantes empezar\u00e1 a contar a partir de la fecha de la factura de compra del dispositivo filtrante y, posteriormente, a partir de la fecha de compra del \u00faltimo juego completo de cartuchos filtrantes. No se har\u00e1n excepciones, aunque haya un retraso entre la fecha natural de compra y la fecha real de instalaci\u00f3n o sustituci\u00f3n de los cartuchos filtrantes.<\/span><\/p>\n<p><span style=\"font-family: tahoma, arial, helvetica, sans-serif; font-size: 105%;\">La garant\u00eda queda anulada en caso de reventa o instalaci\u00f3n en un lugar distinto del original.<\/span><\/p>\n<p><span style=\"font-family: tahoma, arial, helvetica, sans-serif; font-size: 105%;\">Los defectos que se produzcan durante el periodo de garant\u00eda s\u00f3lo ser\u00e1n reparados por el vendedor en sus instalaciones o lugar de trabajo o por representantes autorizados en sus instalaciones.<\/span><\/p>\n<p><span style=\"font-family: tahoma, arial, helvetica, sans-serif; font-size: 105%;\">Si el fallo del equipo ha sido causado por una instalaci\u00f3n, funcionamiento o mantenimiento incorrectos o debido a intervenciones, modificaciones y\/o adaptaciones no autorizadas del equipo, la garant\u00eda quedar\u00e1 anulada y el coste de las reparaciones correr\u00e1 a cargo del cliente.<\/span><\/p>\n<p><span style=\"font-family: tahoma, arial, helvetica, sans-serif; font-size: 105%;\">Con todo respeto,<\/span><\/p>\n<p><span style=\"font-family: tahoma, arial, helvetica, sans-serif; font-size: 105%;\">equipo <a href=\"https:\/\/azura.ro\/es\/\" target=\"_blank\" rel=\"noopener\">AZURA.RO<\/a><\/span><\/p>","protected":false},"excerpt":{"rendered":"<p>Garantie pe viata pentru echipamentul nostru Prin achizitia echipamentului prezent de pe magazinul nostru online azura.ro, beneficiati de GARANTIE PE VIATA, impotriva oricarui defect de fabricatie. Orice problema de nefunctionare se va depana in service-ul nostru din Romania, la punctul nostru de lucru, trebuie doar sa ne contactati prin email : contact@azura.ro. Termenul mediu de [&#8230;]\n","protected":false},"author":3,"featured_media":68501,"parent":0,"menu_order":0,"comment_status":"closed","ping_status":"closed","template":"","meta":{"_seopress_robots_primary_cat":"","_seopress_titles_title":"","_seopress_titles_desc":"","_seopress_robots_index":"","footnotes":""},"class_list":["post-30332","page","type-page","status-publish","has-post-thumbnail","hentry"],"_links":{"self":[{"href":"https:\/\/azura.ro\/es\/wp-json\/wp\/v2\/pages\/30332","targetHints":{"allow":["GET"]}}],"collection":[{"href":"https:\/\/azura.ro\/es\/wp-json\/wp\/v2\/pages"}],"about":[{"href":"https:\/\/azura.ro\/es\/wp-json\/wp\/v2\/types\/page"}],"author":[{"embeddable":true,"href":"https:\/\/azura.ro\/es\/wp-json\/wp\/v2\/users\/3"}],"replies":[{"embeddable":true,"href":"https:\/\/azura.ro\/es\/wp-json\/wp\/v2\/comments?post=30332"}],"version-history":[{"count":4,"href":"https:\/\/azura.ro\/es\/wp-json\/wp\/v2\/pages\/30332\/revisions"}],"predecessor-version":[{"id":68508,"href":"https:\/\/azura.ro\/es\/wp-json\/wp\/v2\/pages\/30332\/revisions\/68508"}],"wp:featuredmedia":[{"embeddable":true,"href":"https:\/\/azura.ro\/es\/wp-json\/wp\/v2\/media\/68501"}],"wp:attachment":[{"href":"https:\/\/azura.ro\/es\/wp-json\/wp\/v2\/media?parent=30332"}],"curies":[{"name":"wp","href":"https:\/\/api.w.org\/{rel}","templated":true}]}}