{"id":32647,"date":"2021-03-04T14:59:36","date_gmt":"2021-03-04T12:59:36","guid":{"rendered":"https:\/\/azura.ro\/?page_id=32647"},"modified":"2024-12-03T19:51:07","modified_gmt":"2024-12-03T17:51:07","slug":"10-ani-garantie","status":"publish","type":"page","link":"https:\/\/azura.ro\/es\/10-ani-garantie\/","title":{"rendered":"10 ani Garantie"},"content":{"rendered":"<p><strong><img decoding=\"async\" class=\"size-full wp-image-83570 alignleft\" src=\"https:\/\/azura.ro\/wp-content\/uploads\/2015\/07\/10-ani-garantie.png\" alt=\"\" width=\"144\" height=\"184\" \/>10 ani Garantie pentru echipamentul nostru<\/strong><\/p>\n<p>Comprando este equipo en nuestra tienda online azura.ro, <strong>beneficiati de GARANTIE 10 ANI<\/strong>contra cualquier defecto de fabricaci\u00f3n.<\/p>\n<p>Cualquier problema de mal funcionamiento ser\u00e1 resuelto en nuestro servicio en Ruman\u00eda, s\u00f3lo tiene que ponerse en contacto con nosotros por correo electr\u00f3nico : contact@azura.ro.<\/p>\n<p>&nbsp;<\/p>\n<p>El tiempo medio de resoluci\u00f3n de problemas es de 7 d\u00edas. En los casos 90% - 97%, el tiempo de reparaci\u00f3n ser\u00e1 de 7 d\u00edas laborables. Si se requieren piezas especiales que normalmente no est\u00e1n en nuestro stock, le informaremos del plazo de reparaci\u00f3n, en funci\u00f3n del plazo de entrega del componente o componentes.<\/p>\n<p>Para el servicio de garant\u00eda y posgarant\u00eda, el producto debe entregarse o traerse a nuestro punto de trabajo, mencionado en el ep\u00edgrafe <a href=\"https:\/\/azura.ro\/es\/pongase-en-contacto-con\/\">P\u00f3ngase en contacto con<\/a>.<\/p>\n<p>Mentiras sobre la garant\u00eda:<\/p>\n<p>La garant\u00eda se concede contra defectos de fabricaci\u00f3n y\/o vicios ocultos y no cubre el desgaste normal y\/o el mantenimiento de los distintos componentes: juntas, racores el\u00e9ctricos, cartuchos, cartuchos filtrantes, etc. Se trata de consumibles.<\/p>\n<p>Queda excluida cualquier otra garant\u00eda. La garant\u00eda no cubre los defectos causados por fluctuaciones de tensi\u00f3n y\/o descargas el\u00e9ctricas.<\/p>\n<p>La garant\u00eda no cubre los defectos causados por fluctuaciones de presi\u00f3n, sobrepresurizaci\u00f3n, \"presi\u00f3n de ariete\".<\/p>\n<p>La garant\u00eda s\u00f3lo es v\u00e1lida si la instalaci\u00f3n, la puesta en servicio, el funcionamiento y el mantenimiento se realizan de acuerdo con la documentaci\u00f3n que acompa\u00f1a al equipo.<\/p>\n<p>La garant\u00eda queda anulada en caso de reventa o instalaci\u00f3n en un lugar distinto del original.<\/p>\n<p>Los defectos que se produzcan durante el periodo de garant\u00eda s\u00f3lo ser\u00e1n reparados por el vendedor en sus instalaciones o lugar de trabajo o por representantes autorizados en sus instalaciones.<\/p>\n<p>Si el fallo del equipo ha sido causado por una instalaci\u00f3n, funcionamiento o mantenimiento incorrectos o debido a intervenciones, modificaciones y\/o adaptaciones no autorizadas del equipo, la garant\u00eda quedar\u00e1 anulada y el coste de las reparaciones correr\u00e1 a cargo del cliente.<\/p>\n<p>Con todo respeto,<\/p>\n<p>equipo <a href=\"https:\/\/azura.ro\/es\/\" target=\"_blank\" rel=\"noopener noreferrer\">AZURA.RO<\/a><\/p>","protected":false},"excerpt":{"rendered":"<p>10 ani Garantie pentru echipamentul nostru Prin achizitia echipamentului prezent de pe magazinul nostru online azura.ro, beneficiati de GARANTIE 10 ANI, impotriva oricarui defect de fabricatie. Orice problema de nefunctionare se va depana in service-ul nostru din Romania, trebuie doar sa ne contactati prin email : contact@azura.ro. &nbsp; Termenul mediu de depanare este de 7 [&#8230;]\n","protected":false},"author":3,"featured_media":0,"parent":0,"menu_order":0,"comment_status":"closed","ping_status":"closed","template":"","meta":{"_seopress_robots_primary_cat":"","_seopress_titles_title":"","_seopress_titles_desc":"","_seopress_robots_index":"","footnotes":""},"class_list":["post-32647","page","type-page","status-publish","hentry"],"_links":{"self":[{"href":"https:\/\/azura.ro\/es\/wp-json\/wp\/v2\/pages\/32647","targetHints":{"allow":["GET"]}}],"collection":[{"href":"https:\/\/azura.ro\/es\/wp-json\/wp\/v2\/pages"}],"about":[{"href":"https:\/\/azura.ro\/es\/wp-json\/wp\/v2\/types\/page"}],"author":[{"embeddable":true,"href":"https:\/\/azura.ro\/es\/wp-json\/wp\/v2\/users\/3"}],"replies":[{"embeddable":true,"href":"https:\/\/azura.ro\/es\/wp-json\/wp\/v2\/comments?post=32647"}],"version-history":[{"count":4,"href":"https:\/\/azura.ro\/es\/wp-json\/wp\/v2\/pages\/32647\/revisions"}],"predecessor-version":[{"id":83572,"href":"https:\/\/azura.ro\/es\/wp-json\/wp\/v2\/pages\/32647\/revisions\/83572"}],"wp:attachment":[{"href":"https:\/\/azura.ro\/es\/wp-json\/wp\/v2\/media?parent=32647"}],"curies":[{"name":"wp","href":"https:\/\/api.w.org\/{rel}","templated":true}]}}