{"id":5293,"date":"2017-01-19T10:14:25","date_gmt":"2017-01-19T08:14:25","guid":{"rendered":"https:\/\/azura.ro\/?page_id=5293"},"modified":"2021-03-23T22:16:43","modified_gmt":"2021-03-23T20:16:43","slug":"scalewatcher","status":"publish","type":"page","link":"https:\/\/azura.ro\/es\/branduri\/scalewatcher\/","title":{"rendered":"Scalewatcher"},"content":{"rendered":"<p>&nbsp;<\/p>\n<h2><span style=\"font-family: tahoma, arial, helvetica, sans-serif; font-size: 105%;\"><img decoding=\"async\" class=\"alignleft wp-image-21672\" src=\"https:\/\/azura.ro\/wp-content\/uploads\/2020\/03\/Scalewatcher-2.png\" alt=\"Scalewatcher\" width=\"220\" height=\"156\" srcset=\"https:\/\/azura.ro\/wp-content\/uploads\/2020\/03\/Scalewatcher-2.png 3508w, https:\/\/azura.ro\/wp-content\/uploads\/2020\/03\/Scalewatcher-2-510x361.png 510w, https:\/\/azura.ro\/wp-content\/uploads\/2020\/03\/Scalewatcher-2-300x212.png 300w, https:\/\/azura.ro\/wp-content\/uploads\/2020\/03\/Scalewatcher-2-1024x724.png 1024w, https:\/\/azura.ro\/wp-content\/uploads\/2020\/03\/Scalewatcher-2-1536x1086.png 1536w, https:\/\/azura.ro\/wp-content\/uploads\/2020\/03\/Scalewatcher-2-2048x1448.png 2048w\" sizes=\"(max-width: 220px) 100vw, 220px\" \/>Scalewatcher<\/span><\/h2>\n<p><span style=\"font-family: tahoma, arial, helvetica, sans-serif; font-size: 105%;\"><strong>Scalewatcher<\/strong> es el primer fabricante mundial de <strong>sistemas antical<\/strong>para el acondicionamiento del agua.<\/span><\/p>\n<p><span style=\"font-family: tahoma, arial, helvetica, sans-serif; font-size: 105%;\">M\u00e1s de 27 a\u00f1os desde su creaci\u00f3n <strong>primer equipo Scalewatcher<\/strong>. La experiencia de la empresa hace que sus equipos sean los m\u00e1s demandados en todo el mundo. Todos los equipos antical del mercado han recibido la influencia tecnol\u00f3gica de Scalewatcher.<\/span><\/p>\n<p><span style=\"font-family: tahoma, arial, helvetica, sans-serif; font-size: 105%;\">Quien quiera un equipo original y fiable, que elija <em>Scalewatcher.<\/em><\/span><\/p>\n<p><span style=\"font-family: tahoma, arial, helvetica, sans-serif; font-size: 105%;\">Desde 1988 <strong>Grupo Scalewatcher<\/strong> ha modernizado sus equipos para poder tratar agua en tuber\u00edas de 3 metros de di\u00e1metro (120\u2033).<\/span><\/p>\n<p><span style=\"font-family: tahoma, arial, helvetica, sans-serif; font-size: 105%;\">Patente estadounidense n\u00ba 5.074.998 - Patente canadiense n\u00ba 1337060- Patente europea n\u00ba 0357102<\/span><\/p>\n<p><span style=\"font-size: 105%; font-family: tahoma, arial, helvetica, sans-serif;\">Productor: http:\/\/www.scalewatcher.com\/us\/<\/span><\/p>\n<p><span style=\"font-family: tahoma, arial, helvetica, sans-serif; font-size: 105%;\">Scalewatcher es un sistema antical ecol\u00f3gico que no altera la composici\u00f3n qu\u00edmica del agua.<\/span><\/p>\n<p><span style=\"font-family: tahoma, arial, helvetica, sans-serif; font-size: 105%;\">Los dep\u00f3sitos calc\u00e1reos se disolver\u00e1n y las manchas blancas se eliminar\u00e1n suavemente, sin utilizar productos qu\u00edmicos agresivos.<\/span><\/p>\n<p><span style=\"font-family: tahoma, arial, helvetica, sans-serif; font-size: 105%;\">Los problemas del agua dura se deben a la disoluci\u00f3n de iones minerales en el agua, que se adhieren a distintas superficies (elementos calefactores, sanitarios, azulejos, etc.).<\/span><\/p>\n<p><span style=\"font-family: tahoma, arial, helvetica, sans-serif; font-size: 105%;\">Los descalcificadores tradicionales ayudan a evitar estos problemas, pero requieren un mantenimiento regular y la sustituci\u00f3n de la sal, adem\u00e1s de poner en peligro la potabilidad del agua.<\/span><\/p>\n<p><span style=\"font-family: tahoma, arial, helvetica, sans-serif; font-size: 105%;\">Los dep\u00f3sitos de cal no s\u00f3lo afectan a los electrodom\u00e9sticos y sistemas dom\u00e9sticos, sino tambi\u00e9n a los comerciales e industriales (hoteles, restaurantes, cl\u00ednicas dentales, salones de belleza, etc.), que tambi\u00e9n pueden beneficiarse de la eficacia del sistema Scalewatcher.<\/span><\/p>\n<p><span style=\"font-family: tahoma, arial, helvetica, sans-serif; font-size: 105%;\">Sistema patentado en los principales pa\u00edses.<\/span><\/p>\n<hr \/>\n<h3><span style=\"font-size: 105%; font-family: tahoma, arial, helvetica, sans-serif;\">Productos del fabricante Scalewatcher<\/span><\/h3>\n<p><span style=\"font-size: 105%; font-family: tahoma, arial, helvetica, sans-serif;\"><div class=\"woocommerce columns-4\"><div class=\"products row row-small large-columns-4 medium-columns-3 small-columns-2 has-shadow row-box-shadow-2-hover has-equal-box-heights\">\n<div class=\"product-small col has-hover product type-product post-836 status-publish first instock product_cat-dispozitive-electronice-anticalcar product_tag-4-star product_tag-anticalcar product_tag-dedurizare-fara-sare product_tag-dedurizator-fara-sare product_tag-scalewatcher has-post-thumbnail featured taxable shipping-taxable purchasable product-type-simple\">\n\t<div class=\"col-inner\">\n\t\n<div class=\"badge-container absolute left top z-1\">\n\n<\/div>\n\t<div class=\"product-small box\">\n\t\t<div class=\"box-image\">\n\t\t\t<div class=\"image-fade_in_back\">\n\t\t\t\t<a href=\"https:\/\/azura.ro\/es\/produs\/aparat-electronic-anticalcar-scalewatcher-4-star\/\">\n\t\t\t\t\t<img decoding=\"async\" width=\"247\" height=\"247\" src=\"https:\/\/azura.ro\/wp-content\/uploads\/2015\/07\/dispozitiv-electronic-anticalcar-scalewatcher-4-star-2-247x247.jpg\" class=\"attachment-woocommerce_thumbnail size-woocommerce_thumbnail\" alt=\"scalewatcher 4 estrellas anti-calibrado electr\u00f3nico scalewatcher\" srcset=\"https:\/\/azura.ro\/wp-content\/uploads\/2015\/07\/dispozitiv-electronic-anticalcar-scalewatcher-4-star-2-247x247.jpg 247w, https:\/\/azura.ro\/wp-content\/uploads\/2015\/07\/dispozitiv-electronic-anticalcar-scalewatcher-4-star-2-100x100.jpg 100w, https:\/\/azura.ro\/wp-content\/uploads\/2015\/07\/dispozitiv-electronic-anticalcar-scalewatcher-4-star-2-510x510.jpg 510w, https:\/\/azura.ro\/wp-content\/uploads\/2015\/07\/dispozitiv-electronic-anticalcar-scalewatcher-4-star-2-300x300.jpg 300w, https:\/\/azura.ro\/wp-content\/uploads\/2015\/07\/dispozitiv-electronic-anticalcar-scalewatcher-4-star-2-150x150.jpg 150w, https:\/\/azura.ro\/wp-content\/uploads\/2015\/07\/dispozitiv-electronic-anticalcar-scalewatcher-4-star-2.jpg 1000w\" sizes=\"(max-width: 247px) 100vw, 247px\" \/><img decoding=\"async\" width=\"247\" height=\"247\" src=\"https:\/\/azura.ro\/wp-content\/uploads\/2015\/07\/dispozitiv-electronic-anticalcar-scalewatcher-4-star-1-247x247.jpg\" class=\"show-on-hover absolute fill hide-for-small back-image\" alt=\"scalewatcher 4 estrellas anti-calibrado electr\u00f3nico scalewatcher\" aria-hidden=\"true\" srcset=\"https:\/\/azura.ro\/wp-content\/uploads\/2015\/07\/dispozitiv-electronic-anticalcar-scalewatcher-4-star-1-247x247.jpg 247w, https:\/\/azura.ro\/wp-content\/uploads\/2015\/07\/dispozitiv-electronic-anticalcar-scalewatcher-4-star-1-100x100.jpg 100w, https:\/\/azura.ro\/wp-content\/uploads\/2015\/07\/dispozitiv-electronic-anticalcar-scalewatcher-4-star-1-510x510.jpg 510w, https:\/\/azura.ro\/wp-content\/uploads\/2015\/07\/dispozitiv-electronic-anticalcar-scalewatcher-4-star-1-300x300.jpg 300w, https:\/\/azura.ro\/wp-content\/uploads\/2015\/07\/dispozitiv-electronic-anticalcar-scalewatcher-4-star-1-150x150.jpg 150w, https:\/\/azura.ro\/wp-content\/uploads\/2015\/07\/dispozitiv-electronic-anticalcar-scalewatcher-4-star-1.jpg 1000w\" sizes=\"(max-width: 247px) 100vw, 247px\" \/>\t\t\t\t<\/a>\n\t\t\t<\/div>\n\t\t\t<div class=\"image-tools is-small top right show-on-hover\">\n\t\t\t\t\t\t<div class=\"wishlist-icon\">\n\t\t\t<button class=\"wishlist-button button is-outline circle icon\" aria-label=\"Lista de deseos\">\n\t\t\t\t<i class=\"icon-heart\" aria-hidden=\"true\"><\/i>\t\t\t<\/button>\n\t\t\t<div class=\"wishlist-popup dark\">\n\t\t\t\t\n<div class=\"yith-wcwl-add-to-wishlist add-to-wishlist-836  wishlist-fragment on-first-load\" data-fragment-ref=\"836\" data-fragment-options=\"{&quot;base_url&quot;:&quot;https:\\\/\\\/azura.ro\\\/es\\\/wp-json\\\/wp\\\/v2\\\/pages\\\/5293?rest_route=\\\/wp\\\/v2\\\/pages\\\/5293&quot;,&quot;wishlist_url&quot;:&quot;https:\\\/\\\/azura.ro\\\/es\\\/lista-produse-favorite\\\/&quot;,&quot;in_default_wishlist&quot;:false,&quot;is_single&quot;:false,&quot;show_exists&quot;:true,&quot;product_id&quot;:836,&quot;parent_product_id&quot;:836,&quot;product_type&quot;:&quot;simple&quot;,&quot;show_view&quot;:false,&quot;browse_wishlist_text&quot;:&quot;Vizualizeaza lista de produse favorite&quot;,&quot;already_in_wishslist_text&quot;:&quot;Produsul se afla deja in lista de produse favorite&quot;,&quot;product_added_text&quot;:&quot;Produsul a fost adaugat la lista de produse favorite!&quot;,&quot;heading_icon&quot;:&quot;&quot;,&quot;available_multi_wishlist&quot;:false,&quot;disable_wishlist&quot;:true,&quot;show_count&quot;:false,&quot;ajax_loading&quot;:false,&quot;loop_position&quot;:&quot;after_add_to_cart&quot;,&quot;product_image&quot;:&quot;&quot;,&quot;label_popup&quot;:&quot;Add to wishlist&quot;,&quot;add_to_wishlist_modal&quot;:&quot;yes&quot;,&quot;item&quot;:&quot;add_to_wishlist&quot;}\">\n\t\t\t\n\t\t\t<a href=\"https:\/\/azura.ro\/es\/contul-meu\/?wishlist_notice=true&#038;add_to_wishlist=836\" rel=\"nofollow\" class=\"disabled_item  single_\" >\n\t\t\t\t\t\t\t\tA\u00f1adir a favoritos\t\t\t<\/a>\n\n\t\t\t<\/div>\t\t\t<\/div>\n\t\t<\/div>\n\t\t\t\t\t<\/div>\n\t\t\t<div class=\"image-tools is-small hide-for-small bottom left show-on-hover\">\n\t\t\t\t\t\t\t<\/div>\n\t\t\t<div class=\"image-tools grid-tools text-center hide-for-small bottom hover-slide-in show-on-hover\">\n\t\t\t\t<a href=\"#quick-view\" class=\"quick-view\" role=\"button\" data-prod=\"836\" aria-haspopup=\"dialog\" aria-expanded=\"false\" data-flatsome-role-button>Vista r\u00e1pida<\/a>\t\t\t<\/div>\n\t\t\t\t\t<\/div>\n\n\t\t<div class=\"box-text box-text-products text-center grid-style-2\">\n\t\t\t<div class=\"title-wrapper\"><h2 class=\"h2-cat-product-title\"><a href=\"https:\/\/azura.ro\/es\/produs\/aparat-electronic-anticalcar-scalewatcher-4-star\/\">SCALEWATCHER 4 ESTRELLAS ANTI-CALIBRADO ELECTR\u00d3NICO SCALEWATCHER<\/a><\/h2><\/div><div class=\"price-wrapper\"><div class=\"star-rating star-rating--inline\" role=\"img\" aria-label=\"Rated 4 de 5\" data-no-translation-aria-label=\"\"><span style=\"width:80%\" data-no-translation=\"\" data-trp-gettext=\"\">Rated <strong class=\"rating\">4<\/strong> de 5<\/span><\/div>\n\t<span class=\"price\"><span class=\"woocommerce-Price-amount amount\"><bdi>2,550.00&nbsp;<span class=\"woocommerce-Price-currencySymbol\">lei<\/span><\/bdi><\/span> <small class=\"woocommerce-price-suffix\">IVA incluido<\/small><\/span>\n<\/div><div class=\"add-to-cart-button\"><a href=\"\/es\/wp-json\/wp\/v2\/pages\/5293?add-to-cart=836\" aria-describedby=\"woocommerce_loop_add_to_cart_link_describedby_836\" data-quantity=\"1\" class=\"primary is-small mb-0 button product_type_simple add_to_cart_button ajax_add_to_cart is-flat\" data-product_id=\"836\" data-product_sku=\"4STAR\" aria-label=\"A\u00f1adir a la cesta: &quot;DISPOZITIV ELECTRONIC ANTICALCAR SCALEWATCHER 4 STAR&quot;\" rel=\"nofollow\" data-success_message=\"&quot;DISPOZITIV ELECTRONIC ANTICALCAR SCALEWATCHER 4 STAR&quot; se ha a\u00f1adido a tu carrito\" role=\"button\" data-no-translation=\"\" data-trp-gettext=\"\" data-no-translation-aria-label=\"\" data-no-translation-data-success_message=\"\">A\u00f1adir a la cesta<\/a><\/div>\t<span id=\"woocommerce_loop_add_to_cart_link_describedby_836\" class=\"screen-reader-text\">\n\t\t\t<\/span>\n\t\t<\/div>\n\t<\/div>\n\t\t<\/div>\n<\/div><div class=\"product-small col has-hover product type-product post-831 status-publish instock product_cat-dispozitive-electronice-anticalcar product_tag-3-star product_tag-anticalcar product_tag-dedurizare-fara-sare product_tag-dedurizator-fara-sare has-post-thumbnail featured taxable shipping-taxable purchasable product-type-simple\">\n\t<div class=\"col-inner\">\n\t\n<div class=\"badge-container absolute left top z-1\">\n\n<\/div>\n\t<div class=\"product-small box\">\n\t\t<div class=\"box-image\">\n\t\t\t<div class=\"image-fade_in_back\">\n\t\t\t\t<a href=\"https:\/\/azura.ro\/es\/produs\/aparat-electronic-anticalcar-scalewatcher-3-star\/\">\n\t\t\t\t\t<img decoding=\"async\" width=\"247\" height=\"247\" src=\"https:\/\/azura.ro\/wp-content\/uploads\/2015\/07\/dispozitiv-electronic-anticalcar-scalewatcher-3-star-2-247x247.jpg\" class=\"attachment-woocommerce_thumbnail size-woocommerce_thumbnail\" alt=\"scalewatcher 3 estrellas anti-calibrado electr\u00f3nico scalewatcher\" srcset=\"https:\/\/azura.ro\/wp-content\/uploads\/2015\/07\/dispozitiv-electronic-anticalcar-scalewatcher-3-star-2-247x247.jpg 247w, https:\/\/azura.ro\/wp-content\/uploads\/2015\/07\/dispozitiv-electronic-anticalcar-scalewatcher-3-star-2-100x100.jpg 100w, https:\/\/azura.ro\/wp-content\/uploads\/2015\/07\/dispozitiv-electronic-anticalcar-scalewatcher-3-star-2-510x510.jpg 510w, https:\/\/azura.ro\/wp-content\/uploads\/2015\/07\/dispozitiv-electronic-anticalcar-scalewatcher-3-star-2-300x300.jpg 300w, https:\/\/azura.ro\/wp-content\/uploads\/2015\/07\/dispozitiv-electronic-anticalcar-scalewatcher-3-star-2-150x150.jpg 150w, https:\/\/azura.ro\/wp-content\/uploads\/2015\/07\/dispozitiv-electronic-anticalcar-scalewatcher-3-star-2.jpg 1000w\" sizes=\"(max-width: 247px) 100vw, 247px\" \/><img decoding=\"async\" width=\"247\" height=\"247\" src=\"https:\/\/azura.ro\/wp-content\/uploads\/2015\/07\/dispozitiv-electronic-anticalcar-scalewatcher-3-star-1-247x247.jpg\" class=\"show-on-hover absolute fill hide-for-small back-image\" alt=\"scalewatcher 3 estrellas anti-calibrado electr\u00f3nico scalewatcher\" aria-hidden=\"true\" srcset=\"https:\/\/azura.ro\/wp-content\/uploads\/2015\/07\/dispozitiv-electronic-anticalcar-scalewatcher-3-star-1-247x247.jpg 247w, https:\/\/azura.ro\/wp-content\/uploads\/2015\/07\/dispozitiv-electronic-anticalcar-scalewatcher-3-star-1-100x100.jpg 100w, https:\/\/azura.ro\/wp-content\/uploads\/2015\/07\/dispozitiv-electronic-anticalcar-scalewatcher-3-star-1-510x510.jpg 510w, https:\/\/azura.ro\/wp-content\/uploads\/2015\/07\/dispozitiv-electronic-anticalcar-scalewatcher-3-star-1-300x300.jpg 300w, https:\/\/azura.ro\/wp-content\/uploads\/2015\/07\/dispozitiv-electronic-anticalcar-scalewatcher-3-star-1-150x150.jpg 150w, https:\/\/azura.ro\/wp-content\/uploads\/2015\/07\/dispozitiv-electronic-anticalcar-scalewatcher-3-star-1.jpg 1000w\" sizes=\"(max-width: 247px) 100vw, 247px\" \/>\t\t\t\t<\/a>\n\t\t\t<\/div>\n\t\t\t<div class=\"image-tools is-small top right show-on-hover\">\n\t\t\t\t\t\t<div class=\"wishlist-icon\">\n\t\t\t<button class=\"wishlist-button button is-outline circle icon\" aria-label=\"Lista de deseos\">\n\t\t\t\t<i class=\"icon-heart\" aria-hidden=\"true\"><\/i>\t\t\t<\/button>\n\t\t\t<div class=\"wishlist-popup dark\">\n\t\t\t\t\n<div class=\"yith-wcwl-add-to-wishlist add-to-wishlist-831  wishlist-fragment on-first-load\" data-fragment-ref=\"831\" data-fragment-options=\"{&quot;base_url&quot;:&quot;https:\\\/\\\/azura.ro\\\/es\\\/wp-json\\\/wp\\\/v2\\\/pages\\\/5293?rest_route=\\\/wp\\\/v2\\\/pages\\\/5293&quot;,&quot;wishlist_url&quot;:&quot;https:\\\/\\\/azura.ro\\\/es\\\/lista-produse-favorite\\\/&quot;,&quot;in_default_wishlist&quot;:false,&quot;is_single&quot;:false,&quot;show_exists&quot;:true,&quot;product_id&quot;:831,&quot;parent_product_id&quot;:831,&quot;product_type&quot;:&quot;simple&quot;,&quot;show_view&quot;:false,&quot;browse_wishlist_text&quot;:&quot;Vizualizeaza lista de produse favorite&quot;,&quot;already_in_wishslist_text&quot;:&quot;Produsul se afla deja in lista de produse favorite&quot;,&quot;product_added_text&quot;:&quot;Produsul a fost adaugat la lista de produse favorite!&quot;,&quot;heading_icon&quot;:&quot;&quot;,&quot;available_multi_wishlist&quot;:false,&quot;disable_wishlist&quot;:true,&quot;show_count&quot;:false,&quot;ajax_loading&quot;:false,&quot;loop_position&quot;:&quot;after_add_to_cart&quot;,&quot;product_image&quot;:&quot;&quot;,&quot;label_popup&quot;:&quot;Add to wishlist&quot;,&quot;add_to_wishlist_modal&quot;:&quot;yes&quot;,&quot;item&quot;:&quot;add_to_wishlist&quot;}\">\n\t\t\t\n\t\t\t<a href=\"https:\/\/azura.ro\/es\/contul-meu\/?wishlist_notice=true&#038;add_to_wishlist=831\" rel=\"nofollow\" class=\"disabled_item  single_\" >\n\t\t\t\t\t\t\t\tA\u00f1adir a favoritos\t\t\t<\/a>\n\n\t\t\t<\/div>\t\t\t<\/div>\n\t\t<\/div>\n\t\t\t\t\t<\/div>\n\t\t\t<div class=\"image-tools is-small hide-for-small bottom left show-on-hover\">\n\t\t\t\t\t\t\t<\/div>\n\t\t\t<div class=\"image-tools grid-tools text-center hide-for-small bottom hover-slide-in show-on-hover\">\n\t\t\t\t<a href=\"#quick-view\" class=\"quick-view\" role=\"button\" data-prod=\"831\" aria-haspopup=\"dialog\" aria-expanded=\"false\" data-flatsome-role-button>Vista r\u00e1pida<\/a>\t\t\t<\/div>\n\t\t\t\t\t<\/div>\n\n\t\t<div class=\"box-text box-text-products text-center grid-style-2\">\n\t\t\t<div class=\"title-wrapper\"><h2 class=\"h2-cat-product-title\"><a href=\"https:\/\/azura.ro\/es\/produs\/aparat-electronic-anticalcar-scalewatcher-3-star\/\">SCALEWATCHER 3 ESTRELLAS ANTI-CALIBRADO ELECTR\u00d3NICO SCALEWATCHER<\/a><\/h2><\/div><div class=\"price-wrapper\"><div class=\"star-rating star-rating--inline\" role=\"img\" aria-label=\"Rated 5 de 5\" data-no-translation-aria-label=\"\"><span style=\"width:100%\" data-no-translation=\"\" data-trp-gettext=\"\">Rated <strong class=\"rating\">5<\/strong> de 5<\/span><\/div>\n\t<span class=\"price\"><span class=\"woocommerce-Price-amount amount\"><bdi>1,550.00&nbsp;<span class=\"woocommerce-Price-currencySymbol\">lei<\/span><\/bdi><\/span> <small class=\"woocommerce-price-suffix\">IVA incluido<\/small><\/span>\n<\/div><div class=\"add-to-cart-button\"><a href=\"\/es\/wp-json\/wp\/v2\/pages\/5293?add-to-cart=831\" aria-describedby=\"woocommerce_loop_add_to_cart_link_describedby_831\" data-quantity=\"1\" class=\"primary is-small mb-0 button product_type_simple add_to_cart_button ajax_add_to_cart is-flat\" data-product_id=\"831\" data-product_sku=\"3STAR\" aria-label=\"A\u00f1adir a la cesta: &quot;DISPOZITIV ELECTRONIC ANTICALCAR SCALEWATCHER 3 STAR&quot;\" rel=\"nofollow\" data-success_message=\"&quot;DISPOZITIV ELECTRONIC ANTICALCAR SCALEWATCHER 3 STAR&quot; se ha a\u00f1adido a tu carrito\" role=\"button\" data-no-translation=\"\" data-trp-gettext=\"\" data-no-translation-aria-label=\"\" data-no-translation-data-success_message=\"\">A\u00f1adir a la cesta<\/a><\/div>\t<span id=\"woocommerce_loop_add_to_cart_link_describedby_831\" class=\"screen-reader-text\">\n\t\t\t<\/span>\n\t\t<\/div>\n\t<\/div>\n\t\t<\/div>\n<\/div><div class=\"product-small col has-hover product type-product post-825 status-publish instock product_cat-dispozitive-electronice-anticalcar product_tag-anticalcar product_tag-dedurizare-fara-sare product_tag-dedurizator-fara-sare has-post-thumbnail featured taxable shipping-taxable purchasable product-type-simple\">\n\t<div class=\"col-inner\">\n\t\n<div class=\"badge-container absolute left top z-1\">\n\n<\/div>\n\t<div class=\"product-small box\">\n\t\t<div class=\"box-image\">\n\t\t\t<div class=\"image-fade_in_back\">\n\t\t\t\t<a href=\"https:\/\/azura.ro\/es\/produs\/aparat-electronic-anticalcar-scalewatcher-sw-nano\/\">\n\t\t\t\t\t<img decoding=\"async\" width=\"247\" height=\"247\" src=\"https:\/\/azura.ro\/wp-content\/uploads\/2015\/07\/dispozitiv-electronic-anticalcar-scalewatcher-sw-nano-1-247x247.jpg\" class=\"attachment-woocommerce_thumbnail size-woocommerce_thumbnail\" alt=\"scalewatcher electr\u00f3nico scalewatcher sw nano\" srcset=\"https:\/\/azura.ro\/wp-content\/uploads\/2015\/07\/dispozitiv-electronic-anticalcar-scalewatcher-sw-nano-1-247x247.jpg 247w, https:\/\/azura.ro\/wp-content\/uploads\/2015\/07\/dispozitiv-electronic-anticalcar-scalewatcher-sw-nano-1-100x100.jpg 100w, https:\/\/azura.ro\/wp-content\/uploads\/2015\/07\/dispozitiv-electronic-anticalcar-scalewatcher-sw-nano-1-510x510.jpg 510w, https:\/\/azura.ro\/wp-content\/uploads\/2015\/07\/dispozitiv-electronic-anticalcar-scalewatcher-sw-nano-1-300x300.jpg 300w, https:\/\/azura.ro\/wp-content\/uploads\/2015\/07\/dispozitiv-electronic-anticalcar-scalewatcher-sw-nano-1-150x150.jpg 150w, https:\/\/azura.ro\/wp-content\/uploads\/2015\/07\/dispozitiv-electronic-anticalcar-scalewatcher-sw-nano-1.jpg 1000w\" sizes=\"(max-width: 247px) 100vw, 247px\" \/><img decoding=\"async\" width=\"247\" height=\"247\" src=\"https:\/\/azura.ro\/wp-content\/uploads\/2015\/07\/dispozitiv-electronic-anticalcar-scalewatcher-sw-nano-2-247x247.jpg\" class=\"show-on-hover absolute fill hide-for-small back-image\" alt=\"scalewatcher electr\u00f3nico scalewatcher sw nano\" aria-hidden=\"true\" srcset=\"https:\/\/azura.ro\/wp-content\/uploads\/2015\/07\/dispozitiv-electronic-anticalcar-scalewatcher-sw-nano-2-247x247.jpg 247w, https:\/\/azura.ro\/wp-content\/uploads\/2015\/07\/dispozitiv-electronic-anticalcar-scalewatcher-sw-nano-2-100x100.jpg 100w, https:\/\/azura.ro\/wp-content\/uploads\/2015\/07\/dispozitiv-electronic-anticalcar-scalewatcher-sw-nano-2-510x510.jpg 510w, https:\/\/azura.ro\/wp-content\/uploads\/2015\/07\/dispozitiv-electronic-anticalcar-scalewatcher-sw-nano-2-300x300.jpg 300w, https:\/\/azura.ro\/wp-content\/uploads\/2015\/07\/dispozitiv-electronic-anticalcar-scalewatcher-sw-nano-2-150x150.jpg 150w, https:\/\/azura.ro\/wp-content\/uploads\/2015\/07\/dispozitiv-electronic-anticalcar-scalewatcher-sw-nano-2.jpg 1000w\" sizes=\"(max-width: 247px) 100vw, 247px\" \/>\t\t\t\t<\/a>\n\t\t\t<\/div>\n\t\t\t<div class=\"image-tools is-small top right show-on-hover\">\n\t\t\t\t\t\t<div class=\"wishlist-icon\">\n\t\t\t<button class=\"wishlist-button button is-outline circle icon\" aria-label=\"Lista de deseos\">\n\t\t\t\t<i class=\"icon-heart\" aria-hidden=\"true\"><\/i>\t\t\t<\/button>\n\t\t\t<div class=\"wishlist-popup dark\">\n\t\t\t\t\n<div class=\"yith-wcwl-add-to-wishlist add-to-wishlist-825  wishlist-fragment on-first-load\" data-fragment-ref=\"825\" data-fragment-options=\"{&quot;base_url&quot;:&quot;https:\\\/\\\/azura.ro\\\/es\\\/wp-json\\\/wp\\\/v2\\\/pages\\\/5293?rest_route=\\\/wp\\\/v2\\\/pages\\\/5293&quot;,&quot;wishlist_url&quot;:&quot;https:\\\/\\\/azura.ro\\\/es\\\/lista-produse-favorite\\\/&quot;,&quot;in_default_wishlist&quot;:false,&quot;is_single&quot;:false,&quot;show_exists&quot;:true,&quot;product_id&quot;:825,&quot;parent_product_id&quot;:825,&quot;product_type&quot;:&quot;simple&quot;,&quot;show_view&quot;:false,&quot;browse_wishlist_text&quot;:&quot;Vizualizeaza lista de produse favorite&quot;,&quot;already_in_wishslist_text&quot;:&quot;Produsul se afla deja in lista de produse favorite&quot;,&quot;product_added_text&quot;:&quot;Produsul a fost adaugat la lista de produse favorite!&quot;,&quot;heading_icon&quot;:&quot;&quot;,&quot;available_multi_wishlist&quot;:false,&quot;disable_wishlist&quot;:true,&quot;show_count&quot;:false,&quot;ajax_loading&quot;:false,&quot;loop_position&quot;:&quot;after_add_to_cart&quot;,&quot;product_image&quot;:&quot;&quot;,&quot;label_popup&quot;:&quot;Add to wishlist&quot;,&quot;add_to_wishlist_modal&quot;:&quot;yes&quot;,&quot;item&quot;:&quot;add_to_wishlist&quot;}\">\n\t\t\t\n\t\t\t<a href=\"https:\/\/azura.ro\/es\/contul-meu\/?wishlist_notice=true&#038;add_to_wishlist=825\" rel=\"nofollow\" class=\"disabled_item  single_\" >\n\t\t\t\t\t\t\t\tA\u00f1adir a favoritos\t\t\t<\/a>\n\n\t\t\t<\/div>\t\t\t<\/div>\n\t\t<\/div>\n\t\t\t\t\t<\/div>\n\t\t\t<div class=\"image-tools is-small hide-for-small bottom left show-on-hover\">\n\t\t\t\t\t\t\t<\/div>\n\t\t\t<div class=\"image-tools grid-tools text-center hide-for-small bottom hover-slide-in show-on-hover\">\n\t\t\t\t<a href=\"#quick-view\" class=\"quick-view\" role=\"button\" data-prod=\"825\" aria-haspopup=\"dialog\" aria-expanded=\"false\" data-flatsome-role-button>Vista r\u00e1pida<\/a>\t\t\t<\/div>\n\t\t\t\t\t<\/div>\n\n\t\t<div class=\"box-text box-text-products text-center grid-style-2\">\n\t\t\t<div class=\"title-wrapper\"><h2 class=\"h2-cat-product-title\"><a href=\"https:\/\/azura.ro\/es\/produs\/aparat-electronic-anticalcar-scalewatcher-sw-nano\/\">SCALEWATCHER ELECTR\u00d3NICO SCALEWATCHER SW NANO<\/a><\/h2><\/div><div class=\"price-wrapper\"><div class=\"star-rating star-rating--inline\" role=\"img\" aria-label=\"Rated 5 de 5\" data-no-translation-aria-label=\"\"><span style=\"width:100%\" data-no-translation=\"\" data-trp-gettext=\"\">Rated <strong class=\"rating\">5<\/strong> de 5<\/span><\/div>\n\t<span class=\"price\"><span class=\"woocommerce-Price-amount amount\"><bdi>1,050.00&nbsp;<span class=\"woocommerce-Price-currencySymbol\">lei<\/span><\/bdi><\/span> <small class=\"woocommerce-price-suffix\">IVA incluido<\/small><\/span>\n<\/div><div class=\"add-to-cart-button\"><a href=\"\/es\/wp-json\/wp\/v2\/pages\/5293?add-to-cart=825\" aria-describedby=\"woocommerce_loop_add_to_cart_link_describedby_825\" data-quantity=\"1\" class=\"primary is-small mb-0 button product_type_simple add_to_cart_button ajax_add_to_cart is-flat\" data-product_id=\"825\" data-product_sku=\"SWNANO\" aria-label=\"A\u00f1adir a la cesta: &quot;DISPOZITIV ELECTRONIC ANTICALCAR SCALEWATCHER SW NANO&quot;\" rel=\"nofollow\" data-success_message=\"&quot;DISPOZITIV ELECTRONIC ANTICALCAR SCALEWATCHER SW NANO&quot; se ha a\u00f1adido a tu carrito\" role=\"button\" data-no-translation=\"\" data-trp-gettext=\"\" data-no-translation-aria-label=\"\" data-no-translation-data-success_message=\"\">A\u00f1adir a la cesta<\/a><\/div>\t<span id=\"woocommerce_loop_add_to_cart_link_describedby_825\" class=\"screen-reader-text\">\n\t\t\t<\/span>\n\t\t<\/div>\n\t<\/div>\n\t\t<\/div>\n<\/div><\/div><!-- row -->\n<\/div><\/span><\/p>","protected":false},"excerpt":{"rendered":"<p>Scalewatcher, el revolucionario sistema antical patentado.<\/p>","protected":false},"author":3,"featured_media":5295,"parent":5141,"menu_order":0,"comment_status":"closed","ping_status":"closed","template":"","meta":{"_seopress_robots_primary_cat":"","_seopress_titles_title":"","_seopress_titles_desc":"","_seopress_robots_index":"","footnotes":""},"class_list":["post-5293","page","type-page","status-publish","has-post-thumbnail","hentry"],"_links":{"self":[{"href":"https:\/\/azura.ro\/es\/wp-json\/wp\/v2\/pages\/5293","targetHints":{"allow":["GET"]}}],"collection":[{"href":"https:\/\/azura.ro\/es\/wp-json\/wp\/v2\/pages"}],"about":[{"href":"https:\/\/azura.ro\/es\/wp-json\/wp\/v2\/types\/page"}],"author":[{"embeddable":true,"href":"https:\/\/azura.ro\/es\/wp-json\/wp\/v2\/users\/3"}],"replies":[{"embeddable":true,"href":"https:\/\/azura.ro\/es\/wp-json\/wp\/v2\/comments?post=5293"}],"version-history":[{"count":7,"href":"https:\/\/azura.ro\/es\/wp-json\/wp\/v2\/pages\/5293\/revisions"}],"predecessor-version":[{"id":33353,"href":"https:\/\/azura.ro\/es\/wp-json\/wp\/v2\/pages\/5293\/revisions\/33353"}],"up":[{"embeddable":true,"href":"https:\/\/azura.ro\/es\/wp-json\/wp\/v2\/pages\/5141"}],"wp:featuredmedia":[{"embeddable":true,"href":"https:\/\/azura.ro\/es\/wp-json\/wp\/v2\/media\/5295"}],"wp:attachment":[{"href":"https:\/\/azura.ro\/es\/wp-json\/wp\/v2\/media?parent=5293"}],"curies":[{"name":"wp","href":"https:\/\/api.w.org\/{rel}","templated":true}]}}