{"id":71,"date":"2013-09-17T14:40:27","date_gmt":"2013-09-17T14:40:27","guid":{"rendered":"http:\/\/dev02.websynapse.ro\/multumire-deplina\/"},"modified":"2018-12-15T17:25:53","modified_gmt":"2018-12-15T15:25:53","slug":"agradecimiento-pleno","status":"publish","type":"page","link":"https:\/\/azura.ro\/es\/multumire-deplina\/","title":{"rendered":"Gracias"},"content":{"rendered":"<p><span style=\"font-size: 100%; font-family: tahoma, arial, helvetica, sans-serif;\"><strong><a href=\"https:\/\/azura.ro\/es\/?attachment_id=7307#main\" rel=\"attachment wp-att-7307\"><img decoding=\"async\" class=\"alignleft size-full wp-image-7307\" src=\"https:\/\/azura.ro\/wp-content\/uploads\/2016\/06\/Garantie-retur.png\" alt=\"\" width=\"156\" height=\"191\" \/><\/a>Garant\u00eda total de devoluci\u00f3n del dinero<\/strong> es ofrecida por la tienda azura.ro para una amplia gama de filtros y equipos, Esta garant\u00eda est\u00e1 ah\u00ed para que usted pueda probar y comprobar que lo que promete la descripci\u00f3n del producto se ajusta a la realidad.\u00a0<\/span><\/p>\n<p><span style=\"font-size: 100%; font-family: tahoma, arial, helvetica, sans-serif;\">La descripci\u00f3n del producto est\u00e1 de acuerdo con lo que declara el fabricante pero tambi\u00e9n con nuestra experiencia en cuanto a la calidad del agua rumana y el uso del equipo. La historia del equipo AZURA FILTROS est\u00e1 anclada en el tratamiento y filtraci\u00f3n de agua para m\u00faltiples aplicaciones: agua potable, descontaminaci\u00f3n bacteriol\u00f3gica, desionizaci\u00f3n, desmineralizaci\u00f3n, desionizaci\u00f3n, ablandamiento, desmanganizaci\u00f3n, ionizaci\u00f3n, filtraci\u00f3n, etc. Nos dedicamos tanto a aplicaciones dom\u00e9sticas como industriales. As\u00ed que podemos opinar en este campo.<\/span><\/p>\n<p><span style=\"font-size: 100%; font-family: tahoma, arial, helvetica, sans-serif;\">La tasa de devoluciones de este tipo de garant\u00eda de \"plena satisfacci\u00f3n\" es hasta ahora nula. Esto se debe al asesoramiento que hacemos por tel\u00e9fono, por correo electr\u00f3nico y, en algunos casos, aunque hemos recibido pedidos en firme, hemos detenido la entrega y explicado al cliente por qu\u00e9 el equipo no es adecuado para \u00e9l.  En otros casos, hemos explicado el funcionamiento correcto de un filtro o un equipo, para no sobrevalorar las expectativas del cliente y que no tenga expectativas que no se corresponden con la realidad. Aunque en algunos casos el cliente ha entendido y anulado el pedido tras nuestras explicaciones, esto ha dado lugar a que no se produzcan devoluciones por la GARANT\u00cdA DE DEVOLUCI\u00d3N TOTAL DEL DINERO.<\/span><\/p>\n<p><span style=\"font-size: 100%; font-family: tahoma, arial, helvetica, sans-serif;\">Esta garant\u00eda tiene diferentes periodos de devoluci\u00f3n, dependiendo de la particularidad del producto. La elecci\u00f3n del plazo de devoluci\u00f3n tiene que ver con nuestra experiencia y el per\u00edodo de prueba que consideramos necesario, para que el cliente tenga tiempo de evaluar el producto y llegar al convencimiento de que se trata de un producto de calidad superior y el producto satisface la necesidad para la que fue adquirido.<\/span><\/p>\n<p><span style=\"font-size: 100%; font-family: tahoma, arial, helvetica, sans-serif;\">Si, tras el periodo m\u00ednimo de prueba y uso del producto adquirido, no queda satisfecho, y no podemos resolver el problema que le causa insatisfacci\u00f3n, le devolveremos su dinero en una cuenta bancaria. Por lo tanto, es necesario tener una cuenta bancaria v\u00e1lida en lei. S\u00f3lo tenemos una petici\u00f3n, que nos env\u00ede un breve correo electr\u00f3nico a: contact@azura.ro, en el que solicite la devoluci\u00f3n y mencione el problema que no hemos podido resolver. Esto es importante para poder justificar la devoluci\u00f3n del producto ante las autoridades de control.<\/span><\/p>\n<p><span style=\"font-size: 100%; font-family: tahoma, arial, helvetica, sans-serif;\">Le sugerimos que consulte a nuestro equipo antes de comprar un producto del que no est\u00e9 seguro. As\u00ed ahorraremos tiempo y todas las partes quedar\u00e1n satisfechas. Responderemos pacientemente a cualquier pregunta que pueda tener.<\/span><\/p>\n<p><span style=\"font-size: 100%; font-family: tahoma, arial, helvetica, sans-serif;\">Con todo respeto,<\/span><\/p>\n<p><span style=\"font-size: 100%; font-family: tahoma, arial, helvetica, sans-serif;\">El equipo de azura.ro<\/span><\/p>\n<p><span style=\"font-size: 100%; font-family: tahoma, arial, helvetica, sans-serif;\">PS:\u00a0<a href=\"http:\/\/azura.ro\/es\/\">volver a la tienda<\/a><\/span><\/p>","protected":false},"excerpt":{"rendered":"<p>Garantia Multumire Deplina este oferita de magazinul azura.ro pentru o gama variata de filtre si echipamente, Aceasta garantie exista pentru dumneavoastra, pentru a testa si a vedea ca ceea ce promite produsul prin descriere, este in conformitate cu realitatea.\u00a0 Descrierea produselor este in conformitate cu ceea ce producatorul declara dar si cu experienta noastra cu [&#8230;]\n","protected":false},"author":3,"featured_media":7307,"parent":0,"menu_order":12,"comment_status":"closed","ping_status":"closed","template":"","meta":{"_seopress_robots_primary_cat":"","_seopress_titles_title":"Multumire deplina","_seopress_titles_desc":"Garantie de multumire deplina","_seopress_robots_index":"","footnotes":""},"class_list":["post-71","page","type-page","status-publish","has-post-thumbnail","hentry"],"_links":{"self":[{"href":"https:\/\/azura.ro\/es\/wp-json\/wp\/v2\/pages\/71","targetHints":{"allow":["GET"]}}],"collection":[{"href":"https:\/\/azura.ro\/es\/wp-json\/wp\/v2\/pages"}],"about":[{"href":"https:\/\/azura.ro\/es\/wp-json\/wp\/v2\/types\/page"}],"author":[{"embeddable":true,"href":"https:\/\/azura.ro\/es\/wp-json\/wp\/v2\/users\/3"}],"replies":[{"embeddable":true,"href":"https:\/\/azura.ro\/es\/wp-json\/wp\/v2\/comments?post=71"}],"version-history":[{"count":0,"href":"https:\/\/azura.ro\/es\/wp-json\/wp\/v2\/pages\/71\/revisions"}],"wp:featuredmedia":[{"embeddable":true,"href":"https:\/\/azura.ro\/es\/wp-json\/wp\/v2\/media\/7307"}],"wp:attachment":[{"href":"https:\/\/azura.ro\/es\/wp-json\/wp\/v2\/media?parent=71"}],"curies":[{"name":"wp","href":"https:\/\/api.w.org\/{rel}","templated":true}]}}