{"id":7320,"date":"2017-07-20T15:12:47","date_gmt":"2017-07-20T13:12:47","guid":{"rendered":"https:\/\/azura.ro\/?page_id=7320"},"modified":"2021-03-04T16:03:24","modified_gmt":"2021-03-04T14:03:24","slug":"100-30-dias-de-garantia-de-devolucion","status":"publish","type":"page","link":"https:\/\/azura.ro\/es\/100-garantie-retur-30-zile\/","title":{"rendered":"100% Garantie retur 30 zile"},"content":{"rendered":"<p><strong><img decoding=\"async\" class=\"alignleft size-full wp-image-7307\" src=\"https:\/\/azura.ro\/wp-content\/uploads\/2016\/06\/Garantie-retur.png\" alt=\"\" width=\"156\" height=\"191\" \/>100% Garant\u00eda de devoluci\u00f3n de nuestros equipos, 30 d\u00edas<\/strong><\/p>\n<p>Nota: para los limpiadores antical Scalewatcher, la garant\u00eda de devoluci\u00f3n es de 7 meses,<\/p>\n<p>1. <strong>100% Garant\u00eda de devoluci\u00f3n<\/strong> es ofrecida por la tienda azura.ro para una amplia gama de filtros y equipos, Esta garant\u00eda est\u00e1 ah\u00ed para usted, para convencerle de que lo que promete la descripci\u00f3n del producto se ajusta a la realidad.<\/p>\n<p>La descripci\u00f3n de los productos se ajusta a lo que declara el fabricante, pero tambi\u00e9n a nuestra experiencia con la calidad del agua rumana y la utilizaci\u00f3n de los equipos. La historia del equipo de azura.ro est\u00e1 anclada en el tratamiento y filtraci\u00f3n de agua para m\u00faltiples aplicaciones: agua potable, descontaminaci\u00f3n bacteriol\u00f3gica, desionizaci\u00f3n, desmineralizaci\u00f3n, desionizaci\u00f3n, desmineralizaci\u00f3n, ablandamiento, descalcificaci\u00f3n, desmanganizaci\u00f3n, ionizaci\u00f3n, filtraci\u00f3n, etc. Nos dedicamos tanto a aplicaciones dom\u00e9sticas como industriales. As\u00ed que podemos opinar en este campo.<\/p>\n<p>2. <strong>\u00bfC\u00f3mo funciona la garant\u00eda de devoluci\u00f3n 100%?<\/strong><\/p>\n<p><strong>El plazo de devoluci\u00f3n de nuestros productos es de 30 d\u00edas a partir de la fecha de compra.<\/strong>. As\u00ed pues, dispone de 30 d\u00edas para utilizar el aparato y convencerse de que la descripci\u00f3n que figura en nuestro sitio web es correcta y de que no existen defectos de fabricaci\u00f3n.<\/p>\n<p>Nota: para los limpiadores antical Scalewatcher, la garant\u00eda de devoluci\u00f3n es de 7 meses.<\/p>\n<p>3. Para beneficiarse de la Garant\u00eda de Devoluci\u00f3n 100% debe cumplir los siguientes puntos:<\/p>\n<ul>\n<li>El aparato\/equipo debe estar sin abrir, sin da\u00f1os y debe devolverse con todos los accesorios con los que se entreg\u00f3, en su embalaje original;<\/li>\n<li>El aparato\/equipo debe tener el precinto intacto (si lleva precinto), esto significa que no debe estar desmontado, cualquier intervenci\u00f3n no autorizada en el aparato conlleva la p\u00e9rdida de la garant\u00eda de devoluci\u00f3n;<\/li>\n<li>Antes de proceder a la devoluci\u00f3n, p\u00f3ngase en contacto con nosotros por correo electr\u00f3nico: contact@azura.ro e ind\u00edquenos el motivo de su descontento. Intentaremos solucionar cualquier problema y, si no es posible, le cambiaremos el aparato\/equipo o le devolveremos el dinero que pag\u00f3 por el producto;<\/li>\n<li>Si no hay ning\u00fan problema t\u00e9cnico o funcional, pero a\u00fan as\u00ed desea devolver el producto \/ equipo sin una buena raz\u00f3n, esto es posible, pero con la menci\u00f3n de que vamos a detener el valor de los cartuchos \/ cartuchos de filtro y otros accesorios si est\u00e1n da\u00f1ados o devueltos en una condici\u00f3n diferente a cuando fueron entregados.<\/li>\n<\/ul>\n<p>4. C\u00f3mo devolver el producto\/equipo:<\/p>\n<p>Si se respeta el punto 3, p\u00f3ngase en contacto con nosotros por correo electr\u00f3nico y solicite la devoluci\u00f3n del producto con su nombre, apellidos (empresa si procede), n\u00famero de tel\u00e9fono, cuenta bancaria y banco. Tiene la obligaci\u00f3n de devolver el aparato\/equipo en su embalaje original con todos los accesorios incluidos. El producto se embalar\u00e1 adecuadamente para evitar da\u00f1os durante el transporte. S\u00f3lo se aceptan devoluciones por mensajer\u00eda urgente y\/o entrega personal en nuestro punto de trabajo dentro del horario de apertura indicado en la p\u00e1gina web. Aceptamos cualquier compa\u00f1\u00eda de mensajer\u00eda urgente pero si lo desea, puede beneficiarse de una tarifa especial para el transporte, por la mensajer\u00eda acordada por nuestra empresa.<\/p>\n<p>Direcci\u00f3n para la devoluci\u00f3n del producto\/equipo: la direcci\u00f3n mencionada en el punto de trabajo bajo el ep\u00edgrafe <a href=\"https:\/\/azura.ro\/es\/pongase-en-contacto-con\/\" target=\"_blank\" rel=\"noopener noreferrer\">P\u00f3ngase en contacto con<\/a>.<br \/>\nPersona de contacto: Emanuel Toader\/Tel: 0726.206.505\/Email: contact@azura.ro<\/p>\n<p>Al recibir el producto\/equipo en nuestro punto de trabajo, se comprobar\u00e1 su integridad. Si hay problemas de integridad, se tomar\u00e1n fotos como prueba y se calcular\u00e1 el importe de los da\u00f1os, que se deducir\u00e1 del importe total a devolver.<\/p>\n<p>Si el producto se ha entregado correctamente y sin da\u00f1os debidos a manipulaciones o intervenciones no autorizadas, recibir\u00e1 el importe de la devoluci\u00f3n en una cuenta bancaria v\u00e1lida en lei. El dinero se devolver\u00e1 en un plazo m\u00e1ximo de tres (3) d\u00edas laborables tras la recepci\u00f3n y verificaci\u00f3n del producto, necesariamente en una cuenta bancaria. Le sugerimos que se asegure de comunicarnos una cuenta bancaria correcta, ya que no es nuestra responsabilidad si nos ha comunicado una cuenta bancaria err\u00f3nea, y la cantidad de dinero no ha llegado a su cuenta.<\/p>\n<p>100% Garant\u00eda de Devoluci\u00f3n, es un servicio que ofrece nuestra tienda online para asegurar que usted obtiene un producto de alta calidad y que quedar\u00e1 plenamente satisfecho con su calidad.<\/p>\n<p>Con todo respeto,<br \/>\nequipo <a href=\"https:\/\/azura.ro\/es\/pongase-en-contacto-con\/\" target=\"_blank\" rel=\"noopener noreferrer\">AZURA.RO<\/a><\/p>","protected":false},"excerpt":{"rendered":"<p>100% Garantie de Retur pentru echipamentul nostru, 30 zile Nota: in cazul aparatelor anticalcar Scalewatcher, garantia de retur este de 7 luni, 1. 100% Garantie de Retur este oferita de magazinul azura.ro pentru o gama variata de filtre si echipamente, Aceasta garantie exista pentru dumneavoastra, pentru a va convinge ca ceea ce promite produsul prin [&#8230;]\n","protected":false},"author":3,"featured_media":0,"parent":0,"menu_order":0,"comment_status":"closed","ping_status":"closed","template":"","meta":{"_seopress_robots_primary_cat":"","_seopress_titles_title":"","_seopress_titles_desc":"","_seopress_robots_index":"","footnotes":""},"class_list":["post-7320","page","type-page","status-publish","hentry"],"_links":{"self":[{"href":"https:\/\/azura.ro\/es\/wp-json\/wp\/v2\/pages\/7320","targetHints":{"allow":["GET"]}}],"collection":[{"href":"https:\/\/azura.ro\/es\/wp-json\/wp\/v2\/pages"}],"about":[{"href":"https:\/\/azura.ro\/es\/wp-json\/wp\/v2\/types\/page"}],"author":[{"embeddable":true,"href":"https:\/\/azura.ro\/es\/wp-json\/wp\/v2\/users\/3"}],"replies":[{"embeddable":true,"href":"https:\/\/azura.ro\/es\/wp-json\/wp\/v2\/comments?post=7320"}],"version-history":[{"count":2,"href":"https:\/\/azura.ro\/es\/wp-json\/wp\/v2\/pages\/7320\/revisions"}],"predecessor-version":[{"id":32657,"href":"https:\/\/azura.ro\/es\/wp-json\/wp\/v2\/pages\/7320\/revisions\/32657"}],"wp:attachment":[{"href":"https:\/\/azura.ro\/es\/wp-json\/wp\/v2\/media?parent=7320"}],"curies":[{"name":"wp","href":"https:\/\/api.w.org\/{rel}","templated":true}]}}