{"id":7322,"date":"2017-07-20T15:25:40","date_gmt":"2017-07-20T13:25:40","guid":{"rendered":"https:\/\/azura.ro\/?page_id=7322"},"modified":"2017-07-20T16:20:04","modified_gmt":"2017-07-20T14:20:04","slug":"service","status":"publish","type":"page","link":"https:\/\/azura.ro\/es\/service\/","title":{"rendered":"Service"},"content":{"rendered":"<p><img decoding=\"async\" class=\"alignleft size-full wp-image-7308\" src=\"https:\/\/azura.ro\/wp-content\/uploads\/2016\/06\/Service.png\" alt=\"\" width=\"189\" height=\"189\" srcset=\"https:\/\/azura.ro\/wp-content\/uploads\/2016\/06\/Service.png 189w, https:\/\/azura.ro\/wp-content\/uploads\/2016\/06\/Service-100x100.png 100w, https:\/\/azura.ro\/wp-content\/uploads\/2016\/06\/Service-150x150.png 150w\" sizes=\"(max-width: 189px) 100vw, 189px\" \/><strong>Service<\/strong> pentru aparatele\/echipamentele achizitionate prin magazinul nostru online <strong>azura.ro<\/strong><\/p>\n<p>Orice problema de nefunctionare se va depana in service-ul nostru din Romania, trebuie doar sa ne contactati prin email: <strong>contact@azura.ro.<\/strong><\/p>\n<p>El tiempo medio de resoluci\u00f3n de problemas es de 7 d\u00edas. En los casos 90% - 97%, el tiempo de reparaci\u00f3n ser\u00e1 de 7 d\u00edas laborables. Si se requieren piezas especiales que normalmente no est\u00e1n en nuestro stock, le informaremos del plazo de reparaci\u00f3n, en funci\u00f3n del plazo de entrega del componente o componentes.<\/p>\n<p><strong>Pentru service in garantie dar si in post garantie:<\/strong><br \/>\nAparatul\/echipamentul trebuie livrat sau adus la punctul nostru de lucru, adresa postala fiind mentionata la rubrica Contact. In cazul echipamentelor mai mari, precum statii de filtrare, de dedurizare, echipa noastra de service se poate deplasa la dvs, cu o programare in prealabil.<\/p>\n<p><strong>Procedura de aducere in service:<\/strong><br \/>\nAparatul\/echipamentul se poate livra prin curierat rapid catre punctul nostru de lucru sau poate fi adus personal, in orarul mentionat la rubrica <a href=\"https:\/\/azura.ro\/es\/pongase-en-contacto-con\/\" target=\"_blank\" rel=\"noopener noreferrer\">Contact.<\/a><\/p>\n<p>Va sugeram ca inainte de orice actiune sa ne contacti prin email: contact@azura.ro si sa ne comunicati modelul aparatului\/echipamentului, numele dvs, si problema de nefunctionare.<\/p>\n<p><strong>Primim spre servisare, doar aparatele\/echipamentele achizitionate de la noi.<\/strong><\/p>\n<p>Con todo respeto,<br \/>\nequipo<a href=\"https:\/\/azura.ro\/es\/\" target=\"_blank\" rel=\"noopener noreferrer\"> AZURA.RO<\/a><\/p>\n<p style=\"text-align: justify;\">","protected":false},"excerpt":{"rendered":"<p>Service pentru aparatele\/echipamentele achizitionate prin magazinul nostru online azura.ro Orice problema de nefunctionare se va depana in service-ul nostru din Romania, trebuie doar sa ne contactati prin email: contact@azura.ro. Termenul mediu de depanare este de 7 zile. In 90% \u2013 97% din cazuri, termenul de reparatie va fi de 7 zile lucratoare. In cazul in [&#8230;]\n","protected":false},"author":3,"featured_media":0,"parent":0,"menu_order":0,"comment_status":"closed","ping_status":"closed","template":"","meta":{"_seopress_robots_primary_cat":"","_seopress_titles_title":"","_seopress_titles_desc":"","_seopress_robots_index":"","footnotes":""},"class_list":["post-7322","page","type-page","status-publish","hentry"],"_links":{"self":[{"href":"https:\/\/azura.ro\/es\/wp-json\/wp\/v2\/pages\/7322","targetHints":{"allow":["GET"]}}],"collection":[{"href":"https:\/\/azura.ro\/es\/wp-json\/wp\/v2\/pages"}],"about":[{"href":"https:\/\/azura.ro\/es\/wp-json\/wp\/v2\/types\/page"}],"author":[{"embeddable":true,"href":"https:\/\/azura.ro\/es\/wp-json\/wp\/v2\/users\/3"}],"replies":[{"embeddable":true,"href":"https:\/\/azura.ro\/es\/wp-json\/wp\/v2\/comments?post=7322"}],"version-history":[{"count":0,"href":"https:\/\/azura.ro\/es\/wp-json\/wp\/v2\/pages\/7322\/revisions"}],"wp:attachment":[{"href":"https:\/\/azura.ro\/es\/wp-json\/wp\/v2\/media?parent=7322"}],"curies":[{"name":"wp","href":"https:\/\/api.w.org\/{rel}","templated":true}]}}