{"id":102004,"date":"2026-03-09T10:00:45","date_gmt":"2026-03-09T08:00:45","guid":{"rendered":"https:\/\/azura.ro\/?post_type=product&#038;p=102004"},"modified":"2026-03-09T20:44:19","modified_gmt":"2026-03-09T18:44:19","slug":"filtro-osmosis-inversa-agua-osmoazura-blu-hp75-ag-alcalina-ph-85","status":"publish","type":"product","link":"https:\/\/azura.ro\/es\/produs\/filtru-apa-cu-osmoza-inversa-osmoazura-blu-hp75-ag-alcalin-ph-85\/","title":{"rendered":"FILTRO DE AGUA OSMOSIS INVERSA AZUL HP75-AG, ALCALINO pH 8,5"},"content":{"rendered":"<h2><span style=\"font-family: tahoma, arial, helvetica, sans-serif; font-size: 110%;\">Filtro de \u00f3smosis inversa OSMOAZURA BLU HP75-AG, ALKALINE, que incorpora cartuchos filtrantes impregnados de nanoplata y filtro para alcalinizaci\u00f3n y remineralizaci\u00f3n.<\/span><\/h2>\n<p><span style=\"font-family: tahoma, arial, helvetica, sans-serif; font-size: 110%;\">Filtros <strong>con nanoplata son bacteriost\u00e1ticos y ofrecen una depuraci\u00f3n avanzada del agua<\/strong>en comparaci\u00f3n con los filtros convencionales. Los filtros tradicionales son propensos a la proliferaci\u00f3n de bacterias en su interior. Los filtros de nanoplata se mantienen higi\u00e9nicos durante todo el periodo de uso.<\/span><\/p>\n<p><span style=\"font-family: tahoma, arial, helvetica, sans-serif; font-size: 110%;\">Precisi\u00f3n de filtraci\u00f3n: 0,0001 micras.<\/span><\/p>\n<h2><span style=\"font-family: tahoma, arial, helvetica, sans-serif; font-size: 110%;\">El filtro de \u00f3smosis inversa OSMOAZURA BLU HP75-AG, ALKALINE, elimina el agua por el m\u00e9todo de rechazo:<\/span><\/h2>\n<p><span style=\"font-family: tahoma, arial, helvetica, sans-serif; font-size: 110%;\">Aluminio 80-82%; Amonio 90-94%; Bario 96-98%; Cadmio 87-94%; Calcio 95-98%; Cromo trivalente 95-98%; Cromo hexavalente 96-99%; Cobre 86-92%; Dureza total 98-99%; Hierro ferroso 98-99%; Manganeso 96-99%; Magnesio 96-98%; Mercurio 96-98%; N\u00edquel 96-98%; Potasio 96-98%; Plata 96-98%; Sodio 96-98%; Estroncio 96-98%; Zinc 98-99%; Ars\u00e9nico 60-95%; Bircarbonato 90-96%; Borato 30-70%; Bromuro 94-96%; Cloruros 90-95%; Cromato 90-98%; Cianuro 90-95%; Ferrocianuro 99%; Fluoruro 90-96%; Nitrato 60-90%; Fosfato 90%; Selenato y selenito 94-97%; Sulfato 99%; Sulfito 98-99%; Tiosulfato 99%; \u00c1cido ac\u00e9tico 50%; Amianto 99,9%; Bacterias y virus 99,9%; Quistes y turbidez 99,9%; Detergentes 99%; Colorantes 99,9%; Formaldeh\u00eddo 20%; Glucosa 99,9%; Plaguicidas org\u00e1nicos 99%; Fenol 50%; Prote\u00ednas 99,9%; Pir\u00f3genos 99,9%; Az\u00facar\/Lactosa 99,9%; Urea 40-60%.<\/span><\/p>\n<p><span style=\"font-family: tahoma, arial, helvetica, sans-serif; font-size: 110%;\">Nota: El porcentaje de rechazo\/filtraci\u00f3n est\u00e1 influido por el pH y la presi\u00f3n del agua. La calidad del agua es diferente en cada caso, por lo que los porcentajes de filtraci\u00f3n tambi\u00e9n pueden variar.<\/span><\/p>\n<p><span style=\"font-family: tahoma, arial, helvetica, sans-serif; font-size: 110%;\">Nota:<\/span><br \/>\n<span style=\"font-family: tahoma, arial, helvetica, sans-serif; font-size: 110%;\">El modelo actual contiene la bomba de refuerzo. Para realizar el proceso de filtraci\u00f3n, se requiere una fuente de alimentaci\u00f3n con una presi\u00f3n de s\u00f3lo 1,5 bar (ya que contiene la bomba).<br \/>\n<\/span><\/p>\n<p><span style=\"font-family: tahoma, arial, helvetica, sans-serif; font-size: 110%;\"><strong><img decoding=\"async\" class=\"wp-image-13707 alignleft\" src=\"https:\/\/azura.ro\/wp-content\/uploads\/2018\/12\/30-zile-garantie-retur.png\" alt=\"\" width=\"198\" height=\"198\" srcset=\"https:\/\/azura.ro\/wp-content\/uploads\/2018\/12\/30-zile-garantie-retur.png 300w, https:\/\/azura.ro\/wp-content\/uploads\/2018\/12\/30-zile-garantie-retur-247x247.png 247w, https:\/\/azura.ro\/wp-content\/uploads\/2018\/12\/30-zile-garantie-retur-100x100.png 100w, https:\/\/azura.ro\/wp-content\/uploads\/2018\/12\/30-zile-garantie-retur-150x150.png 150w\" sizes=\"(max-width: 198px) 100vw, 198px\" \/>\"Garant\u00eda \"FULL THANKS<\/strong> = Garantizar que el sistema de filtrado OSMOAZURA BLU HP75-AG, ALKALINE <strong>tiene el efecto prometido<\/strong>.<\/span><br \/>\n<span style=\"font-family: tahoma, arial, helvetica, sans-serif; font-size: 110%;\">Filtro de agua <strong>OSMOAZURA trabaja<\/strong> y por eso ofrecemos estos equipos con una GARANT\u00cdA DE DEVOLUCI\u00d3N DE 30 D\u00cdAS. La finalidad de este tipo de garant\u00eda es s\u00f3lo una, su satisfacci\u00f3n.<\/span><br \/>\n<span style=\"font-family: tahoma, arial, helvetica, sans-serif; font-size: 110%;\">Le garantizamos que el filtro de agua OSMOAZURA BLU HP75-AG funcionar\u00e1 para usted. Si usted no est\u00e1 satisfecho despu\u00e9s de 30 D\u00cdAS con el rendimiento del sistema, por favor p\u00f3ngase en contacto con nosotros dentro de los 30 d\u00edas despu\u00e9s del per\u00edodo de prueba y uso. Si no somos capaces de resolver el problema con el que no est\u00e1 satisfecho, el dinero de su equipo ser\u00e1 reembolsado en su totalidad despu\u00e9s de que nos devuelva el equipo. \u00a1Ni siquiera tendr\u00e1 que pagar los gastos de env\u00edo!<\/span><\/p>\n<p><strong><span style=\"font-family: tahoma, arial, helvetica, sans-serif; font-size: 110%;\">Configuraci\u00f3n de filtrado \u00fanica para el HP75-AG, ALKALINE BLUE OSMOSIS - le garantizamos que nunca encontrar\u00e1 tal filtrado en ning\u00fan otro sistema de \u00f3smosis inversa.<\/span><\/strong><\/p>\n<p><span style=\"font-family: tahoma, arial, helvetica, sans-serif; font-size: 110%;\">El sistema de filtraci\u00f3n OSMOAZURA BLUE HP75-AG, ALKALINE contiene m\u00faltiples capas de filtraci\u00f3n presentes en 6 cartuchos filtrantes, a saber:<\/span><\/p>\n<p><span style=\"font-family: tahoma, arial, helvetica, sans-serif; font-size: 110%;\">*Primer filtro: cartucho filtrante antibacteriano de 10\u201d y 5 micras - contiene nanoplata.<\/span><br \/>\n<span style=\"font-family: tahoma, arial, helvetica, sans-serif; font-size: 110%;\">*Segundo filtro: Cartucho filtrante antibacteriano CTO Carbon 2,5\" x 10\" - contiene nanoplata.<\/span><br \/>\n<span style=\"font-family: tahoma, arial, helvetica, sans-serif; font-size: 110%;\">*Tercer filtro: cartucho filtrante antibacteriano de 10\" y 1 micra - contiene nanoplata.<\/span><br \/>\n<span style=\"font-family: tahoma, arial, helvetica, sans-serif; font-size: 110%;\">*El cuarto filtro es el coraz\u00f3n del sistema: la membrana de \u00f3smosis inversa 75GPD - el coraz\u00f3n del sistema.<\/span><br \/>\n<span style=\"font-family: tahoma, arial, helvetica, sans-serif; font-size: 110%;\">*Quinto filtro: postfiltro de carb\u00f3n activo de 2\u201d<\/span><br \/>\n<span style=\"font-family: tahoma, arial, helvetica, sans-serif; font-size: 110%;\">*Sexto filtro: alcalinizaci\u00f3n postfiltraci\u00f3n, remineralizaci\u00f3n 2\".<\/span><\/p>\n<p><span style=\"font-family: tahoma, arial, helvetica, sans-serif; font-size: 110%;\">Periodo de sustituci\u00f3n recomendado para todos los cartuchos filtrantes: 12 meses.<\/span><\/p>\n<p><span style=\"font-family: tahoma, arial, helvetica, sans-serif; font-size: 110%;\">Puede encontrar los cartuchos filtrantes y los costes correspondientes haciendo clic en el bot\u00f3n virtual \"CARTUCHOS DE CAMBIO\", situado debajo de las im\u00e1genes de los productos (en la parte superior de la p\u00e1gina).<\/span><\/p>\n<p><strong><span style=\"font-family: tahoma, arial, helvetica, sans-serif; font-size: 110%;\">\u00bfD\u00f3nde y para qu\u00e9?<\/span><\/strong><\/p>\n<p><span style=\"font-family: tahoma, arial, helvetica, sans-serif; font-size: 110%;\">La OSMOAZURA AZUL HP75-AG, ALKALINE se instala generalmente en la cocina, debajo de la encimera, y el consumo de agua se realiza a trav\u00e9s de la bater\u00eda de agua purificada suministrada en el kit de instalaci\u00f3n. Se trata de una bater\u00eda moderna, plateada, a juego con cualquier cocina moderna.<\/span><br \/>\n<span style=\"font-family: tahoma, arial, helvetica, sans-serif; font-size: 110%;\">El agua purificada de este modo se utiliza para el consumo diario, para preparar t\u00e9 y caf\u00e9, para cocinar, lavar frutas y verduras.<\/span><\/p>\n<p><span style=\"font-family: tahoma, arial, helvetica, sans-serif; font-size: 110%;\">Atenci\u00f3n El sistema de filtrado OSMOAZURA BLU HP75-AG, ALKALINE est\u00e1 dise\u00f1ado y previsto para purificar agua de la red p\u00fablica de abastecimiento de agua que ha sido controlada, desinfectada y declarada potable. No utilice el sistema (sin consultarnos) con agua de fuentes propias como agua de perforaci\u00f3n\/pozo, agua de superficie. En estos casos se requiere un informe de an\u00e1lisis del agua. Nuestros especialistas est\u00e1n a su disposici\u00f3n con asesoramiento experto y le dir\u00e1n exactamente qu\u00e9 filtros necesita para tratar su propia fuente de agua, pero s\u00f3lo sobre la base de un informe de an\u00e1lisis del agua.<\/span><\/p>\n<p><span style=\"font-family: tahoma, arial, helvetica, sans-serif; font-size: 110%;\">Utilice OSMOAZURA BLU HP75-AG, ALKALINE s\u00f3lo con agua fr\u00eda. No lo instale en tuber\u00edas de agua caliente.<\/span><br \/>\n<span style=\"font-family: tahoma, arial, helvetica, sans-serif; font-size: 110%;\">\u00bfLavar\u00e1s los platos con agua filtrada?<\/span><\/p>\n<p><span style=\"font-family: tahoma, arial, helvetica, sans-serif; font-size: 110%;\">La respuesta es NO. El kit de instalaci\u00f3n s\u00f3lo permite filtrar el agua que se va a consumir. El filtro OSMOAZURA AZUL HP75-AG, ALKALINE contiene un kit de instalaci\u00f3n para este fin.<\/span><\/p>\n<p><strong><span style=\"font-family: tahoma, arial, helvetica, sans-serif; font-size: 110%;\">\u00bfQu\u00e9 recibo en el paquete en el momento de la entrega?<\/span><\/strong><\/p>\n<p><span style=\"font-family: tahoma, arial, helvetica, sans-serif; font-size: 110%;\">- El dispositivo de filtrado con los filtros antes mencionados;<\/span><br \/>\n<span style=\"font-family: tahoma, arial, helvetica, sans-serif; font-size: 110%;\">- Manguera de presi\u00f3n blanca para agua filtrada m\u00e1s que suficiente para la grifer\u00eda;<\/span><br \/>\n<span style=\"font-family: tahoma, arial, helvetica, sans-serif; font-size: 110%;\">- Pila de metal plateado para beber agua purificada, con certificaci\u00f3n NSF, sin plomo;<\/span><br \/>\n<span style=\"font-family: tahoma, arial, helvetica, sans-serif; font-size: 110%;\">- Pieza de conexi\u00f3n bajo el fregadero de 3\/8\" con grifo de entrada\/salida de agua al filtro;<\/span><br \/>\n<span style=\"font-family: tahoma, arial, helvetica, sans-serif; font-size: 110%;\">* Tanque de almacenamiento para recoger el agua depurada;<\/span><br \/>\n<span style=\"font-family: tahoma, arial, helvetica, sans-serif; font-size: 110%;\">* Grifo para el recipiente de almacenamiento;<\/span><br \/>\n<span style=\"font-family: tahoma, arial, helvetica, sans-serif; font-size: 110%;\">* Pieza de conexi\u00f3n para desag\u00fce;<\/span><br \/>\n<span style=\"font-family: tahoma, arial, helvetica, sans-serif; font-size: 110%;\">* V\u00eda anti-impuestos.<\/span><\/p>\n<p><strong><span style=\"font-family: tahoma, arial, helvetica, sans-serif; font-size: 110%;\">Montaje OSMOAZURA BLU HP75-AG, ALKALINE<br \/>\n<\/span><\/strong><br \/>\n<span style=\"font-family: tahoma, arial, helvetica, sans-serif; font-size: 110%;\">El sistema de filtraci\u00f3n se monta debajo del fregadero y en el fregadero s\u00f3lo se monta la bater\u00eda especial suministrada en el kit de instalaci\u00f3n. La instalaci\u00f3n no es dif\u00edcil, sin embargo requiere pocos conocimientos t\u00e9cnicos o un instalador. Le proporcionaremos el Manual del Usuario con la compra. Para Bucarest e Ilfov puede pedir a nuestro equipo que instale el filtro por usted (cargo adicional).<\/span><\/p>\n<p><span style=\"font-family: tahoma, arial, helvetica, sans-serif; font-size: 110%;\">Durante la puesta en marcha, antes de beber agua, llene y vac\u00ede dos recipientes de almacenamiento (el que se suministra con el sistema de filtraci\u00f3n). Despu\u00e9s de la instalaci\u00f3n, durante unos d\u00edas, ver\u00e1 finas burbujas de aire en el vaso. Esto es absolutamente normal y ocurrir\u00e1 hasta que el medio filtrante est\u00e9 completamente empapado.<\/span><\/p>\n<p><span style=\"font-family: tahoma, arial, helvetica, sans-serif; font-size: 110%;\">Dimensiones:<\/span><\/p>\n<ul>\n<li><span style=\"font-family: tahoma, arial, helvetica, sans-serif; font-size: 110%;\">Dimensiones: 36 x 44 x 21,5 cm (Largo x Alto x Fondo).<\/span><\/li>\n<li><span style=\"font-family: tahoma, arial, helvetica, sans-serif; font-size: 110%;\"><span style=\"font-family: tahoma, arial, helvetica, sans-serif; font-size: 110%;\">dimensiones del dep\u00f3sito de 8,3 litros: altura 35 cm, di\u00e1metro 23 cm.<br \/>\n<\/span><\/span><span style=\"font-family: tahoma, arial, helvetica, sans-serif; font-size: 110%;\"><br \/>\n2 a\u00f1os de garant\u00eda<\/span><br \/>\n<span style=\"font-family: tahoma, arial, helvetica, sans-serif; font-size: 110%;\">Producido en Ruman\u00eda con subansables de: Taiw\u00e1n, Italia.<\/span><\/li>\n<\/ul>\n<p><span style=\"font-family: tahoma, arial, helvetica, sans-serif; font-size: 110%;\">Cambiar el agua es lo mejor que puedes hacer hoy. Las acciones de hoy cambian tu futuro, y el agua es probablemente lo m\u00e1s importante que puedes cambiar para mejorar tu salud, y est\u00e1 en tu mano, ahora mismo. \u00bfLe parece l\u00f3gico?<\/span><\/p>","protected":false},"excerpt":{"rendered":"<p><a href=\"https:\/\/azura.ro\/es\/100-30-dias-de-garantia-de-devolucion\/\" target=\"_blank\" rel=\"noopener noreferrer\"><img decoding=\"async\" class=\"alignnone wp-image-7307\" src=\"https:\/\/azura.ro\/wp-content\/uploads\/2016\/06\/Garantie-retur.png\" alt=\"\" width=\"106\" height=\"128\" \/><\/a><a href=\"https:\/\/azura.ro\/es\/service\/\" target=\"_blank\" rel=\"noopener noreferrer\"><img decoding=\"async\" class=\"alignnone wp-image-7308\" src=\"https:\/\/azura.ro\/wp-content\/uploads\/2016\/06\/Service.png\" alt=\"\" width=\"118\" height=\"112\" \/><\/a><a href=\"https:\/\/azura.ro\/es\/2-ani-garantie\/\" target=\"_blank\" rel=\"noopener noreferrer\"><img decoding=\"async\" class=\"alignnone wp-image-14008\" src=\"https:\/\/azura.ro\/wp-content\/uploads\/2018\/12\/2-ani-garantie.png\" alt=\"\" width=\"103\" height=\"142\" \/><\/a><\/p>\n<p><a href=\"https:\/\/azura.ro\/es\/100-30-dias-de-garantia-de-devolucion\/\" target=\"_blank\" rel=\"noopener noreferrer\">Ofrecemos garant\u00eda de satisfacci\u00f3n con devoluci\u00f3n del dinero en 30 d\u00edas<\/a><br \/>\n<a href=\"https:\/\/azura.ro\/es\/service\/\" target=\"_blank\" rel=\"noopener noreferrer\">Ofrecemos servicio especializado en Ruman\u00eda \u00a1Cualquier problema t\u00e9cnico se resuelve en Ruman\u00eda!<\/a><br \/>\n<a href=\"https:\/\/azura.ro\/es\/2-ani-garantie\/\" target=\"_blank\" rel=\"noopener noreferrer\">Ofrecemos garant\u00eda contra defectos de fabricaci\u00f3n, 2 a\u00f1os de garant\u00eda<\/a><\/p>","protected":false},"featured_media":110988,"comment_status":"open","ping_status":"closed","template":"","meta":{"_seopress_robots_primary_cat":"none","_seopress_titles_title":"","_seopress_titles_desc":"","_seopress_robots_index":""},"product_brand":[],"product_cat":[74],"product_tag":[333,2075,587,612],"class_list":{"0":"post-102004","1":"product","2":"type-product","3":"status-publish","4":"has-post-thumbnail","6":"product_cat-filtre-apa-cu-osmoza-inversa","7":"product_tag-filtru-apa","8":"product_tag-filtru-argint","9":"product_tag-osmoza-inversa","10":"product_tag-purificator-apa","11":"pa_amplasare-subchiuveta","13":"first","14":"instock","15":"sale","16":"taxable","17":"shipping-taxable","18":"purchasable","19":"product-type-simple"},"_links":{"self":[{"href":"https:\/\/azura.ro\/es\/wp-json\/wp\/v2\/product\/102004","targetHints":{"allow":["GET"]}}],"collection":[{"href":"https:\/\/azura.ro\/es\/wp-json\/wp\/v2\/product"}],"about":[{"href":"https:\/\/azura.ro\/es\/wp-json\/wp\/v2\/types\/product"}],"replies":[{"embeddable":true,"href":"https:\/\/azura.ro\/es\/wp-json\/wp\/v2\/comments?post=102004"}],"wp:featuredmedia":[{"embeddable":true,"href":"https:\/\/azura.ro\/es\/wp-json\/wp\/v2\/media\/110988"}],"wp:attachment":[{"href":"https:\/\/azura.ro\/es\/wp-json\/wp\/v2\/media?parent=102004"}],"wp:term":[{"taxonomy":"product_brand","embeddable":true,"href":"https:\/\/azura.ro\/es\/wp-json\/wp\/v2\/product_brand?post=102004"},{"taxonomy":"product_cat","embeddable":true,"href":"https:\/\/azura.ro\/es\/wp-json\/wp\/v2\/product_cat?post=102004"},{"taxonomy":"product_tag","embeddable":true,"href":"https:\/\/azura.ro\/es\/wp-json\/wp\/v2\/product_tag?post=102004"}],"curies":[{"name":"wp","href":"https:\/\/api.w.org\/{rel}","templated":true}]}}