{"id":114821,"date":"2026-04-14T10:30:41","date_gmt":"2026-04-14T07:30:41","guid":{"rendered":"https:\/\/azura.ro\/?post_type=product&#038;p=114821"},"modified":"2026-04-11T22:34:41","modified_gmt":"2026-04-11T19:34:41","slug":"cartus-filtrant-arsen-si-metale-grele-spartan-as10s","status":"publish","type":"product","link":"https:\/\/azura.ro\/es\/produs\/cartus-filtrant-arsen-si-metale-grele-spartan-as10s\/","title":{"rendered":"CARTUS FILTRANT ARSEN SI METALE GRELE SPARTAN AS10S"},"content":{"rendered":"<h2><span style=\"font-family: tahoma, arial, helvetica, sans-serif; font-size: 110%;\">Cartus filtrant arsen si metale grele SPARTAN As10S<\/span><\/h2>\n<p><span style=\"font-family: tahoma, arial, helvetica, sans-serif; font-size: 110%;\">Scop filtrare: filtrare arsen si metale grele<\/span><\/p>\n<p><span style=\"font-family: tahoma, arial, helvetica, sans-serif; font-size: 110%;\">Metalele grele ce sunt filtrate pe langa arsen: fosfor, cupru, zinc, nichel, cadmiu. Plus, unele hidrocarburi petroliere.<\/span><\/p>\n<p><span style=\"font-family: tahoma, arial, helvetica, sans-serif; font-size: 110%;\">Tehnica de filtrare: adsorbtie<\/span><\/p>\n<p><span style=\"font-family: tahoma, arial, helvetica, sans-serif; font-size: 110%;\">Specificatii tehnice cartus filtrant arsen si metale grele Spartan As10S<\/span><\/p>\n<ul style=\"list-style-type: disc;\">\n<li><span style=\"font-family: tahoma, arial, helvetica, sans-serif; font-size: 110%;\">Dimensiune (H*\u00d8): 10\u2033 x 4-1\/2\u201d (254 cm x 114 cm)<\/span><\/li>\n<li><span style=\"font-family: tahoma, arial, helvetica, sans-serif; font-size: 110%;\">Temperatura min \/ max: 4\u00b0C &#8211; 45\u00b0C<\/span><\/li>\n<li><span style=\"font-family: tahoma, arial, helvetica, sans-serif; font-size: 110%;\">Debit de lucru pentru filtrare eficienta: 12 l\/min<\/span><\/li>\n<li><span style=\"font-family: tahoma, arial, helvetica, sans-serif; font-size: 110%;\">Debit permis: 20 litri\/minut<\/span><\/li>\n<li><span style=\"font-family: tahoma, arial, helvetica, sans-serif; font-size: 110%;\">Performanta de filtrare: 85%.<\/span><\/li>\n<li><span style=\"font-family: tahoma, arial, helvetica, sans-serif; font-size: 110%;\">Durata de filtrare: maxim 6 luni<\/span><\/li>\n<li><span style=\"font-family: tahoma, arial, helvetica, sans-serif; font-size: 110%;\">Compatibil cu carcasa: Spartan Blue 10\u2033<\/span><\/li>\n<\/ul>\n<p><span style=\"font-family: tahoma, arial, helvetica, sans-serif; font-size: 110%;\">Nota: performanta de filtrare este influentata de debitul de lucru si de calitatea apei. Cu cat apa este mia incarcata cu diferiti ioni pe care materialul filtrant in capteaza, cu atat capacitatea de filtrare pentru arsen, scade.<\/span><\/p>\n<p><span style=\"font-family: tahoma, arial, helvetica, sans-serif; font-size: 110%;\">Atentionare! Daca apa contine fier si mangan peste limita m\u00e1xima admisa, capacitatea de filtrare pentriu arsen si metale grele, va scadea. Fierul si manganul va fi captat de materialul filtrant, iar acest lucru scade capacitatea acestuia de filltrare pentru arsen si metale grele. <\/span><\/p>\n<p><span style=\"font-family: tahoma, arial, helvetica, sans-serif; font-size: 110%;\">Precauciones de uso:<\/span><\/p>\n<ul style=\"list-style-type: disc;\">\n<li><span style=\"font-family: tahoma, arial, helvetica, sans-serif; font-size: 110%;\">No usar con agua caliente, usar s\u00f3lo con agua fr\u00eda.<\/span><\/li>\n<li><span style=\"font-family: tahoma, arial, helvetica, sans-serif; font-size: 110%;\">La instalare sau schimbarea carusului, se vor rula prin filtru aproximativ 20 \u2013 30 litri de apa. Prima apa va antrena praf de culoare maro din filtru. Aceasta apa se va arunca.<\/span><\/li>\n<li><span style=\"font-family: tahoma, arial, helvetica, sans-serif; font-size: 110%;\">Inainte ca apa sa treaca prin cartusul filtrant, este necesar ca apa sa file filtrata pentri particule precum: mal, nisip, rugina, la un grad de filtrarare intre 5 \u2013 20 microni.<\/span><\/li>\n<li><span style=\"font-family: tahoma, arial, helvetica, sans-serif; font-size: 110%;\">Intotdeauna, instalati un filtru de 1 \u2013 5 microni sau un filtru de carbon bloc dupa filtrul de arsen, pentru a capta particule mici de praf fin ce poate migra in apa.<\/span><\/li>\n<li><span style=\"font-family: tahoma, arial, helvetica, sans-serif; font-size: 110%;\">No utilizar con agua microbiol\u00f3gicamente insegura. El agua contaminada con bacterias debe tratarse primero con m\u00e9todos espec\u00edficos y luego filtrarse a trav\u00e9s de un lecho de carb\u00f3n activado. Si esta es su situaci\u00f3n, le sugerimos que consulte a nuestro equipo de especialistas.<\/span><\/li>\n<\/ul>\n<p><span style=\"font-family: tahoma, arial, helvetica, sans-serif; font-size: 110%;\">Materialul filtrant respecta pe deplin urm\u0103toarele standarde si reglementari:<\/span><\/p>\n<ul>\n<li><span style=\"font-family: tahoma, arial, helvetica, sans-serif; font-size: 110%;\">EN 15029<\/span><\/li>\n<li><span style=\"font-family: tahoma, arial, helvetica, sans-serif; font-size: 110%;\">Ordonanta germana privind apa potabila 2023<\/span><\/li>\n<\/ul>\n<p><span style=\"font-family: tahoma, arial, helvetica, sans-serif; font-size: 110%;\">Tara de origine: Germania<\/span><\/p>\n<p>&nbsp;<\/p>","protected":false},"excerpt":{"rendered":"<ul style=\"list-style-type: disc;\">\n<li><span style=\"font-family: tahoma, arial, helvetica, sans-serif; font-size: 100%;\">Cartus filtrant Spartan 10&#8243;<\/span><\/li>\n<li><span style=\"font-family: tahoma, arial, helvetica, sans-serif; font-size: 100%;\">Filtreaza arsen si metale grele<\/span><\/li>\n<li><span style=\"font-family: tahoma, arial, helvetica, sans-serif; font-size: 100%;\">Compatibil cu carcasele Spartan 10&#8243;<\/span><\/li>\n<\/ul>","protected":false},"featured_media":114824,"comment_status":"open","ping_status":"closed","template":"","meta":{"_seopress_robots_primary_cat":"none","_seopress_titles_title":"","_seopress_titles_desc":"","_seopress_robots_index":""},"product_brand":[],"product_cat":[1142],"product_tag":[1878,1880],"class_list":{"0":"post-114821","1":"product","2":"type-product","3":"status-publish","4":"has-post-thumbnail","6":"product_cat-cartuse-filtre-toata-casa","7":"product_tag-filtru-arsen","8":"product_tag-filtru-arsenic","10":"first","11":"instock","12":"taxable","13":"shipping-taxable","14":"purchasable","15":"product-type-simple"},"_links":{"self":[{"href":"https:\/\/azura.ro\/es\/wp-json\/wp\/v2\/product\/114821","targetHints":{"allow":["GET"]}}],"collection":[{"href":"https:\/\/azura.ro\/es\/wp-json\/wp\/v2\/product"}],"about":[{"href":"https:\/\/azura.ro\/es\/wp-json\/wp\/v2\/types\/product"}],"replies":[{"embeddable":true,"href":"https:\/\/azura.ro\/es\/wp-json\/wp\/v2\/comments?post=114821"}],"wp:featuredmedia":[{"embeddable":true,"href":"https:\/\/azura.ro\/es\/wp-json\/wp\/v2\/media\/114824"}],"wp:attachment":[{"href":"https:\/\/azura.ro\/es\/wp-json\/wp\/v2\/media?parent=114821"}],"wp:term":[{"taxonomy":"product_brand","embeddable":true,"href":"https:\/\/azura.ro\/es\/wp-json\/wp\/v2\/product_brand?post=114821"},{"taxonomy":"product_cat","embeddable":true,"href":"https:\/\/azura.ro\/es\/wp-json\/wp\/v2\/product_cat?post=114821"},{"taxonomy":"product_tag","embeddable":true,"href":"https:\/\/azura.ro\/es\/wp-json\/wp\/v2\/product_tag?post=114821"}],"curies":[{"name":"wp","href":"https:\/\/api.w.org\/{rel}","templated":true}]}}