{"id":115023,"date":"2026-04-17T10:00:28","date_gmt":"2026-04-17T07:00:28","guid":{"rendered":"https:\/\/azura.ro\/?post_type=product&#038;p=115023"},"modified":"2026-04-15T20:06:29","modified_gmt":"2026-04-15T17:06:29","slug":"filtru-casa-arsen-si-metale-grele-spartan-blue-trio-as20s-5-microni-cartus-as20s-carbon-bloc","status":"publish","type":"product","link":"https:\/\/azura.ro\/es\/produs\/filtru-casa-arsen-si-metale-grele-spartan-blue-trio-as20s-5-microni-cartus-as20s-carbon-bloc\/","title":{"rendered":"FILTRU CASA ARSEN SI METALE GRELE &#8211; SPARTAN BLUE TRIO AS20S &#8211; 5 MICRONI, CARTUS AS20S, CARBON BLOC"},"content":{"rendered":"<h2><span style=\"font-family: tahoma, arial, helvetica, sans-serif; font-size: 110%;\">Filtru pentru casa arsen si metale grele &#8211; SPARTAN BLUE TRIO AS20S &#8211; 5 MICRONI, AS20S, CARBON BLOC<\/span><\/h2>\n<div><span style=\"font-family: tahoma, arial, helvetica, sans-serif; font-size: 110%;\">Filtreaza: mizerie, mal, nisip, rugina, arsen, metale grele (fosfor, cupru, zinc, nichel, cadmiu), clor si subprodusi ai clorului, erbicide, pesticide, substante organice, urme de medicamente. Plus, unele hidrocarburi petroliere.<\/span><\/div>\n<div><\/div>\n<div><span style=\"font-family: tahoma, arial, helvetica, sans-serif; font-size: 110%;\">Filtrarea se face in trei etape, cu trei cartuse filtrante diferite ca tehhnologie, cu functii diferite.<\/span><\/div>\n<h3><span style=\"font-family: tahoma, arial, helvetica, sans-serif; font-size: 110%;\">Instalare filtru pentru casa SPARTAN BLUE TRIO AS20S<\/span><\/h3>\n<div><span style=\"font-family: tahoma, arial, helvetica, sans-serif; font-size: 110%;\">Se instalar\u00e1 en la tuber\u00eda principal de suministro de la casa, la tuber\u00eda de suministro de agua fr\u00eda.<\/span><\/div>\n<div><\/div>\n<div>\n<p><strong><span style=\"font-family: tahoma, arial, helvetica, sans-serif; font-size: 110%;\">Compatibilidad con el agua:<\/span><\/strong><\/p>\n<\/div>\n<div><span style=\"font-family: tahoma, arial, helvetica, sans-serif; font-size: 110%;\">\u2022 Se poate instala pe orice sursa de apa dezinfectata cu clor, pe orice sursa de apa din retelele publice controlate;<\/span><\/div>\n<div><span style=\"font-family: tahoma, arial, helvetica, sans-serif; font-size: 110%;\">\u2022 Apa de foraj\/put &#8211; se va instala pe o astfel de sursa, doar daca apa nu este contaminata bacteriologic.<\/span><\/div>\n<div><\/div>\n<div>\n<p><strong><span style=\"font-family: tahoma, arial, helvetica, sans-serif; font-size: 110%;\">Finalidad del filtro:<\/span><\/strong><\/p>\n<\/div>\n<div><span style=\"font-family: tahoma, arial, helvetica, sans-serif; font-size: 110%;\">\u2022 Eliminarea\/reducerea arsenului din apa<\/span><\/div>\n<div><span style=\"font-family: tahoma, arial, helvetica, sans-serif; font-size: 110%;\">\u2022 Eliminarea\/reducerea clorului din apa<\/span><\/div>\n<div><span style=\"font-family: tahoma, arial, helvetica, sans-serif; font-size: 110%;\">\u2022 Eliminarea\/reducerea matalelor grele din apa<\/span><\/div>\n<div><span style=\"font-family: tahoma, arial, helvetica, sans-serif; font-size: 110%;\">\u2022 Eliminarea\/reducera hidrocarburilor petroliere din apa<\/span><\/div>\n<div><span style=\"font-family: tahoma, arial, helvetica, sans-serif; font-size: 110%;\">\u2022 Eliminarea\/reducerea subprodusilor clorului (trihalometani), erbicidelor, pesticidelor, substantelor organice, urmelor de medicamente<\/span><\/div>\n<div><span style=\"font-family: tahoma, arial, helvetica, sans-serif; font-size: 110%;\">\u2022 Diltrarea apei, pentru o calitate mai buna la dus. Tot ce punem pe piele ajunge in corpul nostru<\/span><\/div>\n<div><span style=\"font-family: tahoma, arial, helvetica, sans-serif; font-size: 110%;\">\u2022 Gust mai bun al apei<\/span><\/div>\n<div><span style=\"font-family: tahoma, arial, helvetica, sans-serif; font-size: 110%;\">\u2022 Protectie pentru instalatie, centrala, boiler, baterii de apa<\/span><\/div>\n<div><\/div>\n<div><strong><span style=\"font-family: tahoma, arial, helvetica, sans-serif; font-size: 110%;\">Otras aplicaciones:<\/span><\/strong><\/div>\n<div><span style=\"font-family: tahoma, arial, helvetica, sans-serif; font-size: 110%;\">\u2022 Case de vacanta \/ vile\u00a0<\/span><\/div>\n<div><span style=\"font-family: tahoma, arial, helvetica, sans-serif; font-size: 110%;\">\u2022 Productie in industria alimentara<\/span><\/div>\n<div><span style=\"font-family: tahoma, arial, helvetica, sans-serif; font-size: 110%;\">\u2022 Bucatarii de tip restaurant\/catering<\/span><\/div>\n<div><\/div>\n<div>\n<p><strong><span style=\"font-family: tahoma, arial, helvetica, sans-serif; font-size: 110%;\">Este filtro contiene:<\/span><\/strong><\/p>\n<\/div>\n<div><span style=\"font-family: tahoma, arial, helvetica, sans-serif; font-size: 110%;\">Treapta 1: CARTUS FILTRANT SEDIMENTE SPARTAN 20\u2033 5 microni<\/span><\/div>\n<div><span style=\"font-family: tahoma, arial, helvetica, sans-serif; font-size: 110%;\">Treapta 2: CARTUS FILTRANT ARSEN SI METALE GRELE SPARTAN AS20S<\/span><\/div>\n<div><span style=\"font-family: tahoma, arial, helvetica, sans-serif; font-size: 110%;\">Treapta 3: CARTUS FILTRANT SPARTAN 20\u2033 CARBON BLOC<\/span><\/div>\n<div><\/div>\n<div><strong><span style=\"font-family: tahoma, arial, helvetica, sans-serif; font-size: 110%;\">Perioade de schimb cartuse:<\/span><\/strong><\/div>\n<div><\/div>\n<div><span style=\"font-family: tahoma, arial, helvetica, sans-serif; font-size: 110%;\">Treapta 1: 6\u00a0 luni<\/span><\/div>\n<div><span style=\"font-family: tahoma, arial, helvetica, sans-serif; font-size: 110%;\">Treapta 2: 12 luni<\/span><\/div>\n<div><span style=\"font-family: tahoma, arial, helvetica, sans-serif; font-size: 110%;\">Treapta 3: 6 luni<\/span><\/div>\n<div><\/div>\n<div><span style=\"font-family: tahoma, arial, helvetica, sans-serif; font-size: 110%;\">*Nota: los periodos mencionados son puramente indicativos. El periodo de intercambio est\u00e1 directamente influido por la calidad del agua y el volumen de agua consumida.<\/span><\/div>\n<div><\/div>\n<div><strong><span style=\"font-family: tahoma, arial, helvetica, sans-serif; font-size: 110%;\">Especificaciones t\u00e9cnicas de la carcasa:<\/span><\/strong><\/div>\n<div><\/div>\n<div><span style=\"font-family: tahoma, arial, helvetica, sans-serif; font-size: 110%;\">\u2022 Construit din plastic armat, rezistent la socuri<\/span><\/div>\n<div><span style=\"font-family: tahoma, arial, helvetica, sans-serif; font-size: 110%;\">\u2022 Compatibil cu o gama larga de produse chimice<\/span><\/div>\n<div><span style=\"font-family: tahoma, arial, helvetica, sans-serif; font-size: 110%;\">\u2022 Disponibil cu supapa de aerisire si depresurizare<\/span><\/div>\n<div><span style=\"font-family: tahoma, arial, helvetica, sans-serif; font-size: 110%;\">\u2022 Adecvat pentru contactul cu apa potabila<\/span><\/div>\n<div><span style=\"font-family: tahoma, arial, helvetica, sans-serif; font-size: 110%;\">\u2022 Contine cheie pentru strangerea si desfacerea carcaselor<\/span><\/div>\n<div><\/div>\n<div><strong><span style=\"font-family: tahoma, arial, helvetica, sans-serif; font-size: 110%;\">Caracter\u00edsticas t\u00e9cnicas:<\/span><\/strong><\/div>\n<div><\/div>\n<div><span style=\"font-family: tahoma, arial, helvetica, sans-serif; font-size: 110%;\">Dimensiuni: Lungime 62 cm x Inaltime 78 cm x Latime 20 cm<\/span><\/div>\n<div><span style=\"font-family: tahoma, arial, helvetica, sans-serif; font-size: 110%;\">Debit maxim: 2,4 mc\/h<\/span><\/div>\n<div><span style=\"font-family: tahoma, arial, helvetica, sans-serif; font-size: 110%;\">Debit pentru filtrare eficienta: 1,5 mc\/h<\/span><\/div>\n<div><span style=\"font-family: tahoma, arial, helvetica, sans-serif; font-size: 110%;\">Performanta de filtrare: 85%.<\/span><\/div>\n<div><span style=\"font-family: tahoma, arial, helvetica, sans-serif; font-size: 110%;\">Conexiones: rosca interior de 1<\/span><\/div>\n<div><span style=\"font-family: tahoma, arial, helvetica, sans-serif; font-size: 110%;\">Temperatura de trabajo: m\u00edn.\/m\u00e1x. 4\/45\u00b0C<\/span><\/div>\n<div><span style=\"font-family: tahoma, arial, helvetica, sans-serif; font-size: 110%;\">Presi\u00f3n m\u00edn.\/m\u00e1x.: 1-5 bar (recomendamos utilizar una presi\u00f3n m\u00e1x. de 4,5 bar)<\/span><\/div>\n<div><\/div>\n<div><span style=\"font-family: tahoma, arial, helvetica, sans-serif; font-size: 110%;\">2 a\u00f1os de garant\u00eda, excepto para los cartuchos, ya que son consumibles<\/span><\/div>\n<div><span style=\"font-family: tahoma, arial, helvetica, sans-serif; font-size: 110%;\">Fabricado por: AZURA FILTERS<\/span><\/div>","protected":false},"excerpt":{"rendered":"<ul style=\"list-style-type: disc;\">\n<li><span style=\"font-family: tahoma, arial, helvetica, sans-serif; font-size: 100%;\">Filtru arsen si metale grele<\/span><\/li>\n<li><span style=\"font-family: tahoma, arial, helvetica, sans-serif; font-size: 100%;\">Capacitate mare, pentru case mari<\/span><\/li>\n<li><span style=\"font-family: tahoma, arial, helvetica, sans-serif; font-size: 100%;\">Se instaleaza pe conducta principala<\/span><\/li>\n<\/ul>","protected":false},"featured_media":115029,"comment_status":"open","ping_status":"closed","template":"","meta":{"_seopress_robots_primary_cat":"none","_seopress_titles_title":"","_seopress_titles_desc":"","_seopress_robots_index":""},"product_brand":[],"product_cat":[1876],"product_tag":[2081,1878,1582,2082,629],"class_list":{"0":"post-115023","1":"product","2":"type-product","3":"status-publish","4":"has-post-thumbnail","6":"product_cat-filtre-pentru-arsen","7":"product_tag-arses","8":"product_tag-filtru-arsen","9":"product_tag-filtru-metale-grele","10":"product_tag-filtru-toata-casa-arsen","11":"product_tag-metale-grele","12":"pa_amplasare-conductaprincipala","13":"pa_brand-azura-filters","15":"first","16":"instock","17":"taxable","18":"shipping-taxable","19":"purchasable","20":"product-type-simple"},"_links":{"self":[{"href":"https:\/\/azura.ro\/es\/wp-json\/wp\/v2\/product\/115023","targetHints":{"allow":["GET"]}}],"collection":[{"href":"https:\/\/azura.ro\/es\/wp-json\/wp\/v2\/product"}],"about":[{"href":"https:\/\/azura.ro\/es\/wp-json\/wp\/v2\/types\/product"}],"replies":[{"embeddable":true,"href":"https:\/\/azura.ro\/es\/wp-json\/wp\/v2\/comments?post=115023"}],"wp:featuredmedia":[{"embeddable":true,"href":"https:\/\/azura.ro\/es\/wp-json\/wp\/v2\/media\/115029"}],"wp:attachment":[{"href":"https:\/\/azura.ro\/es\/wp-json\/wp\/v2\/media?parent=115023"}],"wp:term":[{"taxonomy":"product_brand","embeddable":true,"href":"https:\/\/azura.ro\/es\/wp-json\/wp\/v2\/product_brand?post=115023"},{"taxonomy":"product_cat","embeddable":true,"href":"https:\/\/azura.ro\/es\/wp-json\/wp\/v2\/product_cat?post=115023"},{"taxonomy":"product_tag","embeddable":true,"href":"https:\/\/azura.ro\/es\/wp-json\/wp\/v2\/product_tag?post=115023"}],"curies":[{"name":"wp","href":"https:\/\/api.w.org\/{rel}","templated":true}]}}