{"id":137,"date":"2014-01-02T20:04:08","date_gmt":"2014-01-02T20:04:08","guid":{"rendered":"http:\/\/dev02.websynapse.ro\/product\/dedurizator-simplex-volumetric-vtsc-clack\/"},"modified":"2026-01-02T15:21:54","modified_gmt":"2026-01-02T13:21:54","slug":"ablandador-azurasoft-bi-block-ws1ci","status":"publish","type":"product","link":"https:\/\/azura.ro\/es\/produs\/dedurizator-azurasoft-bi-bloc-ws1ci\/","title":{"rendered":"AZURASOFT ABLANDADOR BI-BLOC WS1CI"},"content":{"rendered":"<h2><span style=\"font-size: 110%; font-family: tahoma, arial, helvetica, sans-serif; color: #282828;\">Bine ai venit la dedurizatorul tau AZURASOFT echipat cu valva de comanda WS1CI (SUA). Iti multumim ca ne vizitezi si iti garantam cu nu ai putea face o alegere mai buna.<\/span><\/h2>\n<p><span style=\"font-size: 110%; font-family: tahoma, arial, helvetica, sans-serif; color: #282828;\"><strong>Modelul de dedurizator echipat cu valva WS1CI<\/strong>\u00a0(SUA) este unul dintre cele mai bune sisteme de imbunatatire a apei pentru case individuale. Apa din mediul nostru, devine in fiecare zi mai proasta, din ce in ce mai dura, ceea ce cauzeaza probleme in instalatii, probleme ce afecteaza orice echipament ce intra in contact cu apa. Aceste echipamente ce intra in contact cu apa (centrala termica, boiler, baterii de chiuveta, masina de spalat etc) vor avea nevoie din ce in ce mai des de mentenanta si service.<\/span><\/p>\n<p><span style=\"font-family: tahoma, arial, helvetica, sans-serif; font-size: 110%; color: #282828;\"><img decoding=\"async\" class=\"alignleft wp-image-22384\" src=\"https:\/\/azura.ro\/wp-content\/uploads\/2017\/02\/Dowex-Logo.jpg\" alt=\"\" width=\"229\" height=\"78\" srcset=\"https:\/\/azura.ro\/wp-content\/uploads\/2017\/02\/Dowex-Logo.jpg 384w, https:\/\/azura.ro\/wp-content\/uploads\/2017\/02\/Dowex-Logo-300x102.jpg 300w\" sizes=\"(max-width: 229px) 100vw, 229px\" \/>Dedurizatorul este construit cu rasina Dowex, cea mai buna rasina la nivel international (nu contine rasina China)!!!\u00a0<\/span><br \/>\n<span style=\"font-family: tahoma, arial, helvetica, sans-serif; font-size: 110%; color: #282828;\">Dedurizatorul are posibilitatea de reglare a duritatii reziduale. Asta inseamna ca are posibilitatea de reglare a duritatii in functie de dorinta clientului.<\/span><\/p>\n<p><span style=\"font-size: 110%; font-family: tahoma, arial, helvetica, sans-serif; color: #282828;\">Garantia \u201eMULTUMIRE DEPLINA\u201d = Garantia ca dedurizatorul AZURASOFT are efectul promis.<\/span><\/p>\n<p><span style=\"font-size: 110%; font-family: tahoma, arial, helvetica, sans-serif; color: #282828;\"><img decoding=\"async\" class=\"alignleft size-full wp-image-7307\" src=\"https:\/\/azura.ro\/wp-content\/uploads\/2016\/06\/Garantie-retur.png\" alt=\"\" width=\"156\" height=\"191\" \/>Dedurizatorul AZURASOFT functioneaza si de aceea oferim acest echipament cu GARANTIE DE RETURNARE DE 45 ZILE. Scopul acestui tip de garantie este unul singur, multumirea ta.<\/span><br \/>\n<span style=\"font-size: 110%; font-family: tahoma, arial, helvetica, sans-serif; color: #282828;\"> Noi garantam ca dedurizatorul AZURASOFT va functiona si pentru tine. Daca nu esti multumit dupa 45 de ZILE cu performantele sistemului, te rugam sa ne contactezi intr-o perioada de 30 zile dupa perioada de testare si utilizare. Daca nu putem rezolva problema ce te nemultumeste, banii pe echipament vor fi inapoiati in intregime dupa ce ne vei inapoia echipamentul. Nu vei plati nici macar costul de transport!\u00a0<\/span><\/p>\n<p><span style=\"font-size: 110%; font-family: tahoma, arial, helvetica, sans-serif; color: #282828;\">Prin utilizarea <strong>statiei de dedurizare cu valva WS1CI<\/strong>\u00a0(SUA), te vei bucura de urmatoarele beneficii:<\/span><\/p>\n<p><span style=\"font-size: 110%; font-family: tahoma, arial, helvetica, sans-serif; color: #282828;\">* Ahorro de energ\u00eda<\/span><br \/>\n<span style=\"font-size: 110%; font-family: tahoma, arial, helvetica, sans-serif; color: #282828;\"> * Una gran ducha diaria<\/span><br \/>\n<span style=\"font-size: 110%; font-family: tahoma, arial, helvetica, sans-serif; color: #282828;\"> * Piel fina y cabello suave<\/span><br \/>\n<span style=\"font-size: 110%; font-family: tahoma, arial, helvetica, sans-serif; color: #282828;\"> * Cresterea semnificativa a perioadei de mentenata si service pentru centrala de incalzire, boiler, masina de spalat, baterii chiuveta etc<\/span><br \/>\n<span style=\"font-size: 110%; font-family: tahoma, arial, helvetica, sans-serif; color: #282828;\"> * Ahorre dinero reduciendo el consumo de detergente<\/span><br \/>\n<span style=\"font-size: 110%; font-family: tahoma, arial, helvetica, sans-serif; color: #282828;\"> * Cost scazut de mentenanta pentru statia de dedurizare AZURASOFT<\/span><br \/>\n<span style=\"font-size: 110%; font-family: tahoma, arial, helvetica, sans-serif; color: #282828;\"> * Functionare complet automata<\/span><\/p>\n<p><span style=\"font-size: 110%; font-family: tahoma, arial, helvetica, sans-serif; color: #282828;\">Atentie: daca ai orice intrebare legata de utilizare sau de mentenanta cu privire la acest echipament, te rugam sa ne contactezi prin telefon sau email contact@azura.ro<\/span><\/p>\n<h3><span style=\"font-size: 110%; font-family: tahoma, arial, helvetica, sans-serif; color: #282828;\">Avantaje DEDURIZATOR AZURASOFT BI-BLOC WS1CI:<\/span><\/h3>\n<p><span style=\"font-size: 110%; font-family: tahoma, arial, helvetica, sans-serif; color: #282828;\">\u2022 Valva de comanda WS1CI fabricata din material Noryl (foarte rezistent la socuri si uzura)<\/span><br \/>\n<span style=\"font-size: 110%; font-family: tahoma, arial, helvetica, sans-serif; color: #282828;\"> \u2022 Memorie nevolatila de tip EEPROM<\/span><br \/>\n<span style=\"font-size: 110%; font-family: tahoma, arial, helvetica, sans-serif; color: #282828;\"> \u2022 Complet automat si cu afisaj digital<\/span><br \/>\n<span style=\"font-size: 110%; font-family: tahoma, arial, helvetica, sans-serif; color: #282828;\"> \u2022 Regenerare cu apa tratata<\/span><br \/>\n<span style=\"font-size: 110%; font-family: tahoma, arial, helvetica, sans-serif; color: #282828;\"> \u2022 Afisare pe display, ora exacta, zile ramase pana la regenerare, volum de apa ramas pana la regenerare, debit instantaneu, volum de apa dedurizata<\/span><br \/>\n<span style=\"font-size: 110%; font-family: tahoma, arial, helvetica, sans-serif; color: #282828;\"> \u2022 Rezervor de sare uscat sau umed, dupa cum se doreste<\/span><br \/>\n<span style=\"font-size: 110%; font-family: tahoma, arial, helvetica, sans-serif; color: #282828;\"> \u2022 Prepararea saramurii cu apa dedurizata<\/span><br \/>\n<span style=\"font-size: 110%; font-family: tahoma, arial, helvetica, sans-serif; color: #282828;\"> \u2022 Fara componente cu frecare mecanica, pozitionare optica a pistonului<\/span><br \/>\n<span style=\"font-size: 110%; font-family: tahoma, arial, helvetica, sans-serif; color: #282828;\"> \u2022 Baterie Litium cu back-up 8 ore (in cazul unei pene de curent)<\/span><br \/>\n<span style=\"font-size: 110%; font-family: tahoma, arial, helvetica, sans-serif; color: #282828;\"> \u2022 Consum redus de sare<\/span><br \/>\n<span style=\"font-size: 110%; font-family: tahoma, arial, helvetica, sans-serif; color: #282828;\"> \u2022 Consum redus de apa la regenerare<\/span><br \/>\n<span style=\"font-size: 110%; font-family: tahoma, arial, helvetica, sans-serif; color: #282828;\"> \u2022 Alarma lipsa sare<\/span><br \/>\n<span style=\"font-size: 110%; font-family: tahoma, arial, helvetica, sans-serif; color: #282828;\"> \u2022 Vas de sare inclus<\/span><\/p>\n<h3><span style=\"font-size: 110%; font-family: tahoma, arial, helvetica, sans-serif; color: #282828;\">Alegerea dedurizatorului AZURASOFT:<\/span><\/h3>\n<p><span style=\"font-size: 110%; font-family: tahoma, arial, helvetica, sans-serif; color: #282828;\">In cazul in care aveti nevoie de sfatul nostru cu privire la alegerea dedurizatorului in mod corect, va stam la dispozitie prin email si prin numarul de telefon afisat pe site. Vom fi incantati sa va indrumam catre cea mai buna alegere.<\/span><\/p>\n<p><span style=\"color: #282828; font-family: tahoma, arial, helvetica, sans-serif; font-size: 110%;\">Mai jos (acces prin link catre fisa tehnica) poti vedea modelele disponibile pentru care gasesti si preturi selectand modelul dorit de la \u201c<strong>Model dedurizator<\/strong>\u201d de langa butonul \u201cAdauga in cos\u201d. Pretul dedurizatorului se va schimba in functie de alegerea facuta. Fisa tehnica aici:\u00a0<a style=\"color: #282828;\" href=\"https:\/\/azura.ro\/wp-content\/uploads\/2014\/01\/CARACTERISTICI_TEHNICE_PENTRU_DEDURIZATOARELE_AZURASOFT_DIN_SERIA_BI-BLOC_WS1CI.pdf\" target=\"_blank\" rel=\"noopener noreferrer\">CARACTERISTICI TEHNICE PENTRU DEDURIZATOARELE AZURASOFT DIN SERIA BI-BLOC WS1CI<\/a><\/span><\/p>\n<p><span style=\"color: #282828; font-family: tahoma, arial, helvetica, sans-serif; font-size: 110%;\">NOTA:<\/span><br \/>\n<span style=\"color: #282828; font-family: tahoma, arial, helvetica, sans-serif; font-size: 110%;\">Pentru obtinerea unei duritati a apei sub 1\u00b0G, trebuie respectat debitul din tabel (vezi fisa tehnica). Totusi, valvele de comanda cu care sunt dotate dedurizatoarele din seria <a style=\"color: #282828;\" href=\"https:\/\/azura.ro\/wp-content\/uploads\/2014\/01\/CARACTERISTICI_TEHNICE_PENTRU_DEDURIZATOARELE_AZURASOFT_DIN_SERIA_BI-BLOC_WS1CI.pdf\" target=\"_blank\" rel=\"noopener noreferrer\">BI-BLOC WS1CI<\/a>, permit debite mult mai mari dupa cum urmeaza:<\/span><\/p>\n<p><span style=\"color: #282828; font-size: 110%; font-family: tahoma, arial, helvetica, sans-serif;\">&#8211; valva 1&#8243; permite un debit maxim de 6,12 m<sup>3<\/sup>\/h<\/span><br \/>\n<span style=\"color: #282828; font-size: 110%; font-family: tahoma, arial, helvetica, sans-serif;\"> &#8211; valva\u00a01\u00bc&#8221; permite un debit maxim de 7,7 m<sup>3<\/sup>\/h<\/span><\/p>\n<p><span style=\"font-size: 110%; font-family: tahoma, arial, helvetica, sans-serif; color: #282828;\">Pentru dedurizatoare cu minim 80 l rasina, este necesara o configurare speciala. la pretul afisat se va adauga 105 eur + TVA. Aceasta configurare este obligatorie, mai ales in zona comerciala si industriala.<\/span><\/p>\n<p><span style=\"font-family: tahoma, arial, helvetica, sans-serif; font-size: 110%; color: #282828;\">Detinem dedurizatoare pentru orice debit necesar. Pentru capacitati mai mari, va rugam sa contactati firma.<\/span><\/p>\n<h3><span style=\"font-size: 110%; font-family: tahoma, arial, helvetica, sans-serif; color: #282828;\">Instalare dedurizator AZURASOFT:<\/span><\/h3>\n<p><span style=\"font-size: 110%; font-family: tahoma, arial, helvetica, sans-serif; color: #282828;\">Dedurizatorul trebuie sa trateze toata apa ce intra in casa sau in cazul altor aplicatii, inainte de orice consumator. Se va monta pe conducta de apa rece, imediat dupa hidrofor sau pompa si inaintea centralei termice si a boilerului. Este indicat ca un filtru de sedimente sa se monteze inaintea dedurizatorului. Acest lucru va asigura linistea dvs si o functionare indelungata si fara probleme. Fara filtru de sedimente, exista riscul ca mizeria din apa sa infunde injectoarele si canalele prin care dedurizatorul isi face regenerarea. Nu este indicat sa utilizati apa dedurizata pentru udarea gradinii si a plantelor. Exista o anumita cantitate de sodiu in apa dedurizata ce poate afecta cresterea si dezvoltarea plantelor. Pentru acest lucru, la instalare, solicitati instalatorului sa va monteze un robinet inaintea dedurizatorului, de unde puteti conecta furtunul dvs. pentru udarea gradinii.<\/span><\/p>\n<h3><span style=\"font-size: 110%; font-family: tahoma, arial, helvetica, sans-serif; color: #282828;\">Montaj si punere in functiune dedurizator AZURASOFT:<\/span><\/h3>\n<p><span style=\"font-size: 110%; font-family: tahoma, arial, helvetica, sans-serif; color: #282828;\">La cererea clientului asiguram echipa de montaj si punere in functiune. In cazul in care clientul nostru doreste sa realizeze montajul personal sau cu instalator propriu, acest lucru este posibil. Echipa AZURA FILTERS ofera schema de montaj si carte tehnica in limba romana. In plus garantam asistenta tehnica prin telefon si prin email pana cand echipamentul este montat si functioneaza la parametrii optimi.<\/span><\/p>\n<p><span style=\"font-size: 110%; font-family: tahoma, arial, helvetica, sans-serif; color: #282828;\">*la punerea in functiune clientul trebuie sa asigure sare de tip pastile, minim 25 kg (un sac). Aceasta sare se gaseste in marile magazine de bricolaj dar si la alti comercianti. La cerere putem recomanda un furnizor de sare.<\/span><\/p>\n<h3><span style=\"font-size: 110%; font-family: tahoma, arial, helvetica, sans-serif; color: #282828;\">Bypass pentru izolarea statiei de dedurizare AZURASOFT:<\/span><\/h3>\n<p><span style=\"font-size: 110%; font-family: tahoma, arial, helvetica, sans-serif; color: #282828;\">Orice echipament pentru tratarea si filtrarea apei ar trebui sa aiba un bypass. La fel si statia de dedurizare. In cazul dedurizatoarelor cu valva WS1CI (sua), bypass-ul vine separat si il puteti comanda de pe site-ul nostru. Puteti vizualiza bypass-ul apasand pe accesorii in pagina curenta. Este foarte important sa existe un bypass, in cazul in care este necesara interventie de service. Acest bypass se poate realiza si de catre instalator cu trei robineti si teava pentru montaj.<\/span><\/p>\n<p><span style=\"font-size: 110%; font-family: tahoma, arial, helvetica, sans-serif; color: #282828;\">Conexi\u00f3n al desag\u00fce:<\/span><\/p>\n<p><span style=\"font-size: 110%; font-family: tahoma, arial, helvetica, sans-serif; color: #282828;\">El desag\u00fce del descalcificador deber\u00e1 estar, en la medida de lo posible, por debajo de su altura. La conexi\u00f3n debe hacerse a un desag\u00fce de 1\" como m\u00ednimo. La distancia m\u00e1xima entre el descalcificador y el desag\u00fce no ser\u00e1 superior a 6 metros.<\/span><\/p>\n<p><span style=\"font-size: 110%; font-family: tahoma, arial, helvetica, sans-serif; color: #282828;\">Ajuste de la dureza residual:<\/span><\/p>\n<p><span style=\"font-size: 110%; font-family: tahoma, arial, helvetica, sans-serif; color: #282828;\">Duritatea reziduala se refera la duritatea apei dupa ce aceasta a fost tratata si trecuta prin dedurizator. Poate nu doresti ca duritatea apei tale sa fie sub 1 grad german, ceea ce te face sa simti apa foarte moale. Producatorul nu recomanda o anumita duritate reziduala. Noi recomanda o duritate reziduala situata intre 3 &#8211; 6 grade germane. Daca doresti acest lucru, te rugam sa specifici echipei noastre si sa ne intrebi cum poti regla duritatea reziduala.<\/span><\/p>\n<p><span style=\"font-size: 110%; font-family: tahoma, arial, helvetica, sans-serif; color: #282828;\">Advertencias<\/span><\/p>\n<p><span style=\"font-size: 110%; font-family: tahoma, arial, helvetica, sans-serif; color: #282828;\">Dedurizatoarele cu valva WS1CI nu sunt sisteme de filtrare si potabilizare a apei cu scopul de a rezulta apa potabila. Daca apa ce necesita tratare cu sistemele noastre vine din reteaua publica de apa, atunci cu siguranta, calitatea acesteia va fi imbunatatita.<\/span><\/p>\n<p><span style=\"font-size: 110%; font-family: tahoma, arial, helvetica, sans-serif; color: #282828;\">Daca apa nu a fost tratata in prealabil si nu vine de la reteaua publica, sursa fiind de foraj sau ape de suprafata, atunci este necesar un buletin de analiza a apei din punct de vedere fizico-chimic si bacterian. Doar cunoscand toti parametrii apei se pot alege echipamentele potrivite pentru potabilizarea apei. Contacteaza-ne pentru un tratament adecvat apei tale!<\/span><\/p>\n<p><span style=\"font-size: 110%; font-family: tahoma, arial, helvetica, sans-serif; color: #282828;\">Otras advertencias:<\/span><\/p>\n<p><span style=\"font-size: 110%; font-family: tahoma, arial, helvetica, sans-serif; color: #282828;\">Nu utiliza dedurizatorul cu apa calda, mai ales la o temperatura de peste 36\u00b0C.<\/span><\/p>\n<p><span style=\"font-size: 110%; font-family: tahoma, arial, helvetica, sans-serif; color: #282828;\">Temperatura camerei de amplasare a dedurizatorului trebuie sa fie intre 4\u00b0C &#8211; 45\u00b0C.<\/span><\/p>\n<p><span style=\"font-size: 110%; font-family: tahoma, arial, helvetica, sans-serif; color: #282828;\">El sistema no debe instalarse en una habitaci\u00f3n h\u00fameda. Aseg\u00farese de que dispone de una ventilaci\u00f3n adecuada en la que no haya mucha humedad.<\/span><\/p>\n<p><span style=\"font-size: 110%; font-family: tahoma, arial, helvetica, sans-serif; color: #282828;\">Recomendaciones para el mantenimiento y la higienizaci\u00f3n:<\/span><\/p>\n<p><span style=\"font-size: 110%; font-family: tahoma, arial, helvetica, sans-serif; color: #282828;\">Comprobar los niveles de sal - mensualmente<\/span><br \/>\n<span style=\"font-size: 110%; font-family: tahoma, arial, helvetica, sans-serif; color: #282828;\"> Comprobar el nivel de dureza del agua en la entrada - mensualmente<\/span><br \/>\n<span style=\"font-size: 110%; font-family: tahoma, arial, helvetica, sans-serif; color: #282828;\"> Compruebe el nivel de dureza del agua en la salida de la estaci\u00f3n - mensualmente<\/span><br \/>\n<span style=\"font-size: 110%; font-family: tahoma, arial, helvetica, sans-serif; color: #282828;\"> Desinfecci\u00f3n - anualmente (por el equipo de servicio)<\/span><br \/>\n<span style=\"font-size: 110%; font-family: tahoma, arial, helvetica, sans-serif; color: #282828;\"> Limpieza anual del dep\u00f3sito de sal (recomendada por el servicio t\u00e9cnico)<\/span><br \/>\n<span style=\"font-size: 110%; font-family: tahoma, arial, helvetica, sans-serif; color: #282828;\"> Revisi\u00f3n t\u00e9cnica general - anualmente (por el equipo de servicio)<\/span><\/p>\n<p><span style=\"font-size: 110%; font-family: tahoma, arial, helvetica, sans-serif; color: #282828;\">\u00a1Atenci\u00f3n!<\/span><\/p>\n<p><span style=\"font-size: 110%; font-family: tahoma, arial, helvetica, sans-serif; color: #282828;\">Aumento del sodio en el agua<\/span><\/p>\n<p><span style=\"font-size: 110%; font-family: tahoma, arial, helvetica, sans-serif; color: #282828;\">Cel mai mult sodiu pe care-l consumam provine din hrana. Deoarece sare este un excelent conservant, este adaugata in hrana. Sodiul consumat o data cu apa este relativ mic in comparatie cu cel din hrana. Chiar daca este asa, este foarte important sa ai mereu in vedere ca dedurizatorul creste nivelul de sodiu din apa prin comparatie cu apa ce nu a fost tratata.<\/span><\/p>\n<p><span style=\"font-size: 110%; font-family: tahoma, arial, helvetica, sans-serif; color: #282828;\">Nivelul maxim reglementat de sodiu din apa este de 200 mg\/l (lege nr. 311 din 28 Iunie 2014 pentru modificarea si completarea legii nr. 4208\/2002 privind calitatea apei potabile). Este posibil ca in unele cazuri dedurizatorul sa adauge un nivel mai mare de sodiu decat cel reglementat. Daca se intampla acest lucru sau daca exista\u00a0 persoane care nu au voie sa consume sare, este bine sa se monteze la bucatarie, un filtru cu osmoza inversa.<\/span><\/p>\n<p><span style=\"font-size: 110%; font-family: tahoma, arial, helvetica, sans-serif; color: #282828;\">Puteti verifica pe site-ul nostru filtrele cu osmoza inversa.<\/span><\/p>\n<p><span style=\"font-size: 110%; font-family: tahoma, arial, helvetica, sans-serif; color: #282828;\">Garant\u00eda del descalcificador:<\/span><\/p>\n<p><span style=\"font-size: 110%; font-family: tahoma, arial, helvetica, sans-serif; color: #282828;\">Toate dedurizatoarele din seria AZURASOFT sunt acoperite de garantie timp de trei ani de zile impotriva oricarui defect de fabricatie.<\/span><\/p>\n<p><span style=\"font-size: 110%; font-family: tahoma, arial, helvetica, sans-serif; color: #282828;\">An\u00e1lisis de la dureza del agua:<\/span><\/p>\n<p><span style=\"font-size: 110%; font-family: tahoma, arial, helvetica, sans-serif; color: #282828;\">In cazul in care nu cunosti nivelul de duritate al apei tale, te rugam sa ne contactezi telefonic sau prin email. Daca este posibil ne vom deplasa la tine pentru a realiza un test de duritate iar daca distanta este prea mare, ne poti trimite 500 ml apa pentru a testa duritatea acesteia. In functie de rezultatul analizei si de alti parametri solicitati de noi, iti vom indica modelul de dedurizator potrivit.<\/span><\/p>","protected":false},"excerpt":{"rendered":"<p><span style=\"font-size: 100%; font-family: tahoma, arial, helvetica, sans-serif;\"><span style=\"color: #000000;\"><strong>DEDURIZATOR AZURASOFT BI-BLOC<\/strong>\u00a0\u2013 cu regenerare dupa volumul de apa consumat<\/span> <span style=\"color: #000000;\">(volum <\/span>+<span style=\"color: #000000;\"> timp)<\/span><\/span><\/p>\n<p><span style=\"font-size: 100%; font-family: tahoma, arial, helvetica, sans-serif;\"><span style=\"color: #000000;\"><strong>Dedurizatorul din seria AZURASOFT BI-BLOC\u00a0<\/strong>\u00a0este de tip DUBLU CORP, fiind destinat atat zonei rezidentiale cat si comerciale (fabrici de paine, productia de apa dedurizata<\/span> <span style=\"color: #000000;\">etc).<\/span><\/span><\/p>\n<p><a href=\"https:\/\/azura.ro\/es\/100-30-dias-de-garantia-de-devolucion\/\" target=\"_blank\" rel=\"noopener noreferrer\"><img decoding=\"async\" class=\"alignnone wp-image-7307\" src=\"https:\/\/azura.ro\/wp-content\/uploads\/2016\/06\/Garantie-retur.png\" alt=\"\" width=\"106\" height=\"100\" \/><\/a><a href=\"https:\/\/azura.ro\/es\/service\/\" target=\"_blank\" rel=\"noopener noreferrer\"><img decoding=\"async\" class=\"alignnone wp-image-7308\" src=\"https:\/\/azura.ro\/wp-content\/uploads\/2016\/06\/Service.png\" alt=\"\" width=\"106\" height=\"128\" \/><\/a><a href=\"https:\/\/azura.ro\/es\/3-anos-de-garantia\/\" target=\"_blank\" rel=\"noopener noreferrer\"><img decoding=\"async\" class=\"alignnone wp-image-12368\" src=\"https:\/\/azura.ro\/wp-content\/uploads\/2018\/08\/3-ani-garantie.png\" alt=\"\" width=\"106\" height=\"118\" \/><\/a><\/p>\n<p><a href=\"https:\/\/azura.ro\/es\/100-30-dias-de-garantia-de-devolucion\/\" target=\"_blank\" rel=\"noopener noreferrer\">Ofrecemos garant\u00eda de satisfacci\u00f3n con devoluci\u00f3n del dinero en 30 d\u00edas<\/a><br \/>\n<a href=\"https:\/\/azura.ro\/es\/service\/\" target=\"_blank\" rel=\"noopener noreferrer\">Ofrecemos servicio especializado en Ruman\u00eda \u00a1Cualquier problema t\u00e9cnico se resuelve en Ruman\u00eda!<\/a><br \/>\n<a href=\"https:\/\/azura.ro\/es\/3-anos-de-garantia\/\" target=\"_blank\" rel=\"noopener noreferrer\">Ofrecemos garant\u00eda contra defectos de fabricaci\u00f3n, 3 a\u00f1os de garant\u00eda<\/a><\/p>\n<p><span style=\"font-size: 85%;\" data-nosnippet=\"true\"><i>El precio de venta del AEE incluye el valor del coste del \"sello verde<u>seg\u00fan GEO 5\/2015<\/u><\/i><\/span><\/p>","protected":false},"featured_media":68700,"comment_status":"open","ping_status":"closed","template":"","meta":{"_seopress_robots_primary_cat":"none","_seopress_titles_title":"","_seopress_titles_desc":"Dedurizator volumetric proportional AZURASOFT - economie substantiala de sare!","_seopress_robots_index":""},"product_brand":[],"product_cat":[88],"product_tag":[783,1412,1413,1410,1409,397,1411,1414,301,402,1415,299],"class_list":{"0":"post-137","1":"product","2":"type-product","3":"status-publish","4":"has-post-thumbnail","6":"product_cat-dedurizatoare-volumetrice","7":"product_tag-azurasoft","8":"product_tag-cel-mai-bun-dedurizator","9":"product_tag-dedurizator-american","10":"product_tag-dedurizator-apa","11":"product_tag-dedurizator-azurasoft-bi-bloc","12":"product_tag-dedurizator-clack","13":"product_tag-dedurizator-cu-sare","14":"product_tag-dedurizator-sua","15":"product_tag-dedurizator-volum","16":"product_tag-dedurizator-volumetric","17":"product_tag-dedurizator-volumetric-proportional","18":"product_tag-statie-dedurizare","19":"pa_amplasare-conductaprincipala","20":"pa_brand-azura-filters","22":"first","23":"instock","24":"taxable","25":"shipping-taxable","26":"purchasable","27":"product-type-variable"},"_links":{"self":[{"href":"https:\/\/azura.ro\/es\/wp-json\/wp\/v2\/product\/137","targetHints":{"allow":["GET"]}}],"collection":[{"href":"https:\/\/azura.ro\/es\/wp-json\/wp\/v2\/product"}],"about":[{"href":"https:\/\/azura.ro\/es\/wp-json\/wp\/v2\/types\/product"}],"replies":[{"embeddable":true,"href":"https:\/\/azura.ro\/es\/wp-json\/wp\/v2\/comments?post=137"}],"wp:featuredmedia":[{"embeddable":true,"href":"https:\/\/azura.ro\/es\/wp-json\/wp\/v2\/media\/68700"}],"wp:attachment":[{"href":"https:\/\/azura.ro\/es\/wp-json\/wp\/v2\/media?parent=137"}],"wp:term":[{"taxonomy":"product_brand","embeddable":true,"href":"https:\/\/azura.ro\/es\/wp-json\/wp\/v2\/product_brand?post=137"},{"taxonomy":"product_cat","embeddable":true,"href":"https:\/\/azura.ro\/es\/wp-json\/wp\/v2\/product_cat?post=137"},{"taxonomy":"product_tag","embeddable":true,"href":"https:\/\/azura.ro\/es\/wp-json\/wp\/v2\/product_tag?post=137"}],"curies":[{"name":"wp","href":"https:\/\/api.w.org\/{rel}","templated":true}]}}