{"id":13733,"date":"2018-12-15T20:28:46","date_gmt":"2018-12-15T18:28:46","guid":{"rendered":"https:\/\/azura.ro\/?post_type=product&#038;p=13733"},"modified":"2024-04-08T13:33:02","modified_gmt":"2024-04-08T10:33:02","slug":"azurafilters-monobloc-estacion-de-filtracion-de-nitratos-ws1ci","status":"publish","type":"product","link":"https:\/\/azura.ro\/es\/produs\/statie-filtrare-nitrati-azurafilters-monobloc-ws1ci\/","title":{"rendered":"AZURAFILTERS MONOBLOC ESTACI\u00d3N DE FILTRACI\u00d3N DE NITRATOS WS1CI"},"content":{"rendered":"<h2><span style=\"font-size: 110%; font-family: tahoma, arial, helvetica, sans-serif; color: #000000;\">Bine ai venit pe pagina statiei de filtrare nitrati AZURAFILTERS MONOBLOC echipata cu valva de comanda WS1CI (SUA). Iti multumim ca ne vizitezi si iti garantam cu nu ai putea face o alegere mai buna.<\/span><\/h2>\n<p><span style=\"font-size: 110%; font-family: tahoma, arial, helvetica, sans-serif; color: #000000;\"><strong>Modelul statiei de filtrare nitrati, echipata cu valva WS1CI<\/strong>\u00a0(SUA) este una dintre cele mai bune sisteme de imbunatatire a apei pentru case individuale. Apa din mediul nostru, devine in fiecare zi mai proasta si mai contaminata. Pentru un consum de apa fara nitrati-azotati, este necesara o astfel de statie pentru filtrare.<\/span><\/p>\n<p><span style=\"font-size: 110%; font-family: tahoma, arial, helvetica, sans-serif; color: #000000;\">Garantizar \"<a href=\"https:\/\/azura.ro\/es\/agradecimiento-pleno\/\" target=\"_blank\" rel=\"noopener noreferrer\">AGRADECIMIENTO PLENO<\/a>\u201d = Garantia ca statia de filtrare nitrati AZURAFILTERS MONOBLOC are efectul promis.<\/span><\/p>\n<p><span style=\"font-family: tahoma, arial, helvetica, sans-serif; font-size: 110%; color: #000000;\"><a href=\"https:\/\/azura.ro\/es\/agradecimiento-pleno\/\" rel=\"attachment wp-att-13707\"><img decoding=\"async\" class=\"alignleft wp-image-13707\" src=\"https:\/\/azura.ro\/wp-content\/uploads\/2018\/12\/30-zile-garantie-retur.png\" alt=\"\" width=\"159\" height=\"159\" srcset=\"https:\/\/azura.ro\/wp-content\/uploads\/2018\/12\/30-zile-garantie-retur.png 300w, https:\/\/azura.ro\/wp-content\/uploads\/2018\/12\/30-zile-garantie-retur-247x247.png 247w, https:\/\/azura.ro\/wp-content\/uploads\/2018\/12\/30-zile-garantie-retur-100x100.png 100w, https:\/\/azura.ro\/wp-content\/uploads\/2018\/12\/30-zile-garantie-retur-150x150.png 150w\" sizes=\"(max-width: 159px) 100vw, 159px\" \/><\/a><\/span><\/p>\n<p><span style=\"font-size: 110%; font-family: tahoma, arial, helvetica, sans-serif; color: #000000;\">Statia de filtrare nitrati AZURAFILTERS functioneaza si de aceea oferim acest echipament cu GARANTIE DE RETURNARE DE 30 ZILE. Scopul acestui tip de garantie este unul singur, multumirea ta.<\/span><br \/>\n<span style=\"font-size: 110%; font-family: tahoma, arial, helvetica, sans-serif; color: #000000;\"> Noi garantam ca statia de filtrare nitrati AZURAFILTERS\u00a0va functiona si pentru tine. Daca nu esti multumit dupa 30 de ZILE cu performantele sistemului, te rugam sa ne contactezi intr-o perioada de 30 zile dupa perioada de testare si utilizare. Daca nu putem rezolva problema ce te nemultumeste, banii pe echipament vor fi inapoiati in intregime dupa ce ne vei inapoia echipamentul. Nu vei plati nici macar costul de transport!\u00a0<\/span><\/p>\n<p>&nbsp;<\/p>\n<h3><span style=\"font-size: 110%; font-family: tahoma, arial, helvetica, sans-serif; color: #000000;\">Prin utilizarea statiei de filtrare nitrati cu valva WS1CI\u00a0(SUA), te vei bucura de urmatoarele beneficii:<\/span><\/h3>\n<p><span style=\"font-size: 110%; font-family: tahoma, arial, helvetica, sans-serif; color: #000000;\"> * Apa fara nitrati-azotati in toata casa<\/span><br \/>\n<span style=\"font-size: 110%; font-family: tahoma, arial, helvetica, sans-serif; color: #000000;\"> * Cost scazut de mentenanta\u00a0<\/span><br \/>\n<span style=\"font-size: 110%; font-family: tahoma, arial, helvetica, sans-serif; color: #000000;\"> * Functioare complet automata<\/span><\/p>\n<p><span style=\"font-size: 110%; font-family: tahoma, arial, helvetica, sans-serif; color: #000000;\">Atentie: daca ai orice intrebare legata de utilizare sau de mentenanta cu privire la acest echipament, te rugam sa ne contactezi prin telefon sau email contact@azura.ro<\/span><\/p>\n<h3><span style=\"font-size: 110%; font-family: tahoma, arial, helvetica, sans-serif; color: #000000;\">Avantajele STATIEI DE FILTRARE NITRATI AZURAFILTERS MONOBLOC WS1CI:<\/span><\/h3>\n<p><span style=\"font-size: 110%; font-family: tahoma, arial, helvetica, sans-serif; color: #000000;\">\u2022 Valva de comanda WS1CI fabricata din material Noryl (foarte rezistent la socuri si uzura)<\/span><br \/>\n<span style=\"font-size: 110%; font-family: tahoma, arial, helvetica, sans-serif; color: #000000;\"> \u2022 Memorie nevolatila de tip EEPROM<\/span><br \/>\n<span style=\"font-size: 110%; font-family: tahoma, arial, helvetica, sans-serif; color: #000000;\"> \u2022 Complet automat si cu afisaj digital<\/span><br \/>\n<span style=\"font-size: 110%; font-family: tahoma, arial, helvetica, sans-serif; color: #000000;\"> \u2022 Afisare pe display, ora exacta, zile ramase pana la regenerare, volum de apa ramas pana la regenerare, debit instantaneu, volum de apa denitrificata<\/span><br \/>\n<span style=\"font-size: 110%; font-family: tahoma, arial, helvetica, sans-serif; color: #000000;\"> \u2022 Rezervor de sare uscat sau umed, dupa cum se doreste (recomandam rezervor umed)<\/span><br \/>\n<span style=\"font-size: 110%; font-family: tahoma, arial, helvetica, sans-serif; color: #000000;\"> \u2022 Fara componente cu frecare mecanica, pozitionare optica a pistonului<\/span><br \/>\n<span style=\"font-size: 110%; font-family: tahoma, arial, helvetica, sans-serif; color: #000000;\"> \u2022 Baterie Litium cu back-up 8 ore (in cazul unei pene de curent)<\/span><br \/>\n<span style=\"font-size: 110%; font-family: tahoma, arial, helvetica, sans-serif; color: #000000;\"> \u2022 Consum redus de sare<\/span><br \/>\n<span style=\"font-size: 110%; font-family: tahoma, arial, helvetica, sans-serif; color: #000000;\"> \u2022 Consum redus de apa la regenerare<\/span><br \/>\n<span style=\"font-size: 110%; font-family: tahoma, arial, helvetica, sans-serif; color: #000000;\"> \u2022 Alarma lipsa sare<\/span><br \/>\n<span style=\"font-size: 110%; font-family: tahoma, arial, helvetica, sans-serif; color: #000000;\"> \u2022 Vas de sare inclus<\/span><\/p>\n<h3><span style=\"font-size: 110%; font-family: tahoma, arial, helvetica, sans-serif; color: #000000;\">Alegerea statiei de filtrare nitrati AZURAFILTERS:<\/span><\/h3>\n<p><span style=\"font-size: 110%; font-family: tahoma, arial, helvetica, sans-serif; color: #000000;\">In cazul in care aveti nevoie de sfatul nostru cu privire la alegerea statiei de filtrare in mod corect, va stam la dispozitie prin email si prin numarul de telefon afisat pe site. Vom fi incantati sa va indrumam catre cea mai buna alegere.<\/span><\/p>\n<p><span style=\"font-family: tahoma, arial, helvetica, sans-serif; font-size: 110%;\">Mai jos (acces prin link catre fisa tehnica) poti vedea modelele disponibile pentru care gasesti si preturi selectand modelul dorit de la \u201c<strong>Model statie filtrare nitrati<\/strong>\u201d de langa butonul \u201cAdauga in cos\u201d. Pretul\u00a0 se va schimba in functie de alegerea facuta. Fisa tehnica aici:\u00a0<a href=\"https:\/\/azura.ro\/wp-content\/uploads\/2018\/12\/STATII_DE_FILTRARE_NITRATI_AZURAFILTERS_SERIA_MONOBLOC_WS1CI.pdf\" target=\"_blank\" rel=\"noopener noreferrer\"><span style=\"color: #00aae7;\">STATII DE FILTRARE NITRATI AZURAFILTERS SERIA MONOBLOC WS1CI<\/span><\/a><\/span><\/p>\n<p><span style=\"font-family: tahoma, arial, helvetica, sans-serif; font-size: 110%; color: #000000;\">Detinem statii de filtrare nitrati pentru orice debit necesar. Pentru capacitati mai mari, va rugam sa contactati firma.<\/span><\/p>\n<p><span style=\"font-size: 110%; font-family: tahoma, arial, helvetica, sans-serif; color: #000000;\"><strong>Instalare statie de filtrare AZURAFILTERS:<\/strong><\/span><\/p>\n<p><span style=\"font-size: 110%; font-family: tahoma, arial, helvetica, sans-serif; color: #000000;\">Statia de filtrare trebuie sa trateze toata apa ce intra in casa sau in cazul altor aplicatii, inainte de orice consumator. Se va monta pe conducta de apa rece, imediat dupa hidrofor sau pompa si inaintea centralei termice si a boilerului. Este indicat ca un filtru de sedimente sa se monteze inaintea statiei. Acest lucru va asigura linistea dvs. si o functionare indelungata si fara probleme. Fara filtru de sedimente, exista riscul ca mizeria din apa sa infunde injectoarele si canalele prin care statia isi face regenerarea. Nu este indicat sa utilizati apa denitrificata pentru udarea gradinii si a plantelor. Exista o anumita cantitate de sodiu in apa denitrificata ce poate afecta cresterea si dezvoltarea plantelor. Pentru acest lucru, la instalare, solicitati instalatorului sa va monteze un robinet inaintea statiei de filtrare, de unde puteti conecta furtunul dvs. pentru udarea gradinii.<\/span><\/p>\n<p><span style=\"font-size: 110%; font-family: tahoma, arial, helvetica, sans-serif; color: #000000;\"><strong>Montaj si punere in functiune statie de filtrare nitrati AZURAFILTERS:<\/strong><\/span><\/p>\n<p><span style=\"font-size: 110%; font-family: tahoma, arial, helvetica, sans-serif; color: #000000;\">La cererea clientului asiguram echipa de montaj si punere in functiune. In cazul in care clientul nostru doreste sa realizeze montajul personal sau cu instalator propriu, acest lucru este posibil. Echipa azura.ro ofera schema de montaj si carte tehnica in limba romana. In plus garantam asistenta tehnica prin telefon si prin email pana cand echipamentul este montat si functioneaza la parametrii optimi.<\/span><\/p>\n<p><span style=\"font-size: 110%; font-family: tahoma, arial, helvetica, sans-serif; color: #000000;\">*la punerea in functiune clientul trebuie sa asigure sare de tip pastile, minim 25 kg (un sac). Aceasta sare se gaseste in marile magazine de bricolaj dar si la alti comercianti. La cerere putem recomanda un furnizor de sare.<\/span><\/p>\n<p><span style=\"font-size: 110%; font-family: tahoma, arial, helvetica, sans-serif; color: #000000;\"><strong>Bypass pentru izolarea statiei de filtrare nitrati AZURAFILTERS:<\/strong><\/span><\/p>\n<p><span style=\"font-size: 110%; font-family: tahoma, arial, helvetica, sans-serif; color: #000000;\">Orice echipament pentru tratarea si filtrarea apei ar trebui sa aiba un bypass. La fel si statia de filtrare. In cazul statiilor de filtrare cu valva WS1CI (sua), bypass-ul vine separat si il puteti comanda de pe site-ul nostru. Puteti vizualiza bypass-ul apasand pe accesorii in pagina curenta. Este foarte important sa existe un bypass, in cazul in care este necesara interventie de service. Acest bypass se poate realiza si de catre instalator cu trei robineti si teava pentru montaj.<\/span><\/p>\n<p><span style=\"font-size: 110%; font-family: tahoma, arial, helvetica, sans-serif; color: #000000;\">Conexi\u00f3n al desag\u00fce:<\/span><\/p>\n<p><span style=\"font-size: 110%; font-family: tahoma, arial, helvetica, sans-serif; color: #000000;\">Drenajul pentru statia de filtrare nitrati va fi, atunci cand este posibil, sub nivelul inaltimii lui. Conectarea trebuie facuta la o scurgere de minim 1&#8243;. Distanta maxima intre statia de filtrare si scurgere nu trebuie sa fie mai mare de 6 metri.<\/span><\/p>\n<p><span style=\"font-size: 110%; font-family: tahoma, arial, helvetica, sans-serif;\"><span style=\"color: #000000;\">Advertencias<\/span><\/span><\/p>\n<p><span style=\"font-size: 110%; font-family: tahoma, arial, helvetica, sans-serif; color: #000000;\">Daca apa nu a fost tratata in prealabil si nu vine de la reteaua publica, sursa fiind de foraj sau ape de suprafata, atunci este necesar un buletin de analiza a apei din punct de vedere fizico-chimic si bacterian. Doar cunoscand toti parametrii apei se pot alege echipamentele potrivite pentru potabilizarea apei. Contacteaza-ne pentru un tratament adecvat apei tale!<\/span><\/p>\n<p><span style=\"font-size: 110%; font-family: tahoma, arial, helvetica, sans-serif; color: #000000;\">Otras advertencias:<\/span><\/p>\n<p><span style=\"font-size: 110%; font-family: tahoma, arial, helvetica, sans-serif; color: #000000;\">Nu utiliza statia de filtrare nitrati cu apa calda, mai ales la o temperatura de peste 36\u00b0C.<\/span><\/p>\n<p><span style=\"font-size: 110%; font-family: tahoma, arial, helvetica, sans-serif; color: #000000;\">Temperatura camerei de amplasare a statiei de filtrare nitrati trebuie sa fie intre 4\u00b0C &#8211; 45\u00b0C.<\/span><\/p>\n<p><span style=\"font-size: 110%; font-family: tahoma, arial, helvetica, sans-serif; color: #000000;\">El sistema no debe instalarse en una habitaci\u00f3n h\u00fameda. Aseg\u00farese de que dispone de una ventilaci\u00f3n adecuada en la que no haya mucha humedad.<\/span><\/p>\n<p><span style=\"font-size: 110%; font-family: tahoma, arial, helvetica, sans-serif; color: #000000;\">Presiune de lucru: 2,2 &#8211; 6,3 bar<\/span><\/p>\n<p><span style=\"font-size: 110%; font-family: tahoma, arial, helvetica, sans-serif; color: #000000;\">Recomendaciones para el mantenimiento y la higienizaci\u00f3n:<\/span><\/p>\n<p><span style=\"font-size: 110%; font-family: tahoma, arial, helvetica, sans-serif; color: #000000;\">Comprobar los niveles de sal - mensualmente<\/span><br \/>\n<span style=\"font-size: 110%; font-family: tahoma, arial, helvetica, sans-serif; color: #000000;\">Desinfecci\u00f3n - anualmente (por el equipo de servicio)<\/span><br \/>\n<span style=\"font-size: 110%; font-family: tahoma, arial, helvetica, sans-serif; color: #000000;\"> Limpieza anual del dep\u00f3sito de sal (recomendada por el servicio t\u00e9cnico)<\/span><br \/>\n<span style=\"font-size: 110%; font-family: tahoma, arial, helvetica, sans-serif; color: #000000;\"> Revisi\u00f3n t\u00e9cnica general - anualmente (por el equipo de servicio)<\/span><\/p>\n<p>&nbsp;<\/p>\n<p><span style=\"font-size: 110%; font-family: tahoma, arial, helvetica, sans-serif; color: #000000;\">Garantie statie filtrare nitrati AZURAFILTERS:<\/span><\/p>\n<p><span style=\"font-size: 110%; font-family: tahoma, arial, helvetica, sans-serif;\"><span style=\"color: #000000;\">Toate statiile de filtrare nitrati AZURAFILTERS au 3 ani garantie impotriva defectelor de fabricatie.<\/span><\/span><\/p>\n<p><span style=\"font-size: 110%; font-family: tahoma, arial, helvetica, sans-serif;\"><span style=\"color: #000000;\">Mai multe despre nitrati, aici<\/span>: <a href=\"https:\/\/ro.wikipedia.org\/wiki\/Nitra%C8%9Bii_%C3%AEn_ap%C4%83\" target=\"_blank\" rel=\"noopener noreferrer\">Nitratii in apa<\/a><\/span><\/p>\n<p>&nbsp;<\/p>","protected":false},"excerpt":{"rendered":"<p><span style=\"font-size: 100%; font-family: tahoma, arial, helvetica, sans-serif;\"><span style=\"color: #000000;\"><strong>Statie filtrare nitrati AZURAFILTERS WS1CI MONOBLOC &#8211; SUA<\/strong>\u00a0\u2013 cu regenerare dupa volumul de apa consumat<\/span> <span style=\"color: #000000;\">(volum <\/span>+<span style=\"color: #000000;\"> timp),\u00a0fiind destinat atat zonei rezidentiale cat si comerciale (fabrici de paine, productie alimentara etc).<\/span><\/span><\/p>\n<p><a href=\"https:\/\/azura.ro\/es\/100-30-dias-de-garantia-de-devolucion\/\" rel=\"attachment wp-att-7307\"><img decoding=\"async\" class=\"alignnone wp-image-7307\" src=\"https:\/\/azura.ro\/wp-content\/uploads\/2016\/06\/Garantie-retur.png\" alt=\"\" width=\"92\" height=\"102\" \/><\/a><a href=\"https:\/\/azura.ro\/es\/service\/\" rel=\"attachment wp-att-7308\"><img decoding=\"async\" class=\"alignnone wp-image-7308\" src=\"https:\/\/azura.ro\/wp-content\/uploads\/2016\/06\/Service.png\" alt=\"\" width=\"97\" height=\"97\" srcset=\"https:\/\/azura.ro\/wp-content\/uploads\/2016\/06\/Service.png 189w, https:\/\/azura.ro\/wp-content\/uploads\/2016\/06\/Service-100x100.png 100w, https:\/\/azura.ro\/wp-content\/uploads\/2016\/06\/Service-150x150.png 150w\" sizes=\"(max-width: 97px) 100vw, 97px\" \/><\/a><a href=\"https:\/\/azura.ro\/es\/3-anos-de-garantia\/\" rel=\"attachment wp-att-12368\"><img decoding=\"async\" class=\"alignnone wp-image-12368\" src=\"https:\/\/azura.ro\/wp-content\/uploads\/2018\/08\/3-ani-garantie.png\" alt=\"\" width=\"93\" height=\"126\" \/><\/a><\/p>\n<p><a href=\"https:\/\/azura.ro\/es\/100-30-dias-de-garantia-de-devolucion\/\" target=\"_blank\" rel=\"noopener noreferrer\">Ofrecemos garant\u00eda de satisfacci\u00f3n con pol\u00edtica de devoluci\u00f3n de 30 d\u00edas;<\/a><br \/>\n<a href=\"https:\/\/azura.ro\/es\/service\/\" target=\"_blank\" rel=\"noopener noreferrer\">Ofrecemos servicio especializado en Ruman\u00eda \u00a1Cualquier problema t\u00e9cnico se resuelve en Ruman\u00eda!<\/a><a href=\"https:\/\/azura.ro\/es\/service\/\" target=\"_blank\" rel=\"noopener noreferrer\"><br \/>\n<\/a><a href=\"https:\/\/azura.ro\/es\/3-anos-de-garantia\/\" target=\"_blank\" rel=\"noopener noreferrer\">Ofrecemos garant\u00eda contra defectos de fabricaci\u00f3n, 3 a\u00f1os de garant\u00eda<\/a><a href=\"https:\/\/azura.ro\/es\/5-anos-de-garantia\/\" target=\"_blank\" rel=\"noopener noreferrer\">;<\/a><\/p>\n<p><span style=\"font-size: 85%;\" data-nosnippet=\"true\"><i>El precio de venta del AEE incluye el valor del coste del \"sello verde<u>seg\u00fan GEO 5\/2015<\/u><\/i><\/span><\/p>","protected":false},"featured_media":69134,"comment_status":"open","ping_status":"closed","template":"","meta":{"_seopress_robots_primary_cat":"none","_seopress_titles_title":"","_seopress_titles_desc":"Statie filtrare nitrati AZURAFILTERS WS1CI - apa fara nitrati in casa ta. Apa fara nitrati pentru productie! Calitate SUA! Consultanta - instalare - PIF!","_seopress_robots_index":""},"product_brand":[],"product_cat":[51],"product_tag":[1035,1039,1038,1037,1036,1034],"class_list":{"0":"post-13733","1":"product","2":"type-product","3":"status-publish","4":"has-post-thumbnail","6":"product_cat-filtre-nitrati","7":"product_tag-azotati","8":"product_tag-azurafilters","9":"product_tag-denitrificare","10":"product_tag-filtrare-azotati","11":"product_tag-filtrare-nitrati","12":"product_tag-nitrati","13":"pa_amplasare-conductaprincipala","14":"pa_brand-azura-filters","16":"first","17":"instock","18":"taxable","19":"shipping-taxable","20":"purchasable","21":"product-type-variable"},"_links":{"self":[{"href":"https:\/\/azura.ro\/es\/wp-json\/wp\/v2\/product\/13733","targetHints":{"allow":["GET"]}}],"collection":[{"href":"https:\/\/azura.ro\/es\/wp-json\/wp\/v2\/product"}],"about":[{"href":"https:\/\/azura.ro\/es\/wp-json\/wp\/v2\/types\/product"}],"replies":[{"embeddable":true,"href":"https:\/\/azura.ro\/es\/wp-json\/wp\/v2\/comments?post=13733"}],"wp:featuredmedia":[{"embeddable":true,"href":"https:\/\/azura.ro\/es\/wp-json\/wp\/v2\/media\/69134"}],"wp:attachment":[{"href":"https:\/\/azura.ro\/es\/wp-json\/wp\/v2\/media?parent=13733"}],"wp:term":[{"taxonomy":"product_brand","embeddable":true,"href":"https:\/\/azura.ro\/es\/wp-json\/wp\/v2\/product_brand?post=13733"},{"taxonomy":"product_cat","embeddable":true,"href":"https:\/\/azura.ro\/es\/wp-json\/wp\/v2\/product_cat?post=13733"},{"taxonomy":"product_tag","embeddable":true,"href":"https:\/\/azura.ro\/es\/wp-json\/wp\/v2\/product_tag?post=13733"}],"curies":[{"name":"wp","href":"https:\/\/api.w.org\/{rel}","templated":true}]}}