{"id":13796,"date":"2018-12-16T16:54:54","date_gmt":"2018-12-16T14:54:54","guid":{"rendered":"https:\/\/azura.ro\/?post_type=product&#038;p=13796"},"modified":"2026-05-14T10:59:45","modified_gmt":"2026-05-14T07:59:45","slug":"clorador-automatico-de-dosificacion-proporcional-atam2","status":"publish","type":"product","link":"https:\/\/azura.ro\/es\/produs\/clorinator-automat-dozare-proportionala-atam2\/","title":{"rendered":"CLORADOR AUTOM\u00c1TICO DE DOSIFICACI\u00d3N PROPORCIONAL ATAM2"},"content":{"rendered":"<h2><span style=\"font-size: 110%; font-family: tahoma, arial, helvetica, sans-serif; color: #333333;\">Clorinator automat cu dozare proportionala (in functie de consumul de apa), pentru dezinfectia apei, eliminarea mirosurilor cauzate de bacteriile dezvoltate in boilere\/centrale termice\/instalatii, oxidare fier si mangan etc. <\/span><\/h2>\n<p><span style=\"font-size: 110%; font-family: tahoma, arial, helvetica, sans-serif; color: #333333;\">Cu acest clorinator, eliminati riscul pentru dezvoltarea bacteriilor legionella, din boilere si instalatiile de apa calda. Vezi articol: <a href=\"https:\/\/azura.ro\/es\/problemele-apei\/cum-tratam-apa-contaminata-cu-legionella\/\" target=\"_blank\" rel=\"noopener\">Cum eliminam legionella din apa?<\/a><\/span><\/p>\n<p><span style=\"font-size: 110%; font-family: tahoma, arial, helvetica, sans-serif; color: #333333;\">Clorinatorul vine cu kit de instalare complet: pompa dozatoare (unitatea principala), vas de 3 litri pentru clor, debitmetru cu impuls pentru conectarea cu pompa, emitator REED (cablu de date) pentru conectarea dintre pompa si debitmetru, valva de injectie, furtun de aspirare si refulare, sorb filtru, sonda de nivel (nivelul de clor din vas).<\/span><\/p>\n<p><span style=\"font-size: 110%; font-family: tahoma, arial, helvetica, sans-serif; color: #333333;\">Clorinatorul automat ATAM2, contine tot ceea ce este necesar pentru a functiona. In cazul in care doriti, tehnicienii nostri pot asambla toate piesele piesele pentru ca dvs, sa nu va bateti capul cu acest aspect. Putem chiar seta pompa pentru dozarea corecta a cantitatii de clor. Trebuie doar sa ne solicitati acest lucru. Acest serviciu este gratuit!<\/span><\/p>\n<p><span style=\"font-size: 110%; font-family: tahoma, arial, helvetica, sans-serif; color: #333333;\">Acest clorinator functioneaza cu orice tip de clor, inclusiv cu cel din comert: <a style=\"color: #333333;\" href=\"https:\/\/www.google.com\/search?q=clor+lichid+de+cumparat&amp;source=lnms&amp;sa=X&amp;ved=0ahUKEwjWyJubw6TfAhWBpYsKHRbRBYAQ_AUICSgA&amp;biw=1366&amp;bih=608&amp;dpr=1\" target=\"_blank\" rel=\"noopener noreferrer\">Clor lichid<\/a><\/span><\/p>\n<p><span style=\"font-family: tahoma, arial, helvetica, sans-serif; font-size: 110%; color: #333333;\"><a style=\"color: #333333;\" href=\"https:\/\/azura.ro\/es\/agradecimiento-pleno\/\" rel=\"attachment wp-att-13707\"><img decoding=\"async\" class=\"alignleft wp-image-13707\" src=\"https:\/\/azura.ro\/wp-content\/uploads\/2018\/12\/30-zile-garantie-retur.png\" alt=\"\" width=\"159\" height=\"159\" srcset=\"https:\/\/azura.ro\/wp-content\/uploads\/2018\/12\/30-zile-garantie-retur.png 300w, https:\/\/azura.ro\/wp-content\/uploads\/2018\/12\/30-zile-garantie-retur-247x247.png 247w, https:\/\/azura.ro\/wp-content\/uploads\/2018\/12\/30-zile-garantie-retur-100x100.png 100w, https:\/\/azura.ro\/wp-content\/uploads\/2018\/12\/30-zile-garantie-retur-150x150.png 150w\" sizes=\"(max-width: 159px) 100vw, 159px\" \/><\/a><\/span><\/p>\n<p><span style=\"font-size: 110%; font-family: tahoma, arial, helvetica, sans-serif; color: #333333;\">Clorinatorul automat functioneaza si de aceea oferim acest echipament cu GARANTIE DE RETURNARE DE 30 ZILE. Scopul acestui tip de garantie este unul singur, multumirea ta.<\/span><br \/>\n<span style=\"font-size: 110%; font-family: tahoma, arial, helvetica, sans-serif; color: #333333;\"> Noi garantam ca acest clorinator va functiona si pentru tine. Daca nu esti multumit dupa 30 de ZILE cu performantele sistemului, te rugam sa ne contactezi intr-o perioada de 30 zile dupa perioada de testare si utilizare. Daca nu putem rezolva problema ce te nemultumeste, banii pe echipament vor fi inapoiati in intregime dupa ce ne vei inapoia echipamentul. Nu vei plati nici macar costul de transport!\u00a0<\/span><\/p>\n<p><span style=\"font-size: 110%; font-family: tahoma, arial, helvetica, sans-serif; color: #333333;\">Variante model clorinator:<\/span><\/p>\n<p><span style=\"font-size: 110%; font-family: tahoma, arial, helvetica, sans-serif; color: #333333;\">ATAM2 &#8211;\u00a0Deb-1\/2-1 &#8211; ceea ce inseamna cu conexiuni de 1\/2&#8221; &#8211; debit maxim 3 m3\/h<\/span><br \/>\n<span style=\"font-size: 110%; font-family: tahoma, arial, helvetica, sans-serif; color: #333333;\">ATAM2 &#8211; Deb-3\/4-10 &#8211;\u00a0 ceea ce inseamna cu conexiuni de 3\/4&#8221; &#8211; debit maxim 5 m3\/h<\/span><br \/>\n<span style=\"font-size: 110%; font-family: tahoma, arial, helvetica, sans-serif; color: #333333;\">ATAM2 &#8211;\u00a0Deb-1-10 &#8211;\u00a0 ceea ce inseamna cu conexiuni de 1&#8243; &#8211; debit maxim 7 m3\/h<\/span><\/p>\n<p><span style=\"font-size: 110%; font-family: tahoma, arial, helvetica, sans-serif; color: #333333;\">Avem sisteme de dozare pentru debite mult mai mari si cu vase de clor mult mai mari. Pentru oferta este necesar sa ne contactati!<\/span><\/p>\n<p><span style=\"font-size: 110%; font-family: tahoma, arial, helvetica, sans-serif; color: #333333;\">Nu stii ce varianta iti este necesara? Intreaba-ne: <a style=\"color: #333333;\" href=\"https:\/\/azura.ro\/es\/pongase-en-contacto-con\/\" target=\"_blank\" rel=\"noopener noreferrer\">P\u00f3ngase en contacto con<\/a>\u00a0Oferim consultanta specializata!<\/span><\/p>\n<p><span style=\"font-size: 110%; font-family: tahoma, arial, helvetica, sans-serif; color: #333333;\">Alte informatii tehnice:<\/span><\/p>\n<p><span style=\"font-size: 110%; font-family: tahoma, arial, helvetica, sans-serif; color: #333333;\"><strong>Date tehnice pompa dozatoare:<\/strong><\/span><\/p>\n<p><span style=\"font-size: 110%; font-family: tahoma, arial, helvetica, sans-serif; color: #333333;\"> * \u00a0Debit l\/h: 3 la presiune 12 bar, volum dozaj 0.31 ml\/implus<br \/>\n* \u00a0Debit l\/h: 4 la presiune 10 bar, volum dozaj 0.42 ml\/implus<br \/>\n* \u00a0Debit l\/h: 5 la presiune 8 bar, volum dozaj 0.52 ml\/implus<br \/>\n* \u00a0Debit l\/h: 8 la presiune 2 bar, volum dozaj 0.82 ml\/implus\u00a0<\/span><\/p>\n<p><span style=\"font-size: 110%; font-family: tahoma, arial, helvetica, sans-serif; color: #333333;\"> * \u00a0Impulsuri minut: 160<\/span><br \/>\n<span style=\"font-size: 110%; font-family: tahoma, arial, helvetica, sans-serif; color: #333333;\"> * \u00a0Dimensiuni unitate pompa: 90,5x92x135,5 mm<\/span><br \/>\n<span style=\"font-size: 110%; font-family: tahoma, arial, helvetica, sans-serif; color: #333333;\"> * \u00a0Greutate: 4 kg<\/span><br \/>\n<span style=\"font-family: tahoma, arial, helvetica, sans-serif; font-size: 110%; color: #333333;\"> * \u00a0Protectie: IP 65<\/span><br \/>\n<span style=\"font-family: tahoma, arial, helvetica, sans-serif; font-size: 110%; color: #333333;\"> * \u00a0Materialul carcasei: plastic antiacid<\/span><br \/>\n<span style=\"font-family: tahoma, arial, helvetica, sans-serif; font-size: 110%; color: #333333;\"> * \u00a0Alimentare cu electricitate: 230 V\/50 Hz<\/span><\/p>\n<p><span style=\"font-size: 110%; font-family: tahoma, arial, helvetica, sans-serif; color: #333333;\">Instalare:<\/span><\/p>\n<p><span style=\"font-size: 110%; font-family: tahoma, arial, helvetica, sans-serif; color: #333333;\">In fata debitmetrului cu impuls, se va instala un filtru pentru sedimente cu sita sau cu polipropilena. Daca nisipul\/malul\/rugina ajung in debitmetru, il poate bloca sau defecta. Acest lucru nu este acoperit de garantie!<\/span><\/p>\n<p><span style=\"font-size: 110%; font-family: tahoma, arial, helvetica, sans-serif;\">Clorinatorul automat va fi asamblat de noi si setat de noi, inainte de livrare. Mai multe explicatii in video-ul de mai jos:<\/span><\/p>\n<p><iframe loading=\"lazy\" title=\"Instalare Clorinator Automat Dozare Proportionala Pentru Case\" width=\"1020\" height=\"574\" src=\"https:\/\/www.youtube.com\/embed\/oNnQT7-eAIQ?feature=oembed\" frameborder=\"0\" allow=\"accelerometer; autoplay; clipboard-write; encrypted-media; gyroscope; picture-in-picture; web-share\" referrerpolicy=\"strict-origin-when-cross-origin\" allowfullscreen><\/iframe><\/p>\n<p><span style=\"font-size: 110%; font-family: tahoma, arial, helvetica, sans-serif; color: #333333;\">Garantie: 3 ani pentru persoane fizice si 2 ani pentru firme.<\/span><\/p>\n<p><span style=\"font-size: 110%; font-family: tahoma, arial, helvetica, sans-serif; color: #333333;\">Produs in Italia<\/span><\/p>\n<p>&nbsp;<\/p>","protected":false},"excerpt":{"rendered":"<p><a href=\"https:\/\/azura.ro\/es\/100-30-dias-de-garantia-de-devolucion\/\" rel=\"attachment wp-att-7307\"><img decoding=\"async\" class=\"alignnone wp-image-7307\" src=\"https:\/\/azura.ro\/wp-content\/uploads\/2016\/06\/Garantie-retur.png\" alt=\"\" width=\"108\" height=\"133\" \/><\/a><a href=\"https:\/\/azura.ro\/es\/service\/\" rel=\"attachment wp-att-7308\"><img decoding=\"async\" class=\"alignnone wp-image-7308\" src=\"https:\/\/azura.ro\/wp-content\/uploads\/2016\/06\/Service.png\" alt=\"\" width=\"134\" height=\"134\" srcset=\"https:\/\/azura.ro\/wp-content\/uploads\/2016\/06\/Service.png 189w, https:\/\/azura.ro\/wp-content\/uploads\/2016\/06\/Service-100x100.png 100w, https:\/\/azura.ro\/wp-content\/uploads\/2016\/06\/Service-150x150.png 150w\" sizes=\"(max-width: 134px) 100vw, 134px\" \/><\/a><a href=\"https:\/\/azura.ro\/es\/3-anos-de-garantia\/\" rel=\"attachment wp-att-12368\"><img decoding=\"async\" class=\"alignnone wp-image-12368\" src=\"https:\/\/azura.ro\/wp-content\/uploads\/2018\/08\/3-ani-garantie.png\" alt=\"\" width=\"107\" height=\"136\" \/><\/a><\/p>\n<p><a href=\"https:\/\/azura.ro\/es\/100-30-dias-de-garantia-de-devolucion\/\" target=\"_blank\" rel=\"noopener noreferrer\">Ofrecemos garant\u00eda de satisfacci\u00f3n con pol\u00edtica de devoluci\u00f3n de 30 d\u00edas;<\/a><br \/>\n<a href=\"https:\/\/azura.ro\/es\/service\/\" target=\"_blank\" rel=\"noopener noreferrer\">Ofrecemos servicio especializado en Ruman\u00eda \u00a1Cualquier problema t\u00e9cnico se resuelve en Ruman\u00eda!<\/a><a href=\"https:\/\/azura.ro\/es\/service\/\" target=\"_blank\" rel=\"noopener noreferrer\"><br \/>\n<\/a><a href=\"https:\/\/azura.ro\/es\/3-anos-de-garantia\/\" target=\"_blank\" rel=\"noopener noreferrer\">Ofrecemos garant\u00eda contra defectos de fabricaci\u00f3n, 3 a\u00f1os de garant\u00eda<\/a><a href=\"https:\/\/azura.ro\/es\/5-anos-de-garantia\/\" target=\"_blank\" rel=\"noopener noreferrer\">;<\/a><\/p>\n<p><span style=\"font-size: 85%;\" data-nosnippet=\"true\"><i>El precio de venta del AEE incluye el valor del coste del \"sello verde<u>seg\u00fan GEO 5\/2015<\/u><\/i><\/span><\/p>","protected":false},"featured_media":68167,"comment_status":"open","ping_status":"closed","template":"","meta":{"_seopress_robots_primary_cat":"none","_seopress_titles_title":"","_seopress_titles_desc":"Clorinatorul automat ATAM2, contine tot ceea ce este necesar pentru a functiona. In cazul in care doriti, tehnicienii nostri pot asambla toate piesele..","_seopress_robots_index":""},"product_brand":[],"product_cat":[127],"product_tag":[1047,1048],"class_list":{"0":"post-13796","1":"product","2":"type-product","3":"status-publish","4":"has-post-thumbnail","6":"product_cat-dozare-chimicale","7":"product_tag-clorinator","8":"product_tag-clorinator-automat","9":"pa_amplasare-conductaprincipala","10":"pa_brand-injecta","12":"first","13":"instock","14":"taxable","15":"shipping-taxable","16":"purchasable","17":"product-type-variable","18":"has-default-attributes"},"_links":{"self":[{"href":"https:\/\/azura.ro\/es\/wp-json\/wp\/v2\/product\/13796","targetHints":{"allow":["GET"]}}],"collection":[{"href":"https:\/\/azura.ro\/es\/wp-json\/wp\/v2\/product"}],"about":[{"href":"https:\/\/azura.ro\/es\/wp-json\/wp\/v2\/types\/product"}],"replies":[{"embeddable":true,"href":"https:\/\/azura.ro\/es\/wp-json\/wp\/v2\/comments?post=13796"}],"wp:featuredmedia":[{"embeddable":true,"href":"https:\/\/azura.ro\/es\/wp-json\/wp\/v2\/media\/68167"}],"wp:attachment":[{"href":"https:\/\/azura.ro\/es\/wp-json\/wp\/v2\/media?parent=13796"}],"wp:term":[{"taxonomy":"product_brand","embeddable":true,"href":"https:\/\/azura.ro\/es\/wp-json\/wp\/v2\/product_brand?post=13796"},{"taxonomy":"product_cat","embeddable":true,"href":"https:\/\/azura.ro\/es\/wp-json\/wp\/v2\/product_cat?post=13796"},{"taxonomy":"product_tag","embeddable":true,"href":"https:\/\/azura.ro\/es\/wp-json\/wp\/v2\/product_tag?post=13796"}],"curies":[{"name":"wp","href":"https:\/\/api.w.org\/{rel}","templated":true}]}}