{"id":13895,"date":"2018-12-26T21:13:17","date_gmt":"2018-12-26T19:13:17","guid":{"rendered":"https:\/\/azura.ro\/?post_type=product&#038;p=13895"},"modified":"2025-08-04T19:23:28","modified_gmt":"2025-08-04T16:23:28","slug":"spike-defense-10a-aparat-protectie-socuri-electrice-si-paraziti-retea","status":"publish","type":"product","link":"https:\/\/azura.ro\/es\/produs\/spike-defense-10a-aparat-protectie-socuri-electrice-si-paraziti-retea\/","title":{"rendered":"Spike Defense 10A: protecci\u00f3n contra descargas el\u00e9ctricas y par\u00e1sitos de la red"},"content":{"rendered":"<p><span style=\"font-family: tahoma, arial, helvetica, sans-serif; font-size: 110%; color: #000000;\">Spike Defense 10A este un aparat de tip plug and play, pentru protectia echipamentelor electronice impotriva socurilor electrice si a parazitiilor din reteaua electrica provocati de diferite echipamente electrice \u2013 220 V curent alternativ.<\/span><\/p>\n<p><span style=\"font-family: tahoma, arial, helvetica, sans-serif; font-size: 110%; color: #000000;\">Spike Defense 10A nu este acelasi lucru cu stabilizatoarele de tensiune. Un stabilizator de tensiune, regleaza tensiunea de alimentare dar nu poate proteja un alt aparat impotriva socurilor electrice (varfuri de inalta si joasa tensiune) si nici nu protejeaza impotriva parazitilor electrici.<\/span><\/p>\n<p><span style=\"font-family: tahoma, arial, helvetica, sans-serif; font-size: 110%; color: #000000;\">Aparatul Spike Defense 10A a fost proiectat si construit pentru a proteja echipamente electronice si aparataje electrice ce echipeaza sisteme de filtrare a apei de tipul: statii de dedurizare, statii de filtrare, sterilizatoare cu UV, pompe dozatoare, ionizatoare de apa, sisteme de osmoza inversa. Aparatul poate fi folosit si pentru protectia altor tipuri de echipamentele electronice sau electrice.<\/span><\/p>\n<p><span style=\"font-family: tahoma, arial, helvetica, sans-serif; font-size: 110%; color: #000000;\">Prin adaugarea unei triple sau a unui prelungitor cu prize multiple, se pot proteja mai multe aparate in acelasi timp cu conditia ca sarcina sa nu depaseasca puterea maxima de 10A.<\/span><\/p>\n<p><span style=\"font-family: tahoma, arial, helvetica, sans-serif; font-size: 110%; color: #000000;\"><strong>\u00a1Atenci\u00f3n!<\/strong> Nu utilizati aparatul Spike Defense 10A pentru pompe de tip hidrofor, pentru masini de spalat sau alti consumatori mari. Nu a fost proiectat pentru asa ceva. Consultati mai intai puterea aparatului pe care vreti sa-l protejati si verificati sa nu fie mai mare de 10A.<\/span><\/p>\n<p><span style=\"font-family: tahoma, arial, helvetica, sans-serif; font-size: 110%; color: #000000;\"><strong>\u00a1Atenci\u00f3n!<\/strong> In cazul in care utilizati aparatul Spike Defense 10A, pentru protectia echipamentelor cu putere mai mare de 10A, siguranta cu care este prevazut, va opri automat aparatul. Repunerea in functiune se va face prin ridicarea manuala a comutatorului sigurantei.<\/span><\/p>\n<p><span style=\"font-family: tahoma, arial, helvetica, sans-serif; font-size: 110%; color: #000000;\"><strong>Aparatul Spike Defense 10A asamblat contine: <\/strong><\/span><\/p>\n<ul>\n<li><span style=\"font-family: tahoma, arial, helvetica, sans-serif; font-size: 110%; color: #000000;\">Releu de tensiune digital controlat de un microcontroller care analizeaza tensiunea in reteaua electrica si afiseaza valoarea curenta efectiva pe un display numeric.<\/span><\/li>\n<li><span style=\"font-family: tahoma, arial, helvetica, sans-serif; font-size: 110%; color: #000000;\">Filtru pentru deparazitare<\/span><\/li>\n<li><span style=\"font-family: tahoma, arial, helvetica, sans-serif; font-size: 110%; color: #000000;\">Siguranta automata<\/span><\/li>\n<li><span style=\"font-family: tahoma, arial, helvetica, sans-serif; font-size: 110%; color: #000000;\">Cutie de plastic cu sina in interior, cu suruburi si dibluri de prindere pe perete<\/span><\/li>\n<li><span style=\"font-family: tahoma, arial, helvetica, sans-serif; font-size: 110%; color: #000000;\">Priza aplicata pe lateralul cutiei, la care conectam aparatul ce dorim sa-l protejam<\/span><\/li>\n<li><span style=\"font-family: tahoma, arial, helvetica, sans-serif; font-size: 110%; color: #000000;\">Stecher si fir electric cu lungime de aproximativ 3m.<\/span><\/li>\n<\/ul>\n<p><span style=\"font-family: tahoma, arial, helvetica, sans-serif; font-size: 110%; color: #000000;\"><strong>Cum se moteaza si cum se pune in functiune Spike Defense 10A?<\/strong><\/span><\/p>\n<p><span style=\"font-family: tahoma, arial, helvetica, sans-serif; font-size: 110%; color: #000000;\">Se fixeaza pe perete cu dibluri si holsuruburi (le gasiti in pachetul livrat de noi);<\/span><br \/>\n<span style=\"font-family: tahoma, arial, helvetica, sans-serif; font-size: 110%; color: #000000;\">Se fixeaza capacul frontal prin insurubarea suruburilor din dotarea aparatului;<\/span><br \/>\n<span style=\"font-family: tahoma, arial, helvetica, sans-serif; font-size: 110%; color: #000000;\">Se introduce in priza 220 V:<\/span><br \/>\n<span style=\"font-family: tahoma, arial, helvetica, sans-serif; font-size: 110%; color: #000000;\">Se ridica comutatorul sigurantiei de pe partea frontala a aparatului;<\/span><br \/>\n<span style=\"font-family: tahoma, arial, helvetica, sans-serif; font-size: 110%; color: #000000;\">Se introduce in priza laterala a aparatului Spike Defense 10A, echipamentul ce trebuie protejat.<\/span><\/p>\n<p><span style=\"font-family: tahoma, arial, helvetica, sans-serif; font-size: 110%; color: #000000;\"><strong>\u00a1Atenci\u00f3n!<\/strong> Nu introduceti in priza aparatul Spike Defense 10A fara sa fixati cu suruburi, mai intai capacul frontal. Pericol de electrocutare!!!<\/span><\/p>\n<p><span style=\"font-family: tahoma, arial, helvetica, sans-serif; font-size: 110%; color: #000000;\">Setarile releului de tensiune sunt deja efectuate la fabricatie si nu este necesar sa reglati nimic suplimentar.<\/span><\/p>\n<p><span style=\"font-family: tahoma, arial, helvetica, sans-serif; font-size: 110%; color: #000000;\">Conditii ambientale: dispozitivul se va instala intr-o incapere cu temperatura aerului intre: +5\u00b0C &#8211; +50\u00b0C si o umiditate intre 30 \u2013 80%.<\/span><\/p>\n<p><span style=\"font-family: tahoma, arial, helvetica, sans-serif; font-size: 110%; color: #000000;\"><strong>Cum funtioneaza aparatul Spike Defense 10A<\/strong><\/span><\/p>\n<p><span style=\"font-family: tahoma, arial, helvetica, sans-serif; font-size: 110%; color: #000000;\">Aparatul va intrerupe circuitul electric la o tensiune maxima de 245 V si va reintra in functionare normala in aproximativ 15 secunde;<\/span><\/p>\n<p><span style=\"font-family: tahoma, arial, helvetica, sans-serif; font-size: 110%; color: #000000;\">Aparatul va intrerupe circuitul electric la o tensiune minima de 170 V si va reintra in functionare normala in aproximativ 15 secunde;<\/span><\/p>\n<p><span style=\"font-family: tahoma, arial, helvetica, sans-serif; font-size: 110%; color: #000000;\">Timpul de 15 secunde este necesar pentru ca in aceasta perioada de revenire a tensiunii, se intampla ca aparatele electronice sa se arda. In aceasta perioada de 15 secunde, tensiunea se regleaza.<\/span><\/p>\n<p><span style=\"font-family: tahoma, arial, helvetica, sans-serif; font-size: 110%; color: #000000;\"><strong>\u00a1Atenci\u00f3n!<\/strong> In cazul in care utilizati aparatul Spike Defense 10A, pentru protectia echipamentelor cu putere mai mare de 10A, siguranta cu care este prevazut, va opri automat aparatul. Repunerea in functiune se va face prin ridicarea manuala a comutatorului sigurantei.<\/span><\/p>\n<p><span style=\"font-size: 110%; font-family: tahoma, arial, helvetica, sans-serif; color: #000000;\"><strong>Informatii afisare display Spike Defense 10A:<\/strong><\/span><\/p>\n<p><span style=\"font-size: 110%; font-family: tahoma, arial, helvetica, sans-serif; color: #000000;\">Prin introducerea in priza a aparatului\u00a0Spike Defense 10A, si prin ridicarea comutatorului sigurantei de pe panoul frontal, display-ul va arata valoarea reala a tensiunii in retea si va clipi. Clipirea display-ului arata ca tensiunea la iesire din aparat, lipseste. Daca tensiunea in retea se afla in intervalul stabilit din fabrica si anume 170 V &#8211; 245 V, dupa 15 secunde are loc conectarea sarcinii, display-ul incetand sa clipeasca. Daca tensiunea nu este in intervalul\u00a0170 V &#8211; 245 V (mai mica sau mai mare) sarcina in retea nu se conecteaza pana cand tensiunea nu revine la normal.<\/span><\/p>\n<p><span style=\"font-family: tahoma, arial, helvetica, sans-serif; font-size: 110%; color: #000000;\">Especificaciones t\u00e9cnicas<strong> Spike Defense 10A:<\/strong><\/span><\/p>\n<ul>\n<li><span style=\"font-family: tahoma, arial, helvetica, sans-serif; font-size: 110%; color: #000000;\">Curentul maxim nu mai mare de 10A<\/span><\/li>\n<li><span style=\"font-family: tahoma, arial, helvetica, sans-serif; font-size: 110%; color: #000000;\">Putere nominala 2 kV<\/span><\/li>\n<li><span style=\"font-family: tahoma, arial, helvetica, sans-serif; font-size: 110%; color: #000000;\">Tensiune intrare in dispozitiv: 0-400V<\/span><\/li>\n<li><span style=\"font-family: tahoma, arial, helvetica, sans-serif; font-size: 110%; color: #000000;\">Tensiune masurata: 100-400V<\/span><\/li>\n<li><span style=\"font-family: tahoma, arial, helvetica, sans-serif; font-size: 110%; color: #000000;\">Timp de deconectare la limita superioara: 0,02 s<\/span><\/li>\n<li><span style=\"font-family: tahoma, arial, helvetica, sans-serif; font-size: 110%; color: #000000;\">Timp de deconectare la limita inferioara: 1 s (120-170 V) si 0,02 (&lt;120 V)<\/span><\/li>\n<li><span style=\"font-family: tahoma, arial, helvetica, sans-serif; font-size: 110%; color: #000000;\">Grad de protectie al dispozitivului: IP20<\/span><\/li>\n<li><span style=\"font-family: tahoma, arial, helvetica, sans-serif; font-size: 110%; color: #000000;\">Dimensiuni: H: 16 cm + 2,5 cm cablu; L: 17,5 cm; l: 10,5 cm<\/span><\/li>\n<\/ul>\n<p><span style=\"font-family: tahoma, arial, helvetica, sans-serif; font-size: 110%; color: #000000;\">Masuri de securitate <strong>Spike Defense 10A:<\/strong><\/span><\/p>\n<p><span style=\"font-family: tahoma, arial, helvetica, sans-serif; font-size: 110%; color: #000000;\">In functie de mijlocul de protectie impotriva socurilor electrice, dispozitivul corespunde clasei 2 conform standardelor.<\/span><\/p>\n<p><span style=\"font-family: tahoma, arial, helvetica, sans-serif; font-size: 110%; color: #000000;\">Atentie! In dispozitiv se foloseste o tensiune care pune viata in pericol!<\/span><\/p>\n<p><span style=\"font-family: tahoma, arial, helvetica, sans-serif; font-size: 110%; color: #000000;\">Perioada aproximativa de exploatare: 10 ani<\/span><\/p>\n<p><span style=\"font-family: tahoma, arial, helvetica, sans-serif; font-size: 110%; color: #000000;\">Garant\u00eda: 2 a\u00f1os<\/span><\/p>\n<p><span style=\"font-family: tahoma, arial, helvetica, sans-serif; font-size: 110%; color: #000000;\">Produs in: Romania<\/span><\/p>","protected":false},"excerpt":{"rendered":"<p>Spike Defense 10A este un aparat de tip plug and play, pentru protectia echipamentelor electronice impotriva socurilor electrice si a parazitiilor din reteaua electrica provocati de diferite echipamente electrice \u2013 220 V curent alternativ. Spike Defense 10A nu este acelasi lucru cu stabilizatoarele de tensiune. Un stabilizator de tensiune, regleaza tensiunea de alimentare dar nu [&#8230;]\n","protected":false},"featured_media":69392,"comment_status":"open","ping_status":"closed","template":"","meta":{"_seopress_robots_primary_cat":"none","_seopress_titles_title":"","_seopress_titles_desc":"Spike Defense 10A este un aparat de tip plug and play, pentru protectia echipamentelor electronice impotriva socurilor electrice si a parazitiilor din...","_seopress_robots_index":""},"product_brand":[],"product_cat":[1049],"product_tag":[1051,1052,1050],"class_list":{"0":"post-13895","1":"product","2":"type-product","3":"status-publish","4":"has-post-thumbnail","6":"product_cat-produse-conexe","7":"product_tag-paraziti-retea","8":"product_tag-protectie-socuri-electrice","9":"product_tag-socuri-electrice","11":"first","12":"instock","13":"sale","14":"taxable","15":"shipping-taxable","16":"purchasable","17":"product-type-simple"},"_links":{"self":[{"href":"https:\/\/azura.ro\/es\/wp-json\/wp\/v2\/product\/13895","targetHints":{"allow":["GET"]}}],"collection":[{"href":"https:\/\/azura.ro\/es\/wp-json\/wp\/v2\/product"}],"about":[{"href":"https:\/\/azura.ro\/es\/wp-json\/wp\/v2\/types\/product"}],"replies":[{"embeddable":true,"href":"https:\/\/azura.ro\/es\/wp-json\/wp\/v2\/comments?post=13895"}],"wp:featuredmedia":[{"embeddable":true,"href":"https:\/\/azura.ro\/es\/wp-json\/wp\/v2\/media\/69392"}],"wp:attachment":[{"href":"https:\/\/azura.ro\/es\/wp-json\/wp\/v2\/media?parent=13895"}],"wp:term":[{"taxonomy":"product_brand","embeddable":true,"href":"https:\/\/azura.ro\/es\/wp-json\/wp\/v2\/product_brand?post=13895"},{"taxonomy":"product_cat","embeddable":true,"href":"https:\/\/azura.ro\/es\/wp-json\/wp\/v2\/product_cat?post=13895"},{"taxonomy":"product_tag","embeddable":true,"href":"https:\/\/azura.ro\/es\/wp-json\/wp\/v2\/product_tag?post=13895"}],"curies":[{"name":"wp","href":"https:\/\/api.w.org\/{rel}","templated":true}]}}