{"id":13997,"date":"2018-12-31T17:04:40","date_gmt":"2018-12-31T15:04:40","guid":{"rendered":"https:\/\/azura.ro\/?post_type=product&#038;p=13997"},"modified":"2026-03-30T15:37:32","modified_gmt":"2026-03-30T12:37:32","slug":"cartucho-filtrante-10-pp5-udf-udf-kdf-plata","status":"publish","type":"product","link":"https:\/\/azura.ro\/es\/produs\/cartus-filtrant-10-pp5-udf-kdf-argint\/","title":{"rendered":"CARTUCHO FILTRANTE 10\" PP5 UDF CARB\u00d3N + KDF + PLATA"},"content":{"rendered":"<p><span style=\"font-size: 110%; font-family: tahoma, arial, helvetica, sans-serif; color: #808080;\">CARTUCHO FILTRO PP5 UDF + KDF + PLATA 10\" - es un filtro especial combinado, tanto para filtraci\u00f3n de 5 micras a trav\u00e9s de polipropileno puro como para filtraci\u00f3n qu\u00edmica a trav\u00e9s de carb\u00f3n UDF plateado mezclado con KDF.<\/span><\/p>\n<p><span style=\"font-size: 110%; font-family: tahoma, arial, helvetica, sans-serif; color: #808080;\"><strong>\u00bfQu\u00e9 filtra la PP5 UDF?<\/strong><\/span><\/p>\n<p><span style=\"font-size: 110%; font-family: tahoma, arial, helvetica, sans-serif; color: #808080;\">Mal, arena, \u00f3xido, part\u00edculas en suspensi\u00f3n, hierro y manganeso oxidados, cloro libre, trihalometano, hidrocarburos poliarom\u00e1ticos, insecticidas, herbicidas, fenoles, metales pesados, sustancias org\u00e1nicas.<\/span><\/p>\n<p><span style=\"font-size: 110%; font-family: tahoma, arial, helvetica, sans-serif; color: #808080;\"><strong>Periodo de intercambio:<\/strong><\/span><\/p>\n<p><span style=\"font-size: 110%; font-family: tahoma, arial, helvetica, sans-serif; color: #808080;\">Se recomienda cambiar el filtro cada 4000 litros de agua o como m\u00e1ximo cada 6 meses.  La vida \u00fatil depende de la calidad del agua filtrada y de los contaminantes presentes en el agua.<\/span><\/p>\n<p><span style=\"font-size: 110%; font-family: tahoma, arial, helvetica, sans-serif; color: #808080;\">\u00bfD\u00f3nde se utiliza y con qu\u00e9?<\/span><\/p>\n<p><span style=\"font-size: 110%; font-family: tahoma, arial, helvetica, sans-serif; color: #808080;\">Para usar s\u00f3lo con c\u00e1scaras est\u00e1ndar de 10\u2033 y agua fr\u00eda. Para uso exclusivo con agua microbiol\u00f3gicamente segura.<\/span><\/p>\n<p><span style=\"font-size: 110%; font-family: tahoma, arial, helvetica, sans-serif; color: #808080;\">No utilizar con agua caliente<\/span><\/p>\n<p><span style=\"font-size: 110%; font-family: tahoma, arial, helvetica, sans-serif; color: #808080;\">Caudal m\u00e1ximo: 3,8 litros\/min. Es un filtro destinado a sistemas que se montan debajo del fregadero o sobre el fregadero. No utilice este cartucho filtrante como filtraci\u00f3n para toda la casa o para sistemas de agua con caudales superiores a 3,8 litros\/min. En este caso, la eficacia de filtraci\u00f3n disminuir\u00e1 significativamente.<\/span><\/p>\n<p><span style=\"font-size: 110%; font-family: tahoma, arial, helvetica, sans-serif; color: #808080;\">Precauciones de uso:<\/span><\/p>\n<p><span style=\"font-size: 110%; font-family: tahoma, arial, helvetica, sans-serif; color: #808080;\">- Desprecinte el cartucho filtrante e introd\u00fazcalo en la carcasa con las manos limpias o con guantes quir\u00fargicos;<\/span><br \/>\n<span style=\"font-size: 110%; font-family: tahoma, arial, helvetica, sans-serif; color: #808080;\">- El cartucho filtrante se introducir\u00e1 en la carcasa con el lado de la junta hacia arriba para los filtros instalados bajo el fregadero y con el lado de la junta hacia abajo para los filtros instalados sobre el fregadero\/encimera;<\/span><br \/>\n<span style=\"font-size: 110%; font-family: tahoma, arial, helvetica, sans-serif; color: #808080;\">- Antes de consumir agua, pase unos 10 - 15 litros de agua por el filtro para limpiarlo del polvo negro producido por el carb\u00f3n activado;<br \/>\n<\/span><\/p>\n<p><span style=\"font-size: 110%; font-family: tahoma, arial, helvetica, sans-serif; color: #808080;\">Atenci\u00f3n. El polvo de carb\u00f3n activo no debe entrar en el siguiente cartucho filtrante. Por lo tanto, durante la instalaci\u00f3n, retire del sistema de filtraci\u00f3n cualquier cartucho filtrante que siga al actual, pase unos litros de agua a trav\u00e9s del cartucho actual para limpiar el polvo de carb\u00f3n y, a continuaci\u00f3n, instale los dem\u00e1s cartuchos filtrantes en el sistema.<\/span><\/p>\n<p><span style=\"font-size: 110%; font-family: tahoma, arial, helvetica, sans-serif; color: #808080;\">El cartucho filtrante contiene un medio filtrante certificado por la NSF<\/span><\/p>","protected":false},"excerpt":{"rendered":"<p>CARTUS FILTRANT 10&#8221; PP5 UDF CARBON + KDF + ARGINT &#8211; este un filtru special si combinat, atat pentru filtrarea la un grad de 5 microni prin polipropilena pura, cat si filtrarea pentru chimicale prin carbune de tip UDF arginat in amestec cu KDF. Ce filtreaza filtru PP5 UDF? Mal, nisip, rugina, particule in suspensie, [&#8230;]\n","protected":false},"featured_media":69430,"comment_status":"open","ping_status":"closed","template":"","meta":{"_seopress_robots_primary_cat":"none","_seopress_titles_title":"","_seopress_titles_desc":"CARTUS FILTRANT 10'' PP5 UDF CARBON + KDF + ARGINT - este un filtru special si combinat, atat pentru filtrarea la un grad de 5 microni prin polipropilena...","_seopress_robots_index":""},"product_brand":[],"product_cat":[1137],"product_tag":[970,580,678,351,1065,677],"class_list":{"0":"post-13997","1":"product","2":"type-product","3":"status-publish","4":"has-post-thumbnail","6":"product_cat-cartuse-filtre-bucatarie","7":"product_tag-5-microni","8":"product_tag-argint","9":"product_tag-carbne-activat-granular","10":"product_tag-kdf","11":"product_tag-pp5-udf-carbon-kdf-argint","12":"product_tag-udf","14":"first","15":"instock","16":"taxable","17":"shipping-taxable","18":"purchasable","19":"product-type-simple"},"_links":{"self":[{"href":"https:\/\/azura.ro\/es\/wp-json\/wp\/v2\/product\/13997","targetHints":{"allow":["GET"]}}],"collection":[{"href":"https:\/\/azura.ro\/es\/wp-json\/wp\/v2\/product"}],"about":[{"href":"https:\/\/azura.ro\/es\/wp-json\/wp\/v2\/types\/product"}],"replies":[{"embeddable":true,"href":"https:\/\/azura.ro\/es\/wp-json\/wp\/v2\/comments?post=13997"}],"wp:featuredmedia":[{"embeddable":true,"href":"https:\/\/azura.ro\/es\/wp-json\/wp\/v2\/media\/69430"}],"wp:attachment":[{"href":"https:\/\/azura.ro\/es\/wp-json\/wp\/v2\/media?parent=13997"}],"wp:term":[{"taxonomy":"product_brand","embeddable":true,"href":"https:\/\/azura.ro\/es\/wp-json\/wp\/v2\/product_brand?post=13997"},{"taxonomy":"product_cat","embeddable":true,"href":"https:\/\/azura.ro\/es\/wp-json\/wp\/v2\/product_cat?post=13997"},{"taxonomy":"product_tag","embeddable":true,"href":"https:\/\/azura.ro\/es\/wp-json\/wp\/v2\/product_tag?post=13997"}],"curies":[{"name":"wp","href":"https:\/\/api.w.org\/{rel}","templated":true}]}}