{"id":14022,"date":"2018-12-31T19:32:10","date_gmt":"2018-12-31T17:32:10","guid":{"rendered":"https:\/\/azura.ro\/?post_type=product&#038;p=14022"},"modified":"2025-11-13T10:33:07","modified_gmt":"2025-11-13T08:33:07","slug":"filtru-apa-cerazura-8mf-tc-azura-filters","status":"publish","type":"product","link":"https:\/\/azura.ro\/es\/produs\/filtru-apa-cerazura-8mf-tc-azura-filters\/","title":{"rendered":"FILTRO DE AGUA CER\u00c1MICO 8MF-TC - AZURA FILTERS"},"content":{"rendered":"<p><span style=\"font-size: 110%; font-family: tahoma, arial, helvetica, sans-serif;\"><strong>Filtrul de apa CERAZURA 8MF-TC<\/strong>\u00a0are 8 tratamente incorporate in doua cartuse filtrante.\u00a0<\/span><\/p>\n<p><span style=\"font-size: 110%;\">Primul cartus prin care trece apa, este construit din polipropilena pura, mediu de filtrare UDF (carbune activat granular), argint, KDF.<\/span><\/p>\n<p><span style=\"font-size: 110%; font-family: tahoma, arial, helvetica, sans-serif;\">Al doilea cartus filtrant este de provenienta Anglia si este construit de una dintre cele mai mari companii de <em>filtros cer\u00e1micos, con m\u00e1s de 10 a\u00f1os de experiencia.<\/em><\/span><\/p>\n<p><span style=\"font-size: 110%; font-family: tahoma, arial, helvetica, sans-serif;\">Este cartucho filtrante incorpora 4 tratamientos de filtraci\u00f3n para la eliminaci\u00f3n de varios contaminantes del agua de la red p\u00fablica, siendo los m\u00e1s importantes: cryptosporidium y giardia (quistes resistentes al cloro), cloro (que se utiliza como desinfectante), trihalometanos (un subproducto del cloro), org\u00e1nicos y muchas otras sustancias, metales pesados.<\/span><\/p>\n<p><span style=\"font-size: 110%; font-family: tahoma, arial, helvetica, sans-serif;\">Est\u00e1 fabricado externamente de cer\u00e1mica porosa con una finura de filtraci\u00f3n de 0,5 micras, tiene un n\u00facleo de carb\u00f3n activado en bloque con alto poder de adsorci\u00f3n, contiene plata impregnada en el carb\u00f3n para un efecto bacteriost\u00e1tico, contiene una tecnolog\u00eda \u00fanica que elimina los metales pesados, especialmente el plomo, del agua.<\/span><\/p>\n<p><span style=\"font-size: 110%; font-family: tahoma, arial, helvetica, sans-serif; color: #808080;\">Garantizar \"<a style=\"color: #808080;\" href=\"https:\/\/azura.ro\/es\/agradecimiento-pleno\/\" target=\"_blank\" rel=\"noopener noreferrer\">AGRADECIMIENTO PLENO<\/a>\" = Garant\u00eda de que <span style=\"font-family: tahoma, arial, helvetica, sans-serif;\"><strong>Filtrul de apa CERAZURA 8MF-TC<\/strong><\/span> tiene el efecto prometido.<\/span><\/p>\n<p><span style=\"font-family: tahoma, arial, helvetica, sans-serif; font-size: 110%; color: #808080;\"><a style=\"color: #808080;\" href=\"https:\/\/azura.ro\/es\/agradecimiento-pleno\/\" target=\"_blank\" rel=\"attachment noopener wp-att-13707 noreferrer\"><img decoding=\"async\" class=\"alignleft wp-image-13707\" src=\"https:\/\/azura.ro\/wp-content\/uploads\/2018\/12\/30-zile-garantie-retur.png\" alt=\"\" width=\"159\" height=\"159\" srcset=\"https:\/\/azura.ro\/wp-content\/uploads\/2018\/12\/30-zile-garantie-retur.png 300w, https:\/\/azura.ro\/wp-content\/uploads\/2018\/12\/30-zile-garantie-retur-247x247.png 247w, https:\/\/azura.ro\/wp-content\/uploads\/2018\/12\/30-zile-garantie-retur-100x100.png 100w, https:\/\/azura.ro\/wp-content\/uploads\/2018\/12\/30-zile-garantie-retur-150x150.png 150w\" sizes=\"(max-width: 159px) 100vw, 159px\" \/><\/a><\/span><\/p>\n<p><span style=\"font-size: 110%; font-family: tahoma, arial, helvetica, sans-serif; color: #808080;\"><span style=\"font-family: tahoma, arial, helvetica, sans-serif;\"><strong>Filtrul de apa CERAZURA 8MF-TC<\/strong><\/span> funciona y por eso ofrecemos este equipo con una GARANT\u00cdA DE DEVOLUCI\u00d3N DE 30 D\u00cdAS. La finalidad de este tipo de garant\u00eda es s\u00f3lo una, su satisfacci\u00f3n.<\/span><br \/>\n<span style=\"font-size: 110%; font-family: tahoma, arial, helvetica, sans-serif; color: #808080;\"> Garantizamos que <span style=\"font-family: tahoma, arial, helvetica, sans-serif;\"><strong>Filtrul de apa CERAZURA 8MF-TC<\/strong><\/span> funcionar\u00e1 para usted. Si despu\u00e9s de 30 D\u00cdAS no est\u00e1 satisfecho con el funcionamiento del sistema, p\u00f3ngase en contacto con nosotros en un plazo de 30 d\u00edas tras el periodo de prueba y uso. Si no somos capaces de resolver el problema con el que no est\u00e1 satisfecho, el dinero de su equipo ser\u00e1 reembolsado en su totalidad despu\u00e9s de que nos devuelva el equipo. \u00a1Ni siquiera tendr\u00e1 que pagar los gastos de env\u00edo!\u00a0<\/span><\/p>\n<p><span style=\"font-size: 110%; font-family: tahoma, arial, helvetica, sans-serif;\">Despre cartusul ceramic filtrant incorporat:<\/span><\/p>\n<p><span style=\"font-size: 110%; font-family: tahoma, arial, helvetica, sans-serif;\">*Desarrollado y probado en laboratorio durante 3 a\u00f1os antes de la entrega al primer cliente;<\/span><br \/>\n<span style=\"font-size: 110%; font-family: tahoma, arial, helvetica, sans-serif;\"> *Eficacia de filtraci\u00f3n probada en laboratorio;<\/span><br \/>\n<span style=\"font-size: 110%; font-family: tahoma, arial, helvetica, sans-serif;\"> *Construit din materiale standard NSF: NSF\/ANSI 42 \/ NSF\/ANSI 53;<\/span><br \/>\n<span style=\"font-size: 110%; font-family: tahoma, arial, helvetica, sans-serif;\"> *Testat de laboratorul Alcontrol pentru bacterii patogene: Holera, Typhoid, Salmonela, E. Coli, Coliformi Fecali, Shigella, Rezultatul: filreaza peste 99,9999%;<\/span><br \/>\n<span style=\"font-size: 110%; font-family: tahoma, arial, helvetica, sans-serif;\"> *Testat de laboratorul Alcontrol pentru chisturi precum criptosporidium si giardia. Rezultatul: filttreaza peste 99,9999%;<\/span><br \/>\n<span style=\"font-size: 110%; font-family: tahoma, arial, helvetica, sans-serif;\"> *Filtreaza clor, elimina gust si miros, filtreaza VOC&#8217;S (compusi organici volatili) in acord cu standardul NSF\/ANSI 42;<\/span><br \/>\n<span style=\"font-size: 110%; font-family: tahoma, arial, helvetica, sans-serif;\"> *Filtreaza plumb si mercur in acord cu standardul NSF\/ANSI 53.<\/span><\/p>\n<p><span style=\"font-size: 110%; font-family: tahoma, arial, helvetica, sans-serif;\">* Filtrare absoluta la 0,5 microni;<\/span><br \/>\n<span style=\"font-size: 110%; font-family: tahoma, arial, helvetica, sans-serif;\"> * Contine 4 tehnologii de filtrare\/tratare: ceramica, carbune activat bloc, zeolit pentru filtrarea metalului greu, argint;<\/span><br \/>\n<span style=\"font-size: 110%; font-family: tahoma, arial, helvetica, sans-serif;\"> * Dimensiuni: 70mm diametru x 250mm inaltime;<\/span><br \/>\n<span style=\"font-size: 110%; font-family: tahoma, arial, helvetica, sans-serif;\"> * Se potriveste cu orice carcasa standard de 10&#8243;.<\/span><\/p>\n<p><span style=\"font-size: 110%; font-family: tahoma, arial, helvetica, sans-serif;\"><strong>Ce elimina mai exact Filtrul ceramic CERAZURA 8MF-TC?<\/strong><\/span><\/p>\n<p><span style=\"font-size: 110%; font-family: tahoma, arial, helvetica, sans-serif;\">Sabor y olor 100%\u00a0<\/span><\/p>\n<p><span style=\"font-size: 110%; font-family: tahoma, arial, helvetica, sans-serif;\"><strong>No elimine los minerales de calcio y magnesio que son buenos para su organismo.<\/strong><\/span><\/p>\n<p><span style=\"font-size: 110%; font-family: tahoma, arial, helvetica, sans-serif;\">Filtraci\u00f3n de s\u00f3lidos en suspensi\u00f3n:<br \/>\n<\/span><br \/>\n<span style=\"font-size: 110%; font-family: tahoma, arial, helvetica, sans-serif;\"> Filtraci\u00f3n absoluta de 0,5 micras<br \/>\n<\/span><br \/>\n<span style=\"font-size: 110%; font-family: tahoma, arial, helvetica, sans-serif;\"> - Turbidez : &gt;99,7%<\/span><\/p>\n<p><span style=\"font-size: 110%; font-family: tahoma, arial, helvetica, sans-serif;\">Quistes:<\/span><br \/>\n<span style=\"font-size: 110%; font-family: tahoma, arial, helvetica, sans-serif;\"> - Quistes de Cryptosporidium : &gt;99,99%\u00a0<\/span><br \/>\n<span style=\"font-size: 110%; font-family: tahoma, arial, helvetica, sans-serif;\"> - Giardia Lambia :&gt;99.99%<\/span><\/p>\n<p><span style=\"font-size: 110%; font-family: tahoma, arial, helvetica, sans-serif;\">Bacterias pat\u00f3genas:<\/span><br \/>\n<span style=\"font-size: 110%; font-family: tahoma, arial, helvetica, sans-serif;\"> - E. Coli : &gt;99,99%\u00a0<\/span><br \/>\n<span style=\"font-size: 110%; font-family: tahoma, arial, helvetica, sans-serif;\"> - Holera : &gt;99,99%\u00a0<\/span><br \/>\n<span style=\"font-size: 110%; font-family: tahoma, arial, helvetica, sans-serif;\"> - Klebsiella Terrigena : &gt;99.99%\u00a0<\/span><br \/>\n<span style=\"font-size: 110%; font-family: tahoma, arial, helvetica, sans-serif;\"> - Salmonella Typhi : &gt;99,999%\u00a0<\/span><br \/>\n<span style=\"font-size: 110%; font-family: tahoma, arial, helvetica, sans-serif;\"> - Shigella : &gt;99,999%<\/span><\/p>\n<p><span style=\"font-size: 110%; font-family: tahoma, arial, helvetica, sans-serif;\">Eliminaci\u00f3n de materia org\u00e1nica:<\/span><br \/>\n<span style=\"font-size: 110%; font-family: tahoma, arial, helvetica, sans-serif;\"> - Insecticida - Lindan &gt; 85%\u00a0<\/span><br \/>\n<span style=\"font-size: 110%; font-family: tahoma, arial, helvetica, sans-serif;\"> - herbicida - Atrazina &gt; 85%<\/span><br \/>\n<span style=\"font-size: 110%; font-family: tahoma, arial, helvetica, sans-serif;\"> - Fenoles &gt; 50%\u00a0<\/span><br \/>\n<span style=\"font-size: 110%; font-family: tahoma, arial, helvetica, sans-serif;\"> - Cloroformo &gt;50%<\/span><br \/>\n<span style=\"font-size: 110%; font-family: tahoma, arial, helvetica, sans-serif;\"> - Hidrocarburos poliarom\u00e1ticos &gt;95%<\/span><br \/>\n<span style=\"font-size: 110%; font-family: tahoma, arial, helvetica, sans-serif;\"> &#8211; Trihalometani &gt;95%<\/span><\/p>\n<p><span style=\"font-size: 110%; font-family: tahoma, arial, helvetica, sans-serif;\">Eliminaci\u00f3n de materiales inorg\u00e1nicos:<\/span><br \/>\n<span style=\"font-size: 110%; font-family: tahoma, arial, helvetica, sans-serif;\"> Cloro libre &gt;97%\u00a0<\/span><br \/>\n<span style=\"font-size: 110%; font-family: tahoma, arial, helvetica, sans-serif;\"> Plomo 99,3%<\/span><\/p>\n<p><span style=\"font-size: 110%; font-family: tahoma, arial, helvetica, sans-serif;\"><strong>\u00a1Atenci\u00f3n!<\/strong>\u00a0Sistemul de filtrare CERAZURA 8MF-TC este proiectat si gandit sa purifice apa din retelele publice controlate, dezinfectata si declarata potabila. Nu utilizati sistemul (fara sa ne consultati) cu apa din surse proprii precum apa de foraj\/put, apa de suprafata. In astfel de cazuri este necesar un buletin de analiza a apei. Specialistii nostri va stau la dispozitie prin consultanta de specialitate si va vor indica cu exactitate ce filtre va sunt necesare pentru a trata apa din surse proprii, dar numai pe baza unui buletin de analiza a apei.<\/span><\/p>\n<p><span style=\"font-size: 110%; font-family: tahoma, arial, helvetica, sans-serif;\">Durata de viata cartuselor filtrante:<\/span><\/p>\n<p><span style=\"font-size: 110%;\">Primul cartus din polipropilena pura impregnata cu microparticule de argint: aproximativ 4000 litri apa sau 6 luni (depinde de calitatea apei si de volumul de apa consumat);<\/span><\/p>\n<p><span style=\"font-size: 110%; font-family: tahoma, arial, helvetica, sans-serif;\">Al doilea cartus: filtrul ceramic are o capacitate de filtrare intre 2100 &#8211; 9500 l. In conditii\u00a0grele de exploatare (apa contaminata cu metale grele), cartusul filtrant trebuie\u00a0schimbat la 2100 l apa. In conditiile apei de retea, filtrul ceramic are\u00a0performanta pana la 9500 l apa (aproximativ unul &#8211; doi\u00a0 ani pentru o familie formata din patru persoane).<\/span><\/p>\n<p><span style=\"font-size: 110%; font-family: tahoma, arial, helvetica, sans-serif;\"><strong>Pret cartuse filtrante: <\/strong>le\u00a0gasiti la sectiunea &#8222;CARTUSE DE SCHIMB&#8221; imediat sub imaginile produsului. Click pe &#8222;CARTUSE DE SCHIMB&#8221; pentru pret si descriere cartus filtrant.<\/span><\/p>\n<p><span style=\"font-size: 110%; font-family: tahoma, arial, helvetica, sans-serif;\"><strong>Montaj CERAZURA 8MF-TC:<\/strong><\/span><\/p>\n<p><span style=\"font-size: 110%; font-family: tahoma, arial, helvetica, sans-serif;\">Se pozitioneaza pe chiuveta si se racordeaza foarte usor la bateria de apa existenta, prin desurubarea aeratorului de pe baterie si insurubarea piesei de bransare oferita in kitul de instalare. Dureaza 3 minute.<\/span><\/p>\n<p><span style=\"font-family: tahoma, arial, helvetica, sans-serif; font-size: 110%;\">Dimensiuni aparat: L 27 cm, l; 13,5 cm, H: 31,5 cm<\/span><\/p>\n<p><span style=\"font-size: 110%; font-family: tahoma, arial, helvetica, sans-serif;\">D\u00e9bito ofrecido:<\/span><\/p>\n<p><span style=\"font-size: 110%; font-family: tahoma, arial, helvetica, sans-serif;\">Entre 1,5 - 4,5 litros de agua \/ minuto, dependiendo de la presi\u00f3n. En la mayor\u00eda de los casos habr\u00e1 un caudal de entre 1,5 - 2,5 litros por minuto.<\/span><\/p>\n<p><span style=\"font-size: 110%; font-family: tahoma, arial, helvetica, sans-serif;\">Precauciones e indicaciones de uso:<\/span><\/p>\n<p><span style=\"font-size: 110%; font-family: tahoma, arial, helvetica, sans-serif;\">* La schimbare sau la punere in functie, primul cartus filtrant va elimina praf negru, in acelasi timp cu apa; Pentru a nu colmata al doilea cartus (cel ceramic) trecerea apei prin sistemul de filtrare se va face fara cartusul ceramic in carcasasa filtrului. Se vor trece prin sistemul de filtrare aproximativ 3 &#8211; 6 litri apa, dupa care se va monta si cartusul ceramic;<\/span><\/p>\n<p><span style=\"font-size: 110%; font-family: tahoma, arial, helvetica, sans-serif;\">* Dupa instalarea cartusului ceramic in carcasa, se va trece aproximativ inca 10 litri de apa prin sistem. Dupa aceasta procedura, apa poate fi consumata.\u00a0<\/span><\/p>\n<p><span style=\"font-size: 110%; font-family: tahoma, arial, helvetica, sans-serif;\">* La fiecare sase luni, primul cartus filtrant se va schimba, iar cartusul ceramic se va scoate din carcasa pentru spalate cu burete abraziv, sub jet de apa;<\/span><\/p>\n<p><span style=\"font-size: 110%;\">* Carcasele se vor spalata in interior cu detergent de vase se se vor clati foarte bine &#8211; ori de cate ori se vor schimba cartusele filtrante;<\/span><\/p>\n<p><span style=\"font-size: 110%;\">* Atentie, ambele cartuse filtrante au sens de trecere a apei prin ele. Se vor pozitiona in carcasa in aceeasi pozitie in care au fost scoase.<\/span><\/p>\n<p><span style=\"font-size: 110%; font-family: tahoma, arial, helvetica, sans-serif;\">Pa\u00eds de origen:<\/span><br \/>\n<span style=\"font-size: 110%; font-family: tahoma, arial, helvetica, sans-serif;\"> &#8211; cartus filtrant ceramic: Anglia<br \/>\n&#8211; cartus PP5 UDF CARBON + KDF + ARGINT: Taiwan<\/span><br \/>\n<span style=\"font-size: 110%; font-family: tahoma, arial, helvetica, sans-serif;\"> - alojamiento: Taiw\u00e1n<br \/>\n<\/span><\/p>\n<p><span style=\"font-size: 110%; font-family: tahoma, arial, helvetica, sans-serif;\">Garant\u00eda del producto:<\/span><\/p>\n<p><span style=\"font-size: 110%; font-family: tahoma, arial, helvetica, sans-serif;\">Se ofera garantie doi ani de zile pentru sistemul de filtrare. Cartusele filtrante sunt consumabile si nu intra sub incidenta garantiei.<\/span><\/p>\n<p><span style=\"font-size: 110%; font-family: tahoma, arial, helvetica, sans-serif;\">Fabricado por: AZURA FILTERS<\/span><\/p>","protected":false},"excerpt":{"rendered":"<p><span style=\"font-family: tahoma, arial, helvetica, sans-serif; font-size: 100%;\"><strong>Filtro<\/strong><strong> de apa CERAZURA 8MF-TC<\/strong>\u00a0- un completo filtro de agua de la red p\u00fablica<\/span><\/p>\n<p><a href=\"https:\/\/azura.ro\/es\/100-30-dias-de-garantia-de-devolucion\/\" target=\"_blank\" rel=\"attachment noopener wp-att-7307 noreferrer\"><img decoding=\"async\" class=\"alignnone wp-image-7307\" src=\"https:\/\/azura.ro\/wp-content\/uploads\/2016\/06\/Garantie-retur.png\" alt=\"\" width=\"108\" height=\"133\" \/><\/a><a href=\"https:\/\/azura.ro\/es\/service\/\" target=\"_blank\" rel=\"attachment noopener wp-att-7308 noreferrer\"><img decoding=\"async\" class=\"alignnone wp-image-7308\" src=\"https:\/\/azura.ro\/wp-content\/uploads\/2016\/06\/Service.png\" alt=\"\" width=\"134\" height=\"134\" srcset=\"https:\/\/azura.ro\/wp-content\/uploads\/2016\/06\/Service.png 189w, https:\/\/azura.ro\/wp-content\/uploads\/2016\/06\/Service-100x100.png 100w, https:\/\/azura.ro\/wp-content\/uploads\/2016\/06\/Service-150x150.png 150w\" sizes=\"(max-width: 134px) 100vw, 134px\" \/><\/a><a href=\"https:\/\/azura.ro\/es\/2-ani-garantie\/\" target=\"_blank\" rel=\"noopener noreferrer\"><img decoding=\"async\" class=\"alignnone wp-image-14008\" style=\"font-size: 14.4px;\" src=\"https:\/\/azura.ro\/wp-content\/uploads\/2018\/12\/2-ani-garantie.png\" alt=\"\" width=\"109\" height=\"139\" \/><\/a><\/p>\n<p><a href=\"https:\/\/azura.ro\/es\/100-30-dias-de-garantia-de-devolucion\/\" target=\"_blank\" rel=\"noopener noreferrer\">Ofrecemos garant\u00eda de satisfacci\u00f3n con pol\u00edtica de devoluci\u00f3n de 30 d\u00edas;<\/a><br \/>\n<a href=\"https:\/\/azura.ro\/es\/service\/\" target=\"_blank\" rel=\"noopener noreferrer\">Ofrecemos servicio especializado en Ruman\u00eda \u00a1Cualquier problema t\u00e9cnico se resuelve en Ruman\u00eda!<\/a><a href=\"https:\/\/azura.ro\/es\/service\/\" target=\"_blank\" rel=\"noopener noreferrer\"><br \/>\n<\/a><a href=\"https:\/\/azura.ro\/es\/2-ani-garantie\/\" target=\"_blank\" rel=\"noopener noreferrer\">Ofrecemos garant\u00eda contra defectos de fabricaci\u00f3n, 2 a\u00f1os de garant\u00eda;<\/a><\/p>","protected":false},"featured_media":69370,"comment_status":"open","ping_status":"closed","template":"","meta":{"_seopress_robots_primary_cat":"none","_seopress_titles_title":"","_seopress_titles_desc":"Acest cartus filtrant incorporeaza 8 tratamente de filtrare pentru eliminarea din apa de retea publica a mai multor contaminanti, cei mai importanti fiind..","_seopress_robots_index":""},"product_brand":[],"product_cat":[102,985],"product_tag":[1068,370,371,275],"class_list":{"0":"post-14022","1":"product","2":"type-product","3":"status-publish","4":"has-post-thumbnail","6":"product_cat-filtre-apa-ceramice","7":"product_cat-filtre-apa-robinet","8":"product_tag-8mf-tc","9":"product_tag-filtru-apa-ceramic","10":"product_tag-filtru-apa-cerazura","11":"product_tag-filtru-ceramic","12":"pa_amplasare-deasuprachiuvetei","13":"pa_brand-azura-filters","14":"pa_graddefiltrare-05-microni","16":"first","17":"instock","18":"taxable","19":"shipping-taxable","20":"purchasable","21":"product-type-simple"},"_links":{"self":[{"href":"https:\/\/azura.ro\/es\/wp-json\/wp\/v2\/product\/14022","targetHints":{"allow":["GET"]}}],"collection":[{"href":"https:\/\/azura.ro\/es\/wp-json\/wp\/v2\/product"}],"about":[{"href":"https:\/\/azura.ro\/es\/wp-json\/wp\/v2\/types\/product"}],"replies":[{"embeddable":true,"href":"https:\/\/azura.ro\/es\/wp-json\/wp\/v2\/comments?post=14022"}],"wp:featuredmedia":[{"embeddable":true,"href":"https:\/\/azura.ro\/es\/wp-json\/wp\/v2\/media\/69370"}],"wp:attachment":[{"href":"https:\/\/azura.ro\/es\/wp-json\/wp\/v2\/media?parent=14022"}],"wp:term":[{"taxonomy":"product_brand","embeddable":true,"href":"https:\/\/azura.ro\/es\/wp-json\/wp\/v2\/product_brand?post=14022"},{"taxonomy":"product_cat","embeddable":true,"href":"https:\/\/azura.ro\/es\/wp-json\/wp\/v2\/product_cat?post=14022"},{"taxonomy":"product_tag","embeddable":true,"href":"https:\/\/azura.ro\/es\/wp-json\/wp\/v2\/product_tag?post=14022"}],"curies":[{"name":"wp","href":"https:\/\/api.w.org\/{rel}","templated":true}]}}