{"id":14054,"date":"2019-01-01T14:27:02","date_gmt":"2019-01-01T12:27:02","guid":{"rendered":"https:\/\/azura.ro\/?post_type=product&#038;p=14054"},"modified":"2025-08-18T10:42:31","modified_gmt":"2025-08-18T07:42:31","slug":"manguera-filtro-de-agua-308","status":"publish","type":"product","link":"https:\/\/azura.ro\/es\/produs\/furtun-filtre-apa-308\/","title":{"rendered":"MANGUERA DE FILTRO DE AGUA DE 3\/8"},"content":{"rendered":"<h2><span style=\"font-size: 110%; font-family: tahoma, arial, helvetica, sans-serif;\">Manguera flexible de 3\/8\" de di\u00e1metro para filtros de agua.<\/span><\/h2>\n<p><span style=\"font-size: 110%; font-family: tahoma, arial, helvetica, sans-serif;\">La manguera es compatible con la mayor\u00eda de los frigor\u00edficos que contienen filtraci\u00f3n y con la mayor\u00eda de los sistemas de filtraci\u00f3n.\u00a0<\/span><\/p>\n<p><span style=\"font-size: 110%; font-family: tahoma, arial, helvetica, sans-serif;\">Caracter\u00edsticas t\u00e9cnicas:<\/span><\/p>\n<p><span style=\"font-size: 110%; font-family: tahoma, arial, helvetica, sans-serif;\">Tama\u00f1o de la manguera: 3\/8\u2033.<\/span><br \/>\n<span style=\"font-size: 110%; font-family: tahoma, arial, helvetica, sans-serif;\">Resistencia a la presi\u00f3n: 16 bar<\/span><br \/>\n<span style=\"font-size: 110%; font-family: tahoma, arial, helvetica, sans-serif;\">La manguera es flexible<\/span><\/p>\n<p><span style=\"font-size: 110%; font-family: tahoma, arial, helvetica, sans-serif;\">El precio es por metro lineal.<\/span><\/p>","protected":false},"excerpt":{"rendered":"<p><span style=\"font-size: 100%; font-family: tahoma, arial, helvetica, sans-serif;\">Manguera de presi\u00f3n para filtros de agua. El precio es por metro lineal.<\/span><\/p>","protected":false},"featured_media":69023,"comment_status":"open","ping_status":"closed","template":"","meta":{"_seopress_robots_primary_cat":"none","_seopress_titles_title":"","_seopress_titles_desc":"Furtun flexibil 1\/4\" pentru filtre de apa","_seopress_robots_index":""},"product_brand":[],"product_cat":[1049],"product_tag":[623,625,624],"class_list":{"0":"post-14054","1":"product","2":"type-product","3":"status-publish","4":"has-post-thumbnail","6":"product_cat-produse-conexe","7":"product_tag-furtun","8":"product_tag-furtun-filtre-apa","9":"product_tag-furtun-filtru-apa","11":"first","12":"outofstock","13":"taxable","14":"shipping-taxable","15":"purchasable","16":"product-type-simple"},"_links":{"self":[{"href":"https:\/\/azura.ro\/es\/wp-json\/wp\/v2\/product\/14054","targetHints":{"allow":["GET"]}}],"collection":[{"href":"https:\/\/azura.ro\/es\/wp-json\/wp\/v2\/product"}],"about":[{"href":"https:\/\/azura.ro\/es\/wp-json\/wp\/v2\/types\/product"}],"replies":[{"embeddable":true,"href":"https:\/\/azura.ro\/es\/wp-json\/wp\/v2\/comments?post=14054"}],"wp:featuredmedia":[{"embeddable":true,"href":"https:\/\/azura.ro\/es\/wp-json\/wp\/v2\/media\/69023"}],"wp:attachment":[{"href":"https:\/\/azura.ro\/es\/wp-json\/wp\/v2\/media?parent=14054"}],"wp:term":[{"taxonomy":"product_brand","embeddable":true,"href":"https:\/\/azura.ro\/es\/wp-json\/wp\/v2\/product_brand?post=14054"},{"taxonomy":"product_cat","embeddable":true,"href":"https:\/\/azura.ro\/es\/wp-json\/wp\/v2\/product_cat?post=14054"},{"taxonomy":"product_tag","embeddable":true,"href":"https:\/\/azura.ro\/es\/wp-json\/wp\/v2\/product_tag?post=14054"}],"curies":[{"name":"wp","href":"https:\/\/api.w.org\/{rel}","templated":true}]}}