{"id":14067,"date":"2019-01-01T15:26:39","date_gmt":"2019-01-01T13:26:39","guid":{"rendered":"https:\/\/azura.ro\/?post_type=product&#038;p=14067"},"modified":"2024-02-28T12:49:32","modified_gmt":"2024-02-28T10:49:32","slug":"baterie-cu-3-cai-design-modern-apa-filtrata-rece-calda-copiaza","status":"publish","type":"product","link":"https:\/\/azura.ro\/es\/produs\/baterie-cu-3-cai-design-modern-apa-filtrata-rece-calda-copiaza\/","title":{"rendered":"BATER\u00cdA DE 3 V\u00cdAS DE DISE\u00d1O MODERNO, AGUA FILTRADA - FR\u00cdA - CALIENTE"},"content":{"rendered":"<p><span style=\"font-size: 100%; font-family: tahoma, arial, helvetica, sans-serif;\">Baterie cu trei cai, design modern pentru apa filtrata, rece, calda.<\/span><\/p>\n<p><span style=\"font-size: 100%; font-family: tahoma, arial, helvetica, sans-serif;\">La bater\u00eda de tres v\u00edas se utiliza si desea un sistema de filtraci\u00f3n pero no quiere instalar una bater\u00eda adicional para el agua filtrada. En este caso, puede sustituir su bater\u00eda de dos v\u00edas por una bater\u00eda de tres v\u00edas.<\/span><\/p>\n<p><span style=\"font-size: 100%; font-family: tahoma, arial, helvetica, sans-serif;\">Calea pentru apa filtrata este separata si nu trece prin acelasi traseu cu apa rece si apa calda nefiltrata. Acest lucru este foarte important!<\/span><\/p>\n<p><span style=\"font-size: 100%; font-family: tahoma, arial, helvetica, sans-serif; color: #808080;\">Material: inox alimentar polisat.<\/span><\/p>\n<p><span style=\"font-size: 100%; font-family: tahoma, arial, helvetica, sans-serif; color: #808080;\">La bater\u00eda se suministra con un kit de instalaci\u00f3n:<\/span><\/p>\n<ul>\n<li><span style=\"font-size: 100%; font-family: tahoma, arial, helvetica, sans-serif; color: #808080;\">piulite pentru montare si strangere baterie;<\/span><\/li>\n<li><span style=\"font-size: 100%; font-family: tahoma, arial, helvetica, sans-serif; color: #808080;\">o-ring-uri;<\/span><\/li>\n<li><span style=\"font-size: 100%; font-family: tahoma, arial, helvetica, sans-serif; color: #808080;\">tres mangueras de conexi\u00f3n de 1\/2\u2033;<\/span><\/li>\n<li><span style=\"font-size: 100%; font-family: tahoma, arial, helvetica, sans-serif; color: #808080;\">piesa din plastic pentru trecere de la furtun 1\/2 la furtun pentru filtre cu dimensiunea de 1\/4&#8243;.<\/span><\/li>\n<\/ul>\n<p><span style=\"font-size: 100%; font-family: tahoma, arial, helvetica, sans-serif; color: #808080;\">Pentru dimensiunile bateriei, accesati galeria foto de mai jos prin click pe imagini:<\/span><\/p>\n<div id='gallery-1' class='gallery galleryid-14067 gallery-columns-4 gallery-size-medium'><figure class='gallery-item'>\n\t\t\t<div class='gallery-icon landscape'>\n\t\t\t\t<a href='https:\/\/azura.ro\/wp-content\/uploads\/2019\/01\/BATERIE-CU-3-CAI-DESIGN-MODERN-APA-FILTRATA-RECE-CALDA-5.jpg'><img decoding=\"async\" width=\"300\" height=\"300\" src=\"https:\/\/azura.ro\/wp-content\/uploads\/2019\/01\/BATERIE-CU-3-CAI-DESIGN-MODERN-APA-FILTRATA-RECE-CALDA-5-300x300.jpg\" class=\"attachment-medium size-medium\" alt=\"\" srcset=\"https:\/\/azura.ro\/wp-content\/uploads\/2019\/01\/BATERIE-CU-3-CAI-DESIGN-MODERN-APA-FILTRATA-RECE-CALDA-5-300x300.jpg 300w, https:\/\/azura.ro\/wp-content\/uploads\/2019\/01\/BATERIE-CU-3-CAI-DESIGN-MODERN-APA-FILTRATA-RECE-CALDA-5-247x247.jpg 247w, https:\/\/azura.ro\/wp-content\/uploads\/2019\/01\/BATERIE-CU-3-CAI-DESIGN-MODERN-APA-FILTRATA-RECE-CALDA-5-100x100.jpg 100w, https:\/\/azura.ro\/wp-content\/uploads\/2019\/01\/BATERIE-CU-3-CAI-DESIGN-MODERN-APA-FILTRATA-RECE-CALDA-5-510x510.jpg 510w, https:\/\/azura.ro\/wp-content\/uploads\/2019\/01\/BATERIE-CU-3-CAI-DESIGN-MODERN-APA-FILTRATA-RECE-CALDA-5-150x150.jpg 150w, https:\/\/azura.ro\/wp-content\/uploads\/2019\/01\/BATERIE-CU-3-CAI-DESIGN-MODERN-APA-FILTRATA-RECE-CALDA-5.jpg 1000w\" sizes=\"(max-width: 300px) 100vw, 300px\" \/><\/a>\n\t\t\t<\/div><\/figure><figure class='gallery-item'>\n\t\t\t<div class='gallery-icon landscape'>\n\t\t\t\t<a href='https:\/\/azura.ro\/wp-content\/uploads\/2019\/01\/BATERIE-CU-3-CAI-DESIGN-MODERN-APA-FILTRATA-RECE-CALDA-6.jpg'><img decoding=\"async\" width=\"300\" height=\"300\" src=\"https:\/\/azura.ro\/wp-content\/uploads\/2019\/01\/BATERIE-CU-3-CAI-DESIGN-MODERN-APA-FILTRATA-RECE-CALDA-6-300x300.jpg\" class=\"attachment-medium size-medium\" alt=\"\" srcset=\"https:\/\/azura.ro\/wp-content\/uploads\/2019\/01\/BATERIE-CU-3-CAI-DESIGN-MODERN-APA-FILTRATA-RECE-CALDA-6-300x300.jpg 300w, https:\/\/azura.ro\/wp-content\/uploads\/2019\/01\/BATERIE-CU-3-CAI-DESIGN-MODERN-APA-FILTRATA-RECE-CALDA-6-247x247.jpg 247w, https:\/\/azura.ro\/wp-content\/uploads\/2019\/01\/BATERIE-CU-3-CAI-DESIGN-MODERN-APA-FILTRATA-RECE-CALDA-6-100x100.jpg 100w, https:\/\/azura.ro\/wp-content\/uploads\/2019\/01\/BATERIE-CU-3-CAI-DESIGN-MODERN-APA-FILTRATA-RECE-CALDA-6-510x510.jpg 510w, https:\/\/azura.ro\/wp-content\/uploads\/2019\/01\/BATERIE-CU-3-CAI-DESIGN-MODERN-APA-FILTRATA-RECE-CALDA-6-150x150.jpg 150w, https:\/\/azura.ro\/wp-content\/uploads\/2019\/01\/BATERIE-CU-3-CAI-DESIGN-MODERN-APA-FILTRATA-RECE-CALDA-6.jpg 1000w\" sizes=\"(max-width: 300px) 100vw, 300px\" \/><\/a>\n\t\t\t<\/div><\/figure><figure class='gallery-item'>\n\t\t\t<div class='gallery-icon landscape'>\n\t\t\t\t<a href='https:\/\/azura.ro\/wp-content\/uploads\/2019\/01\/BATERIE-CU-3-CAI-DESIGN-MODERN-APA-FILTRATA-RECE-CALDA-7.jpg'><img decoding=\"async\" width=\"300\" height=\"300\" src=\"https:\/\/azura.ro\/wp-content\/uploads\/2019\/01\/BATERIE-CU-3-CAI-DESIGN-MODERN-APA-FILTRATA-RECE-CALDA-7-300x300.jpg\" class=\"attachment-medium size-medium\" alt=\"\" srcset=\"https:\/\/azura.ro\/wp-content\/uploads\/2019\/01\/BATERIE-CU-3-CAI-DESIGN-MODERN-APA-FILTRATA-RECE-CALDA-7-300x300.jpg 300w, https:\/\/azura.ro\/wp-content\/uploads\/2019\/01\/BATERIE-CU-3-CAI-DESIGN-MODERN-APA-FILTRATA-RECE-CALDA-7-247x247.jpg 247w, https:\/\/azura.ro\/wp-content\/uploads\/2019\/01\/BATERIE-CU-3-CAI-DESIGN-MODERN-APA-FILTRATA-RECE-CALDA-7-100x100.jpg 100w, https:\/\/azura.ro\/wp-content\/uploads\/2019\/01\/BATERIE-CU-3-CAI-DESIGN-MODERN-APA-FILTRATA-RECE-CALDA-7-510x510.jpg 510w, https:\/\/azura.ro\/wp-content\/uploads\/2019\/01\/BATERIE-CU-3-CAI-DESIGN-MODERN-APA-FILTRATA-RECE-CALDA-7-150x150.jpg 150w, https:\/\/azura.ro\/wp-content\/uploads\/2019\/01\/BATERIE-CU-3-CAI-DESIGN-MODERN-APA-FILTRATA-RECE-CALDA-7.jpg 1000w\" sizes=\"(max-width: 300px) 100vw, 300px\" \/><\/a>\n\t\t\t<\/div><\/figure><figure class='gallery-item'>\n\t\t\t<div class='gallery-icon landscape'>\n\t\t\t\t<a href='https:\/\/azura.ro\/wp-content\/uploads\/2019\/01\/BATERIE-CU-3-CAI-DESIGN-MODERN-APA-FILTRATA-RECE-CALDA-8.jpg'><img decoding=\"async\" width=\"300\" height=\"300\" src=\"https:\/\/azura.ro\/wp-content\/uploads\/2019\/01\/BATERIE-CU-3-CAI-DESIGN-MODERN-APA-FILTRATA-RECE-CALDA-8-300x300.jpg\" class=\"attachment-medium size-medium\" alt=\"\" srcset=\"https:\/\/azura.ro\/wp-content\/uploads\/2019\/01\/BATERIE-CU-3-CAI-DESIGN-MODERN-APA-FILTRATA-RECE-CALDA-8-300x300.jpg 300w, https:\/\/azura.ro\/wp-content\/uploads\/2019\/01\/BATERIE-CU-3-CAI-DESIGN-MODERN-APA-FILTRATA-RECE-CALDA-8-247x247.jpg 247w, https:\/\/azura.ro\/wp-content\/uploads\/2019\/01\/BATERIE-CU-3-CAI-DESIGN-MODERN-APA-FILTRATA-RECE-CALDA-8-100x100.jpg 100w, https:\/\/azura.ro\/wp-content\/uploads\/2019\/01\/BATERIE-CU-3-CAI-DESIGN-MODERN-APA-FILTRATA-RECE-CALDA-8-510x510.jpg 510w, https:\/\/azura.ro\/wp-content\/uploads\/2019\/01\/BATERIE-CU-3-CAI-DESIGN-MODERN-APA-FILTRATA-RECE-CALDA-8-150x150.jpg 150w, https:\/\/azura.ro\/wp-content\/uploads\/2019\/01\/BATERIE-CU-3-CAI-DESIGN-MODERN-APA-FILTRATA-RECE-CALDA-8.jpg 1000w\" sizes=\"(max-width: 300px) 100vw, 300px\" \/><\/a>\n\t\t\t<\/div><\/figure>\n\t\t<\/div>\n\n<p><span style=\"font-size: 100%; font-family: tahoma, arial, helvetica, sans-serif; color: #808080;\">Garant\u00eda: 2 a\u00f1os<\/span><\/p>\n<p><span style=\"font-size: 100%; font-family: tahoma, arial, helvetica, sans-serif; color: #808080;\">Produs in Taiwan pentru AZURA FILTERS<\/span><\/p>\n<p>&nbsp;<\/p>","protected":false},"excerpt":{"rendered":"<p><a href=\"https:\/\/azura.ro\/es\/100-30-dias-de-garantia-de-devolucion\/\" target=\"_blank\" rel=\"attachment noopener wp-att-7307 noreferrer\"><img decoding=\"async\" class=\"alignnone wp-image-7307\" src=\"https:\/\/azura.ro\/wp-content\/uploads\/2016\/06\/Garantie-retur.png\" alt=\"\" width=\"108\" height=\"133\" \/><\/a><a href=\"https:\/\/azura.ro\/es\/service\/\" target=\"_blank\" rel=\"attachment noopener wp-att-7308 noreferrer\"><img decoding=\"async\" class=\"alignnone wp-image-7308\" src=\"https:\/\/azura.ro\/wp-content\/uploads\/2016\/06\/Service.png\" alt=\"\" width=\"134\" height=\"134\" srcset=\"https:\/\/azura.ro\/wp-content\/uploads\/2016\/06\/Service.png 189w, https:\/\/azura.ro\/wp-content\/uploads\/2016\/06\/Service-100x100.png 100w, https:\/\/azura.ro\/wp-content\/uploads\/2016\/06\/Service-150x150.png 150w\" sizes=\"(max-width: 134px) 100vw, 134px\" \/><\/a><a href=\"https:\/\/azura.ro\/es\/2-ani-garantie\/\" target=\"_blank\" rel=\"noopener noreferrer\"><img decoding=\"async\" class=\"alignnone wp-image-14008\" style=\"font-size: 14.4px;\" src=\"https:\/\/azura.ro\/wp-content\/uploads\/2018\/12\/2-ani-garantie.png\" alt=\"\" width=\"109\" height=\"139\" \/><\/a><\/p>\n<p><a href=\"https:\/\/azura.ro\/es\/100-30-dias-de-garantia-de-devolucion\/\" target=\"_blank\" rel=\"noopener noreferrer\">Ofrecemos garant\u00eda de satisfacci\u00f3n con pol\u00edtica de devoluci\u00f3n de 30 d\u00edas;<\/a><br \/>\n<a href=\"https:\/\/azura.ro\/es\/service\/\" target=\"_blank\" rel=\"noopener noreferrer\">Ofrecemos servicio especializado en Ruman\u00eda \u00a1Cualquier problema t\u00e9cnico se resuelve en Ruman\u00eda!<\/a><a href=\"https:\/\/azura.ro\/es\/service\/\" target=\"_blank\" rel=\"noopener noreferrer\"><br \/>\n<\/a><a href=\"https:\/\/azura.ro\/es\/2-ani-garantie\/\" target=\"_blank\" rel=\"noopener noreferrer\">Ofrecemos garant\u00eda contra defectos de fabricaci\u00f3n, 2 a\u00f1os de garant\u00eda;<\/a><\/p>","protected":false},"featured_media":70862,"comment_status":"open","ping_status":"closed","template":"","meta":{"_seopress_robots_primary_cat":"none","_seopress_titles_title":"","_seopress_titles_desc":"Calea pentru apa filtrata este separata si nu trece prin acelasi traseu\u00a0 cu apa rece si apa calda nefiltrata. Acest lucru este foarte important!","_seopress_robots_index":""},"product_brand":[],"product_cat":[1130],"product_tag":[1070,1071],"class_list":{"0":"post-14067","1":"product","2":"type-product","3":"status-publish","4":"has-post-thumbnail","6":"product_cat-baterii-filtre-apa","7":"product_tag-baterie-3-cai","8":"product_tag-baterie-3-cai-design-clasic","9":"pa_brand-azura-filters","11":"first","12":"outofstock","13":"taxable","14":"shipping-taxable","15":"purchasable","16":"product-type-simple"},"_links":{"self":[{"href":"https:\/\/azura.ro\/es\/wp-json\/wp\/v2\/product\/14067","targetHints":{"allow":["GET"]}}],"collection":[{"href":"https:\/\/azura.ro\/es\/wp-json\/wp\/v2\/product"}],"about":[{"href":"https:\/\/azura.ro\/es\/wp-json\/wp\/v2\/types\/product"}],"replies":[{"embeddable":true,"href":"https:\/\/azura.ro\/es\/wp-json\/wp\/v2\/comments?post=14067"}],"wp:featuredmedia":[{"embeddable":true,"href":"https:\/\/azura.ro\/es\/wp-json\/wp\/v2\/media\/70862"}],"wp:attachment":[{"href":"https:\/\/azura.ro\/es\/wp-json\/wp\/v2\/media?parent=14067"}],"wp:term":[{"taxonomy":"product_brand","embeddable":true,"href":"https:\/\/azura.ro\/es\/wp-json\/wp\/v2\/product_brand?post=14067"},{"taxonomy":"product_cat","embeddable":true,"href":"https:\/\/azura.ro\/es\/wp-json\/wp\/v2\/product_cat?post=14067"},{"taxonomy":"product_tag","embeddable":true,"href":"https:\/\/azura.ro\/es\/wp-json\/wp\/v2\/product_tag?post=14067"}],"curies":[{"name":"wp","href":"https:\/\/api.w.org\/{rel}","templated":true}]}}