{"id":14083,"date":"2019-01-01T20:59:37","date_gmt":"2019-01-01T18:59:37","guid":{"rendered":"https:\/\/azura.ro\/?post_type=product&#038;p=14083"},"modified":"2026-04-08T12:05:29","modified_gmt":"2026-04-08T09:05:29","slug":"cartucho-filtrante-2o-bloque-carbon-linea-bmb","status":"publish","type":"product","link":"https:\/\/azura.ro\/es\/produs\/cartus-filtrant-2nd-carbon-bloc-bmb-line\/","title":{"rendered":"CARTUCHO FILTRANTE 2\u00ba BLOQUE CARB\u00d3N L\u00cdNEA BMB"},"content":{"rendered":"<h2><span style=\"font-size: 110%; font-family: tahoma, arial, helvetica, sans-serif;\">Cartus filtrant capsulat treapta 2, cu mediu filtrant carbon bloc obtinut din coaja de nuca de cocos in amestec cu mediu de filtrare japonez cu efect anticalcar.<\/span><\/h2>\n<p><span style=\"font-size: 110%; font-family: tahoma, arial, helvetica, sans-serif;\">Acest cartus elimina din apa: gust, miros, clor, trihalometani, substante organice, erbicide, pesticide, reziduuri de medicamente, insecticide, fenoli, hidrocarburi poliaromate si multe alte substante chimice. In plus are efect anticalcar (reduce depunerile de calcar).<\/span><\/p>\n<p><span style=\"font-size: 110%; font-family: tahoma, arial, helvetica, sans-serif;\">Periodo de intercambio:\u00a0<\/span><\/p>\n<ul>\n<li><span style=\"font-size: 110%; font-family: tahoma, arial, helvetica, sans-serif;\">6 luni pentru Ultrazura 11UF BMB Line<br \/>\n<\/span><\/li>\n<li><span style=\"font-size: 110%; font-family: tahoma, arial, helvetica, sans-serif;\">12 luni pentru Osmoazura BMB-20 Pro Twist<\/span><\/li>\n<\/ul>\n<p><span style=\"font-size: 110%; font-family: tahoma, arial, helvetica, sans-serif;\">*In functie de calitatea apei si de volumul de apa consumat.<\/span><\/p>\n<p><span style=\"font-size: 110%; font-family: tahoma, arial, helvetica, sans-serif;\">Compatibilitate: cu modelul de filtrul ULTRAZURA 11 BMB LINE si cu purificatorul Osmoazura BMB-20 Pro Twist<\/span><\/p>\n<p><span style=\"font-size: 110%; font-family: tahoma, arial, helvetica, sans-serif;\">Precautii in utilizare si avertizari:<\/span><\/p>\n<ul>\n<li><span style=\"font-size: 110%; font-family: tahoma, arial, helvetica, sans-serif;\">al cambiar este cartucho es necesario cerrar el agua y abrir el grifo de agua filtrada para despresurizar;<\/span><\/li>\n<li><span style=\"font-size: 110%; font-family: tahoma, arial, helvetica, sans-serif;\">inainte de consum, rulati prin noul filtru aproximativ 3 litri de apa;<\/span><\/li>\n<li><span style=\"font-size: 110%; font-family: tahoma, arial, helvetica, sans-serif;\">Despu\u00e9s del cambio, durante unos d\u00edas, ver\u00e1 finas burbujas de aire en el vaso. Esto es absolutamente normal y ocurrir\u00e1 hasta que el medio filtrante est\u00e9 completamente empapado.<\/span><\/li>\n<\/ul>","protected":false},"excerpt":{"rendered":"<p>Cartus filtrant capsulat treapta 2, cu mediu filtrant carbon bloc obtinut din coaja de nuca de cocos in amestec cu mediu de filtrare japonez cu efect anticalcar. Acest cartus elimina din apa: gust, miros, clor, trihalometani, substante organice, erbicide, pesticide, reziduuri de medicamente, insecticide, fenoli, hidrocarburi poliaromate si multe alte substante chimice. In plus are [&#8230;]\n","protected":false},"featured_media":67963,"comment_status":"open","ping_status":"closed","template":"","meta":{"_seopress_robots_primary_cat":"none","_seopress_titles_title":"","_seopress_titles_desc":"","_seopress_robots_index":""},"product_brand":[],"product_cat":[1137,1143],"product_tag":[1076,1075],"class_list":{"0":"post-14083","1":"product","2":"type-product","3":"status-publish","4":"has-post-thumbnail","6":"product_cat-cartuse-filtre-bucatarie","7":"product_cat-cartuse-horeca-vending","8":"product_tag-bmb-line","9":"product_tag-ultrazura-11","11":"first","12":"instock","13":"taxable","14":"shipping-taxable","15":"purchasable","16":"product-type-simple"},"_links":{"self":[{"href":"https:\/\/azura.ro\/es\/wp-json\/wp\/v2\/product\/14083","targetHints":{"allow":["GET"]}}],"collection":[{"href":"https:\/\/azura.ro\/es\/wp-json\/wp\/v2\/product"}],"about":[{"href":"https:\/\/azura.ro\/es\/wp-json\/wp\/v2\/types\/product"}],"replies":[{"embeddable":true,"href":"https:\/\/azura.ro\/es\/wp-json\/wp\/v2\/comments?post=14083"}],"wp:featuredmedia":[{"embeddable":true,"href":"https:\/\/azura.ro\/es\/wp-json\/wp\/v2\/media\/67963"}],"wp:attachment":[{"href":"https:\/\/azura.ro\/es\/wp-json\/wp\/v2\/media?parent=14083"}],"wp:term":[{"taxonomy":"product_brand","embeddable":true,"href":"https:\/\/azura.ro\/es\/wp-json\/wp\/v2\/product_brand?post=14083"},{"taxonomy":"product_cat","embeddable":true,"href":"https:\/\/azura.ro\/es\/wp-json\/wp\/v2\/product_cat?post=14083"},{"taxonomy":"product_tag","embeddable":true,"href":"https:\/\/azura.ro\/es\/wp-json\/wp\/v2\/product_tag?post=14083"}],"curies":[{"name":"wp","href":"https:\/\/api.w.org\/{rel}","templated":true}]}}