{"id":14089,"date":"2019-01-01T23:06:31","date_gmt":"2019-01-01T21:06:31","guid":{"rendered":"https:\/\/azura.ro\/?post_type=product&#038;p=14089"},"modified":"2026-04-08T12:05:30","modified_gmt":"2026-04-08T09:05:30","slug":"cartus-filtrant-4th-ph-alcalin-gac-bmb-line","status":"publish","type":"product","link":"https:\/\/azura.ro\/es\/produs\/cartus-filtrant-4th-ph-alcalin-gac-bmb-line\/","title":{"rendered":"CARTUCHO FILTRANTE 4\u00ba PH ALCALINO Y GAC L\u00cdNEA BMB"},"content":{"rendered":"<p><span style=\"font-size: 110%; font-family: tahoma, arial, helvetica, sans-serif; color: #282828;\">Cartus filtrant capsulat treapta 4, cu mediu filtrant carbon granular obtinut din coaja de nuca de cocos si calcit pentru cresterea si stabilizarea pH-ului apei. Apa devine usor alcalina (sau creste alcalinitatea) prin utilizarea acestui cartus filtrant.<\/span><\/p>\n<p><span style=\"font-size: 110%; font-family: tahoma, arial, helvetica, sans-serif; color: #282828;\">Acest cartus elimina din apa: gust, miros, clor, trihalometani, substante organice, erbicide, pesticide, reziduuri de medicamente, insecticide, fenoli, hidrocarburi poliaromate si multe alte substante chimice si creste pH-ul, apa devenind alcalina.<\/span><\/p>\n<p><span style=\"font-size: 110%; font-family: tahoma, arial, helvetica, sans-serif; color: #282828;\">Prin utilizarea acestui cartus filtrant:<\/span><\/p>\n<ul>\n<li><span style=\"font-size: 110%; font-family: tahoma, arial, helvetica, sans-serif; color: #282828;\">creste ph-ul apei cu aproximativ o unitate. De exemplu, daca apa are la intrarea in filtru un pH de 7, la iesire va avea aproximativ 7,5;<\/span><\/li>\n<li><span style=\"font-size: 110%; font-family: tahoma, arial, helvetica, sans-serif; color: #282828;\">TDS-ul apei va creste cu aproximativ 10 &#8211; 20 de unitati.<\/span><\/li>\n<\/ul>\n<p><span style=\"font-size: 110%; font-family: tahoma, arial, helvetica, sans-serif; color: #282828;\">Perioada de schimb: 12 luni, in functie de calitatea apei si de volumul de apa consumat.<\/span><\/p>\n<p><span style=\"font-size: 110%; font-family: tahoma, arial, helvetica, sans-serif; color: #282828;\">Compatibilitate: cu filtrul ULTRAZURA 11 BMB LINE<\/span><\/p>\n<p><span style=\"font-size: 110%; font-family: tahoma, arial, helvetica, sans-serif; color: #282828;\">Precautii in utilizare si avertizari:<\/span><\/p>\n<ul>\n<li><span style=\"font-size: 110%; font-family: tahoma, arial, helvetica, sans-serif; color: #282828;\">al cambiar este cartucho es necesario cerrar el agua y abrir el grifo de agua filtrada para despresurizar;<\/span><\/li>\n<li><span style=\"font-size: 110%; font-family: tahoma, arial, helvetica, sans-serif; color: #282828;\">inainte de consum, rulati prin noul filtru aproximativ 3 litri de apa;<\/span><\/li>\n<li><span style=\"font-size: 110%; font-family: tahoma, arial, helvetica, sans-serif; color: #282828;\">Despu\u00e9s del cambio, durante unos d\u00edas, ver\u00e1 finas burbujas de aire en el vaso. Esto es absolutamente normal y ocurrir\u00e1 hasta que el medio filtrante est\u00e9 completamente empapado.<\/span><\/li>\n<\/ul>","protected":false},"excerpt":{"rendered":"<p>Cartus filtrant capsulat treapta 4, cu mediu filtrant carbon granular obtinut din coaja de nuca de cocos si calcit pentru cresterea si stabilizarea pH-ului apei. Apa devine usor alcalina (sau creste alcalinitatea) prin utilizarea acestui cartus filtrant. Acest cartus elimina din apa: gust, miros, clor, trihalometani, substante organice, erbicide, pesticide, reziduuri de medicamente, insecticide, fenoli, [&#8230;]\n","protected":false},"featured_media":67967,"comment_status":"open","ping_status":"closed","template":"","meta":{"_seopress_robots_primary_cat":"none","_seopress_titles_title":"","_seopress_titles_desc":"","_seopress_robots_index":""},"product_brand":[],"product_cat":[1137,1143],"product_tag":[1076,1075],"class_list":{"0":"post-14089","1":"product","2":"type-product","3":"status-publish","4":"has-post-thumbnail","6":"product_cat-cartuse-filtre-bucatarie","7":"product_cat-cartuse-horeca-vending","8":"product_tag-bmb-line","9":"product_tag-ultrazura-11","11":"first","12":"instock","13":"taxable","14":"shipping-taxable","15":"purchasable","16":"product-type-simple"},"_links":{"self":[{"href":"https:\/\/azura.ro\/es\/wp-json\/wp\/v2\/product\/14089","targetHints":{"allow":["GET"]}}],"collection":[{"href":"https:\/\/azura.ro\/es\/wp-json\/wp\/v2\/product"}],"about":[{"href":"https:\/\/azura.ro\/es\/wp-json\/wp\/v2\/types\/product"}],"replies":[{"embeddable":true,"href":"https:\/\/azura.ro\/es\/wp-json\/wp\/v2\/comments?post=14089"}],"wp:featuredmedia":[{"embeddable":true,"href":"https:\/\/azura.ro\/es\/wp-json\/wp\/v2\/media\/67967"}],"wp:attachment":[{"href":"https:\/\/azura.ro\/es\/wp-json\/wp\/v2\/media?parent=14089"}],"wp:term":[{"taxonomy":"product_brand","embeddable":true,"href":"https:\/\/azura.ro\/es\/wp-json\/wp\/v2\/product_brand?post=14089"},{"taxonomy":"product_cat","embeddable":true,"href":"https:\/\/azura.ro\/es\/wp-json\/wp\/v2\/product_cat?post=14089"},{"taxonomy":"product_tag","embeddable":true,"href":"https:\/\/azura.ro\/es\/wp-json\/wp\/v2\/product_tag?post=14089"}],"curies":[{"name":"wp","href":"https:\/\/api.w.org\/{rel}","templated":true}]}}