{"id":14101,"date":"2019-01-02T19:14:56","date_gmt":"2019-01-02T17:14:56","guid":{"rendered":"https:\/\/azura.ro\/?post_type=product&#038;p=14101"},"modified":"2026-05-07T13:53:29","modified_gmt":"2026-05-07T10:53:29","slug":"filtro-de-agua-ultrapura-11uf-linea-bmb","status":"publish","type":"product","link":"https:\/\/azura.ro\/es\/produs\/filtru-apa-ultrazura-11uf-bmb-line\/","title":{"rendered":"FILTRO DE AGUA ULTRAPURA 11UF L\u00cdNEA BMB"},"content":{"rendered":"<h2><span style=\"font-size: 110%; font-family: tahoma, arial, helvetica, sans-serif;\">FILTRO DE AGUA BMB LINE ULTRAZURA 11UF BMB LINE - el sistema de filtraci\u00f3n m\u00e1s completo con<strong> ultrafiltraci\u00f3n y ligera alcalinizaci\u00f3n (agua ligeramente alcalina)<\/strong>, ...\u00a1sin duda a nivel internacional!<\/span><\/h2>\n<p><span style=\"font-size: 110%; font-family: tahoma, arial, helvetica, sans-serif;\"><strong>ULTRAZURA 11UF BMB LINE sistema de filtrado - elimina el agua:<\/strong><\/span><br \/>\n<span style=\"font-size: 110%; font-family: tahoma, arial, helvetica, sans-serif;\">Cloro, trihalometanos, herbicidas, pesticidas, insecticidas, sustancias org\u00e1nicas e inorg\u00e1nicas, sedimentos, limo, arena, \u00f3xido, residuos de medicamentos, fenoles, hidrocarburos poliarom\u00e1ticos, metales pesados como plomo, mercurio, cromo, cadmio, bacterias, par\u00e1sitos como cryptosporidium y giardia. Se eliminar\u00e1 cualquier sabor u olor desagradable del agua. El agua tendr\u00e1 un sabor muy agradable sin eliminar los minerales beneficiosos. <strong>El calcio y el magnesio permanecer\u00e1n en el agua<\/strong>.<\/span><\/p>\n<p><span style=\"font-size: 110%; font-family: tahoma, arial, helvetica, sans-serif;\">Adem\u00e1s, por efecto de la calcita (un mineral natural) presente en el sistema de filtraci\u00f3n, <strong>el agua se volver\u00e1 ligeramente alcalina<\/strong>. La alcalinidad del agua aumentar\u00e1 aproximadamente medio grado por encima del valor del agua sin filtrar. La calcita (mineral natural) tiene un efecto neutralizante sobre la acidez estomacal.<\/span><\/p>\n<p><span style=\"font-size: 110%; font-family: tahoma, arial, helvetica, sans-serif;\"><a href=\"https:\/\/azura.ro\/es\/?attachment_id=14110#main\" rel=\"attachment wp-att-14110\"><img decoding=\"async\" class=\"alignleft wp-image-14110\" src=\"https:\/\/azura.ro\/wp-content\/uploads\/2019\/01\/eticheta-ULTRAZURA-11UF-BMB-LINE-91x26.jpg\" alt=\"\" width=\"322\" height=\"92\" srcset=\"https:\/\/azura.ro\/wp-content\/uploads\/2019\/01\/eticheta-ULTRAZURA-11UF-BMB-LINE-91x26.jpg 1075w, https:\/\/azura.ro\/wp-content\/uploads\/2019\/01\/eticheta-ULTRAZURA-11UF-BMB-LINE-91x26-510x146.jpg 510w, https:\/\/azura.ro\/wp-content\/uploads\/2019\/01\/eticheta-ULTRAZURA-11UF-BMB-LINE-91x26-300x86.jpg 300w, https:\/\/azura.ro\/wp-content\/uploads\/2019\/01\/eticheta-ULTRAZURA-11UF-BMB-LINE-91x26-1024x292.jpg 1024w\" sizes=\"(max-width: 322px) 100vw, 322px\" \/><\/a>Por supuesto, <strong>ULTRAZURA 11UF BMB LINE sistema de filtrado, tiene certificaciones tales como:<\/strong> TSE-HYB y est\u00e1 fabricado con materiales certificados: NSF y SGS. Todas estas certificaciones obran en nuestro poder y podemos present\u00e1rselas si lo solicita.<\/span><\/p>\n<p><span style=\"font-family: tahoma, arial, helvetica, sans-serif; font-size: 110%;\">Los materiales de primera calidad con los que est\u00e1 construido este purificador proceden de fabricantes de renombre mundial:<\/span><br \/>\n<span style=\"font-size: 110%;\"><img decoding=\"async\" class=\"aligncenter size-full wp-image-24167\" src=\"https:\/\/azura.ro\/wp-content\/uploads\/2019\/01\/producatori-ultrazura-11uf.jpg\" alt=\"\" width=\"701\" height=\"70\" srcset=\"https:\/\/azura.ro\/wp-content\/uploads\/2019\/01\/producatori-ultrazura-11uf.jpg 701w, https:\/\/azura.ro\/wp-content\/uploads\/2019\/01\/producatori-ultrazura-11uf-510x51.jpg 510w, https:\/\/azura.ro\/wp-content\/uploads\/2019\/01\/producatori-ultrazura-11uf-300x30.jpg 300w\" sizes=\"(max-width: 701px) 100vw, 701px\" \/><\/span><\/p>\n<p><span style=\"font-size: 110%; font-family: tahoma, arial, helvetica, sans-serif; color: #808080;\">Garantizar \"<a style=\"color: #808080;\" href=\"https:\/\/azura.ro\/es\/agradecimiento-pleno\/\" target=\"_blank\" rel=\"noopener noreferrer\">AGRADECIMIENTO PLENO<\/a>\" = Garant\u00eda de que <strong>sistema de filtrado ULTRAZURA 11UF BMB LINE<\/strong>\u00a0tiene el efecto prometido.<\/span><\/p>\n<p><span style=\"font-family: tahoma, arial, helvetica, sans-serif; font-size: 110%; color: #808080;\"><a style=\"color: #808080;\" href=\"https:\/\/azura.ro\/es\/agradecimiento-pleno\/\" target=\"_blank\" rel=\"attachment noopener wp-att-13707 noreferrer\"><img decoding=\"async\" class=\"alignleft wp-image-13707\" src=\"https:\/\/azura.ro\/wp-content\/uploads\/2018\/12\/30-zile-garantie-retur.png\" alt=\"\" width=\"159\" height=\"159\" srcset=\"https:\/\/azura.ro\/wp-content\/uploads\/2018\/12\/30-zile-garantie-retur.png 300w, https:\/\/azura.ro\/wp-content\/uploads\/2018\/12\/30-zile-garantie-retur-247x247.png 247w, https:\/\/azura.ro\/wp-content\/uploads\/2018\/12\/30-zile-garantie-retur-100x100.png 100w, https:\/\/azura.ro\/wp-content\/uploads\/2018\/12\/30-zile-garantie-retur-150x150.png 150w\" sizes=\"(max-width: 159px) 100vw, 159px\" \/><\/a><\/span><\/p>\n<p><span style=\"font-size: 110%; font-family: tahoma, arial, helvetica, sans-serif; color: #808080;\"><strong>Filtro de agua ULTRAZURA 11UF BMB LINE<\/strong>\u00a0funciona y por eso ofrecemos este equipo con <a href=\"https:\/\/azura.ro\/es\/agradecimiento-pleno\/\" target=\"_blank\" rel=\"noopener noreferrer\">GARANT\u00cdA DE DEVOLUCI\u00d3N DE 30 D\u00cdAS<\/a>. La finalidad de este tipo de garant\u00eda es una sola, su satisfacci\u00f3n.<\/span><br \/>\n<span style=\"font-size: 110%; font-family: tahoma, arial, helvetica, sans-serif; color: #808080;\"> Garantizamos que <strong>Filtro de agua ULTRAZURA 11UF BMB LINE<\/strong>\u00a0funcionar\u00e1 para usted. Si despu\u00e9s de 30 D\u00cdAS no est\u00e1 satisfecho con el funcionamiento del sistema, p\u00f3ngase en contacto con nosotros en un plazo de 30 d\u00edas tras el periodo de prueba y uso. Si no somos capaces de resolver el problema con el que no est\u00e1 satisfecho, el dinero de su equipo ser\u00e1 reembolsado en su totalidad despu\u00e9s de que nos devuelva el equipo. \u00a1Ni siquiera tendr\u00e1 que pagar los gastos de env\u00edo!\u00a0<\/span><\/p>\n<p><span style=\"font-size: 110%; font-family: tahoma, arial, helvetica, sans-serif;\"><strong>Configuraci\u00f3n de filtro \u00fanica<\/strong> para\u00a0<span style=\"color: #808080;\"><strong>ULTRAZURA 11UF L\u00cdNEA BMB <\/strong>- Le garantizamos que no encontrar\u00e1 este tipo de filtraci\u00f3n en ning\u00fan otro sistema de ultrafiltraci\u00f3n.<\/span><\/span><\/p>\n<p><span style=\"font-size: 110%; font-family: tahoma, arial, helvetica, sans-serif;\">Sistema de filtrado\u00a0<span style=\"color: #808080;\"><strong>ULTRAZURA 11UF L\u00cdNEA BMB <\/strong>contiene 11 etapas de filtraci\u00f3n presentes en 4 cartuchos filtrantes, a saber:<\/span><\/span><\/p>\n<p><span style=\"font-size: 110%; font-family: tahoma, arial, helvetica, sans-serif;\"><strong>El primer filtro (es <em>transl\u00facido<\/em> para ver cu\u00e1ndo se ensucia el filtro):<\/strong>\u00a0<strong>CARTUCHO FILTRANTE 1\u00aa L\u00cdNEA 5 MICRAS ANTIBACTERIAS BMB<\/strong> - contiene polipropileno puro con grado de filtraci\u00f3n de 5 micras, impregnado de nano zinc. La funci\u00f3n de este filtro es prefiltrar el agua en busca de \u00f3xido, suciedad, arena y otras part\u00edculas y destruir las bacterias mediante la acci\u00f3n del nano zinc.<\/span><\/p>\n<p><span style=\"font-size: 110%; font-family: tahoma, arial, helvetica, sans-serif;\">Periodo de cambio recomendado para 1ST: 4-6 meses.<\/span><\/p>\n<p><span style=\"font-size: 110%; font-family: tahoma, arial, helvetica, sans-serif;\"><strong>Segundo filtro: 2\u00ba BLOQUE DE CARBONO FILTRO CARTUCHO BMB L\u00cdNEA<\/strong> - contiene un medio filtrante de bloque de carbono obtenido de la c\u00e1scara de coco. La funci\u00f3n de este filtro es filtrar el sabor, el olor, el cloro, los trihalometanos, los org\u00e1nicos, los herbicidas, los pesticidas, los residuos de medicamentos, los insecticidas, los fenoles, los hidrocarburos poliarom\u00e1ticos y muchas otras sustancias qu\u00edmicas.<\/span><\/p>\n<p><span style=\"font-size: 110%; font-family: tahoma, arial, helvetica, sans-serif;\">Periodo de cambio recomendado para 2ND: 4-6 meses.<\/span><\/p>\n<p><span style=\"font-size: 110%; font-family: tahoma, arial, helvetica, sans-serif;\"><strong>El tercer filtro, que es el \u201ecoraz\u00f3n del sistema\u201d: la 3\u00aa L\u00cdNEA UF Y UFP BMB CARTUCHO FILTRO UFP<\/strong> - combinan las siguientes tecnolog\u00edas:<\/span><\/p>\n<ul>\n<li><span style=\"font-size: 110%; font-family: tahoma, arial, helvetica, sans-serif;\">Polipropileno de 1 micra impregnado de nanozinc;<\/span><\/li>\n<li><span style=\"font-size: 110%; font-family: tahoma, arial, helvetica, sans-serif;\">UFP - polvo ultrafino;<\/span><\/li>\n<li><span style=\"font-size: 110%; font-family: tahoma, arial, helvetica, sans-serif;\">Polipropileno de 0,5 micras impregnado de nanozinc;<\/span><\/li>\n<li><span style=\"font-size: 110%; font-family: tahoma, arial, helvetica, sans-serif;\">membrana de ultrafiltraci\u00f3n de 0,1 micras nominales y 0,2 micras absolutas.<\/span><\/li>\n<\/ul>\n<p><span style=\"font-size: 110%; font-family: tahoma, arial, helvetica, sans-serif;\">Este cartucho filtrante elimina del agua: bacterias (m\u00e1s de 99%), cryptosporidium y giardia, metales pesados: plomo, mercurio, cadmio, cromo, pero tambi\u00e9n sustancias org\u00e1nicas, cloro, trihalometanos, herbicidas, pesticidas, insecticidas, residuos de medicamentos, etc.<\/span><\/p>\n<p><span style=\"font-size: 110%; font-family: tahoma, arial, helvetica, sans-serif;\">Periodo de sustituci\u00f3n recomendado para 3RD: 12 meses.<\/span><\/p>\n<p><span style=\"font-size: 110%; font-family: tahoma, arial, helvetica, sans-serif;\"><strong>El cuarto y \u00faltimo filtro por el que pasa el agua: 4TH PH ALKALINE 4TH FILTERING CARTRIDGE AND BMB LINE GAC<\/strong> - Medio filtrante de carb\u00f3n granular fabricado con c\u00e1scara de coco y piedra caliza para aumentar y estabilizar el pH del agua. El agua se vuelve ligeramente alcalina (o aumenta su alcalinidad) utilizando este cartucho filtrante. Este filtro tambi\u00e9n act\u00faa como filtro de acabado y corrector del sabor, haciendo que el agua sea muy agradable de beber.<\/span><\/p>\n<p><span style=\"font-size: 110%; font-family: tahoma, arial, helvetica, sans-serif;\">Periodo de cambio recomendado para 4TH: 12 meses.<\/span><\/p>\n<p><span style=\"font-size: 110%; font-family: tahoma, arial, helvetica, sans-serif;\">Nota: el tiempo de cambio de los cartuchos filtrantes depende directamente de la calidad del agua filtrada.<\/span><\/p>\n<p><span style=\"font-size: 110%; font-family: tahoma, arial, helvetica, sans-serif;\"><strong>Cartuchos de filtro y costes relacionados<\/strong>, puede encontrarlos pulsando el bot\u00f3n virtual \u201e<strong>CARTUCHOS DE REPUESTO<\/strong>\u201e, situado debajo de las im\u00e1genes de los productos (en la parte superior de la p\u00e1gina).<\/span><\/p>\n<p><span style=\"font-size: 110%; font-family: tahoma, arial, helvetica, sans-serif;\"><strong>\u00bfD\u00f3nde y para qu\u00e9?<\/strong><br \/>\n<\/span><br \/>\n<span style=\"font-size: 110%; font-family: tahoma, arial, helvetica, sans-serif;\"><span style=\"color: #808080;\"><strong>ULTRAZURA 11UF L\u00cdNEA BMB<\/strong><\/span> Generalmente se instala en la cocina, bajo la encimera, y el consumo de agua se realiza a trav\u00e9s de la bater\u00eda de agua purificada suministrada en el kit de instalaci\u00f3n. Es una bater\u00eda moderna, plateada, que combinar\u00e1 con cualquier cocina moderna.<\/span><\/p>\n<p><span style=\"font-size: 110%; font-family: tahoma, arial, helvetica, sans-serif;\">El agua purificada de este modo se utiliza para el consumo diario, para preparar t\u00e9 y caf\u00e9, para cocinar, lavar frutas y verduras.<\/span><\/p>\n<p><span style=\"font-size: 110%; font-family: tahoma, arial, helvetica, sans-serif;\"><strong>\u00a1Atenci\u00f3n! <\/strong>Sistema de filtrado <span style=\"color: #808080;\"><strong>ULTRAZURA 11UF L\u00cdNEA BMB<\/strong><\/span> est\u00e1 dise\u00f1ado y fabricado para purificar agua de la red p\u00fablica que ha sido controlada, desinfectada y declarada potable. No utilice el sistema (sin consultarnos) con agua procedente de fuentes propias, como agua de perforaci\u00f3n\/pozo, aguas superficiales. En estos casos se requiere un informe de an\u00e1lisis del agua. Nuestros especialistas est\u00e1n a su disposici\u00f3n con asesoramiento experto y le dir\u00e1n exactamente qu\u00e9 filtros necesita para tratar su propia fuente de agua, pero s\u00f3lo sobre la base de un informe de an\u00e1lisis del agua.<\/span><\/p>\n<p><span style=\"font-size: 110%; font-family: tahoma, arial, helvetica, sans-serif;\">Utilice <span style=\"color: #808080;\"><strong>ULTRAZURA 11UF L\u00cdNEA BMB<\/strong><\/span> s\u00f3lo agua fr\u00eda. No instalar en tuber\u00edas de agua caliente.<\/span><\/p>\n<p><span style=\"font-size: 110%; font-family: tahoma, arial, helvetica, sans-serif;\"><strong>\u00bfLavar\u00e1s los platos con agua filtrada?<\/strong><\/span><\/p>\n<p><span style=\"font-size: 110%; font-family: tahoma, arial, helvetica, sans-serif;\">La respuesta es NO. El kit de instalaci\u00f3n s\u00f3lo permite filtrar el agua para el consumo. El filtro <span style=\"color: #808080;\"><strong>ULTRAZURA 11UF L\u00cdNEA BMB<\/strong><\/span> contiene un kit de instalaci\u00f3n para este fin.<\/span><\/p>\n<p><span style=\"font-size: 110%; font-family: tahoma, arial, helvetica, sans-serif;\"><strong>\u00bfQu\u00e9 recibo en el paquete en el momento de la entrega?<\/strong><\/span><\/p>\n<p><span style=\"font-size: 110%; font-family: tahoma, arial, helvetica, sans-serif;\">- El dispositivo de filtrado con los filtros antes mencionados;<\/span><br \/>\n<span style=\"font-size: 110%; font-family: tahoma, arial, helvetica, sans-serif;\"> - Manguera de presi\u00f3n blanca para agua filtrada, de 3 a 4 m, m\u00e1s que suficiente para la instalaci\u00f3n;<\/span><br \/>\n<span style=\"font-size: 110%; font-family: tahoma, arial, helvetica, sans-serif;\"> - Pila de metal plateado para beber agua purificada;<\/span><br \/>\n<span style=\"font-size: 110%; font-family: tahoma, arial, helvetica, sans-serif;\"> - Pieza de uni\u00f3n bajo fregadero 1\/2\u2033;<\/span><br \/>\n<span style=\"font-size: 110%; font-family: tahoma, arial, helvetica, sans-serif;\"> - Grifo de encendido\/apagado del filtro;<\/span><\/p>\n<ul>\n<li><span style=\"font-size: 110%; font-family: tahoma, arial, helvetica, sans-serif;\">Manual de usuario en rumano.<\/span><\/li>\n<\/ul>\n<p><span style=\"font-size: 110%; font-family: tahoma, arial, helvetica, sans-serif;\"><strong>Montaj\u00a0<span style=\"color: #808080;\">ULTRAZURA 11UF L\u00cdNEA BMB<\/span><\/strong><\/span><\/p>\n<p><span style=\"font-size: 110%; font-family: tahoma, arial, helvetica, sans-serif;\">El sistema de filtraci\u00f3n se monta debajo del fregadero y en el fregadero s\u00f3lo se monta la bater\u00eda especial suministrada en el kit de instalaci\u00f3n. La instalaci\u00f3n no es dif\u00edcil, sin embargo requiere pocos conocimientos t\u00e9cnicos o un instalador. Le proporcionaremos el Manual del Usuario con la compra. Para Bucarest e Ilfov puede pedir a nuestro equipo que instale el filtro por usted (cargo adicional).<\/span><\/p>\n<p><span style=\"font-size: 110%; font-family: tahoma, arial, helvetica, sans-serif;\">La punerea in functiune, inainte de consumul apei, se vor rula 5 &#8211; 7 litri de apa prin sistem. Dupa instalare, pentru cateva zile, veti vedea in pahar bule fine de aer. Acest lucru este absolut normal si se va intampla pana la imbibarea totala a mediilor de filtrare.<\/span><\/p>\n<p><iframe loading=\"lazy\" title=\"Instalare Ultrazura 11Uf BMB Line AZURA FILTERS\" width=\"1020\" height=\"574\" src=\"https:\/\/www.youtube.com\/embed\/vUu1hOf8_A4?start=4&#038;feature=oembed\" frameborder=\"0\" allow=\"accelerometer; autoplay; clipboard-write; encrypted-media; gyroscope; picture-in-picture; web-share\" referrerpolicy=\"strict-origin-when-cross-origin\" allowfullscreen><\/iframe><\/p>\n<p><span style=\"font-size: 110%; font-family: tahoma, arial, helvetica, sans-serif;\"><strong>Cambiar los cartuchos filtrantes: nada m\u00e1s sencillo:<\/strong><\/span><\/p>\n<p><span style=\"font-size: 110%; font-family: tahoma, arial, helvetica, sans-serif;\">Cambiar los filtros es muy sencillo y no se necesitan herramientas ni llaves complicadas. Todo en 5 minutos.<\/span><\/p>\n<ul>\n<li><span style=\"font-size: 110%; font-family: tahoma, arial, helvetica, sans-serif;\">cerrar el grifo - abrir la bater\u00eda de agua filtrada para despresurizarla - desenroscar los cartuchos a mano y enroscar los cartuchos nuevos. No se necesita fuerza ni llaves especiales, cualquiera puede realizar este procedimiento.<\/span><\/li>\n<li><span style=\"font-size: 110%; font-family: tahoma, arial, helvetica, sans-serif;\">dupa montarea noilor filtre, se deschide apa si se lasa sa treaca prin sistemul de filtrare aproximativ 3 litri de apa.<\/span><\/li>\n<\/ul>\n<p><iframe loading=\"lazy\" title=\"Schimbare Cartuse Filtrante Ultrazura 11UF BMB Line AZURA FILTERS\" width=\"1020\" height=\"574\" src=\"https:\/\/www.youtube.com\/embed\/wQNxfaFDPmU?feature=oembed\" frameborder=\"0\" allow=\"accelerometer; autoplay; clipboard-write; encrypted-media; gyroscope; picture-in-picture; web-share\" referrerpolicy=\"strict-origin-when-cross-origin\" allowfullscreen><\/iframe><\/p>\n<p><span style=\"font-size: 110%; font-family: tahoma, arial, helvetica, sans-serif;\">Garant\u00eda: <strong><span style=\"color: #808080;\">ULTRAZURA 11UF L\u00cdNEA BMB<\/span><\/strong>\u00a0tiene una garant\u00eda de dos a\u00f1os. Los cartuchos filtrantes son consumibles y no est\u00e1n cubiertos por la garant\u00eda.<\/span><\/p>\n<p><span style=\"font-size: 110%; font-family: tahoma, arial, helvetica, sans-serif;\"><strong>Otras especificaciones t\u00e9cnicas:<\/strong><\/span><\/p>\n<p><span style=\"font-size: 110%; font-family: tahoma, arial, helvetica, sans-serif;\">* Presi\u00f3n m\u00ednima del agua de entrada 1 bar;<\/span><br \/>\n<span style=\"font-size: 110%; font-family: tahoma, arial, helvetica, sans-serif;\"> * Presi\u00f3n m\u00e1xima del agua de entrada 6 bar;<\/span><br \/>\n<span style=\"font-size: 110%; font-family: tahoma, arial, helvetica, sans-serif;\"> *Caudal ofrecido 1 litro - 2,5 litros\/minuto en funci\u00f3n de la presi\u00f3n del agua;<\/span><br \/>\n<span style=\"font-size: 110%; font-family: tahoma, arial, helvetica, sans-serif;\"> *Incluye kit de instalaci\u00f3n con mangueras, filtros, conectores y bater\u00eda para consumo de agua filtrada;<\/span><br \/>\n<span style=\"font-size: 110%; font-family: tahoma, arial, helvetica, sans-serif;\"> *S\u00f3lo debe instalarse en la tuber\u00eda de agua fr\u00eda, nunca en la de agua caliente.<br \/>\n<strong>*Dimensiuni: H x L x l: 38 (H) x 39 (L) x 13 (l)cm<\/strong><\/span><\/p>\n<p><span style=\"font-size: 110%; font-family: tahoma, arial, helvetica, sans-serif;\">Suntem disponibili si deschisi pentru orice intrebare sau nelamurire. Ne poti contacta daca doresti mai multe detalii. Vei primi raspunsuri la orice intrebare posibila sau imposibila.<\/span><\/p>","protected":false},"excerpt":{"rendered":"<p><span style=\"font-size: 100%; font-family: tahoma, arial, helvetica, sans-serif;\">Configuraci\u00f3n \u00fanica para este sistema de purificaci\u00f3n de agua por ultrafiltraci\u00f3n (UF). El sistema proporciona agua alcalina o aumenta la alcalinidad del agua en aproximadamente una unidad, mediante la acci\u00f3n de la calcita (mineral 100% natural 100%).<\/span><\/p>\n<p><span style=\"font-size: 100%; font-family: tahoma, arial, helvetica, sans-serif;\"><a href=\"https:\/\/azura.ro\/es\/100-30-dias-de-garantia-de-devolucion\/\" target=\"_blank\" rel=\"attachment noopener wp-att-7307 noreferrer\"><img decoding=\"async\" class=\"alignnone wp-image-7307\" src=\"https:\/\/azura.ro\/wp-content\/uploads\/2016\/06\/Garantie-retur.png\" alt=\"\" width=\"108\" height=\"133\" \/><\/a><a href=\"https:\/\/azura.ro\/es\/service\/\" target=\"_blank\" rel=\"attachment noopener wp-att-7308 noreferrer\"><img decoding=\"async\" class=\"alignnone wp-image-7308\" src=\"https:\/\/azura.ro\/wp-content\/uploads\/2016\/06\/Service.png\" alt=\"\" width=\"134\" height=\"134\" srcset=\"https:\/\/azura.ro\/wp-content\/uploads\/2016\/06\/Service.png 189w, https:\/\/azura.ro\/wp-content\/uploads\/2016\/06\/Service-100x100.png 100w, https:\/\/azura.ro\/wp-content\/uploads\/2016\/06\/Service-150x150.png 150w\" sizes=\"(max-width: 134px) 100vw, 134px\" \/><\/a><a href=\"https:\/\/azura.ro\/es\/2-ani-garantie\/\" target=\"_blank\" rel=\"noopener noreferrer\"><img decoding=\"async\" class=\"alignnone wp-image-14008\" src=\"https:\/\/azura.ro\/wp-content\/uploads\/2018\/12\/2-ani-garantie.png\" alt=\"\" width=\"109\" height=\"139\" \/><\/a><\/span><\/p>\n<p><span style=\"font-size: 100%; font-family: tahoma, arial, helvetica, sans-serif;\"><a href=\"https:\/\/azura.ro\/es\/100-30-dias-de-garantia-de-devolucion\/\" target=\"_blank\" rel=\"noopener noreferrer\">Ofrecemos garant\u00eda de satisfacci\u00f3n con pol\u00edtica de devoluci\u00f3n de 30 d\u00edas;<\/a><\/span><br \/>\n<span style=\"font-size: 100%; font-family: tahoma, arial, helvetica, sans-serif;\"><a href=\"https:\/\/azura.ro\/es\/service\/\" target=\"_blank\" rel=\"noopener noreferrer\">Ofrecemos servicio especializado en Ruman\u00eda \u00a1Cualquier problema t\u00e9cnico se resuelve en Ruman\u00eda!<\/a><a href=\"https:\/\/azura.ro\/es\/service\/\" target=\"_blank\" rel=\"noopener noreferrer\"><br \/>\n<\/a><a href=\"https:\/\/azura.ro\/es\/2-ani-garantie\/\" target=\"_blank\" rel=\"noopener noreferrer\">Ofrecemos garant\u00eda contra defectos de fabricaci\u00f3n, 2 a\u00f1os de garant\u00eda;<\/a><\/span><\/p>\n<p>&nbsp;<\/p>","protected":false},"featured_media":68036,"comment_status":"open","ping_status":"closed","template":"","meta":{"_seopress_robots_primary_cat":"none","_seopress_titles_title":"","_seopress_titles_desc":"In plus, prin efectul calcitului (mineral natural), apa va deveni alcalina. Calcitul are efecte de neutralizare asupra arsurilor gastrice.","_seopress_robots_index":""},"product_brand":[],"product_cat":[95,58],"product_tag":[1076,543,329,378,1075],"class_list":{"0":"post-14101","1":"product","2":"type-product","3":"status-publish","4":"has-post-thumbnail","6":"product_cat-filtre-apa-cu-ultrafiltrare","7":"product_cat-horeca-vending","8":"product_tag-bmb-line","9":"product_tag-filtru-ultrafiltrare","10":"product_tag-ultrafiltrare","11":"product_tag-ultrazura","12":"product_tag-ultrazura-11","13":"pa_amplasare-subchiuveta","14":"pa_brand-azura-filters","15":"pa_graddefiltrare-02-microni","17":"first","18":"instock","19":"sale","20":"taxable","21":"shipping-taxable","22":"purchasable","23":"product-type-simple"},"_links":{"self":[{"href":"https:\/\/azura.ro\/es\/wp-json\/wp\/v2\/product\/14101","targetHints":{"allow":["GET"]}}],"collection":[{"href":"https:\/\/azura.ro\/es\/wp-json\/wp\/v2\/product"}],"about":[{"href":"https:\/\/azura.ro\/es\/wp-json\/wp\/v2\/types\/product"}],"replies":[{"embeddable":true,"href":"https:\/\/azura.ro\/es\/wp-json\/wp\/v2\/comments?post=14101"}],"wp:featuredmedia":[{"embeddable":true,"href":"https:\/\/azura.ro\/es\/wp-json\/wp\/v2\/media\/68036"}],"wp:attachment":[{"href":"https:\/\/azura.ro\/es\/wp-json\/wp\/v2\/media?parent=14101"}],"wp:term":[{"taxonomy":"product_brand","embeddable":true,"href":"https:\/\/azura.ro\/es\/wp-json\/wp\/v2\/product_brand?post=14101"},{"taxonomy":"product_cat","embeddable":true,"href":"https:\/\/azura.ro\/es\/wp-json\/wp\/v2\/product_cat?post=14101"},{"taxonomy":"product_tag","embeddable":true,"href":"https:\/\/azura.ro\/es\/wp-json\/wp\/v2\/product_tag?post=14101"}],"curies":[{"name":"wp","href":"https:\/\/api.w.org\/{rel}","templated":true}]}}