{"id":14142,"date":"2019-01-04T00:05:06","date_gmt":"2019-01-03T22:05:06","guid":{"rendered":"https:\/\/azura.ro\/?post_type=product&#038;p=14142"},"modified":"2026-03-29T12:51:51","modified_gmt":"2026-03-29T09:51:51","slug":"acoplamiento-rapido-l-rosca-de-manguera-1-4","status":"publish","type":"product","link":"https:\/\/azura.ro\/es\/produs\/cupla-rapida-l-filet-furtun-1-4\/","title":{"rendered":"ACOPLAMIENTO R\u00c1PIDO ROSCA L - 1\/4\u2033 MANGUERA"},"content":{"rendered":"<h2><span style=\"font-family: tahoma, arial, helvetica, sans-serif; font-size: 110%;\">Acoplamiento r\u00e1pido en forma de L con rosca de 1\/4\" por un lado y conexi\u00f3n r\u00e1pida de manguera de 1\/4\" por el otro<\/span><\/h2>\n<p><span style=\"font-family: tahoma, arial, helvetica, sans-serif; font-size: 110%;\">Se utiliza en la mayor\u00eda de los sistemas de filtraci\u00f3n con: ultrafiltraci\u00f3n, microfiltraci\u00f3n, nanofiltraci\u00f3n, \u00f3smosis inversa.<\/span><\/p>\n<p><span style=\"font-family: tahoma, arial, helvetica, sans-serif; font-size: 110%;\">Garant\u00eda: 1 a\u00f1o<\/span><\/p>","protected":false},"excerpt":{"rendered":"<p>Cupla rapida in forma de L cu o parte filet 1\/4&#8243; si o parte conectare rapida cu furtun 1\/4&#8243; Se utilizeaza la majoritatea sistemelor de filtrare cu: ultrafiltrare, microfiltrare, nanofiltrare, osmoza inversa. Garantie: 1 an<\/p>","protected":false},"featured_media":68872,"comment_status":"open","ping_status":"closed","template":"","meta":{"_seopress_robots_primary_cat":"none","_seopress_titles_title":"","_seopress_titles_desc":"","_seopress_robots_index":""},"product_brand":[],"product_cat":[1049],"product_tag":[1083,1082,1081],"class_list":{"0":"post-14142","1":"product","2":"type-product","3":"status-publish","4":"has-post-thumbnail","6":"product_cat-produse-conexe","7":"product_tag-1-4","8":"product_tag-cupla-rapida-cot","9":"product_tag-cupla-rapida-l","11":"first","12":"instock","13":"taxable","14":"shipping-taxable","15":"purchasable","16":"product-type-simple"},"_links":{"self":[{"href":"https:\/\/azura.ro\/es\/wp-json\/wp\/v2\/product\/14142","targetHints":{"allow":["GET"]}}],"collection":[{"href":"https:\/\/azura.ro\/es\/wp-json\/wp\/v2\/product"}],"about":[{"href":"https:\/\/azura.ro\/es\/wp-json\/wp\/v2\/types\/product"}],"replies":[{"embeddable":true,"href":"https:\/\/azura.ro\/es\/wp-json\/wp\/v2\/comments?post=14142"}],"wp:featuredmedia":[{"embeddable":true,"href":"https:\/\/azura.ro\/es\/wp-json\/wp\/v2\/media\/68872"}],"wp:attachment":[{"href":"https:\/\/azura.ro\/es\/wp-json\/wp\/v2\/media?parent=14142"}],"wp:term":[{"taxonomy":"product_brand","embeddable":true,"href":"https:\/\/azura.ro\/es\/wp-json\/wp\/v2\/product_brand?post=14142"},{"taxonomy":"product_cat","embeddable":true,"href":"https:\/\/azura.ro\/es\/wp-json\/wp\/v2\/product_cat?post=14142"},{"taxonomy":"product_tag","embeddable":true,"href":"https:\/\/azura.ro\/es\/wp-json\/wp\/v2\/product_tag?post=14142"}],"curies":[{"name":"wp","href":"https:\/\/api.w.org\/{rel}","templated":true}]}}