{"id":14170,"date":"2019-01-07T00:05:05","date_gmt":"2019-01-06T22:05:05","guid":{"rendered":"https:\/\/azura.ro\/?post_type=product&#038;p=14170"},"modified":"2026-02-22T18:52:10","modified_gmt":"2026-02-22T16:52:10","slug":"filtro-de-agua-ultrapura-zada-pro-bmb-line","status":"publish","type":"product","link":"https:\/\/azura.ro\/es\/produs\/filtru-apa-ultrazura-zada-pro-bmb-line\/","title":{"rendered":"FILTRO DE AGUA ULTRAPURA ZADA PRO BMB LINE"},"content":{"rendered":"<h2><span style=\"font-family: tahoma, arial, helvetica, sans-serif; font-size: 110%;\">FILTRU APA ULTRAZURA ZADA PRO BMB LINE- cel mai modern si complet sistem de filtrare cu ultrafiltrare (UF) si cu dedurizare partiala (aproximativ 60% &#8211; 70%).<\/span><\/h2>\n<p><span style=\"font-family: tahoma, arial, helvetica, sans-serif; font-size: 110%;\">FILTRU APA ULTRAZURA ZADA PRO BMB LINE ofera urmatoarele avantaje clare:<img decoding=\"async\" class=\"wp-image-38633 aligncenter\" src=\"https:\/\/azura.ro\/wp-content\/uploads\/2019\/01\/FILTRU-APA-ULTRAZURA-ZADA-PRO-BMB-LINE.jpg\" alt=\"FILTRO DE AGUA ULTRAPURA ZADA PRO BMB LINE\" width=\"813\" height=\"344\" srcset=\"https:\/\/azura.ro\/wp-content\/uploads\/2019\/01\/FILTRU-APA-ULTRAZURA-ZADA-PRO-BMB-LINE.jpg 963w, https:\/\/azura.ro\/wp-content\/uploads\/2019\/01\/FILTRU-APA-ULTRAZURA-ZADA-PRO-BMB-LINE-510x216.jpg 510w, https:\/\/azura.ro\/wp-content\/uploads\/2019\/01\/FILTRU-APA-ULTRAZURA-ZADA-PRO-BMB-LINE-300x127.jpg 300w\" sizes=\"(max-width: 813px) 100vw, 813px\" \/><\/span><\/p>\n<ul>\n<li><span style=\"font-family: tahoma, arial, helvetica, sans-serif; font-size: 110%;\">singurul sistem de filtrare pentru apa dura care elimina partial duritatea (60% &#8211; 70%);<\/span><\/li>\n<li><span style=\"font-family: tahoma, arial, helvetica, sans-serif; font-size: 110%;\">ideal pentru filtrarea apei in orase cu apa dura, precum: Constanta, Mangalia, Navodari, Iasi, Arad, Ploiesti, Sf. Gheorghe&#8230;Prin utilizarea acestui sistem de filtrare veti scadea duritatea apei cu aproximativ 60% &#8211; 70%, ceea ce este ideal (testul efectuat in Bucuresti a aratat o reducere cu 67% a duritatii apei). Apa prea dura poate crea probleme si pietre la rinichi persoanelor cu predispozitie catre asemenea afectiuni;<\/span><\/li>\n<li><span style=\"font-family: tahoma, arial, helvetica, sans-serif; font-size: 110%;\">filtreaza: clor, trihalometani, erbicide, pesticide, insecticide, substante organice si anorganice, sedimente, mal, nisip, rugina, reziduuri de medicamente, fenoli, hidrocarburi poliaromate, metale grele precum: plumb, mercur, crom, cadmiu, bacterii, paraziti precum criptosporidium si giardia + reduce duritatea apei cu aproximativ jumatate. Orice gust sau miros neplacut al apei va fi eliminat.<\/span><\/li>\n<\/ul>\n<p><span style=\"font-family: tahoma, arial, helvetica, sans-serif; font-size: 110%;\">Este singurul sistem de filtrare de pe piata internationala, cu astfel de caracteristici unice! Disponibil si in Romania prin AZURA FILTERS!<\/span><\/p>\n<p><span style=\"font-family: tahoma, arial, helvetica, sans-serif; font-size: 110%;\">ULTRAZURA ZADA PRO a fost proiectat si conceput in mod special pentru apa dura dar in asa fel incat sa nu elimine toate sarurile de calciu si de magneziu din apa. Nu au fost uitati nici alti contaminanti ce este trebuie eliminati, pentru ca apa sa fie intr-un echilibru perfect: curata, fara bacterii, fara clor si substante organice, fara metale grele, fara gust si miros neplacut, dar cu continut echilibrat de ioni precum calciu si de magneziu.<\/span><\/p>\n<p><span style=\"font-size: 110%; font-family: tahoma, arial, helvetica, sans-serif;\">Por supuesto, <strong>sistemul de filtrare ULTRAZURA ZADA PRO BMB LINE, are certificari de tipul:<\/strong> TSE-HYB y est\u00e1 fabricado con materiales certificados: NSF y SGS. Todas estas certificaciones obran en nuestro poder y podemos present\u00e1rselas si lo solicita.<\/span><\/p>\n<p><span style=\"font-family: tahoma, arial, helvetica, sans-serif; font-size: 110%;\">Los materiales de primera calidad con los que est\u00e1 construido este purificador proceden de fabricantes de renombre mundial:<\/span><br \/>\n<span style=\"font-size: 110%;\"><img decoding=\"async\" class=\"aligncenter size-full wp-image-24165\" src=\"https:\/\/azura.ro\/wp-content\/uploads\/2019\/03\/prodicatori-zada-pro.jpg\" alt=\"\" width=\"903\" height=\"70\" srcset=\"https:\/\/azura.ro\/wp-content\/uploads\/2019\/03\/prodicatori-zada-pro.jpg 903w, https:\/\/azura.ro\/wp-content\/uploads\/2019\/03\/prodicatori-zada-pro-510x40.jpg 510w, https:\/\/azura.ro\/wp-content\/uploads\/2019\/03\/prodicatori-zada-pro-300x23.jpg 300w\" sizes=\"(max-width: 903px) 100vw, 903px\" \/><\/span><\/p>\n<p><span style=\"font-size: 110%; font-family: tahoma, arial, helvetica, sans-serif; color: #808080;\">Garantizar \"<a style=\"color: #808080;\" href=\"https:\/\/azura.ro\/es\/agradecimiento-pleno\/\" target=\"_blank\" rel=\"noopener noreferrer\">AGRADECIMIENTO PLENO<\/a>\" = Garant\u00eda de que <strong>sistemul de filtrare\u00a0ULTRAZURA ZADA PRO BMB LINE<\/strong>\u00a0tiene el efecto prometido.<\/span><\/p>\n<p><span style=\"font-family: tahoma, arial, helvetica, sans-serif; font-size: 110%; color: #808080;\"><a style=\"color: #808080;\" href=\"https:\/\/azura.ro\/es\/agradecimiento-pleno\/\" target=\"_blank\" rel=\"attachment noopener wp-att-13707 noreferrer\"><img decoding=\"async\" class=\"alignleft wp-image-13707\" src=\"https:\/\/azura.ro\/wp-content\/uploads\/2018\/12\/30-zile-garantie-retur.png\" alt=\"\" width=\"159\" height=\"159\" srcset=\"https:\/\/azura.ro\/wp-content\/uploads\/2018\/12\/30-zile-garantie-retur.png 300w, https:\/\/azura.ro\/wp-content\/uploads\/2018\/12\/30-zile-garantie-retur-247x247.png 247w, https:\/\/azura.ro\/wp-content\/uploads\/2018\/12\/30-zile-garantie-retur-100x100.png 100w, https:\/\/azura.ro\/wp-content\/uploads\/2018\/12\/30-zile-garantie-retur-150x150.png 150w\" sizes=\"(max-width: 159px) 100vw, 159px\" \/><\/a><\/span><\/p>\n<p><span style=\"font-size: 110%; font-family: tahoma, arial, helvetica, sans-serif; color: #808080;\"><strong>Filtrul de apa ULTRAZURA ZADA PRO BMB LINE<\/strong>\u00a0funciona y por eso ofrecemos este equipo con <a href=\"https:\/\/azura.ro\/es\/agradecimiento-pleno\/\" target=\"_blank\" rel=\"noopener noreferrer\">GARANT\u00cdA DE DEVOLUCI\u00d3N DE 30 D\u00cdAS<\/a>. La finalidad de este tipo de garant\u00eda es una sola, su satisfacci\u00f3n.<\/span><br \/>\n<span style=\"font-size: 110%; font-family: tahoma, arial, helvetica, sans-serif; color: #808080;\"> Garantizamos que <strong>Filtrul de apa ULTRAZURA ZADA PRO BMB LINE<\/strong>\u00a0funcionar\u00e1 para usted. Si despu\u00e9s de 30 D\u00cdAS no est\u00e1 satisfecho con el funcionamiento del sistema, p\u00f3ngase en contacto con nosotros en un plazo de 30 d\u00edas tras el periodo de prueba y uso. Si no somos capaces de resolver el problema con el que no est\u00e1 satisfecho, el dinero de su equipo ser\u00e1 reembolsado en su totalidad despu\u00e9s de que nos devuelva el equipo. \u00a1Ni siquiera tendr\u00e1 que pagar los gastos de env\u00edo!\u00a0<\/span><\/p>\n<p><span style=\"font-size: 110%; font-family: tahoma, arial, helvetica, sans-serif;\"><strong>Configuraci\u00f3n de filtro \u00fanica<\/strong> para\u00a0<strong>ULTRAZURA ZADA PRO BMB LINE<\/strong><span style=\"color: #808080;\"><strong>\u00a0<\/strong>- Le garantizamos que no encontrar\u00e1 este tipo de filtraci\u00f3n en ning\u00fan otro sistema de ultrafiltraci\u00f3n.<\/span><\/span><\/p>\n<p><span style=\"font-size: 110%; font-family: tahoma, arial, helvetica, sans-serif;\">Sistema de filtrado\u00a0<strong>ULTRAZURA ZADA PRO BMB LINE<\/strong><span style=\"color: #808080;\"><strong>\u00a0<\/strong>contine 8 trepte de filtrare prezente in 2 cartuse filtrante si anume:<\/span><\/span><\/p>\n<p><span style=\"font-family: tahoma, arial, helvetica, sans-serif; font-size: 110%;\"><strong>Primul filtru: CARTUS FILTRANT 1ST ANTIBACTERIAN ULTRAZURA ZADA PRO<\/strong><\/span><\/p>\n<p><span style=\"font-family: tahoma, arial, helvetica, sans-serif; font-size: 110%;\">Acest cartus de filtrare elimina din apa: bacterii (peste 99%), criptosporidium si giardia, metale grele: plumb, mercur, cadmiu, crom dar si substante organice, clor, trihalometani, erbicide, pesticide, insecticide, reziduuri de medicamente etc.<\/span><\/p>\n<p><span style=\"font-size: 110%; font-family: tahoma, arial, helvetica, sans-serif;\">Cartusul filtrant 1ST ANTIBACTERIAN ULTRAZURA ZADA PRO, imbina mai multe tehnologii moderne printre care nanotehnologia din care rezulta nano particule de zinc, ce ofera efect bacteriostatic si efect de distrugere a bacteriilor.<\/span><\/p>\n<p><span style=\"font-size: 110%; font-family: tahoma, arial, helvetica, sans-serif;\">Acest cartusul contine 5 elemente de filtrare si tratare: <\/span><\/p>\n<p><span style=\"font-size: 110%; font-family: tahoma, arial, helvetica, sans-serif;\">&#8211; polipropilena 1 micron impregnata cu nano zinc;<\/span><br \/>\n<span style=\"font-size: 110%; font-family: tahoma, arial, helvetica, sans-serif;\">&#8211; UFP &#8211; ultra fine powder (pulbere ultrafina din carbon);<\/span><br \/>\n<span style=\"font-size: 110%; font-family: tahoma, arial, helvetica, sans-serif;\">&#8211; polipropilena 0,5 microni impregnata cu nano zinc;<\/span><br \/>\n<span style=\"font-size: 110%; font-family: tahoma, arial, helvetica, sans-serif;\">&#8211; membrana de ultrafiltrare la un grad de 0,1 microni nominal si 0,2 microni absolut.<\/span><\/p>\n<p><span style=\"font-size: 110%; font-family: tahoma, arial, helvetica, sans-serif;\">Perioada de schimb: 12 luni, in functie de calitatea apei si de volumul de apa consumat.<\/span><\/p>\n<p><span style=\"font-family: tahoma, arial, helvetica, sans-serif; font-size: 110%;\"><strong>Al doilea cartus filtrant CARTUS FILTRANT 2ND DEDURIZATOR ULTRAZURA ZADA PRO<\/strong><\/span><\/p>\n<p><span style=\"font-family: tahoma, arial, helvetica, sans-serif; font-size: 110%;\">Acest cartus de filtrare dedurizeaza apa in proportie de aproximativ 60 &#8211; 70% si elimina din apa substante organice, clor, trihalometani, erbicide, pesticide, insecticide, reziduuri de medicamente etc.\u00a0<\/span><\/p>\n<p><span style=\"font-size: 110%;\">Dedurizarea se face in proportie de\u00a0 aproximativ 65%. In functie de compozitia chimica a apei, acest cartus poate deduriza apa intre 60% &#8211; 70%. Acest lucru este extrem de important deoarece elimina din apa doar duritatea temporara. Ce inseamna acest aspect: ca in apa vom avea in continuare ioni de calciu si de magneziu necesari organismului uman pentru buna functionare, dar in cantitati mai mici, cu aproximativ 65%.<\/span><\/p>\n<p><span style=\"font-family: tahoma, arial, helvetica, sans-serif; font-size: 110%;\">Ce elimina mai exact rasina de dedurizare din acest cartus filtrant?<\/span><br \/>\n<span style=\"font-family: tahoma, arial, helvetica, sans-serif; font-size: 110%;\">Ionii de:\u00a0CO3 si MgCO3, CaCO3, CO3, HCO3<\/span><\/p>\n<p><span style=\"font-family: tahoma, arial, helvetica, sans-serif; font-size: 110%;\">Lasa in apa ionii: Ca+2 si Mg+2, de aceea apa are ioni de calciu si de magneziu, dupa filtrare.<\/span><\/p>\n<p><span style=\"font-size: 110%; font-family: tahoma, arial, helvetica, sans-serif;\">Acest cartus contine 3 elemente de filtrare, tratare: <\/span><\/p>\n<ul>\n<li><span style=\"font-family: tahoma, arial, helvetica, sans-serif; font-size: 110%;\">rasina cationica cu schimb ionic de hidrogen &#8211; aprobata pentru apa potabila si cu certificare NSF<br \/>\n<\/span><\/li>\n<li><span style=\"font-family: tahoma, arial, helvetica, sans-serif; font-size: 110%;\">carbune activat granular obtinut din coaja de nuca de cocos &#8211; cu certificare NSF<\/span><\/li>\n<\/ul>\n<p><span style=\"font-size: 110%; font-family: tahoma, arial, helvetica, sans-serif;\">Perioada de schimb se calculeaza in functie de duritarea apei si de volumul de apa consumat. La achizitie ne spuneti din ce localitate sau oras este sursa de apa. Recomanda schimbarea cartusului filtrant la maxim 6 luni.<\/span><\/p>\n<p><span style=\"font-size: 110%; font-family: tahoma, arial, helvetica, sans-serif;\">Cateva repere in functie de duritatea apei:<\/span><\/p>\n<p><span style=\"font-family: tahoma, arial, helvetica, sans-serif; font-size: 110%;\">Apa de intrare in filtru cu 10 grade germane, rezultat apa filtrata aproximativ 3,3 grade germane = 2420 litri apa filtrata<br \/>\nApa de intrare in filtru cu 15 grade germane, rezultat apa filtrata aproximativ 5 grade germane = 1615 litri apa filtrata<br \/>\nApa de intrare in filtru cu 20 grade germane, rezultat apa filtrata aproximativ 6.6 grade germane = 1201 litri apa filtrata<br \/>\nApa de intrare in filtru cu 25 grade germane, rezultat apa filtrata aproximativ 8.25 grade germane = 971 litri apa filtrata<br \/>\nApa de intrare in filtru cu 30 grade germane, rezultat apa filtrata aproximativ 16 grade germane = 809 litri apa filtrata<\/span><\/p>\n<p><span style=\"font-size: 110%; font-family: tahoma, arial, helvetica, sans-serif;\">Spre exemplu, apa din orasul Constanta are o duritate de aproximativ 22 grade ceea ce inseamna prezentul cartus filtrant poate deduriza: 1011 litri apa.<\/span><\/p>\n<p><span style=\"font-size: 110%; font-family: tahoma, arial, helvetica, sans-serif;\">La un consum casnic de 5 litri apa zi, rezulta: 202 zile ceea ce inseamna aprox. 6,7 luni.<\/span><\/p>\n<p><span style=\"font-size: 110%; font-family: tahoma, arial, helvetica, sans-serif;\">Nota: el tiempo de cambio de los cartuchos filtrantes depende directamente de la calidad del agua filtrada.<\/span><\/p>\n<p><span style=\"font-size: 110%; font-family: tahoma, arial, helvetica, sans-serif;\"><strong>Cartuchos de filtro y costes relacionados<\/strong>, puede encontrarlos pulsando el bot\u00f3n virtual \u201e<strong>CARTUCHOS DE REPUESTO<\/strong>\u201e, situado debajo de las im\u00e1genes de los productos (en la parte superior de la p\u00e1gina).<\/span><\/p>\n<p><span style=\"font-size: 110%; font-family: tahoma, arial, helvetica, sans-serif;\"><strong>\u00bfD\u00f3nde y para qu\u00e9?<\/strong><br \/>\n<\/span><br \/>\n<span style=\"font-size: 110%; font-family: tahoma, arial, helvetica, sans-serif;\"><strong>ULTRAZURA ZADA PRO BMB LINE<\/strong> Generalmente se instala en la cocina, bajo la encimera, y el consumo de agua se realiza a trav\u00e9s de la bater\u00eda de agua purificada suministrada en el kit de instalaci\u00f3n. Es una bater\u00eda moderna, plateada, que combinar\u00e1 con cualquier cocina moderna.<\/span><\/p>\n<p><span style=\"font-size: 110%; font-family: tahoma, arial, helvetica, sans-serif;\">El agua purificada de este modo se utiliza para el consumo diario, para preparar t\u00e9 y caf\u00e9, para cocinar, lavar frutas y verduras.<\/span><\/p>\n<p><img decoding=\"async\" class=\"aligncenter size-full wp-image-38634\" src=\"https:\/\/azura.ro\/wp-content\/uploads\/2019\/01\/FILTRU-APA-ULTRAZURA-ZADA-PRO-BMB-LINE-4.jpg\" alt=\"FILTRO DE AGUA ULTRAPURA ZADA PRO BMB LINE\" width=\"1318\" height=\"654\" srcset=\"https:\/\/azura.ro\/wp-content\/uploads\/2019\/01\/FILTRU-APA-ULTRAZURA-ZADA-PRO-BMB-LINE-4.jpg 1318w, https:\/\/azura.ro\/wp-content\/uploads\/2019\/01\/FILTRU-APA-ULTRAZURA-ZADA-PRO-BMB-LINE-4-510x253.jpg 510w, https:\/\/azura.ro\/wp-content\/uploads\/2019\/01\/FILTRU-APA-ULTRAZURA-ZADA-PRO-BMB-LINE-4-300x149.jpg 300w, https:\/\/azura.ro\/wp-content\/uploads\/2019\/01\/FILTRU-APA-ULTRAZURA-ZADA-PRO-BMB-LINE-4-1024x508.jpg 1024w\" sizes=\"(max-width: 1318px) 100vw, 1318px\" \/><\/p>\n<p><span style=\"font-family: tahoma, arial, helvetica, sans-serif; font-size: 110%;\">De-asemenea\u00a0<strong>ULTRAZURA ZADA PRO BMB LINE <\/strong>se poate utiliza pentru zona HORECA, pentru baruri, bucatarii, dozatoare de apa rece\/calda, catering, apa pentru cuburi de gheata, apa pentru cafea si ceai. Se poate conecta cu orice aparat ce poate functiona sub presiune, cu apa din reteaua publica.<\/span><\/p>\n<p><span style=\"font-size: 110%; font-family: tahoma, arial, helvetica, sans-serif;\"><strong>\u00a1Atenci\u00f3n! <\/strong>Sistema de filtrado <span style=\"color: #808080;\"><strong>ULTRAZURA ZADA PRO BMB LINE<\/strong><\/span>\u00a0est\u00e1 dise\u00f1ado y fabricado para purificar agua de la red p\u00fablica que ha sido controlada, desinfectada y declarada potable. No utilice el sistema (sin consultarnos) con agua procedente de fuentes propias, como agua de perforaci\u00f3n\/pozo, aguas superficiales. En estos casos se requiere un informe de an\u00e1lisis del agua. Nuestros especialistas est\u00e1n a su disposici\u00f3n con asesoramiento experto y le dir\u00e1n exactamente qu\u00e9 filtros necesita para tratar su propia fuente de agua, pero s\u00f3lo sobre la base de un informe de an\u00e1lisis del agua.<\/span><\/p>\n<p><span style=\"font-size: 110%; font-family: tahoma, arial, helvetica, sans-serif;\">Utilice <span style=\"color: #808080;\"><strong>ULTRAZURA ZADA PRO BMB LINE<\/strong><\/span>\u00a0s\u00f3lo agua fr\u00eda. No instalar en tuber\u00edas de agua caliente.<\/span><\/p>\n<p><span style=\"font-size: 110%; font-family: tahoma, arial, helvetica, sans-serif;\"><strong>\u00bfLavar\u00e1s los platos con agua filtrada?<\/strong><\/span><\/p>\n<p><span style=\"font-size: 110%; font-family: tahoma, arial, helvetica, sans-serif;\">La respuesta es NO. El kit de instalaci\u00f3n s\u00f3lo permite filtrar el agua para el consumo. El filtro <strong>ULTRAZURA ZADA PRO BMB LINE<\/strong>\u00a0contine kit de instalare in acest sens.<\/span><\/p>\n<p><span style=\"font-size: 110%; font-family: tahoma, arial, helvetica, sans-serif;\"><strong>\u00bfQu\u00e9 recibo en el paquete en el momento de la entrega?<\/strong><\/span><\/p>\n<p><span style=\"font-size: 110%; font-family: tahoma, arial, helvetica, sans-serif;\">\u2022 Aparatul de filtrare cu filtrele aferente si mentionate mai sus;<\/span><br \/>\n<span style=\"font-size: 110%; font-family: tahoma, arial, helvetica, sans-serif;\"> \u2022 Furtun alb de presiune pentru apa filtrata, 3 \u2013 4 m, mai mult decat suficient pentru montaj;<\/span><br \/>\n<span style=\"font-size: 110%; font-family: tahoma, arial, helvetica, sans-serif;\"> \u2022 Baterie metalica argintie pentru consumul apei purificate;<\/span><br \/>\n<span style=\"font-size: 110%; font-family: tahoma, arial, helvetica, sans-serif;\"> \u2022 Piesa de racord sub chiuveta 1\/2&#8243;;<\/span><br \/>\n<span style=\"font-size: 110%; font-family: tahoma, arial, helvetica, sans-serif;\"> \u2022 Robinet de inchidere\/deschidere apa catre filtru;<\/span><\/p>\n<ul>\n<li><span style=\"font-size: 110%; font-family: tahoma, arial, helvetica, sans-serif;\">Manualul utilizatorului in limba romana.<\/span><\/li>\n<\/ul>\n<p><span style=\"font-size: 110%; font-family: tahoma, arial, helvetica, sans-serif;\"><strong>Montaj ULTRAZURA ZADA PRO BMB LINE<\/strong><\/span><\/p>\n<p><span style=\"font-size: 110%; font-family: tahoma, arial, helvetica, sans-serif;\">El sistema de filtraci\u00f3n se monta debajo del fregadero y en el fregadero s\u00f3lo se monta la bater\u00eda especial suministrada en el kit de instalaci\u00f3n. La instalaci\u00f3n no es dif\u00edcil, sin embargo requiere pocos conocimientos t\u00e9cnicos o un instalador. Le proporcionaremos el Manual del Usuario con la compra. Para Bucarest e Ilfov puede pedir a nuestro equipo que instale el filtro por usted (cargo adicional).<\/span><\/p>\n<p><span style=\"font-size: 110%; font-family: tahoma, arial, helvetica, sans-serif;\">La punerea in functiune, inainte de consumul apei, se vor rula 10 litri de apa prin sistem sau suficienti litri de apa pana cand aceasta se limpezeste. Dupa instalare, pentru cateva zile, veti vedea in pahar bule fine de aer. Acest lucru este absolut normal si se va intampla pana la imbibarea totala a mediilor de filtrare.<\/span><\/p>\n<p><span style=\"font-size: 110%; font-family: tahoma, arial, helvetica, sans-serif;\"><strong>Schimbul cartuselor filtrante &#8211; nimic mai simplu:<\/strong><\/span><\/p>\n<p><span style=\"font-size: 110%; font-family: tahoma, arial, helvetica, sans-serif;\">Schimbul filtrelor se realizeaza foarte simplu si nu este nevoie de chei si unelte complicate. Totul dureaza 5 minute.<\/span><\/p>\n<ul>\n<li><span style=\"font-size: 110%; font-family: tahoma, arial, helvetica, sans-serif;\">se opreste apa &#8211; se deschide bateria de apa filtrata pentru depresurizare &#8211; se desurubeaza cu mana cartusele si se insurubeaza cartusele noi. Nu este nevoie de forta, nu este nevoie de chei speciale, oricine poate efectua aceasta procedura.<\/span><\/li>\n<li><span style=\"font-size: 110%; font-family: tahoma, arial, helvetica, sans-serif;\">dupa montarea noilor filtre, se deschide apa si se lasa sa treaca prin sistemul de filtrare aproximativ 10 litri de apa sau suficienti litri pana cand aceasta devine limpede..<\/span><\/li>\n<\/ul>\n<p><span style=\"font-size: 110%; font-family: tahoma, arial, helvetica, sans-serif;\">Garant\u00eda: <strong>ULTRAZURA ZADA PRO BMB LINE<\/strong>\u00a0are garantie doi ani de zile. Cartusele filtrante sunt consumabile si nu intra sub incidenta garantiei.<\/span><\/p>\n<p><span style=\"font-size: 110%; font-family: tahoma, arial, helvetica, sans-serif;\"><strong>Otras especificaciones t\u00e9cnicas:<\/strong><\/span><\/p>\n<p><span style=\"font-size: 110%; font-family: tahoma, arial, helvetica, sans-serif;\">*Presiune minima a apei de intrare 1 bar;<\/span><br \/>\n<span style=\"font-size: 110%; font-family: tahoma, arial, helvetica, sans-serif;\"> *Presiunea maxima a apei de intrare 6 bar;<\/span><br \/>\n<span style=\"font-size: 110%; font-family: tahoma, arial, helvetica, sans-serif;\"> *Debit oferit 1 litru &#8211; 2,5 litri\/minut in functie de presiunea apei;<\/span><br \/>\n<span style=\"font-size: 110%; font-family: tahoma, arial, helvetica, sans-serif;\"> *Incluye kit de instalaci\u00f3n con mangueras, filtros, conectores y bater\u00eda para consumo de agua filtrada;<\/span><br \/>\n<span style=\"font-size: 110%; font-family: tahoma, arial, helvetica, sans-serif;\"> *S\u00f3lo debe instalarse en la tuber\u00eda de agua fr\u00eda, nunca en la de agua caliente.<br \/>\n<strong>*Dimensiuni: H x L x l: 37,5 cm (H) x 29 cm (L) x 13,5 cm (l)<\/strong><\/span><\/p>\n<p><span style=\"font-family: tahoma, arial, helvetica, sans-serif; font-size: 110%;\">Suntem disponibili si deschisi pentru orice intrebare sau nelamurire. Ne poti contacta daca\u00a0doresti mai multe detalii. Vei primi raspunsuri la orice intrebare posibila sau imposibila.<\/span><\/p>","protected":false},"excerpt":{"rendered":"<p><span style=\"font-family: tahoma, arial, helvetica, sans-serif; font-size: 100%;\">Sistem complex de filtrare pentru apa dura! Ideal pentru orase cu apa dura, precum: Constanta, Mangalia, Navodari, Iasi, Arad, Ploiesti, Sf. Gheorghe!<\/span><\/p>\n<p><span style=\"font-size: 100%; font-family: tahoma, arial, helvetica, sans-serif;\"><a href=\"https:\/\/azura.ro\/es\/100-30-dias-de-garantia-de-devolucion\/\" target=\"_blank\" rel=\"attachment noopener wp-att-7307 noreferrer\"><img decoding=\"async\" class=\"alignnone wp-image-7307\" src=\"https:\/\/azura.ro\/wp-content\/uploads\/2016\/06\/Garantie-retur.png\" alt=\"\" width=\"108\" height=\"133\" \/><\/a><a href=\"https:\/\/azura.ro\/es\/service\/\" target=\"_blank\" rel=\"attachment noopener wp-att-7308 noreferrer\"><img decoding=\"async\" class=\"alignnone wp-image-7308\" src=\"https:\/\/azura.ro\/wp-content\/uploads\/2016\/06\/Service.png\" alt=\"\" width=\"134\" height=\"134\" srcset=\"https:\/\/azura.ro\/wp-content\/uploads\/2016\/06\/Service.png 189w, https:\/\/azura.ro\/wp-content\/uploads\/2016\/06\/Service-100x100.png 100w, https:\/\/azura.ro\/wp-content\/uploads\/2016\/06\/Service-150x150.png 150w\" sizes=\"(max-width: 134px) 100vw, 134px\" \/><\/a><a href=\"https:\/\/azura.ro\/es\/2-ani-garantie\/\" target=\"_blank\" rel=\"noopener noreferrer\"><img decoding=\"async\" class=\"alignnone wp-image-14008\" src=\"https:\/\/azura.ro\/wp-content\/uploads\/2018\/12\/2-ani-garantie.png\" alt=\"\" width=\"109\" height=\"139\" \/><\/a><\/span><\/p>\n<p><span style=\"font-size: 100%; font-family: tahoma, arial, helvetica, sans-serif;\"><a href=\"https:\/\/azura.ro\/es\/100-30-dias-de-garantia-de-devolucion\/\" target=\"_blank\" rel=\"noopener noreferrer\">Ofrecemos garant\u00eda de satisfacci\u00f3n con pol\u00edtica de devoluci\u00f3n de 30 d\u00edas;<\/a><\/span><br \/>\n<span style=\"font-size: 100%; font-family: tahoma, arial, helvetica, sans-serif;\"><a href=\"https:\/\/azura.ro\/es\/service\/\" target=\"_blank\" rel=\"noopener noreferrer\">Ofrecemos servicio especializado en Ruman\u00eda \u00a1Cualquier problema t\u00e9cnico se resuelve en Ruman\u00eda!<\/a><a href=\"https:\/\/azura.ro\/es\/service\/\" target=\"_blank\" rel=\"noopener noreferrer\"><br \/>\n<\/a><a href=\"https:\/\/azura.ro\/es\/2-ani-garantie\/\" target=\"_blank\" rel=\"noopener noreferrer\">Ofrecemos garant\u00eda contra defectos de fabricaci\u00f3n, 2 a\u00f1os de garant\u00eda;<\/a><\/span><\/p>","protected":false},"featured_media":68207,"comment_status":"open","ping_status":"closed","template":"","meta":{"_seopress_robots_primary_cat":"none","_seopress_titles_title":"","_seopress_titles_desc":"Ideal pentru filtrarea apei in orase cu apa dura, precum: Constanta, Iasi, Arad, Ploiesti...Veti scadea duritatea apei cu aproximativ 60% - 70%","_seopress_robots_index":""},"product_brand":[],"product_cat":[58,95],"product_tag":[1088,1091,1092,1087,1089,1090,552,329],"class_list":{"0":"post-14170","1":"product","2":"type-product","3":"status-publish","4":"has-post-thumbnail","6":"product_cat-horeca-vending","7":"product_cat-filtre-apa-cu-ultrafiltrare","8":"product_tag-apa-dura","9":"product_tag-baruri","10":"product_tag-bucatarii-profesionale","11":"product_tag-dedurizare","12":"product_tag-horeca","13":"product_tag-restaurante","14":"product_tag-uf","15":"product_tag-ultrafiltrare","16":"pa_amplasare-subchiuveta","17":"pa_brand-azura-filters","18":"pa_graddefiltrare-02-microni","20":"first","21":"instock","22":"sale","23":"taxable","24":"shipping-taxable","25":"purchasable","26":"product-type-simple"},"_links":{"self":[{"href":"https:\/\/azura.ro\/es\/wp-json\/wp\/v2\/product\/14170","targetHints":{"allow":["GET"]}}],"collection":[{"href":"https:\/\/azura.ro\/es\/wp-json\/wp\/v2\/product"}],"about":[{"href":"https:\/\/azura.ro\/es\/wp-json\/wp\/v2\/types\/product"}],"replies":[{"embeddable":true,"href":"https:\/\/azura.ro\/es\/wp-json\/wp\/v2\/comments?post=14170"}],"wp:featuredmedia":[{"embeddable":true,"href":"https:\/\/azura.ro\/es\/wp-json\/wp\/v2\/media\/68207"}],"wp:attachment":[{"href":"https:\/\/azura.ro\/es\/wp-json\/wp\/v2\/media?parent=14170"}],"wp:term":[{"taxonomy":"product_brand","embeddable":true,"href":"https:\/\/azura.ro\/es\/wp-json\/wp\/v2\/product_brand?post=14170"},{"taxonomy":"product_cat","embeddable":true,"href":"https:\/\/azura.ro\/es\/wp-json\/wp\/v2\/product_cat?post=14170"},{"taxonomy":"product_tag","embeddable":true,"href":"https:\/\/azura.ro\/es\/wp-json\/wp\/v2\/product_tag?post=14170"}],"curies":[{"name":"wp","href":"https:\/\/api.w.org\/{rel}","templated":true}]}}