{"id":15133,"date":"2019-03-11T20:22:50","date_gmt":"2019-03-11T18:22:50","guid":{"rendered":"https:\/\/azura.ro\/?post_type=product&#038;p=15133"},"modified":"2026-04-17T09:55:50","modified_gmt":"2026-04-17T06:55:50","slug":"cartucho-filtrante-antibacterias-cto-carbon-2-5x10","status":"publish","type":"product","link":"https:\/\/azura.ro\/es\/produs\/cartus-filtrant-antibacterian-cto-carbon-2-5x10\/","title":{"rendered":"CARRO FILTRANTE ANTIBACTERIANO CTO CARB\u00d3N 2,5\u2033x10\u2033."},"content":{"rendered":"<h2><span style=\"font-family: tahoma, arial, helvetica, sans-serif; font-size: 110%;\">Cartucho filtrante antibacteriano CTO CARBON 10\" para filtrar cloro, sustancias org\u00e1nicas, pesticidas, herbicidas, con efecto bacteriost\u00e1tico.<\/span><\/h2>\n<p><span style=\"font-family: tahoma, arial, helvetica, sans-serif; font-size: 110%;\">Se adapta a cualquier malet\u00edn est\u00e1ndar de 10\u2033.<\/span><\/p>\n<p><span style=\"font-family: tahoma, arial, helvetica, sans-serif; font-size: 110%;\">Caracter\u00edsticas t\u00e9cnicas:<\/span><br \/>\n<span style=\"font-family: tahoma, arial, helvetica, sans-serif; font-size: 110%;\">- se produce a partir de una mezcla de carb\u00f3n activado obtenido de la c\u00e1scara de coco mezclado con iones de plata<\/span><br \/>\n<span style=\"font-family: tahoma, arial, helvetica, sans-serif; font-size: 110%;\">- el cartucho est\u00e1 cubierto con una estrella para protegerlo de los sedimentos y la suciedad<\/span><br \/>\n<span style=\"font-family: tahoma, arial, helvetica, sans-serif; font-size: 110%;\">- elimina olores, olores, cloro, trihalometanos, sustancias org\u00e1nicas<\/span><br \/>\n<span style=\"font-family: tahoma, arial, helvetica, sans-serif; font-size: 110%;\">- vida \u00fatil: 6 - 12 meses - recomendamos cambiar despu\u00e9s de 6 meses como m\u00e1ximo<\/span><br \/>\n<span style=\"font-family: tahoma, arial, helvetica, sans-serif; font-size: 110%;\">- capacidad de filtraci\u00f3n para la decloraci\u00f3n: 75.708 litros (la capacidad de filtraci\u00f3n depende del nivel de contaminaci\u00f3n del agua).<\/span><br \/>\n<span style=\"font-family: tahoma, arial, helvetica, sans-serif; font-size: 110%;\">- utilizar s\u00f3lo con agua fr\u00eda.<\/span><br \/>\n<span style=\"font-family: tahoma, arial, helvetica, sans-serif; font-size: 110%;\">- grado de filtraci\u00f3n: entre 5 y 10 micras<\/span><\/p>\n<p><span style=\"font-family: tahoma, arial, helvetica, sans-serif; font-size: 110%;\">&#8211; Debit maxim: 3,8 l\/min. Este un filtru destinat sistemelor ce se monteaza sub chiuveta sau pe chiuveta. Nu utilizati acest cartus filtrant ca si filtrare pentru toata casa sau pentru retele de apa cu debite mai mari de 3,8 l\/min.<\/span><\/p>\n<p><span style=\"font-family: tahoma, arial, helvetica, sans-serif; font-size: 110%;\">\u00dasalo:<\/span><br \/>\n<span style=\"font-family: tahoma, arial, helvetica, sans-serif; font-size: 110%;\">- idealmente, se utilizar\u00e1 en un \u00fanico punto de consumo integrado en filtros para la potabilizaci\u00f3n del agua<\/span><br \/>\n<span style=\"font-family: tahoma, arial, helvetica, sans-serif; font-size: 110%;\">- s\u00f3lo para agua fr\u00eda<\/span><br \/>\n<span style=\"font-family: tahoma, arial, helvetica, sans-serif; font-size: 110%;\">- idealmente, se utilizar\u00e1 con prefiltraci\u00f3n de sedimentos, tasa de filtraci\u00f3n recomendada inferior a 20 micras<\/span><br \/>\n<span style=\"font-family: tahoma, arial, helvetica, sans-serif; font-size: 110%;\">- No se utilizar\u00e1 con agua contaminada bacteriol\u00f3gicamente. Solo se utilizar\u00e1 con agua procedente de redes controladas.<\/span><\/p>\n<p><span style=\"font-family: tahoma, arial, helvetica, sans-serif; font-size: 110%;\">Puesta en servicio:<\/span><\/p>\n<p><span style=\"font-family: tahoma, arial, helvetica, sans-serif; font-size: 110%;\">- Desprecinte el cartucho filtrante e introd\u00fazcalo en la carcasa con las manos limpias o con guantes quir\u00fargicos;<\/span><br \/>\n<span style=\"font-family: tahoma, arial, helvetica, sans-serif; font-size: 110%;\">- Antes de consumir agua, pase unos 10 - 15 litros de agua por el filtro para limpiarlo del polvo negro producido por el carb\u00f3n activado.<\/span><\/p>\n<p><span style=\"font-family: tahoma, arial, helvetica, sans-serif; font-size: 110%;\">Pa\u00eds de origen: Italia<\/span><\/p>","protected":false},"excerpt":{"rendered":"<p>Cartus filtrant 10&#8243; antibacterian CTO CARBON pentru filtrarea clorului, substantelor organice, pesticidelor, erbicidelor, cu efect bacteriostatic. Se potriveste cu orice carcasa standard de 10&#8243;. Caracteristici tehnice: &#8211; este produs din amestec de carbune activat obtinut din coaja de nuca cocos in amestec cu ioni de argint &#8211; cartusul este acoperit cu un star de protectie [&#8230;]\n","protected":false},"featured_media":67976,"comment_status":"open","ping_status":"closed","template":"","meta":{"_seopress_robots_primary_cat":"none","_seopress_titles_title":"","_seopress_titles_desc":"","_seopress_robots_index":""},"product_brand":[],"product_cat":[1137],"product_tag":[1603,1601,1602,1094,1095],"class_list":{"0":"post-15133","1":"product","2":"type-product","3":"status-publish","4":"has-post-thumbnail","6":"product_cat-cartuse-filtre-bucatarie","7":"product_tag-cartus-filtrant-antibacterian","8":"product_tag-cto-carbon","9":"product_tag-cto-carbon-antibacterian","10":"product_tag-declorinare","11":"product_tag-filtru-clor","13":"first","14":"instock","15":"taxable","16":"shipping-taxable","17":"purchasable","18":"product-type-simple"},"_links":{"self":[{"href":"https:\/\/azura.ro\/es\/wp-json\/wp\/v2\/product\/15133","targetHints":{"allow":["GET"]}}],"collection":[{"href":"https:\/\/azura.ro\/es\/wp-json\/wp\/v2\/product"}],"about":[{"href":"https:\/\/azura.ro\/es\/wp-json\/wp\/v2\/types\/product"}],"replies":[{"embeddable":true,"href":"https:\/\/azura.ro\/es\/wp-json\/wp\/v2\/comments?post=15133"}],"wp:featuredmedia":[{"embeddable":true,"href":"https:\/\/azura.ro\/es\/wp-json\/wp\/v2\/media\/67976"}],"wp:attachment":[{"href":"https:\/\/azura.ro\/es\/wp-json\/wp\/v2\/media?parent=15133"}],"wp:term":[{"taxonomy":"product_brand","embeddable":true,"href":"https:\/\/azura.ro\/es\/wp-json\/wp\/v2\/product_brand?post=15133"},{"taxonomy":"product_cat","embeddable":true,"href":"https:\/\/azura.ro\/es\/wp-json\/wp\/v2\/product_cat?post=15133"},{"taxonomy":"product_tag","embeddable":true,"href":"https:\/\/azura.ro\/es\/wp-json\/wp\/v2\/product_tag?post=15133"}],"curies":[{"name":"wp","href":"https:\/\/api.w.org\/{rel}","templated":true}]}}