{"id":15321,"date":"2019-03-19T12:52:11","date_gmt":"2019-03-19T10:52:11","guid":{"rendered":"https:\/\/azura.ro\/?post_type=product&#038;p=15321"},"modified":"2026-03-31T10:11:00","modified_gmt":"2026-03-31T07:11:00","slug":"post-filtru-alcalinizare-remineralizare-gac","status":"publish","type":"product","link":"https:\/\/azura.ro\/es\/produs\/post-filtru-alcalinizare-remineralizare-gac\/","title":{"rendered":"POST FILTRU APA MINERALIZARE, ALCALINIZARE, CARBUNE ACTIVAT T33 TF GREEN FILTER"},"content":{"rendered":"<h2><span style=\"font-family: tahoma, arial, helvetica, sans-serif; font-size: 110%;\">Post filtru apa mineralizare, alcalinizare, carbune activat T33 TF Green Filter<\/span><\/h2>\n<p><span style=\"font-family: tahoma, arial, helvetica, sans-serif; font-size: 110%;\">Modelul T33 inseamna un filtru cu diametrul de 2 toli ce se instaleaza dupa membrana de osmoza inversa\/nanofiltrare\/ultrafiltrare, de aceea se numeste si Post Filtru. Rolul lui este de a adauga minerale in apa si de a creste pH-ul apei, apa devenind alcalina. Acest post filtru T33 contine minerale precum: calciu, magneziu (turmalina, corosex), necesare organismului uman si carbune activat granular.<\/span><\/p>\n<p><span style=\"font-family: tahoma, arial, helvetica, sans-serif; font-size: 110%;\">TF inseamna tipul de conexiune. THREAD FEMALE = conectare pe baza de filet de tip mama. In acest caz filetul este de 1\/4 toli. Cu alte cuvinte este necesara cupla de tip Tata. Pe filetul cuplei, se va adauga intotdeauna banda de teflon iar cupla se va strange doar cu mana, fara scule de forta (cleste, patent).<\/span><\/p>\n<p><span style=\"font-family: tahoma, arial, helvetica, sans-serif; font-size: 110%;\"><strong>Atenci\u00f3n:<\/strong> El hecho de que un filtro lleve la etiqueta T33 no significa que siempre tenga el mismo material filtrante. Puede diferir en contenido, pero no en calidad. T33 es s\u00f3lo un nombre gen\u00e9rico para un determinado tipo de filtro que tiene una determinada finalidad y un determinado tama\u00f1o\/forma.<\/span><\/p>\n<p><span style=\"font-family: tahoma, arial, helvetica, sans-serif; font-size: 110%;\">Durata de viata: 750 galoane (2835 L apa). Durata de viata este in dependenta de calitatea apei filtrate si de contaminantii prezenti in apa. Ca si perioada de inlocuire este recomandat sa se utilizeze maxim 6 luni.\u00a0<\/span><\/p>\n<p><span style=\"font-family: tahoma, arial, helvetica, sans-serif; font-size: 110%;\">Mantenimiento: no hay mantenimiento, el filtro se cambiar\u00e1 en el periodo mencionado anteriormente.<\/span><\/p>\n<h3><span style=\"font-family: tahoma, arial, helvetica, sans-serif; font-size: 110%;\">Specificatii tehnice Post filtru apa mineralizare, alcalinizare, carbune activat T33 TF Green Filter<\/span><\/h3>\n<ul>\n<li><span style=\"font-family: tahoma, arial, helvetica, sans-serif; font-size: 110%;\">Tama\u00f1o: 53 mm x 254 mm (\u2205 x L);<\/span><\/li>\n<li><span style=\"font-family: tahoma, arial, helvetica, sans-serif; font-size: 110%;\">Conexiuni intrare\/iesire: filet de tip mama, dimensiune 1\/4 toli;<\/span><\/li>\n<li><span style=\"font-family: tahoma, arial, helvetica, sans-serif; font-size: 110%;\">Continut: minerale precum 40% calcit, 20% Corosex, plus 40% carbon.<\/span><\/li>\n<\/ul>\n<h3><span style=\"font-family: tahoma, arial, helvetica, sans-serif; font-size: 110%;\">Precautii in utilizare si recomandari Pt filtru apa mineralizare, alcalinizare, carbune activat T33 TF Green Filter<\/span><\/h3>\n<ul>\n<li><span style=\"font-family: tahoma, arial, helvetica, sans-serif; font-size: 110%;\">Inainte de consumul de apa, se vor rula prin filtru minim 20 l de apa;<\/span><\/li>\n<li><span style=\"font-family: tahoma, arial, helvetica, sans-serif; font-size: 110%;\">Preste atenci\u00f3n a la direcci\u00f3n en la que el agua pasa a trav\u00e9s del filtro, indicada por una flecha en la etiqueta del producto;<\/span><\/li>\n<li><span style=\"font-family: tahoma, arial, helvetica, sans-serif; font-size: 110%;\">Necesita suplimentar cuple de tip Male cu filet pe o parte si cu conectare rapida pe cealalta parte.;<\/span><\/li>\n<li><span style=\"font-family: tahoma, arial, helvetica, sans-serif; font-size: 110%;\">Tambi\u00e9n se pueden utilizar los acoplamientos antiguos del filtro existente;<\/span><\/li>\n<li><span style=\"font-family: tahoma, arial, helvetica, sans-serif; font-size: 110%;\">El filtro puede contener tapones de pl\u00e1stico en los dos stents de conexi\u00f3n. En tal caso, deben retirarse;<\/span><\/li>\n<li><span style=\"font-family: tahoma, arial, helvetica, sans-serif; font-size: 110%;\">S\u00f3lo debe utilizarse para filtrar agua fr\u00eda, nunca agua caliente;<\/span><\/li>\n<li><span style=\"font-family: tahoma, arial, helvetica, sans-serif; font-size: 110%;\">Nu utilizati cu apa care este nesigura din punct de vedere microbiologic ori cu apa careia nu-i cunoasteti calitatea, fara ca in prealabil sa se fi aplicat dezinfectia apei, inainte si dupa filtru.<\/span><\/li>\n<\/ul>\n<p><span style=\"font-family: tahoma, arial, helvetica, sans-serif; font-size: 110%;\">Certificaci\u00f3n: NSF, s\u00f3lo para los materiales utilizados en la fabricaci\u00f3n.<\/span><\/p>\n<p><span style=\"font-family: tahoma, arial, helvetica, sans-serif; font-size: 110%;\">Pa\u00eds de origen: Espa\u00f1a<\/span><\/p>","protected":false},"excerpt":{"rendered":"<ul>\n<li><span style=\"font-family: tahoma, arial, helvetica, sans-serif; font-size: 110%;\">Post filtru mineralizare si alcalinizare<\/span><\/li>\n<li><span style=\"font-family: tahoma, arial, helvetica, sans-serif; font-size: 110%;\">Minerale precum: 40% calcit, 20% Corosex, plus 40% carbon<br \/>\n<\/span><\/li>\n<li><span style=\"font-family: tahoma, arial, helvetica, sans-serif; font-size: 110%;\">Conexiuni pe filet de tip &#8222;Mama&#8221;<\/span><\/li>\n<\/ul>","protected":false},"featured_media":69433,"comment_status":"open","ping_status":"closed","template":"","meta":{"_seopress_robots_primary_cat":"none","_seopress_titles_title":"","_seopress_titles_desc":"Post filtru alcalinizare cu 40% calcit, 40% carbon, 20% Corosex. Calcitul si coresexul sunt minerale naturale iar carbonul este carbune activat granular...","_seopress_robots_index":""},"product_brand":[],"product_cat":[1137],"product_tag":[1096,1503,1502,1261,435,1499,1501,420,1500,1262,521,2033],"class_list":{"0":"post-15321","1":"product","2":"type-product","3":"status-publish","4":"has-post-thumbnail","6":"product_cat-cartuse-filtre-bucatarie","7":"product_tag-alcalinizare","8":"product_tag-filtru-alcalinizare","9":"product_tag-filtru-calcit","10":"product_tag-filtru-mineralizare","11":"product_tag-gac","12":"product_tag-post-filtru-alcalinizare","13":"product_tag-post-filtru-calcit","14":"product_tag-post-filtru-carbune-activat-granular","15":"product_tag-post-filtru-corosex","16":"product_tag-post-filtru-remineralizare","17":"product_tag-remineralizare","18":"product_tag-t33","20":"first","21":"instock","22":"taxable","23":"shipping-taxable","24":"purchasable","25":"product-type-simple"},"_links":{"self":[{"href":"https:\/\/azura.ro\/es\/wp-json\/wp\/v2\/product\/15321","targetHints":{"allow":["GET"]}}],"collection":[{"href":"https:\/\/azura.ro\/es\/wp-json\/wp\/v2\/product"}],"about":[{"href":"https:\/\/azura.ro\/es\/wp-json\/wp\/v2\/types\/product"}],"replies":[{"embeddable":true,"href":"https:\/\/azura.ro\/es\/wp-json\/wp\/v2\/comments?post=15321"}],"wp:featuredmedia":[{"embeddable":true,"href":"https:\/\/azura.ro\/es\/wp-json\/wp\/v2\/media\/69433"}],"wp:attachment":[{"href":"https:\/\/azura.ro\/es\/wp-json\/wp\/v2\/media?parent=15321"}],"wp:term":[{"taxonomy":"product_brand","embeddable":true,"href":"https:\/\/azura.ro\/es\/wp-json\/wp\/v2\/product_brand?post=15321"},{"taxonomy":"product_cat","embeddable":true,"href":"https:\/\/azura.ro\/es\/wp-json\/wp\/v2\/product_cat?post=15321"},{"taxonomy":"product_tag","embeddable":true,"href":"https:\/\/azura.ro\/es\/wp-json\/wp\/v2\/product_tag?post=15321"}],"curies":[{"name":"wp","href":"https:\/\/api.w.org\/{rel}","templated":true}]}}