{"id":165,"date":"2014-02-13T02:37:18","date_gmt":"2014-02-13T00:37:18","guid":{"rendered":"http:\/\/dev02.websynapse.ro\/product\/filtru-apa-aqua-soft-natural\/"},"modified":"2026-03-17T14:31:17","modified_gmt":"2026-03-17T12:31:17","slug":"filtro-de-agua-natural-aqua-soft","status":"publish","type":"product","link":"https:\/\/azura.ro\/es\/produs\/filtru-apa-aqua-soft-natural\/","title":{"rendered":"FILTRO MAGN\u00c9TICO ANTICAL 1\u2033 AQUA SOFT NATURAL"},"content":{"rendered":"<h2><span style=\"font-family: tahoma, arial, helvetica, sans-serif; font-size: 110%; color: #333333;\">El filtro magn\u00e9tico AQUA SOFT NATURAL es un producto patentado basado en imanes de biocer\u00e1mica, que son 100 veces m\u00e1s potentes que los imanes ordinarios. <\/span><\/h2>\n<p><span style=\"font-family: tahoma, arial, helvetica, sans-serif; font-size: 110%; color: #333333;\">Incorpora dos tecnolog\u00edas de filtraci\u00f3n y tratamiento del agua. Imanes biocer\u00e1micos y discos filtrantes con una clasificaci\u00f3n de 55 micras.<br \/>\n<\/span><\/p>\n<p><span style=\"font-size: 110%; font-family: tahoma, arial, helvetica, sans-serif; color: #333333;\"> <strong>Este filtro reestructura y revitaliza el agua.<\/strong> Ya se sabe que el agua reestructurada hidrata profundamente las c\u00e9lulas, porque el organismo la asimila mejor. El agua magnetizada tambi\u00e9n es apreciada por sus cualidades tonificantes.<\/span><\/p>\n<p><span style=\"font-size: 110%; font-family: tahoma, arial, helvetica, sans-serif; color: #333333;\">Presentaci\u00f3n en Youtube:<\/span><\/p>\n<p><iframe loading=\"lazy\" title=\"aqua-israel\" width=\"1020\" height=\"765\" src=\"https:\/\/www.youtube.com\/embed\/jqsCuluuvMA?feature=oembed\" frameborder=\"0\" allow=\"accelerometer; autoplay; clipboard-write; encrypted-media; gyroscope; picture-in-picture; web-share\" referrerpolicy=\"strict-origin-when-cross-origin\" allowfullscreen><\/iframe><\/p>\n<p><span style=\"font-size: 110%; font-family: tahoma, arial, helvetica, sans-serif; color: #333333;\"><strong><br \/>\nResultados probados del filtro AQUA SOFT NATURAL:<\/strong><\/span><\/p>\n<p><span style=\"font-size: 110%; font-family: tahoma, arial, helvetica, sans-serif; color: #333333;\"> * Reduce los dep\u00f3sitos de cal en las paredes de instalaciones, calderas, lavadoras, etc;<\/span><br \/>\n<span style=\"font-size: 110%; font-family: tahoma, arial, helvetica, sans-serif; color: #333333;\"> * Eliminar progresivamente los dep\u00f3sitos de cal existentes en las instalaciones (excepto calderas);<\/span><br \/>\n<span style=\"font-size: 110%; font-family: tahoma, arial, helvetica, sans-serif; color: #333333;\"> * Destruye bacterias y algas ionizando el desinfectante en el agua;<\/span><br \/>\n<span style=\"font-size: 110%; font-family: tahoma, arial, helvetica, sans-serif; color: #333333;\"> * Elimina las part\u00edculas en suspensi\u00f3n gracias al filtro de discos.<\/span><\/p>\n<p><span style=\"font-size: 110%; font-family: tahoma, arial, helvetica, sans-serif; color: #333333;\"><strong> Ventajas del filtro AQUA SOFT NATURAL:<\/strong><\/span><\/p>\n<p><span style=\"font-size: 110%; font-family: tahoma, arial, helvetica, sans-serif; color: #333333;\"> * No consume sal como los descalcificadores convencionales;<\/span><br \/>\n<span style=\"font-size: 110%; font-family: tahoma, arial, helvetica, sans-serif; color: #333333;\"> * No consume energ\u00eda como los descalcificadores convencionales;<\/span><br \/>\n<span style=\"font-size: 110%; font-family: tahoma, arial, helvetica, sans-serif; color: #333333;\"> * Respetuoso con el medio ambiente: no consume agua como los descalcificadores convencionales;<\/span><br \/>\n<span style=\"font-size: 110%; font-family: tahoma, arial, helvetica, sans-serif; color: #333333;\"> * Mantenimiento m\u00ednimo y sencillo, basta con limpiar el filtro de part\u00edculas a determinados intervalos (en funci\u00f3n de la calidad del agua).<\/span><\/p>\n<p><span style=\"font-family: tahoma, arial, helvetica, sans-serif; font-size: 110%;\"><strong>Nota:<\/strong> La tecnolog\u00eda magn\u00e9tica Aqua Soft Natural no funciona como un ablandador cl\u00e1sico, por intercambio i\u00f3nico y sustituyendo las sales de calcio y magnesio por sodio en el agua. Por lo tanto, tenga en cuenta que no se trata de un ablandador tradicional y que los iones de calcio y magnesio permanecen en el agua, pero en una forma que detiene los dep\u00f3sitos. As\u00ed pues, la dureza del agua seguir\u00e1 siendo la misma antes y despu\u00e9s del tratamiento con Aqua Soft Natural.<\/span><\/p>\n<p><span style=\"font-family: tahoma, arial, helvetica, sans-serif; font-size: 110%;\">En el caso del agua estancada, como calderas o recipientes de almacenamiento, el tratamiento antical no es perfecto, ya que al cabo de 24 horas el efecto antical se pierde por completo. As\u00ed pues, en el caso de calderas y dep\u00f3sitos de almacenamiento, seguir\u00e1 habiendo dep\u00f3sitos de cal, pero se reducir\u00e1n. <\/span><\/p>\n<p><span style=\"font-size: 110%; font-family: tahoma, arial, helvetica, sans-serif; color: #333333;\"><strong> Especificaciones t\u00e9cnicas AQUA SOFT NATURAL:<\/strong><\/span><\/p>\n<p><span style=\"font-size: 110%; font-family: tahoma, arial, helvetica, sans-serif; color: #333333;\"> * Incorpora <strong>12 imanes biocer\u00e1micos<\/strong> -<strong> produciendo un campo magn\u00e9tico con un valor de 23000 gauss<\/strong>;<\/span><br \/>\n<span style=\"font-size: 110%; font-family: tahoma, arial, helvetica, sans-serif; color: #333333;\"> * Filtraci\u00f3n mediante discos de pl\u00e1stico especiales que ofrecen una precisi\u00f3n de filtrado de hasta 55 micras;<\/span><br \/>\n<span style=\"font-size: 110%; font-family: tahoma, arial, helvetica, sans-serif; color: #333333;\"> * Caudal m\u00e1ximo 4 m<span class=\"st\"><sup>3<\/sup><\/span>\/h (cubre cualquier consumo dom\u00e9stico, incluso en villas con muchos ba\u00f1os y cocinas); Para caudales superiores, p\u00eddanos presupuesto;<\/span><br \/>\n<span style=\"font-size: 110%; font-family: tahoma, arial, helvetica, sans-serif; color: #333333;\"> * Dureza m\u00e1xima recomendada para una eficacia m\u00e1xima: 25 grados alemanes;<\/span><br \/>\n<span style=\"font-size: 110%; font-family: tahoma, arial, helvetica, sans-serif; color: #333333;\"> * Presi\u00f3n m\u00ednima de trabajo 2 bar;<\/span><br \/>\n<span style=\"font-size: 110%; font-family: tahoma, arial, helvetica, sans-serif; color: #333333;\"> * Presi\u00f3n m\u00e1xima de trabajo 5 bar;<\/span><\/p>\n<p><span style=\"font-size: 110%; font-family: tahoma, arial, helvetica, sans-serif; color: #333333;\"> Dimensiones AQS:<\/span><\/p>\n<p><span style=\"font-size: 110%; font-family: tahoma, arial, helvetica, sans-serif; color: #333333;\">Altura: 28 cm (incluido el grifo de desag\u00fce)<br \/>\nAnchura: 16 cm (entre hilos)<br \/>\nProfundidad de la rosca exterior: 2,2 cm<\/span><\/p>\n<p><span style=\"font-size: 110%; font-family: tahoma, arial, helvetica, sans-serif; color: #333333;\"><strong>Posibles aplicaciones AQUA SOFT NATURAL:<\/strong><\/span><br \/>\n<span style=\"font-size: 110%; font-family: tahoma, arial, helvetica, sans-serif; color: #333333;\"><br \/>\nINDUSTRIA - AGRICULTURA - CIUDADES - VIVIENDAS<\/span><\/p>\n<p><span style=\"font-size: 110%; font-family: tahoma, arial, helvetica, sans-serif; color: #333333;\"> Ideal donde no haya m\u00e1s de 20 - 25 grados cent\u00edgrados. Ideal para el consumo continuo de agua en aplicaciones comerciales e industriales en general.<\/span><br \/>\n<span style=\"font-size: 110%; font-family: tahoma, arial, helvetica, sans-serif; color: #333333;\"><br \/>\n* Pretratamiento para filtraci\u00f3n por membrana (\u00f3smosis inversa, nanofiltraci\u00f3n, ultrafiltraci\u00f3n);<\/span><br \/>\n<span style=\"font-size: 110%; font-family: tahoma, arial, helvetica, sans-serif; color: #333333;\"> * Tratamiento de aguas grises;<\/span><br \/>\n<span style=\"font-size: 110%; font-family: tahoma, arial, helvetica, sans-serif; color: #333333;\"> * Tratamiento de aguas residuales;<\/span><br \/>\n<span style=\"font-size: 110%; font-family: tahoma, arial, helvetica, sans-serif; color: #333333;\"> * Tratamiento de agua fr\u00eda en circuitos cerrados;<\/span><br \/>\n<span style=\"font-size: 110%; font-family: tahoma, arial, helvetica, sans-serif; color: #333333;\"> * Tratamiento del agua en sistemas de calefacci\u00f3n de circuito cerrado;<\/span><br \/>\n<span style=\"font-size: 110%; font-family: tahoma, arial, helvetica, sans-serif; color: #333333;\"> * Tratamiento del agua en torres de refrigeraci\u00f3n;<\/span><br \/>\n<span style=\"font-size: 110%; font-family: tahoma, arial, helvetica, sans-serif; color: #333333;\"> * Tratamiento de la legionela;<\/span><br \/>\n<span style=\"font-size: 110%; font-family: tahoma, arial, helvetica, sans-serif; color: #333333;\"> * Tratamiento del agua de caldera;<\/span><br \/>\n<span style=\"font-size: 110%; font-family: tahoma, arial, helvetica, sans-serif; color: #333333;\"> * Tratamiento del agua para viviendas residenciales;<\/span><br \/>\n<span style=\"font-size: 110%; font-family: tahoma, arial, helvetica, sans-serif; color: #333333;\"> * Tratamiento del agua de las fuentes ornamentales;<\/span><br \/>\n<span style=\"font-size: 110%; font-family: tahoma, arial, helvetica, sans-serif; color: #333333;\"> * Tratamiento del agua para acuarios y peces;<\/span><br \/>\n<span style=\"font-size: 110%; font-family: tahoma, arial, helvetica, sans-serif; color: #333333;\"> * Tratamiento del agua de las piscinas;<\/span><br \/>\n<span style=\"font-size: 110%; font-family: tahoma, arial, helvetica, sans-serif; color: #333333;\"> * Tratamiento de aguas agr\u00edcolas;<\/span><br \/>\n<span style=\"font-size: 110%; font-family: tahoma, arial, helvetica, sans-serif; color: #333333;\"> * Tratamiento del agua con paneles solares.<\/span><\/p>\n<p><span style=\"font-size: 110%; font-family: tahoma, arial, helvetica, sans-serif; color: #333333;\"><strong> AQUA SOFT NATURAL<\/strong> es una tecnolog\u00eda respetuosa con el medio ambiente, econ\u00f3mica, sin productos qu\u00edmicos y que ahorra energ\u00eda.<\/span><\/p>\n<p><span style=\"font-size: 110%; font-family: tahoma, arial, helvetica, sans-serif; color: #333333;\"> Es \u00fanico en Ruman\u00eda e incluso a escala internacional. Todos los hogares deber\u00edan tener instalado un filtro de este tipo.<\/span><\/p>\n<p><span style=\"font-size: 110%; font-family: tahoma, arial, helvetica, sans-serif; color: #333333;\"> Tecnolog\u00eda: nueva \/ moderna \/ patentada<\/span><\/p>\n<p><span style=\"font-size: 110%; font-family: tahoma, arial, helvetica, sans-serif; color: #333333;\"> La garant\u00eda del producto es de 3 a\u00f1os.<\/span><\/p>\n<p><span style=\"font-size: 110%; font-family: tahoma, arial, helvetica, sans-serif; color: #333333;\">Duraci\u00f3n del producto:<\/span><\/p>\n<p><span style=\"font-size: 110%; font-family: tahoma, arial, helvetica, sans-serif; color: #333333;\"> La vida \u00fatil del producto es pr\u00e1cticamente ilimitada. La tecnolog\u00eda del filtro AQUA SOFT NATURAL le permite funcionar con los par\u00e1metros m\u00e1ximos, independientemente del tiempo transcurrido desde su instalaci\u00f3n. Los imanes de biocer\u00e1mica no pierden nada de su potencia como los imanes de acero. La tecnolog\u00eda de filtraci\u00f3n por discos de 55 micras tambi\u00e9n permite utilizar el filtro de por vida. Nada se desgasta, nada cambia con este filtro.\u00a0<\/span><\/p>\n<p><span style=\"font-size: 110%; font-family: tahoma, arial, helvetica, sans-serif; color: #333333;\"> Mantenimiento: el mantenimiento del equipo consiste en vaciar el agua a trav\u00e9s del grifo instalado en el filtro y, muy raramente, desmontar el filtro y limpiarlo bajo un chorro de agua. La purga manual del filtro se har\u00e1 siempre que sea necesario, dependiendo de la calidad del agua filtrada. Normalmente, una vez al mes es suficiente. El cartucho del filtro debe limpiarse aproximadamente una vez cada 6 meses, pero esto tambi\u00e9n est\u00e1 estrechamente relacionado con la calidad del agua filtrada.<\/span><\/p>\n<p><span style=\"font-size: 110%; font-family: tahoma, arial, helvetica, sans-serif; color: #333333;\">Pa\u00eds de origen: Israel<\/span><\/p>","protected":false},"excerpt":{"rendered":"<p><span style=\"font-size: 10pt; font-family: tahoma, arial, helvetica, sans-serif;\"><span style=\"color: #000000;\">F<\/span><span style=\"color: #000000;\">FILTRO DE AGUA CON IMANES BIOCERAMICOS AQUA SOFT NATURAL - PATENTADO EN ISRAEL. \u00a1\u00a1\u00a1\u00a1Reestructuraci\u00f3n del agua!!!! Magnetizaci\u00f3n del agua<\/span><\/span><\/p>\n<p><span style=\"color: #ed1c24;\"><a style=\"color: #ed1c24;\" href=\"https:\/\/azura.ro\/es\/100-30-dias-de-garantia-de-devolucion\/\" rel=\"attachment wp-att-7307\"><img decoding=\"async\" class=\"alignnone wp-image-7307\" src=\"https:\/\/azura.ro\/wp-content\/uploads\/2016\/06\/Garantie-retur.png\" alt=\"\" width=\"108\" height=\"133\" \/><\/a><\/span><a href=\"https:\/\/azura.ro\/es\/service\/\" rel=\"attachment wp-att-7308\"><img decoding=\"async\" class=\"alignnone wp-image-7308\" src=\"https:\/\/azura.ro\/wp-content\/uploads\/2016\/06\/Service.png\" alt=\"\" width=\"134\" height=\"134\" srcset=\"https:\/\/azura.ro\/wp-content\/uploads\/2016\/06\/Service.png 189w, https:\/\/azura.ro\/wp-content\/uploads\/2016\/06\/Service-100x100.png 100w, https:\/\/azura.ro\/wp-content\/uploads\/2016\/06\/Service-150x150.png 150w\" sizes=\"(max-width: 134px) 100vw, 134px\" \/><\/a><a href=\"https:\/\/azura.ro\/es\/3-anos-de-garantia\/\" rel=\"attachment wp-att-12368\"><img decoding=\"async\" class=\"alignnone wp-image-12368\" src=\"https:\/\/azura.ro\/wp-content\/uploads\/2018\/08\/3-ani-garantie.png\" alt=\"\" width=\"107\" height=\"136\" \/><\/a><\/p>\n<p><a href=\"https:\/\/azura.ro\/es\/100-30-dias-de-garantia-de-devolucion\/\" target=\"_blank\" rel=\"noopener noreferrer\">Ofrecemos garant\u00eda de satisfacci\u00f3n con pol\u00edtica de devoluci\u00f3n de 30 d\u00edas;<\/a><br \/>\n<a href=\"https:\/\/azura.ro\/es\/service\/\" target=\"_blank\" rel=\"noopener noreferrer\">Ofrecemos servicio especializado en Ruman\u00eda \u00a1Cualquier problema t\u00e9cnico se resuelve en Ruman\u00eda!<\/a><a href=\"https:\/\/azura.ro\/es\/service\/\" target=\"_blank\" rel=\"noopener noreferrer\"><br \/>\n<\/a><a href=\"https:\/\/azura.ro\/es\/3-anos-de-garantia\/\" target=\"_blank\" rel=\"noopener noreferrer\">Ofrecemos garant\u00eda contra defectos de fabricaci\u00f3n, 3 a\u00f1os de garant\u00eda<\/a><a href=\"https:\/\/azura.ro\/es\/5-anos-de-garantia\/\" target=\"_blank\" rel=\"noopener noreferrer\">;<\/a><\/p>\n<p>&nbsp;<\/p>","protected":false},"featured_media":68054,"comment_status":"open","ping_status":"closed","template":"","meta":{"_seopress_robots_primary_cat":"62","_seopress_titles_title":"","_seopress_titles_desc":"Apa restructurata! FILTRU 12 MAGNETI AQUA SOFT NATURAL","_seopress_robots_index":""},"product_brand":[],"product_cat":[89,62],"product_tag":[1421,320,803,804,319,317,805],"class_list":{"0":"post-165","1":"product","2":"type-product","3":"status-publish","4":"has-post-thumbnail","6":"product_cat-filtre-cu-discuri","7":"product_cat-filtre-magneti-bio-ceramici","8":"product_tag-apa-energizanta","9":"product_tag-apa-restructurata","10":"product_tag-apa-revitalizata","11":"product_tag-apa-vie","12":"product_tag-aqua-soft-natural","13":"product_tag-filtru-magnetic","14":"product_tag-filtru-magnetic-aqua-soft-natural","15":"pa_amplasare-conductaprincipala","16":"pa_brand-aqua-israel","17":"pa_graddefiltrare-55-microni","19":"first","20":"instock","21":"sale","22":"taxable","23":"shipping-taxable","24":"purchasable","25":"product-type-simple"},"_links":{"self":[{"href":"https:\/\/azura.ro\/es\/wp-json\/wp\/v2\/product\/165","targetHints":{"allow":["GET"]}}],"collection":[{"href":"https:\/\/azura.ro\/es\/wp-json\/wp\/v2\/product"}],"about":[{"href":"https:\/\/azura.ro\/es\/wp-json\/wp\/v2\/types\/product"}],"replies":[{"embeddable":true,"href":"https:\/\/azura.ro\/es\/wp-json\/wp\/v2\/comments?post=165"}],"wp:featuredmedia":[{"embeddable":true,"href":"https:\/\/azura.ro\/es\/wp-json\/wp\/v2\/media\/68054"}],"wp:attachment":[{"href":"https:\/\/azura.ro\/es\/wp-json\/wp\/v2\/media?parent=165"}],"wp:term":[{"taxonomy":"product_brand","embeddable":true,"href":"https:\/\/azura.ro\/es\/wp-json\/wp\/v2\/product_brand?post=165"},{"taxonomy":"product_cat","embeddable":true,"href":"https:\/\/azura.ro\/es\/wp-json\/wp\/v2\/product_cat?post=165"},{"taxonomy":"product_tag","embeddable":true,"href":"https:\/\/azura.ro\/es\/wp-json\/wp\/v2\/product_tag?post=165"}],"curies":[{"name":"wp","href":"https:\/\/api.w.org\/{rel}","templated":true}]}}