{"id":16506,"date":"2019-05-11T13:38:48","date_gmt":"2019-05-11T11:38:48","guid":{"rendered":"https:\/\/azura.ro\/?post_type=product&#038;p=16506"},"modified":"2026-03-11T10:56:19","modified_gmt":"2026-03-11T08:56:19","slug":"filtru-apa-capsulat-gackdfargint-2-5-f","status":"publish","type":"product","link":"https:\/\/azura.ro\/es\/produs\/filtru-apa-capsulat-gackdfargint-2-5-f\/","title":{"rendered":"FILTRO DE AGUA ENCAPSULADO GAC+KDF+PLATA 2,5\" F"},"content":{"rendered":"<p><span style=\"font-size: 110%; font-family: tahoma, arial, helvetica, sans-serif;\">Es un filtro en l\u00ednea, encapsulado y cargado con <em><strong>carb\u00f3n activado granulado<\/strong><\/em> argintat obtinut din coaja de nuca de cocos si cu KDF, pentru eliminarea mirosului, gustului, clorului, \u00a0trihalometanilor, substantelor organice, metalelor grele.<\/span><\/p>\n<p><span style=\"font-size: 110%; font-family: tahoma, arial, helvetica, sans-serif;\">Generalmente se utiliza junto con la prefiltraci\u00f3n de sedimentos.<\/span><\/p>\n<p><span style=\"font-size: 110%; font-family: tahoma, arial, helvetica, sans-serif;\">Durata de viata: 8000 litri. Durata de viata este in dependenta de calitatea apei filtrate si de contaminantii prezenti in apa. Ca si perioada de inlocuire este recomandat sa se utilizeze maxim 6 luni (6 luni in cazul in cazul in care este primul filtru pentru declorinare si 12 luni in cazul in care este al doilea filtru pentru declorinare).<\/span><\/p>\n<p><span style=\"font-size: 110%; font-family: tahoma, arial, helvetica, sans-serif;\">Mantenimiento: no hay mantenimiento, el filtro se cambiar\u00e1 en el periodo mencionado anteriormente.<\/span><\/p>\n<p><span style=\"font-size: 110%; font-family: tahoma, arial, helvetica, sans-serif;\">Especificaciones t\u00e9cnicas:<\/span><\/p>\n<p><span style=\"font-family: tahoma, arial, helvetica, sans-serif; font-size: 110%;\">Mediu filtrant: carbune activat granular obtinut din coaja de nuca de cocos argintat in amestec cu KDF<br \/>\nDebit maxim: 4 l\/min.<\/span><br \/>\n<span style=\"font-size: 110%; font-family: tahoma, arial, helvetica, sans-serif;\">Temperatura minima: 4\u00b0C<\/span><br \/>\n<span style=\"font-size: 110%; font-family: tahoma, arial, helvetica, sans-serif;\">Temperatura maxima: 40\u00b0C<\/span><\/p>\n<p><span style=\"font-size: 110%; font-family: tahoma, arial, helvetica, sans-serif;\">Precauciones de uso y recomendaciones:<\/span><br \/>\n<span style=\"font-size: 110%; font-family: tahoma, arial, helvetica, sans-serif;\">- antes de consumir el agua, hay que hacer pasar al menos 10 litros de agua por el filtro<\/span><br \/>\n<span style=\"font-size: 110%; font-family: tahoma, arial, helvetica, sans-serif;\">&#8211; atentie la sensul de trecere a apei prin filtru, indicat printr-o sageata, prezenta pe eticheta produsului<\/span><br \/>\n<span style=\"font-size: 110%; font-family: tahoma, arial, helvetica, sans-serif;\">- requiere acoplamiento macho de 1\/4<\/span><br \/>\n<span style=\"font-size: 110%; font-family: tahoma, arial, helvetica, sans-serif;\">- tambi\u00e9n puede utilizar los antiguos acoplamientos del filtro existente<\/span><br \/>\n<span style=\"font-size: 110%; font-family: tahoma, arial, helvetica, sans-serif;\">- el filtro contiene tapones de pl\u00e1stico en los dos orificios de conexi\u00f3n, \u00e9stos se retirar\u00e1n<\/span><br \/>\n<span style=\"font-size: 110%; font-family: tahoma, arial, helvetica, sans-serif;\">- s\u00f3lo debe utilizarse para filtrar agua fr\u00eda, nunca agua caliente<\/span><br \/>\n<span style=\"font-size: 110%; font-family: tahoma, arial, helvetica, sans-serif;\">- no lo utilice con agua microbiol\u00f3gicamente insegura o con agua cuya calidad desconozca, sin haber desinfectado previamente el agua antes y despu\u00e9s del filtro.<\/span><\/p>\n<p><span style=\"font-size: 110%; font-family: tahoma, arial, helvetica, sans-serif;\">Certificaci\u00f3n: NSF, s\u00f3lo para los materiales utilizados en la fabricaci\u00f3n.<\/span><\/p>\n<p><span style=\"font-size: 110%; font-family: tahoma, arial, helvetica, sans-serif;\">Pa\u00eds de origen: Taiw\u00e1n<\/span><\/p>\n<p>&nbsp;<\/p>","protected":false},"excerpt":{"rendered":"<p><span style=\"font-family: tahoma, arial, helvetica, sans-serif; font-size: 100%;\">Filtru capsulat pentru retinerea clorului si a metalelor grele cu proprietati antibacteriene datorita argintului impregnat.<\/span><\/p>","protected":false},"featured_media":69441,"comment_status":"open","ping_status":"closed","template":"","meta":{"_seopress_robots_primary_cat":"none","_seopress_titles_title":"","_seopress_titles_desc":"","_seopress_robots_index":""},"product_brand":[],"product_cat":[1139,1137,1136],"product_tag":[580,434,435,351],"class_list":{"0":"post-16506","1":"product","2":"type-product","3":"status-publish","4":"has-post-thumbnail","6":"product_cat-cartuse-dozatoare-apa","7":"product_cat-cartuse-filtre-bucatarie","8":"product_cat-consumabile","9":"product_tag-argint","10":"product_tag-carbune-activat","11":"product_tag-gac","12":"product_tag-kdf","14":"first","15":"instock","16":"taxable","17":"shipping-taxable","18":"purchasable","19":"product-type-simple"},"_links":{"self":[{"href":"https:\/\/azura.ro\/es\/wp-json\/wp\/v2\/product\/16506","targetHints":{"allow":["GET"]}}],"collection":[{"href":"https:\/\/azura.ro\/es\/wp-json\/wp\/v2\/product"}],"about":[{"href":"https:\/\/azura.ro\/es\/wp-json\/wp\/v2\/types\/product"}],"replies":[{"embeddable":true,"href":"https:\/\/azura.ro\/es\/wp-json\/wp\/v2\/comments?post=16506"}],"wp:featuredmedia":[{"embeddable":true,"href":"https:\/\/azura.ro\/es\/wp-json\/wp\/v2\/media\/69441"}],"wp:attachment":[{"href":"https:\/\/azura.ro\/es\/wp-json\/wp\/v2\/media?parent=16506"}],"wp:term":[{"taxonomy":"product_brand","embeddable":true,"href":"https:\/\/azura.ro\/es\/wp-json\/wp\/v2\/product_brand?post=16506"},{"taxonomy":"product_cat","embeddable":true,"href":"https:\/\/azura.ro\/es\/wp-json\/wp\/v2\/product_cat?post=16506"},{"taxonomy":"product_tag","embeddable":true,"href":"https:\/\/azura.ro\/es\/wp-json\/wp\/v2\/product_tag?post=16506"}],"curies":[{"name":"wp","href":"https:\/\/api.w.org\/{rel}","templated":true}]}}