{"id":174,"date":"2014-02-25T00:05:45","date_gmt":"2014-02-24T22:05:45","guid":{"rendered":"http:\/\/dev02.websynapse.ro\/product\/cartus-filtrant-ultrafiltrare-ft-91-ion-filter\/"},"modified":"2026-03-20T09:37:50","modified_gmt":"2026-03-20T07:37:50","slug":"cartucho-de-filtro-de-ultrafiltracion-ft-91-filtro-ionico","status":"publish","type":"product","link":"https:\/\/azura.ro\/es\/produs\/cartus-filtrant-ultrafiltrare-ft-91-ion-filter\/","title":{"rendered":"CARTUCHO FILTRANTE DE ULTRAFILTRACI\u00d3N FT-91 FILTRO I\u00d3NICO"},"content":{"rendered":"<h2><span style=\"font-size: 110%; color: #333333; font-family: tahoma, arial, helvetica, sans-serif;\">Filtro de ultrafiltraci\u00f3n FT 91<\/span><\/h2>\n<p><span style=\"font-size: 110%; color: #333333; font-family: tahoma, arial, helvetica, sans-serif;\">Filtra el agua hasta una finura de 0,1 micras, filtra bacterias pat\u00f3genas E. coli, c\u00f3lera, Klebsiella Terrigena, Salmonella Typhi, Shigella, quistes como Cryptosporidium, Giardia Lambia y virus, hongos. Tambi\u00e9n disminuye la turbidez filtrando part\u00edculas y \u00f3xido.<\/span><\/p>\n<p><span style=\"font-size: 110%; color: #333333; font-family: tahoma, arial, helvetica, sans-serif;\">Periodo de intercambio:<\/span><\/p>\n<p><span style=\"color: #333333; font-size: 110%; font-family: tahoma, arial, helvetica, sans-serif;\">10000 litros de agua, aproximadamente cada dos a\u00f1os, siempre que los filtros de prefiltraci\u00f3n se cambien en el momento recomendado por el fabricante.\u00a0<\/span><\/p>\n<p><span style=\"font-size: 110%; color: #333333; font-family: tahoma, arial, helvetica, sans-serif;\"><em>Compatible con el FILTRO DE IONES FT Line 3.<\/em><\/span><\/p>","protected":false},"excerpt":{"rendered":"<p><span style=\"color: #333333; font-size: 105%; font-family: tahoma, arial, helvetica, sans-serif;\">Cartucho filtrante con membrana de ultrafiltraci\u00f3n, modelo FT-91, compatible con el filtro FT L\u00ednea 3.<\/span><\/p>","protected":false},"featured_media":70277,"comment_status":"open","ping_status":"closed","template":"","meta":{"_seopress_robots_primary_cat":"none","_seopress_titles_title":"","_seopress_titles_desc":"Cartus filtrant FT-91 cu ultrafiltrare","_seopress_robots_index":""},"product_brand":[],"product_cat":[1137],"product_tag":[342,341,1597,331,329,340],"class_list":{"0":"post-174","1":"product","2":"type-product","3":"status-publish","4":"has-post-thumbnail","6":"product_cat-cartuse-filtre-bucatarie","7":"product_tag-filtru-cu-ultrafiltrare","8":"product_tag-ft-91","9":"product_tag-ft91","10":"product_tag-ion-filter","11":"product_tag-ultrafiltrare","12":"product_tag-ultrafiltru","14":"first","15":"instock","16":"taxable","17":"shipping-taxable","18":"purchasable","19":"product-type-simple"},"_links":{"self":[{"href":"https:\/\/azura.ro\/es\/wp-json\/wp\/v2\/product\/174","targetHints":{"allow":["GET"]}}],"collection":[{"href":"https:\/\/azura.ro\/es\/wp-json\/wp\/v2\/product"}],"about":[{"href":"https:\/\/azura.ro\/es\/wp-json\/wp\/v2\/types\/product"}],"replies":[{"embeddable":true,"href":"https:\/\/azura.ro\/es\/wp-json\/wp\/v2\/comments?post=174"}],"wp:featuredmedia":[{"embeddable":true,"href":"https:\/\/azura.ro\/es\/wp-json\/wp\/v2\/media\/70277"}],"wp:attachment":[{"href":"https:\/\/azura.ro\/es\/wp-json\/wp\/v2\/media?parent=174"}],"wp:term":[{"taxonomy":"product_brand","embeddable":true,"href":"https:\/\/azura.ro\/es\/wp-json\/wp\/v2\/product_brand?post=174"},{"taxonomy":"product_cat","embeddable":true,"href":"https:\/\/azura.ro\/es\/wp-json\/wp\/v2\/product_cat?post=174"},{"taxonomy":"product_tag","embeddable":true,"href":"https:\/\/azura.ro\/es\/wp-json\/wp\/v2\/product_tag?post=174"}],"curies":[{"name":"wp","href":"https:\/\/api.w.org\/{rel}","templated":true}]}}