{"id":17937,"date":"2019-09-03T11:58:08","date_gmt":"2019-09-03T09:58:08","guid":{"rendered":"https:\/\/azura.ro\/?post_type=product&#038;p=17937"},"modified":"2026-02-19T12:22:27","modified_gmt":"2026-02-19T10:22:27","slug":"filtro-de-ducha-con-kdf-y-gac-ionfilter","status":"publish","type":"product","link":"https:\/\/azura.ro\/es\/produs\/filtru-dus-cu-kdf-si-gac-ionfilter\/","title":{"rendered":"FILTRO DE DUCHA CON KDF Y GAC IONFILTER"},"content":{"rendered":"<p><span style=\"font-family: tahoma, arial, helvetica, sans-serif; font-size: 110%;\"><strong>FILTRO DE DUCHA CON KDF Y GAC IONFILTER - <\/strong>incorpora las tecnolog\u00edas de filtraci\u00f3n m\u00e1s utilizadas para los filtros de ducha: <strong><em>Carb\u00f3n activo granulado de coco y KDF 55.<\/em><\/strong><\/span><\/p>\n<p><span style=\"font-family: tahoma, arial, helvetica, sans-serif; font-size: 110%;\">Es un filtro fabricado en pl\u00e1stico ABS resistente.<\/span><\/p>\n<p><span style=\"font-family: tahoma, arial, helvetica, sans-serif; font-size: 110%;\">Indeplineste 4 mari functii:<\/span><\/p>\n<p><span style=\"font-family: tahoma, arial, helvetica, sans-serif; font-size: 110%;\">1. Reduce clorul rezidual<\/span><br \/>\n<span style=\"font-family: tahoma, arial, helvetica, sans-serif; font-size: 110%;\">2. Reduce metalul greu<\/span><br \/>\n<span style=\"font-family: tahoma, arial, helvetica, sans-serif; font-size: 110%;\">3. Reduce hidrogenul sulfurat<\/span><br \/>\n<span style=\"font-family: tahoma, arial, helvetica, sans-serif; font-size: 110%;\">4. Inhiba dezvoltarea bacteriilor<\/span><\/p>\n<p><span style=\"font-size: 110%; font-family: tahoma, arial, helvetica, sans-serif;\">Ce NU filtreaza:<\/span><\/p>\n<ul style=\"list-style-type: disc;\">\n<li><span style=\"font-size: 110%; font-family: tahoma, arial, helvetica, sans-serif;\">Nu poate filtra apa colorata de la mal sau de la rugina<\/span><\/li>\n<li><span style=\"font-size: 110%; font-family: tahoma, arial, helvetica, sans-serif;\">Nu dedurizeaza apa. Duritatea apei ramane la acelasi nivel<br \/>\n<\/span><\/li>\n<li><span style=\"font-size: 110%; font-family: tahoma, arial, helvetica, sans-serif;\">Nu reduce efectele apei dure.<\/span><\/li>\n<\/ul>\n<p><span style=\"font-size: 110%; font-family: tahoma, arial, helvetica, sans-serif;\">NOTA: niciun filtru de dus nu poate deduriza apa. Cantitatea de material filtrant este mult prea mica pentru a putea face asta!<\/span><\/p>\n<p><span style=\"font-family: tahoma, arial, helvetica, sans-serif; font-size: 110%;\">Acerca de los medios filtrantes <strong>del filtro de ducha ION FILTER<\/strong><\/span><\/p>\n<p><span style=\"font-family: tahoma, arial, helvetica, sans-serif; font-size: 110%;\">Contiene los siguientes medios filtrantes:<\/span><\/p>\n<ol>\n<li><span style=\"font-family: tahoma, arial, helvetica, sans-serif; font-size: 110%;\"><strong>KDF 55<\/strong> - filtra los metales pesados (plomo, hierro, mercurio, cobre, sulfuro de hidr\u00f3geno, cloro). Tiene un papel bacteriost\u00e1tico y de refuerzo de la capacidad filtrante del carb\u00f3n activo. Funciona por reacci\u00f3n electroqu\u00edmica (reacci\u00f3n REDOX - por oxidaci\u00f3n - reducci\u00f3n).<\/span><\/li>\n<li><span style=\"font-family: tahoma, arial, helvetica, sans-serif; font-size: 110%;\"><strong>Carb\u00f3n activo granulado de c\u00e1scara de coco<\/strong>. Filtra cloro, trihalometano, sustancias org\u00e1nicas, herbicidas, pesticidas y muchas otras sustancias. Funciona por adsorci\u00f3n.<\/span><\/li>\n<\/ol>\n<p><span style=\"font-family: tahoma, arial, helvetica, sans-serif; font-size: 110%;\">Especificaciones t\u00e9cnicas:<\/span><\/p>\n<p><span style=\"font-family: tahoma, arial, helvetica, sans-serif; font-size: 110%;\">Caudal recomendado para una filtraci\u00f3n eficaz: 3,78 litros\/minuto<\/span><br \/>\n<span style=\"font-family: tahoma, arial, helvetica, sans-serif; font-size: 110%;\">Temperatura del agua: hasta 60 C<\/span><br \/>\n<span style=\"font-family: tahoma, arial, helvetica, sans-serif; font-size: 110%;\">Capacidad de filtraci\u00f3n: unos 20000 litros. Depende de la calidad del agua.<\/span><br \/>\n<span style=\"font-family: tahoma, arial, helvetica, sans-serif; font-size: 110%;\">Capacidad de filtraci\u00f3n expresada en tiempo: 5 meses para 2 personas, 1 ducha\/d\u00eda.<\/span><br \/>\n<span style=\"font-family: tahoma, arial, helvetica, sans-serif; font-size: 110%;\">Longitud sin rosca exterior: 11 cm<\/span><br \/>\n<span style=\"font-family: tahoma, arial, helvetica, sans-serif; font-size: 110%;\">Longitud con rosca exterior: 13 cm<\/span><br \/>\n<span style=\"font-family: tahoma, arial, helvetica, sans-serif; font-size: 110%;\">Di\u00e1metro: 9,2 cm<\/span><\/p>\n<p><span style=\"font-family: tahoma, arial, helvetica, sans-serif; font-size: 110%;\">Gu\u00eda de retrolavado del filtro inverso<\/span><\/p>\n<ol>\n<li><span style=\"font-family: tahoma, arial, helvetica, sans-serif; font-size: 110%;\">Si el caudal del agua de la ducha disminuye considerablemente, es posible que el filtro est\u00e9 obstruido con suciedad, sedimentos, \u00f3xido, arena, residuos, etc;<\/span><br \/>\n<span style=\"font-family: tahoma, arial, helvetica, sans-serif; font-size: 110%;\">2. Retire el filtro de las conexiones;<\/span><br \/>\n<span style=\"font-family: tahoma, arial, helvetica, sans-serif; font-size: 110%;\">3. Dale la vuelta e inst\u00e1lalo;<\/span><br \/>\n<span style=\"font-family: tahoma, arial, helvetica, sans-serif; font-size: 110%;\">4. Enciende la ducha;<\/span><br \/>\n<span style=\"font-family: tahoma, arial, helvetica, sans-serif; font-size: 110%;\">5. Al principio el agua estar\u00e1 sucia. Abra y cierre el grifo repetidamente hasta que el agua salga limpia;<\/span><br \/>\n<span style=\"font-family: tahoma, arial, helvetica, sans-serif; font-size: 110%;\">6. Vuelva a instalar el filtro como antes;<\/span><br \/>\n<span style=\"font-family: tahoma, arial, helvetica, sans-serif; font-size: 110%;\">7. Repita el procedimiento descrito anteriormente siempre que disminuya el caudal de agua de la ducha.<\/span><\/li>\n<\/ol>\n<p><span style=\"font-family: tahoma, arial, helvetica, sans-serif; font-size: 110%;\">Gu\u00eda de instalaci\u00f3n:<\/span><\/p>\n<ol>\n<li><span style=\"font-family: tahoma, arial, helvetica, sans-serif; font-size: 110%;\">Desenrosque y retire la manguera de la ducha. La manguera debe desenroscarse de la bater\u00eda de la ba\u00f1era;<\/span><br \/>\n<span style=\"font-family: tahoma, arial, helvetica, sans-serif; font-size: 110%;\">2. Coloque el filtro de ducha entre la bater\u00eda y la manguera. S\u00f3lo puede instalarse de una manera, as\u00ed que no puedes equivocarte.<\/span><br \/>\n<span style=\"font-family: tahoma, arial, helvetica, sans-serif; font-size: 110%;\">3. Enrosque el filtro en la rosca de la bater\u00eda;<\/span><br \/>\n<span style=\"font-family: tahoma, arial, helvetica, sans-serif; font-size: 110%;\">4. Enrosque la manguera en la rosca del filtro de ducha;<\/span><br \/>\n<span style=\"font-family: tahoma, arial, helvetica, sans-serif; font-size: 110%;\">5. 5. Abra el grifo. Cuando encienda por primera vez, saldr\u00e1 agua sucia del filtro. Esto se debe a que el flujo de agua limpia el carb\u00f3n activado de polvo. Deje correr el agua por el filtro hasta que se aclare.<\/span><\/li>\n<\/ol>\n<p><span style=\"font-size: 110%;\"><img decoding=\"async\" class=\"aligncenter size-full wp-image-17949\" src=\"https:\/\/azura.ro\/wp-content\/uploads\/2019\/09\/Instalare-Filtru-dus-IONFILTER.jpg\" alt=\"\" width=\"1181\" height=\"382\" srcset=\"https:\/\/azura.ro\/wp-content\/uploads\/2019\/09\/Instalare-Filtru-dus-IONFILTER.jpg 1181w, https:\/\/azura.ro\/wp-content\/uploads\/2019\/09\/Instalare-Filtru-dus-IONFILTER-510x165.jpg 510w, https:\/\/azura.ro\/wp-content\/uploads\/2019\/09\/Instalare-Filtru-dus-IONFILTER-300x97.jpg 300w, https:\/\/azura.ro\/wp-content\/uploads\/2019\/09\/Instalare-Filtru-dus-IONFILTER-1024x331.jpg 1024w\" sizes=\"(max-width: 1181px) 100vw, 1181px\" \/><\/span><\/p>\n<p><span style=\"font-family: tahoma, arial, helvetica, sans-serif; font-size: 110%;\">Pa\u00eds de origen: Espa\u00f1a<\/span><\/p>","protected":false},"excerpt":{"rendered":"<p>FILTRU DUS CU KDF SI GAC IONFILTER &#8211; incorporeaza cele mai utilizate tehnologii de filtrare pentru filtrele de dus: carbune activat granular obtinut din nuca de coaja de cocos si KDF 55. Este un filtru construit din plastic rezistent de tip ABS. Indeplineste 4 mari functii: 1. Reduce clorul rezidual 2. Reduce metalul greu 3. [&#8230;]\n","protected":false},"featured_media":68337,"comment_status":"open","ping_status":"closed","template":"","meta":{"_seopress_robots_primary_cat":"none","_seopress_titles_title":"","_seopress_titles_desc":"KDF 55 - filtreaza metale grele (plumb, fier, mercur, cupru, hidrogen sulfurat, clor). Are rol bacteristatic si rol de a potenta capacitatea de filtrare...","_seopress_robots_index":""},"product_brand":[],"product_cat":[118],"product_tag":[345,435,351],"class_list":{"0":"post-17937","1":"product","2":"type-product","3":"status-publish","4":"has-post-thumbnail","6":"product_cat-filtre-apa-dus","7":"product_tag-filtru-dus","8":"product_tag-gac","9":"product_tag-kdf","10":"pa_amplasare-dus","11":"pa_brand-ionfilter","13":"first","14":"outofstock","15":"taxable","16":"shipping-taxable","17":"purchasable","18":"product-type-simple"},"_links":{"self":[{"href":"https:\/\/azura.ro\/es\/wp-json\/wp\/v2\/product\/17937","targetHints":{"allow":["GET"]}}],"collection":[{"href":"https:\/\/azura.ro\/es\/wp-json\/wp\/v2\/product"}],"about":[{"href":"https:\/\/azura.ro\/es\/wp-json\/wp\/v2\/types\/product"}],"replies":[{"embeddable":true,"href":"https:\/\/azura.ro\/es\/wp-json\/wp\/v2\/comments?post=17937"}],"wp:featuredmedia":[{"embeddable":true,"href":"https:\/\/azura.ro\/es\/wp-json\/wp\/v2\/media\/68337"}],"wp:attachment":[{"href":"https:\/\/azura.ro\/es\/wp-json\/wp\/v2\/media?parent=17937"}],"wp:term":[{"taxonomy":"product_brand","embeddable":true,"href":"https:\/\/azura.ro\/es\/wp-json\/wp\/v2\/product_brand?post=17937"},{"taxonomy":"product_cat","embeddable":true,"href":"https:\/\/azura.ro\/es\/wp-json\/wp\/v2\/product_cat?post=17937"},{"taxonomy":"product_tag","embeddable":true,"href":"https:\/\/azura.ro\/es\/wp-json\/wp\/v2\/product_tag?post=17937"}],"curies":[{"name":"wp","href":"https:\/\/api.w.org\/{rel}","templated":true}]}}