{"id":17950,"date":"2019-09-03T12:31:58","date_gmt":"2019-09-03T10:31:58","guid":{"rendered":"https:\/\/azura.ro\/?post_type=product&#038;p=17950"},"modified":"2026-02-19T12:24:00","modified_gmt":"2026-02-19T10:24:00","slug":"ionfilter-cartucho-filtro-ducha","status":"publish","type":"product","link":"https:\/\/azura.ro\/es\/produs\/set-cartuse-filtru-dus-ionfilter\/","title":{"rendered":"IONFILTER CARTUCHO FILTRO DUCHA"},"content":{"rendered":"<p><span style=\"font-family: tahoma, arial, helvetica, sans-serif; font-size: 110%;\"><strong>El juego de cartuchos contiene dos piezas<\/strong>. Los cartuchos son compatibles con el filtro de ducha IONFILTER.<\/span><\/p>\n<p><span style=\"font-size: 110%; font-family: tahoma, arial, helvetica, sans-serif;\">El cartucho filtrante contiene<strong> KDF<\/strong> pentru reducerea metalelor grele, inhibarea bacteriilor si <strong>GAC (carb\u00f3n activado granular)<\/strong> para eliminar el cloro y sus derivados.<\/span><\/p>\n<p><span style=\"font-family: tahoma, arial, helvetica, sans-serif; font-size: 110%;\"><strong>Sustituci\u00f3n del cartucho IONFILTER<\/strong><\/span><\/p>\n<p><span style=\"font-size: 110%; font-family: tahoma, arial, helvetica, sans-serif;\">Desenroscar <strong>Filtro IONFILTER<\/strong>\u00a0desde la mitad hacia arriba, donde est\u00e1 roscado y sellado con una junta roscada. Retire el cartucho filtrante usado y sustit\u00fayalo por el nuevo. Coloque el nuevo cartucho filtrante en la misma posici\u00f3n en la que retir\u00f3 el antiguo. Vuelva a enroscar las dos partes de la carcasa. Abra el grifo y haga pasar unos 10 litros de agua por el filtro para limpiar el polvo de carb\u00f3n activado.<\/span><\/p>\n<p><span style=\"font-size: 110%; font-family: tahoma, arial, helvetica, sans-serif;\">Periodo de sustituci\u00f3n: 5 meses (dependiendo del volumen de agua filtrada y de su calidad).<\/span><\/p>\n<p><span style=\"font-size: 110%; font-family: tahoma, arial, helvetica, sans-serif;\">Pa\u00eds de origen: Espa\u00f1a<\/span><\/p>","protected":false},"excerpt":{"rendered":"<p>Setul de cartuse contine doua bucati. Cartusele sunt compatibile cu filtrul de dus IONFILTER. Cartusul filtrant contine KDF pentru reducerea metalelor grele, inhibarea bacteriilor si GAC (carbune activat granular) pentru eliminarea clorului si derivatilor acestuia. Inlocuire cartus IONFILTER Desurubati filtrul IONFILTER\u00a0de la jumatate, acolo unde este imbinat prin filet si etansat cu oring. Scoateti cartusul [&#8230;]\n","protected":false},"featured_media":68352,"comment_status":"open","ping_status":"closed","template":"","meta":{"_seopress_robots_primary_cat":"none","_seopress_titles_title":"","_seopress_titles_desc":"","_seopress_robots_index":""},"product_brand":[],"product_cat":[1140],"product_tag":[1128,1129],"class_list":{"0":"post-17950","1":"product","2":"type-product","3":"status-publish","4":"has-post-thumbnail","6":"product_cat-cartuse-filtre-dus","7":"product_tag-cartus-dus","8":"product_tag-ionfilter","10":"first","11":"instock","12":"sale","13":"taxable","14":"shipping-taxable","15":"purchasable","16":"product-type-simple"},"_links":{"self":[{"href":"https:\/\/azura.ro\/es\/wp-json\/wp\/v2\/product\/17950","targetHints":{"allow":["GET"]}}],"collection":[{"href":"https:\/\/azura.ro\/es\/wp-json\/wp\/v2\/product"}],"about":[{"href":"https:\/\/azura.ro\/es\/wp-json\/wp\/v2\/types\/product"}],"replies":[{"embeddable":true,"href":"https:\/\/azura.ro\/es\/wp-json\/wp\/v2\/comments?post=17950"}],"wp:featuredmedia":[{"embeddable":true,"href":"https:\/\/azura.ro\/es\/wp-json\/wp\/v2\/media\/68352"}],"wp:attachment":[{"href":"https:\/\/azura.ro\/es\/wp-json\/wp\/v2\/media?parent=17950"}],"wp:term":[{"taxonomy":"product_brand","embeddable":true,"href":"https:\/\/azura.ro\/es\/wp-json\/wp\/v2\/product_brand?post=17950"},{"taxonomy":"product_cat","embeddable":true,"href":"https:\/\/azura.ro\/es\/wp-json\/wp\/v2\/product_cat?post=17950"},{"taxonomy":"product_tag","embeddable":true,"href":"https:\/\/azura.ro\/es\/wp-json\/wp\/v2\/product_tag?post=17950"}],"curies":[{"name":"wp","href":"https:\/\/api.w.org\/{rel}","templated":true}]}}