{"id":18935,"date":"2019-11-01T21:57:05","date_gmt":"2019-11-01T19:57:05","guid":{"rendered":"https:\/\/azura.ro\/?post_type=product&#038;p=18935"},"modified":"2026-04-07T15:03:34","modified_gmt":"2026-04-07T12:03:34","slug":"cartus-filtrant-alcalin-antioxidant-antibacterian-biocera","status":"publish","type":"product","link":"https:\/\/azura.ro\/es\/produs\/cartus-filtrant-alcalin-antioxidant-antibacterian-biocera\/","title":{"rendered":"POSTFILTRO DE AGUA MINERALIZACI\u00d3N DEL AGUA, ALCALINIZACI\u00d3N, ANTIOXIDANTE, ANTIBACTERIANO, T33 QM BIOCERA"},"content":{"rendered":"<h2><span style=\"font-family: tahoma, arial, helvetica, sans-serif; font-size: 110%;\">Post filtru apa mineralizare, alcalinizare, antioxidant, antibacterian T33 QM Biocera<\/span><\/h2>\n<p><span style=\"font-family: tahoma, arial, helvetica, sans-serif; font-size: 110%;\">Post filtru Biocera este certificat NSF si aprobat FDA. Este cel mai bun flltru la nivel international pentru alcalinizarea si hidrogenarea apei (apa antioxidanta). Acest filtru echipeaza sistemele nostru de purificare: <a href=\"https:\/\/azura.ro\/es\/product-2\/purificator-apa-osmoazura-bmb-20-pro-twist-ph-alcalin-orp-negativ\/\" target=\"_blank\" rel=\"noopener noreferrer\">OSMOAZURA BMB-20 PRO TWIST<\/a> s\u00ed <a href=\"https:\/\/azura.ro\/es\/product-2\/osmoazura-ultra-smart-ro100-agua-alcalina-hidrogenada\/\" target=\"_blank\" rel=\"noopener noreferrer\">OSMOAZURA ULTRA SMART RO100<\/a>.<\/span><\/p>\n<p><span style=\"font-family: tahoma, arial, helvetica, sans-serif; font-size: 110%;\">Modelul T33 inseamna un filtru cu diametrul de 2 toli ce se instaleaza dupa membrana de osmoza inversa\/nanofiltrare\/ultrafiltrare, de aceea se numeste si Post Filtru. Rolul lui este a adauga minerale in apa si a alcaliniza si hidrogena apa cu hidrongen molecula. In acest caz, filtrul T33 contine mai multe tipuri de minerale cu efect alcalin, antioxidant si antibacterian.<\/span><\/p>\n<p><span style=\"font-family: tahoma, arial, helvetica, sans-serif; font-size: 110%;\">QM insemna tipul de conexiune. QM = Quick connection de tip Male (conexiuni rapide de tip tata). Cu alte cuvinte sau cupla rapida necesara este de tip mama, este impinsa peste stutul filtrului, dupa care prin tragere inapoi se auto blocheaza. Nu exista fillet in filtru ci doar un stut de tip &#8222;tata&#8221;.<\/span><\/p>\n<p><span style=\"font-family: tahoma, arial, helvetica, sans-serif; font-size: 110%;\"><span style=\"color: #d83131;\"><strong>Atenci\u00f3n:<\/strong><\/span> El hecho de que un filtro lleve la etiqueta T33 no significa que siempre tenga el mismo material filtrante. Puede diferir en contenido, pero no en calidad. T33 es s\u00f3lo un nombre gen\u00e9rico para un determinado tipo de filtro que tiene una determinada finalidad y un determinado tama\u00f1o\/forma.<\/span><\/p>\n<p><span style=\"font-family: tahoma, arial, helvetica, sans-serif; font-size: 110%;\">Durata de viata: 1500 galoane (5677 L apa). Durata de viata este in dependenta de calitatea apei filtrate si de contaminantii prezenti in apa. Ca si perioada de inlocuire este recomandat sa se utilizeze maxim 12 luni. Recomandarea producatorului este de 6 luni. Dar in urma testarilor noastre, recomandam schimbarea la 12 luni.<\/span><\/p>\n<p><span style=\"font-family: tahoma, arial, helvetica, sans-serif; font-size: 110%;\">Mantenimiento: no hay mantenimiento, el filtro se cambiar\u00e1 en el periodo mencionado anteriormente.<\/span><\/p>\n<h3><span style=\"font-family: tahoma, arial, helvetica, sans-serif; font-size: 110%;\">Calitatile apei obtinute cu Biocera, sunt:<\/span><\/h3>\n<ul>\n<li><span style=\"font-family: tahoma, arial, helvetica, sans-serif; font-size: 110%;\">contiene silicio que previene el Alzheimer;<\/span><\/li>\n<li><span style=\"font-family: tahoma, arial, helvetica, sans-serif; font-size: 110%;\">bogata in raze infrarosu cu nenumarate avantaje: previne dezvoltarea bacteriilor, balanseaza aciditatea organismului, regleaza colesterolul, activeaza moleculele din organismul nostru, imbunatateste functiile sistemului nervos;<\/span><\/li>\n<li><span style=\"font-family: tahoma, arial, helvetica, sans-serif; font-size: 110%;\">crea iones negativos en el agua;<\/span><\/li>\n<li><span style=\"font-family: tahoma, arial, helvetica, sans-serif; font-size: 110%;\">crea agua alcalina elevando el pH del agua y enriqueci\u00e9ndola con minerales;<\/span><\/li>\n<li><span style=\"font-family: tahoma, arial, helvetica, sans-serif; font-size: 110%;\">eliminar el cloro;<\/span><\/li>\n<li><span style=\"font-family: tahoma, arial, helvetica, sans-serif; font-size: 110%;\">tiene un efecto antibacteriano por la acci\u00f3n de los iones de plata;<\/span><\/li>\n<li><span style=\"font-family: tahoma, arial, helvetica, sans-serif; font-size: 110%;\">enriquece el agua con magnesio, que tiene el efecto de reducir las contracciones musculares;<\/span><\/li>\n<li><span style=\"font-family: tahoma, arial, helvetica, sans-serif; font-size: 110%;\">enriquece el agua con hidr\u00f3geno y reduce el ox\u00edgeno activo;<\/span><\/li>\n<li><span style=\"font-family: tahoma, arial, helvetica, sans-serif; font-size: 110%;\">disminuye el ORP del agua a negativo, como en los ionizadores de agua (ORP = Oxidation Reduction Potential);<\/span><\/li>\n<li><span style=\"font-family: tahoma, arial, helvetica, sans-serif; font-size: 110%;\">El agua ser\u00e1 fuertemente hidratante debido a sus grupos de mol\u00e9culas m\u00e1s peque\u00f1as.<\/span><\/li>\n<\/ul>\n<h3><span style=\"font-family: tahoma, arial, helvetica, sans-serif; font-size: 110%;\">Specificatii tehnice Post filtru apa mineralizare, alcalinizare, antioxidant, antibacterian T33 QM Biocera<\/span><\/h3>\n<ul>\n<li><span style=\"font-family: tahoma, arial, helvetica, sans-serif; font-size: 110%;\">Tama\u00f1o: 53 mm x 254 mm (\u2205 x L);<\/span><\/li>\n<li><span style=\"font-family: tahoma, arial, helvetica, sans-serif; font-size: 110%;\">Conexiones de entrada\/salida: 1\/4\u201e macho con estilos elevados, sin filtro (requiere acopladores r\u00e1pidos del tipo madre);<\/span><\/li>\n<li><span style=\"font-family: tahoma, arial, helvetica, sans-serif; font-size: 110%;\">Continut: mai multe tipuri de minerale naturale sub forma de bile: magneziu, calciu, siliciu, potasiu, argint, FIR (raze infrarosii)<\/span><\/li>\n<\/ul>\n<h3><span style=\"font-family: tahoma, arial, helvetica, sans-serif; font-size: 110%;\">Precautii in utilizare si recomandari <\/span><span style=\"font-family: tahoma, arial, helvetica, sans-serif; font-size: 110%;\">Post filtru apa mineralizare, alcalinizare, antioxidant, antibacterian T33 QM Biocera<\/span><\/h3>\n<ul>\n<li><span style=\"font-family: tahoma, arial, helvetica, sans-serif; font-size: 110%;\">Inainte de consumul de apa, se vor rula prin filtru minim 20 l de apa;<\/span><\/li>\n<li><span style=\"font-family: tahoma, arial, helvetica, sans-serif; font-size: 110%;\">Preste atenci\u00f3n a la direcci\u00f3n en la que el agua pasa a trav\u00e9s del filtro, indicada por una flecha en la etiqueta del producto;<\/span><\/li>\n<li><span style=\"font-family: tahoma, arial, helvetica, sans-serif; font-size: 110%;\">Requiere acoplamientos r\u00e1pidos \u201eHembra\u201d 1\/4\" adicionales;<\/span><\/li>\n<li><span style=\"font-family: tahoma, arial, helvetica, sans-serif; font-size: 110%;\">Tambi\u00e9n se pueden utilizar los acoplamientos antiguos del filtro existente;<\/span><\/li>\n<li><span style=\"font-family: tahoma, arial, helvetica, sans-serif; font-size: 110%;\">El filtro puede contener tapones de pl\u00e1stico en los dos stents de conexi\u00f3n. En tal caso, deben retirarse;<\/span><\/li>\n<li><span style=\"font-family: tahoma, arial, helvetica, sans-serif; font-size: 110%;\">S\u00f3lo debe utilizarse para filtrar agua fr\u00eda, nunca agua caliente;<\/span><\/li>\n<li><span style=\"font-family: tahoma, arial, helvetica, sans-serif; font-size: 110%;\">Nu utilizati cu apa care este nesigura din punct de vedere microbiologic ori cu apa careia nu-i cunoasteti calitatea, fara ca in prealabil sa se fi aplicat dezinfectia apei, inainte si dupa filtru.<\/span><\/li>\n<\/ul>\n<p><span style=\"font-family: tahoma, arial, helvetica, sans-serif; font-size: 110%;\">Certificare: NSF.<\/span><\/p>\n<p><span style=\"font-family: tahoma, arial, helvetica, sans-serif; font-size: 110%;\">Tara de origine: Coreea de Sud<\/span><\/p>\n<p><span style=\"font-family: tahoma, arial, helvetica, sans-serif; font-size: 110%;\"><a href=\"https:\/\/azura.ro\/wp-content\/uploads\/2019\/10\/Filtru-Biocera.jpg\"><img decoding=\"async\" class=\"size-full wp-image-18664 aligncenter\" src=\"https:\/\/azura.ro\/wp-content\/uploads\/2019\/10\/Filtru-Biocera.jpg\" alt=\"\" width=\"659\" height=\"914\" srcset=\"https:\/\/azura.ro\/wp-content\/uploads\/2019\/10\/Filtru-Biocera.jpg 659w, https:\/\/azura.ro\/wp-content\/uploads\/2019\/10\/Filtru-Biocera-510x707.jpg 510w, https:\/\/azura.ro\/wp-content\/uploads\/2019\/10\/Filtru-Biocera-216x300.jpg 216w\" sizes=\"(max-width: 659px) 100vw, 659px\" \/><\/a><\/span><\/p>\n<p>&nbsp;<\/p>","protected":false},"excerpt":{"rendered":"<ul>\n<li><span style=\"font-family: tahoma, arial, helvetica, sans-serif; font-size: 110%;\">Post filtru mineralizare, alcalinizare, antioxidant, antibacterian<\/span><\/li>\n<li><span style=\"font-family: tahoma, arial, helvetica, sans-serif; font-size: 110%;\">Minerale, argint certificate NSF<\/span><\/li>\n<li><span style=\"font-family: tahoma, arial, helvetica, sans-serif; font-size: 110%;\">Conexiones r\u00e1pidas tipo \u201eTata\u201d - sin rosca<\/span><\/li>\n<\/ul>","protected":false},"featured_media":67953,"comment_status":"open","ping_status":"closed","template":"","meta":{"_seopress_robots_primary_cat":"none","_seopress_titles_title":"","_seopress_titles_desc":"Contine siliciu care previne Alzheimer; bogata in raze infrarosu cu nenumarate avantaje: previne dezvoltarea...","_seopress_robots_index":""},"product_brand":[],"product_cat":[1137,1143],"product_tag":[321,995,1134,1132,981],"class_list":{"0":"post-18935","1":"product","2":"type-product","3":"status-publish","4":"has-post-thumbnail","6":"product_cat-cartuse-filtre-bucatarie","7":"product_cat-cartuse-horeca-vending","8":"product_tag-apa-alcalina","9":"product_tag-apa-hidrogenata","10":"product_tag-biocera","11":"product_tag-orp-negativ","12":"product_tag-ph-alcalin","14":"first","15":"instock","16":"taxable","17":"shipping-taxable","18":"purchasable","19":"product-type-simple"},"_links":{"self":[{"href":"https:\/\/azura.ro\/es\/wp-json\/wp\/v2\/product\/18935","targetHints":{"allow":["GET"]}}],"collection":[{"href":"https:\/\/azura.ro\/es\/wp-json\/wp\/v2\/product"}],"about":[{"href":"https:\/\/azura.ro\/es\/wp-json\/wp\/v2\/types\/product"}],"replies":[{"embeddable":true,"href":"https:\/\/azura.ro\/es\/wp-json\/wp\/v2\/comments?post=18935"}],"wp:featuredmedia":[{"embeddable":true,"href":"https:\/\/azura.ro\/es\/wp-json\/wp\/v2\/media\/67953"}],"wp:attachment":[{"href":"https:\/\/azura.ro\/es\/wp-json\/wp\/v2\/media?parent=18935"}],"wp:term":[{"taxonomy":"product_brand","embeddable":true,"href":"https:\/\/azura.ro\/es\/wp-json\/wp\/v2\/product_brand?post=18935"},{"taxonomy":"product_cat","embeddable":true,"href":"https:\/\/azura.ro\/es\/wp-json\/wp\/v2\/product_cat?post=18935"},{"taxonomy":"product_tag","embeddable":true,"href":"https:\/\/azura.ro\/es\/wp-json\/wp\/v2\/product_tag?post=18935"}],"curies":[{"name":"wp","href":"https:\/\/api.w.org\/{rel}","templated":true}]}}