{"id":195,"date":"2014-03-07T15:22:25","date_gmt":"2014-03-07T13:22:25","guid":{"rendered":"http:\/\/dev02.websynapse.ro\/product\/filtru-apa-cerazura-4ct-azura-filters\/"},"modified":"2026-01-20T09:51:04","modified_gmt":"2026-01-20T07:51:04","slug":"filtru-apa-cerazura-4mf-azura-filters","status":"publish","type":"product","link":"https:\/\/azura.ro\/es\/produs\/filtru-apa-cerazura-4mf-azura-filters\/","title":{"rendered":"AZURA FILTERS 4MF-TC WAX CERAMIC WATER FILTER AZURA FILTERS"},"content":{"rendered":"<h2><span style=\"font-size: 110%; font-family: tahoma, arial, helvetica, sans-serif;\">Filtrul de apa ceramic CERAZURA 4MF-TC\u00a0are 4 tratamente incorporate intr-un singur cartus filtrant.\u00a0<\/span><\/h2>\n<p><span style=\"font-size: 110%; font-family: tahoma, arial, helvetica, sans-serif;\">El cartucho filtrante est\u00e1 fabricado en Inglaterra por una de las mayores empresas de cartuchos filtrantes del mundo. <em>filtros cer\u00e1micos, con m\u00e1s de 10 a\u00f1os de experiencia.<\/em><\/span><\/p>\n<p><span style=\"font-size: 110%; font-family: tahoma, arial, helvetica, sans-serif;\">Este cartucho filtrante incorpora 4 tratamientos de filtraci\u00f3n para la eliminaci\u00f3n de varios contaminantes del agua de la red p\u00fablica, siendo los m\u00e1s importantes: cryptosporidium y giardia (quistes resistentes al cloro), cloro (que se utiliza como desinfectante), trihalometanos (un subproducto del cloro), org\u00e1nicos y muchas otras sustancias, metales pesados.<\/span><\/p>\n<p><span style=\"font-size: 110%; font-family: tahoma, arial, helvetica, sans-serif;\">Est\u00e1 fabricado externamente de cer\u00e1mica porosa con una finura de filtraci\u00f3n de 0,5 micras, tiene un n\u00facleo de carb\u00f3n activado en bloque con alto poder de adsorci\u00f3n, contiene plata impregnada en el carb\u00f3n para un efecto bacteriost\u00e1tico, contiene una tecnolog\u00eda \u00fanica que elimina los metales pesados, especialmente el plomo, del agua.<\/span><\/p>\n<p><span style=\"font-size: 110%; font-family: tahoma, arial, helvetica, sans-serif; color: #808080;\">Garantizar \"<a style=\"color: #808080;\" href=\"https:\/\/azura.ro\/es\/agradecimiento-pleno\/\" target=\"_blank\" rel=\"noopener noreferrer\">AGRADECIMIENTO PLENO<\/a>\" = Garant\u00eda de que <span style=\"font-family: tahoma, arial, helvetica, sans-serif;\"><strong>Filtrul de apa CERAZURA 4MF-TC<\/strong><\/span> tiene el efecto prometido.<\/span><\/p>\n<p><span style=\"font-family: tahoma, arial, helvetica, sans-serif; font-size: 110%; color: #808080;\"><a style=\"color: #808080;\" href=\"https:\/\/azura.ro\/es\/agradecimiento-pleno\/\" target=\"_blank\" rel=\"attachment noopener wp-att-13707 noreferrer\"><img decoding=\"async\" class=\"alignleft wp-image-13707\" src=\"https:\/\/azura.ro\/wp-content\/uploads\/2018\/12\/30-zile-garantie-retur.png\" alt=\"\" width=\"159\" height=\"159\" srcset=\"https:\/\/azura.ro\/wp-content\/uploads\/2018\/12\/30-zile-garantie-retur.png 300w, https:\/\/azura.ro\/wp-content\/uploads\/2018\/12\/30-zile-garantie-retur-247x247.png 247w, https:\/\/azura.ro\/wp-content\/uploads\/2018\/12\/30-zile-garantie-retur-100x100.png 100w, https:\/\/azura.ro\/wp-content\/uploads\/2018\/12\/30-zile-garantie-retur-150x150.png 150w\" sizes=\"(max-width: 159px) 100vw, 159px\" \/><\/a><\/span><\/p>\n<p><span style=\"font-size: 110%; font-family: tahoma, arial, helvetica, sans-serif; color: #808080;\"><span style=\"font-family: tahoma, arial, helvetica, sans-serif;\"><strong>Filtrul de apa CERAZURA 4MF-TC<\/strong><\/span> funciona y por eso ofrecemos este equipo con una GARANT\u00cdA DE DEVOLUCI\u00d3N DE 30 D\u00cdAS. La finalidad de este tipo de garant\u00eda es s\u00f3lo una, su satisfacci\u00f3n.<\/span><br \/>\n<span style=\"font-size: 110%; font-family: tahoma, arial, helvetica, sans-serif; color: #808080;\"> Garantizamos que <span style=\"font-family: tahoma, arial, helvetica, sans-serif;\"><strong>Filtrul de apa CERAZURA 4MF-TC<\/strong><\/span> funcionar\u00e1 para usted. Si despu\u00e9s de 30 D\u00cdAS no est\u00e1 satisfecho con el funcionamiento del sistema, p\u00f3ngase en contacto con nosotros en un plazo de 30 d\u00edas tras el periodo de prueba y uso. Si no somos capaces de resolver el problema con el que no est\u00e1 satisfecho, el dinero de su equipo ser\u00e1 reembolsado en su totalidad despu\u00e9s de que nos devuelva el equipo. \u00a1Ni siquiera tendr\u00e1 que pagar los gastos de env\u00edo!\u00a0<\/span><\/p>\n<p><span style=\"font-size: 110%; font-family: tahoma, arial, helvetica, sans-serif;\">Acerca del cartucho filtrante incorporado:<\/span><\/p>\n<p><span style=\"font-size: 110%; font-family: tahoma, arial, helvetica, sans-serif;\">*Desarrollado y probado en laboratorio durante 3 a\u00f1os antes de la entrega al primer cliente;<\/span><br \/>\n<span style=\"font-size: 110%; font-family: tahoma, arial, helvetica, sans-serif;\"> *Eficacia de filtraci\u00f3n probada en laboratorio;<\/span><br \/>\n<span style=\"font-size: 110%; font-family: tahoma, arial, helvetica, sans-serif;\"> *Construido con materiales NSF est\u00e1ndar: NSF\/ANSI 42 \/ NSF\/ANSI 53<\/span><br \/>\n<span style=\"font-size: 110%; font-family: tahoma, arial, helvetica, sans-serif;\"> *Testado por el laboratorio Alcontrol para bacterias pat\u00f3genas: C\u00f3lera, Tifoidea, Salmonella, E. Coli, Coliformes fecales, Shigella, Resultado: filtros de m\u00e1s del 99,9999%<\/span><br \/>\n<span style=\"font-size: 110%; font-family: tahoma, arial, helvetica, sans-serif;\"> * Probado por el laboratorio Alcontrol para quistes como cryptosporidium y giardia. Resultado: filtros de m\u00e1s del 99,9999%<\/span><br \/>\n<span style=\"font-size: 110%; font-family: tahoma, arial, helvetica, sans-serif;\"> *Filtra el cloro, elimina el sabor y el olor, filtra los COV (compuestos org\u00e1nicos vol\u00e1tiles) de acuerdo con la norma 42 de NSF\/ANSI.<\/span><br \/>\n<span style=\"font-size: 110%; font-family: tahoma, arial, helvetica, sans-serif;\"> *Filtra el plomo y el mercurio seg\u00fan la norma NSF\/ANSI 53<\/span><\/p>\n<p><span style=\"font-size: 110%; font-family: tahoma, arial, helvetica, sans-serif;\">* Filtraci\u00f3n absoluta a 0,5 micras<\/span><br \/>\n<span style=\"font-size: 110%; font-family: tahoma, arial, helvetica, sans-serif;\"> * Contiene 4 tecnolog\u00edas de filtraci\u00f3n\/tratamiento: cer\u00e1mica, bloque de carb\u00f3n activado, zeolita para filtraci\u00f3n de metales pesados, plata.<\/span><br \/>\n<span style=\"font-size: 110%; font-family: tahoma, arial, helvetica, sans-serif;\"> * Dimensiones: 70 mm de di\u00e1metro x 250 mm de altura<\/span><br \/>\n<span style=\"font-size: 110%; font-family: tahoma, arial, helvetica, sans-serif;\"> * Se adapta a cualquier malet\u00edn est\u00e1ndar de 10\u2033.<\/span><\/p>\n<p><span style=\"font-size: 110%; font-family: tahoma, arial, helvetica, sans-serif;\"><strong>Ce elimina mai exact Filtrul ceramic CERAZURA 4MF-TC?<\/strong><\/span><\/p>\n<p><span style=\"font-size: 110%; font-family: tahoma, arial, helvetica, sans-serif;\">Sabor y olor 100%\u00a0<\/span><\/p>\n<p><span style=\"font-size: 110%; font-family: tahoma, arial, helvetica, sans-serif;\"><strong>No elimine los minerales de calcio y magnesio que son buenos para su organismo.<\/strong><\/span><\/p>\n<p><span style=\"font-size: 110%; font-family: tahoma, arial, helvetica, sans-serif;\">Filtraci\u00f3n de s\u00f3lidos en suspensi\u00f3n:<br \/>\n<\/span><br \/>\n<span style=\"font-size: 110%; font-family: tahoma, arial, helvetica, sans-serif;\"> Filtraci\u00f3n absoluta de 0,5 micras<br \/>\n<\/span><br \/>\n<span style=\"font-size: 110%; font-family: tahoma, arial, helvetica, sans-serif;\"> - Turbidez : &gt;99,7%<\/span><\/p>\n<p><span style=\"font-size: 110%; font-family: tahoma, arial, helvetica, sans-serif;\">Quistes:<\/span><br \/>\n<span style=\"font-size: 110%; font-family: tahoma, arial, helvetica, sans-serif;\"> - Quistes de Cryptosporidium : &gt;99,99%\u00a0<\/span><br \/>\n<span style=\"font-size: 110%; font-family: tahoma, arial, helvetica, sans-serif;\"> - Giardia Lambia :&gt;99.99%<\/span><\/p>\n<p><span style=\"font-size: 110%; font-family: tahoma, arial, helvetica, sans-serif;\">Bacterias pat\u00f3genas:<\/span><br \/>\n<span style=\"font-size: 110%; font-family: tahoma, arial, helvetica, sans-serif;\"> - E. Coli : &gt;99,99%\u00a0<\/span><br \/>\n<span style=\"font-size: 110%; font-family: tahoma, arial, helvetica, sans-serif;\"> - Holera : &gt;99,99%\u00a0<\/span><br \/>\n<span style=\"font-size: 110%; font-family: tahoma, arial, helvetica, sans-serif;\"> - Klebsiella Terrigena : &gt;99.99%\u00a0<\/span><br \/>\n<span style=\"font-size: 110%; font-family: tahoma, arial, helvetica, sans-serif;\"> - Salmonella Typhi : &gt;99,999%\u00a0<\/span><br \/>\n<span style=\"font-size: 110%; font-family: tahoma, arial, helvetica, sans-serif;\"> - Shigella : &gt;99,999%<\/span><\/p>\n<p><span style=\"font-size: 110%; font-family: tahoma, arial, helvetica, sans-serif;\">Eliminaci\u00f3n de materia org\u00e1nica:<\/span><br \/>\n<span style=\"font-size: 110%; font-family: tahoma, arial, helvetica, sans-serif;\"> - Insecticida - Lindan &gt; 85%\u00a0<\/span><br \/>\n<span style=\"font-size: 110%; font-family: tahoma, arial, helvetica, sans-serif;\"> - herbicida - Atrazina &gt; 85%<\/span><br \/>\n<span style=\"font-size: 110%; font-family: tahoma, arial, helvetica, sans-serif;\"> - Fenoles &gt; 50%\u00a0<\/span><br \/>\n<span style=\"font-size: 110%; font-family: tahoma, arial, helvetica, sans-serif;\"> - Cloroformo &gt;50%<\/span><br \/>\n<span style=\"font-size: 110%; font-family: tahoma, arial, helvetica, sans-serif;\"> - Hidrocarburos poliarom\u00e1ticos &gt;95%<\/span><br \/>\n<span style=\"font-size: 110%; font-family: tahoma, arial, helvetica, sans-serif;\"> - Trihalometanos &gt;50%<\/span><\/p>\n<p><span style=\"font-size: 110%; font-family: tahoma, arial, helvetica, sans-serif;\">Eliminaci\u00f3n de materiales inorg\u00e1nicos:<\/span><br \/>\n<span style=\"font-size: 110%; font-family: tahoma, arial, helvetica, sans-serif;\"> Cloro libre &gt;97%\u00a0<\/span><br \/>\n<span style=\"font-size: 110%; font-family: tahoma, arial, helvetica, sans-serif;\"> Plomo 99,3%<\/span><\/p>\n<p><span style=\"font-size: 110%; font-family: tahoma, arial, helvetica, sans-serif;\"><strong>\u00a1Atenci\u00f3n!<\/strong>\u00a0Sistemul de filtrare CERAZURA 4MF-TC este proiectat si gandit sa purifice apa din retelele pubice controlate, dezinfectata si declarata potabila. Nu utilizati sistemul (fara sa ne consultati) cu apa din surse proprii precum apa de foraj\/put, apa de suprafata. In astfel de cazuri este necesar un buletin de analiza a apei. Specialistii nostri va stau la dispozitie prin consultanta de specialitate si va vor indica cu exactitate ce filtre va sunt necesare pentru a trata apa din surse proprii, dar numai pe baza unui buletin de analiza a apei.<\/span><\/p>\n<p><span style=\"font-size: 110%; font-family: tahoma, arial, helvetica, sans-serif;\">Vida \u00fatil del cartucho filtrante:<\/span><\/p>\n<p><span style=\"font-size: 110%; font-family: tahoma, arial, helvetica, sans-serif;\">El filtro cer\u00e1mico tiene una capacidad de filtraci\u00f3n de entre 2100 y 9500 litros. En condiciones de funcionamiento dif\u00edciles (agua contaminada con metales pesados), el cartucho filtrante debe cambiarse cada 2100 litros de agua. En condiciones de agua de red, el filtro cer\u00e1mico rinde hasta 9500 litros de agua o 12 meses despu\u00e9s del primer uso.\u00a0<\/span><\/p>\n<p><span style=\"font-size: 110%; font-family: tahoma, arial, helvetica, sans-serif;\"><strong>Precio del cartucho de filtro:\u00a0<\/strong>lo encontrar\u00e1 en la secci\u00f3n \"CARTUCHOS DE INTERCAMBIO\", justo debajo de las im\u00e1genes de los productos. Haga clic en \"CARTUCHOS DE INTERCAMBIO\" para ver el precio y la descripci\u00f3n del cartucho filtrante.<\/span><\/p>\n<p><span style=\"font-size: 110%; font-family: tahoma, arial, helvetica, sans-serif;\"><strong>Montaj CERAZURA 4MF-TC:<\/strong><\/span><\/p>\n<p><span style=\"font-size: 110%; font-family: tahoma, arial, helvetica, sans-serif;\">Se pozitioneaza pe chiuveta si se racordeaza foarte usor la bateria de apa existenta, prin desurubarea aeratorului de pe baterie si insurubarea piesei de bransare oferita in kitul de instalare. Dureaza 3 minute.<\/span><\/p>\n<p><span style=\"font-size: 110%; font-family: tahoma, arial, helvetica, sans-serif;\">D\u00e9bito ofrecido:<\/span><\/p>\n<p><span style=\"font-size: 110%; font-family: tahoma, arial, helvetica, sans-serif;\">Entre 1,5 - 4,5 litros de agua \/ minuto, dependiendo de la presi\u00f3n. En la mayor\u00eda de los casos habr\u00e1 un caudal de entre 1,5 - 2,5 litros por minuto.<\/span><\/p>\n<p><span style=\"font-size: 110%; font-family: tahoma, arial, helvetica, sans-serif;\">Precauciones e indicaciones de uso:<\/span><\/p>\n<p><span style=\"font-size: 110%; font-family: tahoma, arial, helvetica, sans-serif;\">* Al poner en marcha o cambiar el cartucho filtrante, deben pasarse unos 10 litros de agua por el filtro antes de su consumo;<\/span><\/p>\n<p><span style=\"font-size: 110%; font-family: tahoma, arial, helvetica, sans-serif;\">* Lavar con una esponja abrasiva, bajo el grifo de agua fr\u00eda, sin detergente, siempre que baje el caudal en el grifo de agua filtrada;<\/span><\/p>\n<p><span style=\"font-size: 110%; font-family: tahoma, arial, helvetica, sans-serif;\">Consumible: haga clic en<a>\u00a0<\/a><a href=\"https:\/\/azura.ro\/es\/product-2\/cartus-filtrant-ceramic-10-cto-plus-imperial-uk\/\" target=\"_blank\" rel=\"noopener noreferrer\">CTO PLUS IMPERIAL<\/a><\/span><\/p>\n<p><span style=\"font-size: 110%; font-family: tahoma, arial, helvetica, sans-serif;\">Pa\u00eds de origen:<\/span><br \/>\n<span style=\"font-size: 110%; font-family: tahoma, arial, helvetica, sans-serif;\"> - cartucho filtrante: Inglaterra<\/span><br \/>\n<span style=\"font-size: 110%; font-family: tahoma, arial, helvetica, sans-serif;\"> - alojamiento: Taiw\u00e1n<\/span><\/p>\n<p><span style=\"font-size: 110%; font-family: tahoma, arial, helvetica, sans-serif;\">Garant\u00eda del producto:<\/span><\/p>\n<p><span style=\"font-size: 110%; font-family: tahoma, arial, helvetica, sans-serif;\">Se ofrece una garant\u00eda de dos a\u00f1os para el sistema de filtraci\u00f3n. El cartucho filtrante es un consumible y no est\u00e1 cubierto por la garant\u00eda.<\/span><\/p>\n<p><span style=\"font-size: 110%; font-family: tahoma, arial, helvetica, sans-serif;\">Fabricado por: AZURA FILTERS<\/span><\/p>","protected":false},"excerpt":{"rendered":"<p><span style=\"font-family: tahoma, arial, helvetica, sans-serif; font-size: 100%;\"><strong>Filtro<\/strong><strong> de apa CERAZURA 4MF-TC<\/strong>\u00a0- un completo filtro de agua de la red p\u00fablica<\/span><\/p>\n<p><a href=\"https:\/\/azura.ro\/es\/100-30-dias-de-garantia-de-devolucion\/\" target=\"_blank\" rel=\"attachment noopener wp-att-7307 noreferrer\"><img decoding=\"async\" class=\"alignnone wp-image-7307\" src=\"https:\/\/azura.ro\/wp-content\/uploads\/2016\/06\/Garantie-retur.png\" alt=\"\" width=\"108\" height=\"133\" \/><\/a><a href=\"https:\/\/azura.ro\/es\/service\/\" target=\"_blank\" rel=\"attachment noopener wp-att-7308 noreferrer\"><img decoding=\"async\" class=\"alignnone wp-image-7308\" src=\"https:\/\/azura.ro\/wp-content\/uploads\/2016\/06\/Service.png\" alt=\"\" width=\"134\" height=\"134\" srcset=\"https:\/\/azura.ro\/wp-content\/uploads\/2016\/06\/Service.png 189w, https:\/\/azura.ro\/wp-content\/uploads\/2016\/06\/Service-100x100.png 100w, https:\/\/azura.ro\/wp-content\/uploads\/2016\/06\/Service-150x150.png 150w\" sizes=\"(max-width: 134px) 100vw, 134px\" \/><\/a><a href=\"https:\/\/azura.ro\/es\/2-ani-garantie\/\" target=\"_blank\" rel=\"noopener noreferrer\"><img decoding=\"async\" class=\"alignnone wp-image-14008\" style=\"font-size: 14.4px;\" src=\"https:\/\/azura.ro\/wp-content\/uploads\/2018\/12\/2-ani-garantie.png\" alt=\"\" width=\"109\" height=\"139\" \/><\/a><\/p>\n<p><a href=\"https:\/\/azura.ro\/es\/100-30-dias-de-garantia-de-devolucion\/\" target=\"_blank\" rel=\"noopener noreferrer\">Ofrecemos garant\u00eda de satisfacci\u00f3n con pol\u00edtica de devoluci\u00f3n de 30 d\u00edas;<\/a><br \/>\n<a href=\"https:\/\/azura.ro\/es\/service\/\" target=\"_blank\" rel=\"noopener noreferrer\">Ofrecemos servicio especializado en Ruman\u00eda \u00a1Cualquier problema t\u00e9cnico se resuelve en Ruman\u00eda!<\/a><a href=\"https:\/\/azura.ro\/es\/service\/\" target=\"_blank\" rel=\"noopener noreferrer\"><br \/>\n<\/a><a href=\"https:\/\/azura.ro\/es\/2-ani-garantie\/\" target=\"_blank\" rel=\"noopener noreferrer\">Ofrecemos garant\u00eda contra defectos de fabricaci\u00f3n, 2 a\u00f1os de garant\u00eda;<\/a><\/p>","protected":false},"featured_media":69363,"comment_status":"open","ping_status":"closed","template":"","meta":{"_seopress_robots_primary_cat":"none","_seopress_titles_title":"","_seopress_titles_desc":"Acest cartus filtrant incorporeaza 4 tratamente de filtrare pentru eliminarea din apa de retea publica a mai multor contaminanti, cei mai importanti fiind..","_seopress_robots_index":""},"product_brand":[],"product_cat":[102,985],"product_tag":[968,1458,370,371,1460,1459,1461,275],"class_list":{"0":"post-195","1":"product","2":"type-product","3":"status-publish","4":"has-post-thumbnail","6":"product_cat-filtre-apa-ceramice","7":"product_cat-filtre-apa-robinet","8":"product_tag-4mf","9":"product_tag-filtru-apa-baterie","10":"product_tag-filtru-apa-ceramic","11":"product_tag-filtru-apa-cerazura","12":"product_tag-filtru-apa-pe-blat","13":"product_tag-filtru-apa-pe-chiuveta","14":"product_tag-filtru-apa-robinet","15":"product_tag-filtru-ceramic","16":"pa_amplasare-deasuprachiuvetei","17":"pa_brand-azura-filters","18":"pa_graddefiltrare-05-microni","20":"first","21":"instock","22":"sale","23":"taxable","24":"shipping-taxable","25":"purchasable","26":"product-type-simple"},"_links":{"self":[{"href":"https:\/\/azura.ro\/es\/wp-json\/wp\/v2\/product\/195","targetHints":{"allow":["GET"]}}],"collection":[{"href":"https:\/\/azura.ro\/es\/wp-json\/wp\/v2\/product"}],"about":[{"href":"https:\/\/azura.ro\/es\/wp-json\/wp\/v2\/types\/product"}],"replies":[{"embeddable":true,"href":"https:\/\/azura.ro\/es\/wp-json\/wp\/v2\/comments?post=195"}],"wp:featuredmedia":[{"embeddable":true,"href":"https:\/\/azura.ro\/es\/wp-json\/wp\/v2\/media\/69363"}],"wp:attachment":[{"href":"https:\/\/azura.ro\/es\/wp-json\/wp\/v2\/media?parent=195"}],"wp:term":[{"taxonomy":"product_brand","embeddable":true,"href":"https:\/\/azura.ro\/es\/wp-json\/wp\/v2\/product_brand?post=195"},{"taxonomy":"product_cat","embeddable":true,"href":"https:\/\/azura.ro\/es\/wp-json\/wp\/v2\/product_cat?post=195"},{"taxonomy":"product_tag","embeddable":true,"href":"https:\/\/azura.ro\/es\/wp-json\/wp\/v2\/product_tag?post=195"}],"curies":[{"name":"wp","href":"https:\/\/api.w.org\/{rel}","templated":true}]}}