{"id":20434,"date":"2020-02-10T22:29:33","date_gmt":"2020-02-10T20:29:33","guid":{"rendered":"https:\/\/azura.ro\/?post_type=product&#038;p=20434"},"modified":"2026-02-17T16:00:21","modified_gmt":"2026-02-17T14:00:21","slug":"dedurizator-fara-sare-duo-tac-next-scale-stop-nss-120b-d","status":"publish","type":"product","link":"https:\/\/azura.ro\/es\/produs\/dedurizator-fara-sare-duo-tac-next-scale-stop-nss-120b-d\/","title":{"rendered":"DESCALCIFICADOR DUO TAC NEXT SCALE STOP NSS-120B-D"},"content":{"rendered":"<h2><span style=\"font-family: tahoma, arial, helvetica, sans-serif; font-size: 110%; color: #282828;\"><strong>Dedurizator fara sare Duo <\/strong><strong style=\"font-family: tahoma, arial, helvetica, sans-serif;\">TAC Next Scale Stop NSS-120B-D<\/strong>utiliza una tecnolog\u00eda sin sal denominada cristalizaci\u00f3n asistida por plantilla.<\/span><\/h2>\n<p><span style=\"font-family: tahoma, arial, helvetica, sans-serif; font-size: 110%; color: #282828;\">Probado y verificado<\/span><\/p>\n<p><span style=\"font-family: tahoma, arial, helvetica, sans-serif; font-size: 110%; color: #282828;\">Probado por laboratorio independiente para evitar dep\u00f3sitos,\u00a0\u00a0<strong>TAC Next Scale Stop are o cota de 99.6% pentru prevenirea depunerilor, singura tehnologie care a atins aceasta performanta, fiind mai eficient care orice alta alternativa.<\/strong><\/span><\/p>\n<p><span style=\"font-family: tahoma, arial, helvetica, sans-serif; font-size: 110%; color: #282828;\">Certificaciones TAC, Pr\u00f3xima Parada de Escala: <\/span><span style=\"font-family: tahoma, arial, helvetica, sans-serif; font-size: 110%; color: #282828;\">NSF standard 61<\/span><\/p>\n<p><span style=\"font-family: tahoma, arial, helvetica, sans-serif; font-size: 110%; color: #282828;\"><img decoding=\"async\" class=\"wp-image-960 alignright\" src=\"https:\/\/azura.ro\/wp-content\/uploads\/2016\/10\/nsf.png\" alt=\"\" width=\"103\" height=\"106\" \/>\u00a0 \u00a0 \u00a0 \u00a0 \u00a0\u00a0<\/span><br \/>\n<span style=\"font-family: tahoma, arial, helvetica, sans-serif; font-size: 110%; color: #282828;\">Recomandat pentru un debit continuu de: 20 l \/ minut si pentru varfuri de debit pana la 25 \/ minut.<\/span><\/p>\n<p><span style=\"font-family: tahoma, arial, helvetica, sans-serif; font-size: 110%; color: #282828;\">Dureza m\u00e1xima recomendada: 72,8 grados alemanes<\/span><\/p>\n<p><span style=\"font-family: tahoma, arial, helvetica, sans-serif; font-size: 110%; color: #282828;\"><strong>Nota:<\/strong> La tecnolog\u00eda TAC no funciona como un descalcificador cl\u00e1sico, mediante el intercambio de iones y la sustituci\u00f3n de las sales de calcio y magnesio por sodio en el agua. Desde este punto de vista, deber\u00eda llamarse descalcificador o, m\u00e1s correctamente, acondicionador. As\u00ed pues, hay que tener en cuenta que no se trata de un ablandador tradicional y que los iones de calcio y magnesio permanecen en el agua, pero en una forma que impide que se depositen. As\u00ed pues, la dureza del agua seguir\u00e1 siendo la misma antes y despu\u00e9s del tratamiento con TAC.<br \/>\n<\/span><\/p>\n<p><span style=\"font-family: tahoma, arial, helvetica, sans-serif; font-size: 110%; color: #282828;\"><strong>Dedurizatorul Duo TAC Next Scale Stop NSS-120B-D<\/strong> &#8211; previne depunerile in instalatii si protejeaza echipamentele. In plus, filtreaza apa la un grad de 5 microni.<\/span><\/p>\n<p><span style=\"font-family: tahoma, arial, helvetica, sans-serif; font-size: 110%; color: #282828;\">Depunerile calcaroase din instalatii, blocheaza conductele, robinetii, distrug centrala termica si boilerul. Cu TAC next NSS-120B-D, vei economisi bani si vei avea timp pentru tine, nu timp pentru reparatii!<\/span><\/p>\n<p><span style=\"font-family: tahoma, arial, helvetica, sans-serif; font-size: 110%; color: #282828;\"><strong>Dedurizatorul Duo TAC Next Scale Stop NSS-120B-D<\/strong>\u00a0- Utilizando la tecnolog\u00eda TAC, eliminar\u00e1 los dep\u00f3sitos existentes en las instalaciones y prolongar\u00e1 considerablemente la vida \u00fatil de los equipos que utilizan agua. Si ha utilizado agua dura sin tratar, se habr\u00e1n formado dep\u00f3sitos en sus instalaciones. El uso de la tecnolog\u00eda TAC limpiar\u00e1 gradualmente la instalaci\u00f3n. El descalcificador cl\u00e1sico no puede hacer esto.<\/span><\/p>\n<p><span style=\"font-family: tahoma, arial, helvetica, sans-serif; font-size: 110%; color: #282828;\"><strong>No necesita productos qu\u00edmicos: \u00a1respeta el medio ambiente!<\/strong><\/span><br \/>\n<span style=\"font-family: tahoma, arial, helvetica, sans-serif; font-size: 110%; color: #282828;\"> El descalcificador cl\u00e1sico utiliza sal para la regeneraci\u00f3n, lo que no es nada econ\u00f3mico ni respetuoso con el medio ambiente, ya que esta salmuera debe verterse al alcantarillado tras el proceso de regeneraci\u00f3n.<\/span><br \/>\n<span style=\"font-family: tahoma, arial, helvetica, sans-serif; font-size: 110%; color: #282828;\"> <img decoding=\"async\" class=\"wp-image-962 aligncenter\" src=\"https:\/\/azura.ro\/wp-content\/uploads\/2016\/10\/dedurizator_fara_sare.png\" alt=\"\" width=\"162\" height=\"154\" srcset=\"https:\/\/azura.ro\/wp-content\/uploads\/2016\/10\/dedurizator_fara_sare.png 305w, https:\/\/azura.ro\/wp-content\/uploads\/2016\/10\/dedurizator_fara_sare-300x284.png 300w\" sizes=\"(max-width: 162px) 100vw, 162px\" \/><\/span><br \/>\n<span style=\"font-family: tahoma, arial, helvetica, sans-serif; font-size: 110%; color: #282828;\"> Es 100% ecol\u00f3gico y econ\u00f3mico sin necesidad de comprar sal. Porque\u00a0<strong>Dedurizatorul Duo TAC Next Scale Stop NSS-120B-D <\/strong>Al no utilizar sal, conseguir\u00e1 un importante ahorro, dinero que podr\u00e1 utilizar para cualquier otra cosa.<\/span><\/p>\n<p><span style=\"font-family: tahoma, arial, helvetica, sans-serif; font-size: 110%; color: #282828;\"><strong>M\u00ednimo mantenimiento y bajos costes<\/strong><\/span><br \/>\n<span style=\"font-family: tahoma, arial, helvetica, sans-serif; font-size: 110%; color: #282828;\"> Statiile de dedurizare clasice contin valve de comanda electronice sau mecanice ce au nevoie de intretinere, curatare perioadica. Acest lucru necesita specialisti, adica costuri pentru dvs. <strong>Dedurizatorul Duo TAC Next Scale Stop NSS-120B-D <\/strong>no contiene piezas m\u00f3viles, por lo que absolutamente nada puede desgastarse.<\/span><br \/>\n<span style=\"font-family: tahoma, arial, helvetica, sans-serif; font-size: 110%; color: #282828;\"> <img decoding=\"async\" class=\"wp-image-963 aligncenter\" src=\"https:\/\/azura.ro\/wp-content\/uploads\/2016\/10\/statie_dedurizare_fara_sare.jpg\" alt=\"\" width=\"151\" height=\"150\" srcset=\"https:\/\/azura.ro\/wp-content\/uploads\/2016\/10\/statie_dedurizare_fara_sare.jpg 257w, https:\/\/azura.ro\/wp-content\/uploads\/2016\/10\/statie_dedurizare_fara_sare-247x247.jpg 247w, https:\/\/azura.ro\/wp-content\/uploads\/2016\/10\/statie_dedurizare_fara_sare-100x100.jpg 100w, https:\/\/azura.ro\/wp-content\/uploads\/2016\/10\/statie_dedurizare_fara_sare-150x150.jpg 150w, https:\/\/azura.ro\/wp-content\/uploads\/2016\/10\/statie_dedurizare_fara_sare-50x50.jpg 50w\" sizes=\"(max-width: 151px) 100vw, 151px\" \/><\/span><\/p>\n<p><span style=\"font-family: tahoma, arial, helvetica, sans-serif; font-size: 110%; color: #282828;\"><strong>Sin electricidad - instalado en cualquier lugar<\/strong><\/span><br \/>\n<span style=\"font-family: tahoma, arial, helvetica, sans-serif; font-size: 110%; color: #282828;\"> <strong>Dedurizatorul Duo TAC Next Scale Stop NSS-120B-D,<\/strong> no utiliza electricidad y no vierte agua al alcantarillado. As\u00ed que puede instalarse en cualquier sitio.<\/span><\/p>\n<p><span style=\"font-family: tahoma, arial, helvetica, sans-serif; font-size: 110%; color: #282828;\"><strong>Ahorro de costes<\/strong><\/span><br \/>\n<span style=\"font-family: tahoma, arial, helvetica, sans-serif; font-size: 110%; color: #282828;\"> <strong>Dedurizatorul Duo TAC Next Scale Stop NSS-120B-D &#8211; <\/strong>se plateste singur in timp, deoarece nu mai cumparati sare, nu mai utilizati curent electric, nu mai deversati apa la canalizare, pompata tot cu ajutorul curentului sau platita la regia de apa!<\/span><\/p>\n<p><span style=\"font-family: tahoma, arial, helvetica, sans-serif; font-size: 110%; color: #282828;\">\u00bfSab\u00eda que 1 mm de cal en una caldera o sistema de calefacci\u00f3n central reduce la potencia calor\u00edfica en 10%? Y esta acumulaci\u00f3n se produce en menos de un a\u00f1o. Y en tres a\u00f1os reducir\u00e1 la potencia calor\u00edfica hasta 241TP33T.<\/span><\/p>\n<p><span style=\"font-family: tahoma, arial, helvetica, sans-serif; font-size: 110%; color: #282828;\"><strong>Piezas de recambio<\/strong><\/span><br \/>\n<span style=\"font-family: tahoma, arial, helvetica, sans-serif; font-size: 110%; color: #282828;\"> Pentru ca nimic in aceasta lume nu dureaza la infinit, cartusele filtrante trebuie schimbate.\u00a0<\/span><\/p>\n<p><span style=\"font-family: tahoma, arial, helvetica, sans-serif; font-size: 110%; color: #282828;\"><strong>Filtre incluse in modelul Duo TAC Next Scale Stop NSS-120B-D:<\/strong><\/span><\/p>\n<ul>\n<li><span style=\"font-size: 110%; color: #282828;\">5 microni &#8211; fibre din polipropilena presate &#8211; pentru filtrare sediment, mal, nisip, rugina;<\/span><\/li>\n<li><span style=\"font-size: 110%; color: #282828;\">anticalcar TAC<\/span><\/li>\n<\/ul>\n<p><span style=\"font-family: tahoma, arial, helvetica, sans-serif; font-size: 110%; color: #282828;\"><strong>Condiciones de instalaci\u00f3n:<\/strong><\/span><\/p>\n<p><span style=\"font-family: tahoma, arial, helvetica, sans-serif; font-size: 110%; color: #282828;\">- se instalar\u00e1 a la entrada de la casa en la tuber\u00eda principal de agua fr\u00eda;<\/span><br \/>\n<span style=\"font-family: tahoma, arial, helvetica, sans-serif; font-size: 110%; color: #282828;\"> - Si hay m\u00e1s de un equipo de tratamiento\/filtraci\u00f3n, instale el \u00faltimo en el esquema de filtraci\u00f3n;<\/span><br \/>\n<span style=\"font-family: tahoma, arial, helvetica, sans-serif; font-size: 110%; color: #282828;\"> - instalarse antes de cualquier equipo dom\u00e9stico o de calefacci\u00f3n que deba protegerse de la cal;<\/span><br \/>\n<span style=\"font-family: tahoma, arial, helvetica, sans-serif; font-size: 110%; color: #282828;\"> - si la instalaci\u00f3n es de cobre, el agua se utilizar\u00e1 durante cuatro semanas antes de ser tratada y pasada por el<strong> Dedurizatorul Duo TAC Next Scale Stop NSS-120B-D. <\/strong>Tehnologia TAC nu are voie sa intre in contact cu cuprul. Dupa utilizarea a patru saptamani, conductele de cupru vor fi pasivizate, iar acest lucru va impiedica ca ioni de cupru sa ajunga in mediul filtrant TAC;<\/span><br \/>\n<span style=\"font-family: tahoma, arial, helvetica, sans-serif; font-size: 110%; color: #282828;\"> - recomendamos la instalaci\u00f3n de un bypass, compuesto por tuber\u00edas y tres v\u00e1lvulas, en caso de servicio o cambio del medio filtrante.<\/span><\/p>\n<p><span style=\"font-family: tahoma, arial, helvetica, sans-serif; font-size: 110%; color: #282828;\">Calidad del agua porque <strong>dedurizatorul Duo TAC Next Scale Stop NSS-120B-D <\/strong>sa poate fi utilizat:<\/span><\/p>\n<p><span style=\"font-family: tahoma, arial, helvetica, sans-serif; font-size: 110%; color: #282828;\">El agua de alimentaci\u00f3n\/tratamiento debe cumplir las siguientes condiciones:<\/span><\/p>\n<p><span style=\"font-family: tahoma, arial, helvetica, sans-serif; font-size: 110%; color: #282828;\">pH 6,5 - 8,5<\/span><br \/>\n<span style=\"font-family: tahoma, arial, helvetica, sans-serif; font-size: 110%; color: #282828;\"> Dureza m\u00e1xima - 72,8 grados alemanes<\/span><br \/>\n<span style=\"font-family: tahoma, arial, helvetica, sans-serif; font-size: 110%; color: #282828;\"> Presiune min\/max 1-5 bari (recomandam utilizarea cu o presiune max. de 4.5 bari)<\/span><br \/>\n<span style=\"font-family: tahoma, arial, helvetica, sans-serif; font-size: 110%; color: #282828;\"> Temperatura - de 5\u00b0C a 43\u00b0C<\/span><br \/>\n<span style=\"font-family: tahoma, arial, helvetica, sans-serif; font-size: 110%; color: #282828;\"> Cloruro - &lt; 3ppm<\/span><br \/>\n<span style=\"font-family: tahoma, arial, helvetica, sans-serif; font-size: 110%; color: #282828;\"> Hierro (m\u00e1ximo) - 0,3 mg\/l<\/span><br \/>\n<span style=\"font-family: tahoma, arial, helvetica, sans-serif; font-size: 110%; color: #282828;\"> Manganeso (m\u00e1ximo) - 0,05 mg\/l<\/span><br \/>\n<span style=\"font-family: tahoma, arial, helvetica, sans-serif; font-size: 110%; color: #282828;\"> Cobre - 1,3 mg\/l<\/span><br \/>\n<span style=\"font-family: tahoma, arial, helvetica, sans-serif; font-size: 110%; color: #282828;\"> Aceite \/ gasolina y sulfuro de hidr\u00f3geno - no permitidos<\/span><br \/>\n<span style=\"font-family: tahoma, arial, helvetica, sans-serif; font-size: 110%; color: #282828;\"> Polifosfato - no permitido<\/span><br \/>\n<span style=\"font-family: tahoma, arial, helvetica, sans-serif; font-size: 110%; color: #282828;\"> Silicio (m\u00e1ximo) - 10 ppm<\/span><\/p>\n<p><span style=\"font-family: tahoma, arial, helvetica, sans-serif; font-size: 110%; color: #282828;\">Si el agua procede de una fuente controlada (f\u00e1brica de agua) y cumple las normas sobre agua potable, no es necesario realizar un informe de an\u00e1lisis.<\/span><\/p>\n<p><span style=\"font-family: tahoma, arial, helvetica, sans-serif; font-size: 110%; color: #282828;\">Especificaciones t\u00e9cnicas:<\/span><br \/>\n<span style=\"font-size: 110%; font-family: tahoma, arial, helvetica, sans-serif; color: #282828;\"> Conexiones: 1\u2033 IN\/OUT;<br \/>\nLungime: 62 cm<br \/>\nInaltime: 78 cm;<\/span><br \/>\n<span style=\"font-family: tahoma, arial, helvetica, sans-serif; font-size: 110%; color: #282828;\">Latime: 20 cm.<\/span><\/p>\n<p><span style=\"font-family: tahoma, arial, helvetica, sans-serif; font-size: 110%; color: #282828;\">Mantenimiento:<\/span><\/p>\n<p><span style=\"font-family: tahoma, arial, helvetica, sans-serif; font-size: 110%; color: #282828;\">Primul cartus se va schimba la fiecare 6 luni (depinde de calitatea apei si de volumul consumat).<\/span><\/p>\n<p><span style=\"font-family: tahoma, arial, helvetica, sans-serif; font-size: 110%; color: #282828;\">Cartusul filtrant pentru tratarea anticalcar se va schimba la fiecare 2 ani.<\/span><\/p>\n<p><span style=\"font-family: tahoma, arial, helvetica, sans-serif; font-size: 110%; color: #282828;\">2 a\u00f1os de garant\u00eda<\/span><\/p>\n<p><span style=\"font-size: 110%; color: #282828;\">Ensamblado en Ruman\u00eda. Utilizamos TAC Next Scale Stop (Reino Unido).<\/span><\/p>","protected":false},"excerpt":{"rendered":"<p><span style=\"font-family: tahoma, arial, helvetica, sans-serif; font-size: 100%;\">Dedurizator fara sare<strong> Duo TAC<\/strong> <b>Next Scale Stop NSS-120B-D<\/b>, pentru toata casa. Fara consum de sare! Eficient chiar si pana la 72,8 grade germane!!! Recomandat pentru un debit continuu de 20 l \/ minut si pentru varfuri de debit pana la 25 \/ minut.<\/span><\/p>\n<p><a href=\"https:\/\/azura.ro\/es\/100-30-dias-de-garantia-de-devolucion\/\" target=\"_blank\" rel=\"noopener noreferrer\"><img decoding=\"async\" class=\"alignnone wp-image-7307\" src=\"https:\/\/azura.ro\/wp-content\/uploads\/2016\/06\/Garantie-retur.png\" alt=\"\" width=\"98\" height=\"119\" \/> <\/a><a href=\"https:\/\/azura.ro\/es\/service\/\"><img decoding=\"async\" class=\"alignnone wp-image-7308\" src=\"https:\/\/azura.ro\/wp-content\/uploads\/2016\/06\/Service.png\" alt=\"\" width=\"115\" height=\"122\" \/><\/a> \u00a0<a href=\"https:\/\/azura.ro\/es\/2-ani-garantie\/\"><img decoding=\"async\" class=\"alignnone wp-image-14008\" src=\"https:\/\/azura.ro\/wp-content\/uploads\/2018\/12\/2-ani-garantie.png\" alt=\"\" width=\"97\" height=\"123\" \/><\/a><\/p>\n<p><a href=\"https:\/\/azura.ro\/es\/100-30-dias-de-garantia-de-devolucion\/\" target=\"_blank\" rel=\"noopener noreferrer\">Ofrecemos garant\u00eda de satisfacci\u00f3n con devoluci\u00f3n del dinero en 30 d\u00edas<\/a><br \/>\n<a href=\"https:\/\/azura.ro\/es\/service\/\" target=\"_blank\" rel=\"noopener noreferrer\">Ofrecemos servicio especializado en Ruman\u00eda \u00a1Cualquier problema t\u00e9cnico se resuelve en Ruman\u00eda!<\/a><br \/>\n<a href=\"https:\/\/azura.ro\/es\/2-ani-garantie\/\" target=\"_blank\" rel=\"noopener noreferrer\">Ofrecemos garant\u00eda contra defectos de fabricaci\u00f3n, 2 a\u00f1os de garant\u00eda<\/a><\/p>","protected":false},"featured_media":70981,"comment_status":"open","ping_status":"closed","template":"","meta":{"_seopress_robots_primary_cat":"134","_seopress_titles_title":"","_seopress_titles_desc":"","_seopress_robots_index":""},"product_brand":[],"product_cat":[134,135],"product_tag":[375,675,676,791,674],"class_list":{"0":"post-20434","1":"product","2":"type-product","3":"status-publish","4":"has-post-thumbnail","6":"product_cat-dedurizatoare-fara-sare-tac","7":"product_cat-sisteme-anticalcar-tac","8":"product_tag-dedurizator","9":"product_tag-fara-sare","10":"product_tag-next","11":"product_tag-next-scale-stop","12":"product_tag-tac","13":"pa_amplasare-conductaprincipala","14":"pa_brand-next-scale-stop","16":"first","17":"instock","18":"taxable","19":"shipping-taxable","20":"purchasable","21":"product-type-simple"},"_links":{"self":[{"href":"https:\/\/azura.ro\/es\/wp-json\/wp\/v2\/product\/20434","targetHints":{"allow":["GET"]}}],"collection":[{"href":"https:\/\/azura.ro\/es\/wp-json\/wp\/v2\/product"}],"about":[{"href":"https:\/\/azura.ro\/es\/wp-json\/wp\/v2\/types\/product"}],"replies":[{"embeddable":true,"href":"https:\/\/azura.ro\/es\/wp-json\/wp\/v2\/comments?post=20434"}],"wp:featuredmedia":[{"embeddable":true,"href":"https:\/\/azura.ro\/es\/wp-json\/wp\/v2\/media\/70981"}],"wp:attachment":[{"href":"https:\/\/azura.ro\/es\/wp-json\/wp\/v2\/media?parent=20434"}],"wp:term":[{"taxonomy":"product_brand","embeddable":true,"href":"https:\/\/azura.ro\/es\/wp-json\/wp\/v2\/product_brand?post=20434"},{"taxonomy":"product_cat","embeddable":true,"href":"https:\/\/azura.ro\/es\/wp-json\/wp\/v2\/product_cat?post=20434"},{"taxonomy":"product_tag","embeddable":true,"href":"https:\/\/azura.ro\/es\/wp-json\/wp\/v2\/product_tag?post=20434"}],"curies":[{"name":"wp","href":"https:\/\/api.w.org\/{rel}","templated":true}]}}