{"id":21593,"date":"2020-03-09T22:54:48","date_gmt":"2020-03-09T20:54:48","guid":{"rendered":"https:\/\/azura.ro\/?post_type=product&#038;p=21593"},"modified":"2025-08-05T19:17:11","modified_gmt":"2025-08-05T16:17:11","slug":"filtru-sedimente-20-microni-antibacterian-10-racord-1","status":"publish","type":"product","link":"https:\/\/azura.ro\/es\/produs\/filtru-sedimente-20-microni-antibacterian-10-racord-1\/","title":{"rendered":"FILTRO DE SEDIMENTOS 20 MICRAS FILTRO DE SEDIMENTOS ANTIBACTERIANO 10\u2033 1\u2033 CONEXI\u00d3N"},"content":{"rendered":"<p><span style=\"font-size: 110%; font-family: tahoma, arial, helvetica, sans-serif;\"><strong>Filtru sedimente antibacterian cu grad de filtrare 20 microni pentru eliminarea particulelor in suspensie. <\/strong>Se utiliza en las tuber\u00edas principales de agua, por ejemplo, en la entrada de la casa.<\/span><\/p>\n<p><span style=\"font-size: 110%; font-family: tahoma, arial, helvetica, sans-serif;\">Incluye kit de instalaci\u00f3n: carcasa del filtro, cartucho filtrante de polipropileno antibacteriano, llave para el filtro, soporte de pared.<\/span><\/p>\n<p><span style=\"font-size: 110%; font-family: tahoma, arial, helvetica, sans-serif;\"><strong>Cartucho filtrante<\/strong>\u00a0 est\u00e1 hecho de<strong> polipropileno multicapa con efecto antibacteriano\/bacteriost\u00e1tico<\/strong>. La filtraci\u00f3n del agua se realiza de fuera a dentro, reteniendo los sedimentos en toda la superficie. Retiene s\u00f3lidos en suspensi\u00f3n como arena, limo, \u00f3xido y otros sedimentos.<\/span><\/p>\n<p><span style=\"font-size: 110%;\"><span style=\"color: #d83131;\">\u00a1Atenci\u00f3n!<\/span> La finalidad de este filtro no es eliminar las bacterias del agua. El efecto antibacteriano se refiere a la higiene del cartucho filtrante en el que no crecer\u00e1n bacterias, debido al efecto de los iones de plata impregnados en polipropileno.<\/span><\/p>\n<p><span style=\"font-size: 110%; font-family: tahoma, arial, helvetica, sans-serif;\">Caracter\u00edsticas t\u00e9cnicas:<\/span><\/p>\n<p><span style=\"font-size: 110%; font-family: tahoma, arial, helvetica, sans-serif;\">Presi\u00f3n m\u00edn.\/m\u00e1x. 1,5 - 6 bar.<\/span><br \/>\n<span style=\"font-size: 110%; font-family: tahoma, arial, helvetica, sans-serif;\">Temperatura m\u00edn.\/m\u00e1x. 5 - 40\u00b0C<\/span><br \/>\n<span style=\"font-size: 110%; font-family: tahoma, arial, helvetica, sans-serif;\">Dimensiones mm: 315 x 120<\/span><br \/>\n<span style=\"font-size: 110%; font-family: tahoma, arial, helvetica, sans-serif;\">Conexi\u00f3n: 1\u2033 - rosca interior<br \/>\nDebit permis: 30 l \/min<\/span><\/p>\n<p><span style=\"font-size: 110%; font-family: tahoma, arial, helvetica, sans-serif;\">Instalaci\u00f3n del filtro: \u00a1s\u00f3lo debe instalarse en la tuber\u00eda de agua fr\u00eda!<\/span><\/p>\n<p><span style=\"font-size: 110%; font-family: tahoma, arial, helvetica, sans-serif;\">Periodo de sustituci\u00f3n del cartucho filtrante: depende de la calidad del agua y del volumen de agua consumida. El indicador para cambiar el cartucho es su color. Cuando adquiere un color marr\u00f3n oscuro, es el momento de sustituirlo.<\/span><\/p>\n<p><span style=\"font-size: 110%; font-family: tahoma, arial, helvetica, sans-serif;\">La garant\u00eda del filtro es de dos a\u00f1os. El cartucho del filtro es consumible y no est\u00e1 cubierto por la garant\u00eda.<\/span><\/p>\n<p><span style=\"font-size: 110%; font-family: tahoma, arial, helvetica, sans-serif;\">Pa\u00eds de origen: Italia<\/span><\/p>","protected":false},"excerpt":{"rendered":"<p>Filtru sedimente antibacterian cu grad de filtrare 20 microni pentru eliminarea particulelor in suspensie. Se utilizeaza pe retelele principale de apa, de exemplu, la intrarea in casa. Contine kit de instalare: carcasa filtru, cartus filtrant polipropilena antibacterian, cheie filtru, suport prindere perete. Cartusul filtrant\u00a0 este construit din polipropilena multistrat si cu efect antibacterian\/bacteriostatic. Filtrarea apei [&#8230;]\n","protected":false},"featured_media":70578,"comment_status":"open","ping_status":"closed","template":"","meta":{"_seopress_robots_primary_cat":"none","_seopress_titles_title":"","_seopress_titles_desc":"","_seopress_robots_index":""},"product_brand":[],"product_cat":[94],"product_tag":[],"class_list":{"0":"post-21593","1":"product","2":"type-product","3":"status-publish","4":"has-post-thumbnail","6":"product_cat-filtre-apa-cu-cartus-schimbabil","7":"pa_amplasare-conductaprincipala","8":"pa_brand-azura-filters","9":"pa_graddefiltrare-20-microni","11":"first","12":"instock","13":"taxable","14":"shipping-taxable","15":"purchasable","16":"product-type-simple"},"_links":{"self":[{"href":"https:\/\/azura.ro\/es\/wp-json\/wp\/v2\/product\/21593","targetHints":{"allow":["GET"]}}],"collection":[{"href":"https:\/\/azura.ro\/es\/wp-json\/wp\/v2\/product"}],"about":[{"href":"https:\/\/azura.ro\/es\/wp-json\/wp\/v2\/types\/product"}],"replies":[{"embeddable":true,"href":"https:\/\/azura.ro\/es\/wp-json\/wp\/v2\/comments?post=21593"}],"wp:featuredmedia":[{"embeddable":true,"href":"https:\/\/azura.ro\/es\/wp-json\/wp\/v2\/media\/70578"}],"wp:attachment":[{"href":"https:\/\/azura.ro\/es\/wp-json\/wp\/v2\/media?parent=21593"}],"wp:term":[{"taxonomy":"product_brand","embeddable":true,"href":"https:\/\/azura.ro\/es\/wp-json\/wp\/v2\/product_brand?post=21593"},{"taxonomy":"product_cat","embeddable":true,"href":"https:\/\/azura.ro\/es\/wp-json\/wp\/v2\/product_cat?post=21593"},{"taxonomy":"product_tag","embeddable":true,"href":"https:\/\/azura.ro\/es\/wp-json\/wp\/v2\/product_tag?post=21593"}],"curies":[{"name":"wp","href":"https:\/\/api.w.org\/{rel}","templated":true}]}}