{"id":21598,"date":"2020-03-09T23:22:46","date_gmt":"2020-03-09T21:22:46","guid":{"rendered":"https:\/\/azura.ro\/?post_type=product&#038;p=21598"},"modified":"2026-04-07T13:41:20","modified_gmt":"2026-04-07T10:41:20","slug":"filtru-sedimente-5-microni-10-racord-1-2","status":"publish","type":"product","link":"https:\/\/azura.ro\/es\/produs\/filtru-sedimente-5-microni-10-racord-1-2\/","title":{"rendered":"FILTRO DE SEDIMENTOS 5 MICRAS 10\u2033 1\/2\u2033 CONEXI\u00d3N"},"content":{"rendered":"<p><span style=\"font-size: 110%; font-family: tahoma, arial, helvetica, sans-serif;\"><strong>Filtru sedimente cu grad de filtrare 5 microni pentru eliminarea particulelor in suspensie. <\/strong>Se utilizeaza pe retelele principale de apa, de obicei pentru un singur punct de consum, precum o masina de spalat rufe\/vase, un robinet etc.<\/span><\/p>\n<p><span style=\"font-size: 110%; font-family: tahoma, arial, helvetica, sans-serif;\">Contine kit de instalare: carcasa filtru, cartus filtrant polipropilena, cheie filtru, suport prindere perete.<\/span><\/p>\n<p><span style=\"font-size: 110%; font-family: tahoma, arial, helvetica, sans-serif;\"><strong>Cartucho filtrante<\/strong>\u00a0 est\u00e1 hecho de<strong>\u00a0polipropilena multistrat<\/strong>. La filtraci\u00f3n del agua se realiza de fuera a dentro, reteniendo los sedimentos en toda la superficie. Retiene s\u00f3lidos en suspensi\u00f3n como arena, limo, \u00f3xido y otros sedimentos.<\/span><\/p>\n<p><span style=\"font-size: 110%; font-family: tahoma, arial, helvetica, sans-serif;\">Caracter\u00edsticas t\u00e9cnicas:<\/span><\/p>\n<p><span style=\"font-size: 110%; font-family: tahoma, arial, helvetica, sans-serif;\">Presi\u00f3n m\u00edn.\/m\u00e1x. 1,5 - 6 bar.<\/span><br \/>\n<span style=\"font-size: 110%; font-family: tahoma, arial, helvetica, sans-serif;\">Temperatura m\u00edn.\/m\u00e1x. 5 - 40\u00b0C<\/span><br \/>\n<span style=\"font-size: 110%; font-family: tahoma, arial, helvetica, sans-serif;\">Dimensiones mm: 315 x 120<\/span><br \/>\n<span style=\"font-size: 110%;\"><span style=\"font-family: tahoma, arial, helvetica, sans-serif;\">Conexi\u00f3n: 1\/2\u2033 - rosca interior<br \/>\n<\/span><span style=\"font-family: tahoma, arial, helvetica, sans-serif;\">Debit permis: 20 l\/min.<\/span><\/span><\/p>\n<p><span style=\"font-size: 110%; font-family: tahoma, arial, helvetica, sans-serif;\">Periodo de sustituci\u00f3n del cartucho filtrante: depende de la calidad del agua y del volumen de agua consumida. El indicador para cambiar el cartucho es su color. Cuando adquiere un color marr\u00f3n oscuro, es el momento de sustituirlo.<\/span><\/p>\n<p><span style=\"font-size: 110%; font-family: tahoma, arial, helvetica, sans-serif;\">Instalaci\u00f3n del filtro: \u00a1s\u00f3lo debe instalarse en la tuber\u00eda de agua fr\u00eda!<\/span><\/p>\n<p><span style=\"font-size: 110%; font-family: tahoma, arial, helvetica, sans-serif;\">La garant\u00eda del filtro es de dos a\u00f1os. El cartucho del filtro es consumible y no est\u00e1 cubierto por la garant\u00eda.<\/span><\/p>\n<p><span style=\"font-size: 110%; font-family: tahoma, arial, helvetica, sans-serif;\">Pa\u00eds de origen: Italia<\/span><\/p>","protected":false},"excerpt":{"rendered":"<p>Filtru sedimente cu grad de filtrare 5 microni pentru eliminarea particulelor in suspensie. Se utilizeaza pe retelele principale de apa, de obicei pentru un singur punct de consum, precum o masina de spalat rufe\/vase, un robinet etc. Contine kit de instalare: carcasa filtru, cartus filtrant polipropilena, cheie filtru, suport prindere perete. Cartusul filtrant\u00a0 este construit [&#8230;]\n","protected":false},"featured_media":70576,"comment_status":"open","ping_status":"closed","template":"","meta":{"_seopress_robots_primary_cat":"none","_seopress_titles_title":"","_seopress_titles_desc":"","_seopress_robots_index":""},"product_brand":[],"product_cat":[94],"product_tag":[],"class_list":{"0":"post-21598","1":"product","2":"type-product","3":"status-publish","4":"has-post-thumbnail","6":"product_cat-filtre-apa-cu-cartus-schimbabil","7":"pa_amplasare-conductaprincipala","8":"pa_brand-azura-filters","9":"pa_graddefiltrare-5-microni","11":"first","12":"outofstock","13":"taxable","14":"shipping-taxable","15":"purchasable","16":"product-type-simple"},"_links":{"self":[{"href":"https:\/\/azura.ro\/es\/wp-json\/wp\/v2\/product\/21598","targetHints":{"allow":["GET"]}}],"collection":[{"href":"https:\/\/azura.ro\/es\/wp-json\/wp\/v2\/product"}],"about":[{"href":"https:\/\/azura.ro\/es\/wp-json\/wp\/v2\/types\/product"}],"replies":[{"embeddable":true,"href":"https:\/\/azura.ro\/es\/wp-json\/wp\/v2\/comments?post=21598"}],"wp:featuredmedia":[{"embeddable":true,"href":"https:\/\/azura.ro\/es\/wp-json\/wp\/v2\/media\/70576"}],"wp:attachment":[{"href":"https:\/\/azura.ro\/es\/wp-json\/wp\/v2\/media?parent=21598"}],"wp:term":[{"taxonomy":"product_brand","embeddable":true,"href":"https:\/\/azura.ro\/es\/wp-json\/wp\/v2\/product_brand?post=21598"},{"taxonomy":"product_cat","embeddable":true,"href":"https:\/\/azura.ro\/es\/wp-json\/wp\/v2\/product_cat?post=21598"},{"taxonomy":"product_tag","embeddable":true,"href":"https:\/\/azura.ro\/es\/wp-json\/wp\/v2\/product_tag?post=21598"}],"curies":[{"name":"wp","href":"https:\/\/api.w.org\/{rel}","templated":true}]}}