{"id":22526,"date":"2020-04-02T23:09:56","date_gmt":"2020-04-02T20:09:56","guid":{"rendered":"https:\/\/azura.ro\/?post_type=product&#038;p=22526"},"modified":"2025-08-05T19:04:53","modified_gmt":"2025-08-05T16:04:53","slug":"comprobador-digital-de-tds","status":"publish","type":"product","link":"https:\/\/azura.ro\/es\/produs\/tester-digital-tds\/","title":{"rendered":"COMPROBADOR DIGITAL DE TDS"},"content":{"rendered":"<h2><span style=\"font-family: tahoma, arial, helvetica, sans-serif; font-size: 110%;\">Medidor digital de TDS.<\/span><\/h2>\n<p><span style=\"font-family: tahoma, arial, helvetica, sans-serif; font-size: 110%;\">TDS = s\u00f3lidos disueltos totales.<\/span><\/p>\n<p><span style=\"font-family: tahoma, arial, helvetica, sans-serif; font-size: 110%;\">La unidad de medida del TDS es PPM (partes por mill\u00f3n), que corresponde a mg\/l.<\/span><\/p>\n<p><span style=\"font-family: tahoma, arial, helvetica, sans-serif; font-size: 110%;\">El TDS se percibe generalmente como una medida de la pureza del agua, lo que no siempre es cierto. Por ejemplo, el agua rica en iones de calcio y magnesio indicar\u00e1 un alto TDS, pero esto no significa que el agua sea impura o tenga efectos negativos para la salud.<\/span><\/p>\n<h3><span style=\"font-family: tahoma, arial, helvetica, sans-serif; font-size: 110%;\">La m\u00e1quina TDS puede utilizarse para:<\/span><\/h3>\n<ul>\n<li><span style=\"font-family: tahoma, arial, helvetica, sans-serif; font-size: 110%;\">ver la calidad aproximada del agua (s\u00f3lo muestra la carga, no de qu\u00e9 est\u00e1 hecha);<\/span><\/li>\n<li><span style=\"font-family: tahoma, arial, helvetica, sans-serif; font-size: 110%;\">comprobar los sistemas de \u00f3smosis inversa, en particular la vida \u00fatil de la membrana de \u00f3smosis inversa;<\/span><\/li>\n<li><span style=\"font-family: tahoma, arial, helvetica, sans-serif; font-size: 110%;\">comprobar los sistemas de nanofiltraci\u00f3n, especialmente la vida \u00fatil de la membrana de nanofiltraci\u00f3n.<\/span><\/li>\n<li><span style=\"font-family: tahoma, arial, helvetica, sans-serif; font-size: 110%;\">controlar el agua de los acuarios.<\/span><\/li>\n<\/ul>\n<p><span style=\"font-family: tahoma, arial, helvetica, sans-serif; font-size: 110%;\">En caso de que tenga sistemas de ultrafiltraci\u00f3n, microfiltraci\u00f3n, filtraci\u00f3n cer\u00e1mica, el medidor de TDS no le ayudar\u00e1 a identificar la calidad del agua.<\/span><\/p>\n<p><span style=\"font-family: tahoma, arial, helvetica, sans-serif; font-size: 110%;\">El aparato se entrega embalado en una caja de cart\u00f3n.<\/span><\/p>\n<p><span style=\"font-family: tahoma, arial, helvetica, sans-serif; font-size: 110%;\">Pa\u00eds de origen: Taiw\u00e1n<\/span><br \/>\n<span style=\"font-family: tahoma, arial, helvetica, sans-serif; font-size: 110%;\">Garant\u00eda: 2 a\u00f1os<\/span><\/p>","protected":false},"excerpt":{"rendered":"<p>Tester digital pentru TDS. TDS = total solide dizolvate. Unitatea de masura a TDS-ului este PPM (parti per milion) care corespunde cu mg\/l. In general, nivelul de TDS este perceput ca unitate de masura pentru puritatea apei, aspect care nu este intotdeauna adevarat. De exemplu o apa bogata in ioni de calciu si de magneziu [&#8230;]\n","protected":false},"featured_media":69095,"comment_status":"open","ping_status":"closed","template":"","meta":{"_seopress_robots_primary_cat":"none","_seopress_titles_title":"","_seopress_titles_desc":"","_seopress_robots_index":""},"product_brand":[],"product_cat":[50],"product_tag":[1074],"class_list":{"0":"post-22526","1":"product","2":"type-product","3":"status-publish","4":"has-post-thumbnail","6":"product_cat-teste-apa","7":"product_tag-aparat-tds","8":"pa_brand-azura-filters","10":"first","11":"instock","12":"taxable","13":"shipping-taxable","14":"purchasable","15":"product-type-simple"},"_links":{"self":[{"href":"https:\/\/azura.ro\/es\/wp-json\/wp\/v2\/product\/22526","targetHints":{"allow":["GET"]}}],"collection":[{"href":"https:\/\/azura.ro\/es\/wp-json\/wp\/v2\/product"}],"about":[{"href":"https:\/\/azura.ro\/es\/wp-json\/wp\/v2\/types\/product"}],"replies":[{"embeddable":true,"href":"https:\/\/azura.ro\/es\/wp-json\/wp\/v2\/comments?post=22526"}],"wp:featuredmedia":[{"embeddable":true,"href":"https:\/\/azura.ro\/es\/wp-json\/wp\/v2\/media\/69095"}],"wp:attachment":[{"href":"https:\/\/azura.ro\/es\/wp-json\/wp\/v2\/media?parent=22526"}],"wp:term":[{"taxonomy":"product_brand","embeddable":true,"href":"https:\/\/azura.ro\/es\/wp-json\/wp\/v2\/product_brand?post=22526"},{"taxonomy":"product_cat","embeddable":true,"href":"https:\/\/azura.ro\/es\/wp-json\/wp\/v2\/product_cat?post=22526"},{"taxonomy":"product_tag","embeddable":true,"href":"https:\/\/azura.ro\/es\/wp-json\/wp\/v2\/product_tag?post=22526"}],"curies":[{"name":"wp","href":"https:\/\/api.w.org\/{rel}","templated":true}]}}