{"id":22590,"date":"2020-04-03T23:42:18","date_gmt":"2020-04-03T20:42:18","guid":{"rendered":"https:\/\/azura.ro\/?post_type=product&#038;p=22590"},"modified":"2026-02-12T17:45:16","modified_gmt":"2026-02-12T15:45:16","slug":"pila-de-3-vias-niquelada-pulida-de-diseno-moderno-agua-caliente-fria-filtrada","status":"publish","type":"product","link":"https:\/\/azura.ro\/es\/produs\/baterie-nichelata-polisata-cu-3-cai-design-modern-apa-filtrata-rece-calda\/","title":{"rendered":"PILA NIQUELADA PULIDA DE 3 V\u00cdAS - DISE\u00d1O MODERNO - AGUA FILTRADA - FR\u00cdA - CALIENTE"},"content":{"rendered":"<h2><span style=\"font-family: tahoma, arial, helvetica, sans-serif; font-size: 110%;\">Baterie nichelata polisata cu trei cai, design modern, pentru sisteme de filtrare cu ultrafiltrare, nanofiltrare, ceramice, osmoza inversa.<\/span><\/h2>\n<p><span style=\"font-size: 110%; font-family: tahoma, arial, helvetica, sans-serif; color: #808080;\">La bater\u00eda de tres v\u00edas se utiliza si desea un sistema de filtraci\u00f3n pero no quiere instalar una bater\u00eda adicional para el agua filtrada. En este caso, puede sustituir su bater\u00eda de dos v\u00edas por una bater\u00eda de tres v\u00edas.<\/span><\/p>\n<p><span style=\"font-size: 110%; font-family: tahoma, arial, helvetica, sans-serif; color: #808080;\">El camino para el agua filtrada est\u00e1 separado y no pasa por la misma ruta con el agua fr\u00eda y el agua caliente sin filtrar. Esto es muy importante.<\/span><\/p>\n<p><span style=\"font-family: tahoma, arial, helvetica, sans-serif; font-size: 110%;\">Especificaciones t\u00e9cnicas<\/span><\/p>\n<p><span style=\"font-family: tahoma, arial, helvetica, sans-serif; font-size: 110%;\">Fabricado en lat\u00f3n macizo y acabado en n\u00edquel pulido. La capa de acabado es resistente a la corrosi\u00f3n;<\/span><br \/>\n<span style=\"font-family: tahoma, arial, helvetica, sans-serif; font-size: 110%;\">Nunca elija pilas ligeras. Nuestra bater\u00eda es pesada, lo que demuestra una calidad superior;<\/span><br \/>\n<span style=\"font-family: tahoma, arial, helvetica, sans-serif; font-size: 110%;\">La pila contiene un disco cer\u00e1mico (de cierre-apertura) que garantiza un uso prolongado sin goteo. No elija nunca pilas con discos de pl\u00e1stico;<\/span><br \/>\n<span style=\"font-family: tahoma, arial, helvetica, sans-serif; font-size: 110%;\">Kit de instalaci\u00f3n incluido;<\/span><br \/>\n<span style=\"font-family: tahoma, arial, helvetica, sans-serif; font-size: 110%;\">Construido sin plomo<\/span><br \/>\n<span style=\"font-family: tahoma, arial, helvetica, sans-serif; font-size: 110%;\">Probado 100% antes de la entrega, contra el goteo;<\/span><br \/>\n<span style=\"font-family: tahoma, arial, helvetica, sans-serif; font-size: 110%;\">Todas las bater\u00edas han sido probadas antes de su env\u00edo para su apertura\/cierre 100.000 veces a una alta presi\u00f3n de 8,6 bar.<\/span><\/p>\n<p><span style=\"font-size: 110%; font-family: tahoma, arial, helvetica, sans-serif; color: #808080;\">La bater\u00eda se suministra con un kit de instalaci\u00f3n:<\/span><\/p>\n<ul>\n<li><span style=\"font-size: 110%; font-family: tahoma, arial, helvetica, sans-serif; color: #808080;\">tuerca para el montaje y desmontaje de la bater\u00eda;<\/span><\/li>\n<li><span style=\"font-size: 110%; font-family: tahoma, arial, helvetica, sans-serif; color: #808080;\">Junta t\u00f3rica;<\/span><\/li>\n<li><span style=\"font-size: 110%; font-family: tahoma, arial, helvetica, sans-serif; color: #808080;\">dos mangueras de conexi\u00f3n de 3\/8\u2033;<\/span><\/li>\n<li><span style=\"font-size: 110%; font-family: tahoma, arial, helvetica, sans-serif; color: #808080;\">Pieza met\u00e1lica de 1\/4\" para conectar la manguera flexible del sistema de filtraci\u00f3n.<\/span><\/li>\n<\/ul>\n<p><span style=\"font-size: 110%;\">Dimensiones: <\/span><br \/>\n<span style=\"font-size: 110%;\">Inatime gat de lebada: 32 cm<\/span><br \/>\n<span style=\"font-size: 110%;\">Lungime gat de lebada: 26 cm<\/span><br \/>\n<span style=\"font-size: 110%;\">Distanta intre manetele de comanda: 15 cm<\/span><\/p>\n<p><span style=\"font-family: tahoma, arial, helvetica, sans-serif; font-size: 110%;\">Pa\u00eds de origen: Italia<\/span><\/p>","protected":false},"excerpt":{"rendered":"<p>Baterie nichelata polisata cu trei cai, design modern, pentru sisteme de filtrare cu ultrafiltrare, nanofiltrare, ceramice, osmoza inversa. Bateria cu trei cai se utilizeaza in cazul in care doriti un sistem de filtrare dar nu doriti sa instalati o baterie suplimentara pentru apa filtrata. In acest caz, puteti schimba bateria dvs. cu doua cai, cu [&#8230;]\n","protected":false},"featured_media":68594,"comment_status":"open","ping_status":"closed","template":"","meta":{"_seopress_robots_primary_cat":"none","_seopress_titles_title":"","_seopress_titles_desc":"","_seopress_robots_index":""},"product_brand":[],"product_cat":[1130],"product_tag":[1070,1615,1614],"class_list":{"0":"post-22590","1":"product","2":"type-product","3":"status-publish","4":"has-post-thumbnail","6":"product_cat-baterii-filtre-apa","7":"product_tag-baterie-3-cai","8":"product_tag-baterie-apa-filtrata-apa-rece-apa-calda","9":"product_tag-baterie-trei-cai","10":"pa_brand-azura-filters","12":"first","13":"outofstock","14":"sale","15":"taxable","16":"shipping-taxable","17":"purchasable","18":"product-type-simple"},"_links":{"self":[{"href":"https:\/\/azura.ro\/es\/wp-json\/wp\/v2\/product\/22590","targetHints":{"allow":["GET"]}}],"collection":[{"href":"https:\/\/azura.ro\/es\/wp-json\/wp\/v2\/product"}],"about":[{"href":"https:\/\/azura.ro\/es\/wp-json\/wp\/v2\/types\/product"}],"replies":[{"embeddable":true,"href":"https:\/\/azura.ro\/es\/wp-json\/wp\/v2\/comments?post=22590"}],"wp:featuredmedia":[{"embeddable":true,"href":"https:\/\/azura.ro\/es\/wp-json\/wp\/v2\/media\/68594"}],"wp:attachment":[{"href":"https:\/\/azura.ro\/es\/wp-json\/wp\/v2\/media?parent=22590"}],"wp:term":[{"taxonomy":"product_brand","embeddable":true,"href":"https:\/\/azura.ro\/es\/wp-json\/wp\/v2\/product_brand?post=22590"},{"taxonomy":"product_cat","embeddable":true,"href":"https:\/\/azura.ro\/es\/wp-json\/wp\/v2\/product_cat?post=22590"},{"taxonomy":"product_tag","embeddable":true,"href":"https:\/\/azura.ro\/es\/wp-json\/wp\/v2\/product_tag?post=22590"}],"curies":[{"name":"wp","href":"https:\/\/api.w.org\/{rel}","templated":true}]}}