{"id":23186,"date":"2020-04-21T20:34:36","date_gmt":"2020-04-21T17:34:36","guid":{"rendered":"https:\/\/azura.ro\/?post_type=product&#038;p=23186"},"modified":"2026-03-22T10:40:42","modified_gmt":"2026-03-22T08:40:42","slug":"filtro-de-carbon-activo-postgranular-t33-qm","status":"publish","type":"product","link":"https:\/\/azura.ro\/es\/produs\/post-filtru-carbune-activat-granular-t33-qm\/","title":{"rendered":"FILTRO DE CARB\u00d3N ACTIVO POSTGRANULAR T33 QM"},"content":{"rendered":"<h2><span style=\"font-family: tahoma, arial, helvetica, sans-serif; font-size: 110%;\">Post filtru cu carbune activat granular, T33 QM<\/span><\/h2>\n<p><span style=\"font-family: tahoma, arial, helvetica, sans-serif; font-size: 110%;\">Modelul T33 inseamna un filtru cu diametrul de 2 toli ce se instaleaza dupa membrana de osmoza inversa\/nanofiltrare\/ultrafiltrare, de aceea se numeste si Post Filtru. Rolul lui este de a corecta gustul si mirosul apei, avand un continut de carbune activat. In acest caz, filtrul T33 contine carbune activat granular obtinut din coaja de nuca de cocos.<\/span><\/p>\n<p><span style=\"font-family: tahoma, arial, helvetica, sans-serif; font-size: 110%;\">QM significa tipo de conexi\u00f3n. QM = Tipo de conexi\u00f3n r\u00e1pida Macho. En otras palabras o el acoplamiento r\u00e1pido requerido es del tipo Mum, se empuja sobre la varilla del filtro, luego tirando de \u00e9l hacia atr\u00e1s se autobloquea. No hay filete en el filtro, sino s\u00f3lo un \u201epap\u00e1\u201d tipo tuerca.<\/span><\/p>\n<p><span style=\"font-family: tahoma, arial, helvetica, sans-serif; font-size: 110%;\"><strong><span style=\"color: #d83131;\">Atenci\u00f3n:<\/span><\/strong> El hecho de que un filtro lleve la etiqueta T33 no significa que siempre tenga el mismo material filtrante. Puede diferir en contenido, pero no en calidad. T33 es s\u00f3lo un nombre gen\u00e9rico para un determinado tipo de filtro que tiene una determinada finalidad y un determinado tama\u00f1o\/forma.<\/span><\/p>\n<p><span style=\"font-family: tahoma, arial, helvetica, sans-serif; font-size: 110%;\">Vida \u00fatil: 1500 galones (5677 L de agua). La vida \u00fatil depende de la calidad del agua filtrada y de los contaminantes del agua. Como per\u00edodo de sustituci\u00f3n se recomienda utilizar un m\u00e1ximo de 12 meses.\u00a0<\/span><\/p>\n<p><span style=\"font-family: tahoma, arial, helvetica, sans-serif; font-size: 110%;\">Mantenimiento: no hay mantenimiento, el filtro se cambiar\u00e1 en el periodo mencionado anteriormente.<\/span><\/p>\n<h3><span style=\"font-family: tahoma, arial, helvetica, sans-serif; font-size: 110%;\">Specificatii tehnice Post Filtru Carbune Activat T33 QM<\/span><\/h3>\n<ul style=\"list-style-type: disc;\">\n<li><span style=\"font-family: tahoma, arial, helvetica, sans-serif; font-size: 110%;\">Tama\u00f1o: 53 mm x 254 mm (\u2205 x L);<\/span><\/li>\n<li><span style=\"font-family: tahoma, arial, helvetica, sans-serif; font-size: 110%;\">Conexiones de entrada\/salida: 1\/4\u201e macho con estilos elevados, sin filtro (requiere acopladores r\u00e1pidos del tipo madre);<\/span><\/li>\n<li><span style=\"font-family: tahoma, arial, helvetica, sans-serif; font-size: 110%;\">Continut: carbune activat din coaja de nuca de cocos;<\/span><\/li>\n<\/ul>\n<h3><span style=\"font-family: tahoma, arial, helvetica, sans-serif; font-size: 110%;\">Precautii in utilizare si recomandari Post Filtru Carbune Activat Granular T33 QM<\/span><\/h3>\n<ul style=\"list-style-type: disc;\">\n<li><span style=\"font-family: tahoma, arial, helvetica, sans-serif; font-size: 110%;\">Antes de consumir el agua, hay que hacer pasar al menos 10 litros de agua por el filtro;<\/span><\/li>\n<li><span style=\"font-family: tahoma, arial, helvetica, sans-serif; font-size: 110%;\">Preste atenci\u00f3n a la direcci\u00f3n en la que el agua pasa a trav\u00e9s del filtro, indicada por una flecha en la etiqueta del producto;<\/span><\/li>\n<li><span style=\"font-family: tahoma, arial, helvetica, sans-serif; font-size: 110%;\">Requiere acoplamientos r\u00e1pidos \u201eHembra\u201d 1\/4\" adicionales;<\/span><\/li>\n<li><span style=\"font-family: tahoma, arial, helvetica, sans-serif; font-size: 110%;\">Tambi\u00e9n se pueden utilizar los acoplamientos antiguos del filtro existente;<\/span><\/li>\n<li><span style=\"font-family: tahoma, arial, helvetica, sans-serif; font-size: 110%;\">El filtro puede contener tapones de pl\u00e1stico en los dos stents de conexi\u00f3n. En tal caso, deben retirarse;<\/span><\/li>\n<li><span style=\"font-family: tahoma, arial, helvetica, sans-serif; font-size: 110%;\">S\u00f3lo debe utilizarse para filtrar agua fr\u00eda, nunca agua caliente;<\/span><\/li>\n<li><span style=\"font-family: tahoma, arial, helvetica, sans-serif; font-size: 110%;\">No lo utilice con agua microbiol\u00f3gicamente insegura o con agua cuya calidad desconozca, sin haber desinfectado previamente el agua antes y despu\u00e9s del filtro.<\/span><\/li>\n<\/ul>\n<p><span style=\"font-family: tahoma, arial, helvetica, sans-serif; font-size: 110%;\">Certificaci\u00f3n: NSF, s\u00f3lo para los materiales utilizados en la fabricaci\u00f3n.<\/span><\/p>\n<p><span style=\"font-family: tahoma, arial, helvetica, sans-serif; font-size: 110%;\">Pa\u00eds de origen: Taiw\u00e1n<\/span><\/p>","protected":false},"excerpt":{"rendered":"<ul style=\"list-style-type: disc;\">\n<li><span style=\"font-family: tahoma, arial, helvetica, sans-serif; font-size: 110%;\">Post filtru cu carbune activat<\/span><\/li>\n<li><span style=\"font-family: tahoma, arial, helvetica, sans-serif; font-size: 110%;\">Carb\u00f3n activado de c\u00e1scara de coco<\/span><\/li>\n<li><span style=\"font-family: tahoma, arial, helvetica, sans-serif; font-size: 110%;\">Conexiones r\u00e1pidas tipo \u201eTata\u201d - sin rosca<\/span><\/li>\n<\/ul>","protected":false},"featured_media":68514,"comment_status":"open","ping_status":"closed","template":"","meta":{"_seopress_robots_primary_cat":"none","_seopress_titles_title":"","_seopress_titles_desc":"","_seopress_robots_index":""},"product_brand":[],"product_cat":[1137],"product_tag":[],"class_list":{"0":"post-23186","1":"product","2":"type-product","3":"status-publish","4":"has-post-thumbnail","6":"product_cat-cartuse-filtre-bucatarie","8":"first","9":"instock","10":"taxable","11":"shipping-taxable","12":"purchasable","13":"product-type-simple"},"_links":{"self":[{"href":"https:\/\/azura.ro\/es\/wp-json\/wp\/v2\/product\/23186","targetHints":{"allow":["GET"]}}],"collection":[{"href":"https:\/\/azura.ro\/es\/wp-json\/wp\/v2\/product"}],"about":[{"href":"https:\/\/azura.ro\/es\/wp-json\/wp\/v2\/types\/product"}],"replies":[{"embeddable":true,"href":"https:\/\/azura.ro\/es\/wp-json\/wp\/v2\/comments?post=23186"}],"wp:featuredmedia":[{"embeddable":true,"href":"https:\/\/azura.ro\/es\/wp-json\/wp\/v2\/media\/68514"}],"wp:attachment":[{"href":"https:\/\/azura.ro\/es\/wp-json\/wp\/v2\/media?parent=23186"}],"wp:term":[{"taxonomy":"product_brand","embeddable":true,"href":"https:\/\/azura.ro\/es\/wp-json\/wp\/v2\/product_brand?post=23186"},{"taxonomy":"product_cat","embeddable":true,"href":"https:\/\/azura.ro\/es\/wp-json\/wp\/v2\/product_cat?post=23186"},{"taxonomy":"product_tag","embeddable":true,"href":"https:\/\/azura.ro\/es\/wp-json\/wp\/v2\/product_tag?post=23186"}],"curies":[{"name":"wp","href":"https:\/\/api.w.org\/{rel}","templated":true}]}}