{"id":23949,"date":"2020-05-06T20:33:46","date_gmt":"2020-05-06T17:33:46","guid":{"rendered":"https:\/\/azura.ro\/?post_type=product&#038;p=23949"},"modified":"2025-08-05T18:56:55","modified_gmt":"2025-08-05T15:56:55","slug":"kit-de-prefiltracion-para-ionizador-de-agua-de-ultrafiltracion-de-5-micras","status":"publish","type":"product","link":"https:\/\/azura.ro\/es\/produs\/kit-prefiltrare-ionizator-apa-5-microni-ultrafiltrare\/","title":{"rendered":"KIT DE PREFILTRACI\u00d3N DE IONIZADOR DE AGUA DE 5 MICRAS + ULTRAFILTRACI\u00d3N"},"content":{"rendered":"<h2><span style=\"font-size: 110%; font-family: tahoma, arial, helvetica, sans-serif;\">Kit de prefiltraci\u00f3n para ionizadores de agua.<\/span><\/h2>\n<p><span style=\"font-size: 110%; font-family: tahoma, arial, helvetica, sans-serif;\">Este kit de prefiltraci\u00f3n es muy \u00fatil para los ionizadores que no contienen filtros submicr\u00f3nicos (la mayor\u00eda de los ionizadores no contienen este tipo de filtros). Para una filtraci\u00f3n eficaz es necesario que la filtraci\u00f3n sea inferior a una micra. En este caso el grado de filtraci\u00f3n alcanza 0,001 micras.<\/span><\/p>\n<p><span style=\"font-family: tahoma, arial, helvetica, sans-serif; font-size: 110%;\">S\u00f3lo se recomienda para ionizadores que dispongan de un bot\u00f3n de encendido\/apagado del flujo de agua.<\/span><\/p>\n<p><span style=\"font-size: 110%; font-family: tahoma, arial, helvetica, sans-serif;\">El kit de instalaci\u00f3n contiene:<\/span><\/p>\n<ul>\n<li><span style=\"font-size: 110%; font-family: tahoma, arial, helvetica, sans-serif;\">Manguera de presi\u00f3n de 3 metros 1\/4<\/span><\/li>\n<li><span style=\"font-size: 110%; font-family: tahoma, arial, helvetica, sans-serif;\">Filtro encapsulado de 5 micras<\/span><\/li>\n<li><span style=\"font-size: 110%; font-family: tahoma, arial, helvetica, sans-serif;\">Filtro de ultrafiltraci\u00f3n encapsulado de 0,001 micras<\/span><\/li>\n<li><span style=\"font-size: 110%; font-family: tahoma, arial, helvetica, sans-serif;\">4 clips de filtro en el lateral de la encimera de cocina<\/span><\/li>\n<li><span style=\"font-size: 110%; font-family: tahoma, arial, helvetica, sans-serif;\">Acopladores de 4 1\/4\" para conectar los filtros<\/span><\/li>\n<\/ul>\n<p><span style=\"font-size: 110%; font-family: tahoma, arial, helvetica, sans-serif;\">Nota: se requiere una presi\u00f3n m\u00ednima de 2 bares. Si no dispone de una presi\u00f3n de 2 bares, es posible que el ionizador no funcione con este prefiltro instalado.<\/span><\/p>\n<p><span style=\"font-size: 110%; font-family: tahoma, arial, helvetica, sans-serif;\">Periodo de intercambio:<\/span><br \/>\n<span style=\"font-size: 110%; font-family: tahoma, arial, helvetica, sans-serif;\">- Filtro de 5 micras - 6 meses<\/span><br \/>\n<span style=\"font-size: 110%; font-family: tahoma, arial, helvetica, sans-serif;\">- Filtro de ultrafiltraci\u00f3n 12 - 24 meses<\/span><\/p>\n<p><span style=\"font-size: 110%; font-family: tahoma, arial, helvetica, sans-serif;\">El periodo de sustituci\u00f3n depende de la calidad del agua y del volumen de agua consumida.<\/span><\/p>\n<p><span style=\"font-size: 110%; font-family: tahoma, arial, helvetica, sans-serif;\">Fabricado por AZURA FILTERS en Ruman\u00eda<\/span><br \/>\n<span style=\"font-size: 110%; font-family: tahoma, arial, helvetica, sans-serif;\">Subconjuntos fabricados en Taiw\u00e1n<\/span><\/p>","protected":false},"excerpt":{"rendered":"<p>Kit prefiltrare pentru ionizatoarele de apa. Acest kit de prefiltrare este foarte util ionizatoarelor ce nu contin filtre submicronice (cele mai multe ionizatoare nu contin astfel de filtre). Pentru o filtrare eficienta este necesar ca filtratea sa fie sub un micron. In acest caz gradul de filtrare ajunge pana la 0.001 microni. Recomandat doar pentru [&#8230;]\n","protected":false},"featured_media":68524,"comment_status":"open","ping_status":"closed","template":"","meta":{"_seopress_robots_primary_cat":"none","_seopress_titles_title":"","_seopress_titles_desc":"","_seopress_robots_index":""},"product_brand":[],"product_cat":[116],"product_tag":[1163,329],"class_list":{"0":"post-23949","1":"product","2":"type-product","3":"status-publish","4":"has-post-thumbnail","6":"product_cat-ionizatoare-de-apa","7":"product_tag-prefiltrare-ionizator-apa","8":"product_tag-ultrafiltrare","10":"first","11":"instock","12":"taxable","13":"shipping-taxable","14":"purchasable","15":"product-type-simple"},"_links":{"self":[{"href":"https:\/\/azura.ro\/es\/wp-json\/wp\/v2\/product\/23949","targetHints":{"allow":["GET"]}}],"collection":[{"href":"https:\/\/azura.ro\/es\/wp-json\/wp\/v2\/product"}],"about":[{"href":"https:\/\/azura.ro\/es\/wp-json\/wp\/v2\/types\/product"}],"replies":[{"embeddable":true,"href":"https:\/\/azura.ro\/es\/wp-json\/wp\/v2\/comments?post=23949"}],"wp:featuredmedia":[{"embeddable":true,"href":"https:\/\/azura.ro\/es\/wp-json\/wp\/v2\/media\/68524"}],"wp:attachment":[{"href":"https:\/\/azura.ro\/es\/wp-json\/wp\/v2\/media?parent=23949"}],"wp:term":[{"taxonomy":"product_brand","embeddable":true,"href":"https:\/\/azura.ro\/es\/wp-json\/wp\/v2\/product_brand?post=23949"},{"taxonomy":"product_cat","embeddable":true,"href":"https:\/\/azura.ro\/es\/wp-json\/wp\/v2\/product_cat?post=23949"},{"taxonomy":"product_tag","embeddable":true,"href":"https:\/\/azura.ro\/es\/wp-json\/wp\/v2\/product_tag?post=23949"}],"curies":[{"name":"wp","href":"https:\/\/api.w.org\/{rel}","templated":true}]}}