{"id":25663,"date":"2020-06-19T11:36:08","date_gmt":"2020-06-19T08:36:08","guid":{"rendered":"https:\/\/azura.ro\/?post_type=product&#038;p=25663"},"modified":"2025-08-04T19:55:02","modified_gmt":"2025-08-04T16:55:02","slug":"ionizador-de-agua-mediqua-ak-2000-9-placas-de-titanio-con-platino-2-filtros-montados-en-el-fregadero","status":"publish","type":"product","link":"https:\/\/azura.ro\/es\/produs\/ionizator-de-apa-mediqua-ak-2000-9-placi-din-titan-cu-platina-2-filtre-cu-montare-pe-chiuveta\/","title":{"rendered":"IONIZADOR DE AGUA MEDIQUA AK-2000 - 9 PLACAS DE TITANIO CON PLATINO - 2 FILTROS - MONTADO EN FREGADERO"},"content":{"rendered":"<h2><span style=\"font-family: tahoma, arial, helvetica, sans-serif; font-size: 110%;\"><strong>Ionizator de apa Mediqua AK-2000, cu montare deasupra chiuvetei<\/strong>\u00a0 &#8211; <span style=\"color: #008000;\"><strong>este certificat ca dispozitiv medical in Coreea de Sud si de-asemenea detine certificat GPM pentru siguranta in consumul de apa.\u00a0<\/strong><\/span><\/span><\/h2>\n<p><span style=\"font-family: tahoma, arial, helvetica, sans-serif; font-size: 110%;\">Ionizatorul Mediqua AK-2000 produs de catre compania Jinnys in Coreea de Sud &#8211; este un dispozitiv medical pentru obtinerea apei alcaline cu hidrogen molecular (uz intern) si pentru obtinerea apei acide (uz extern).<\/span><\/p>\n<p><span style=\"font-family: tahoma, arial, helvetica, sans-serif; font-size: 110%;\">Dintre toate ionizatoarele expuse pe site-ul nostru, Mediqua este cel mai modern si performant echipament. In plus, detine o multime de certificari foarte apreciate in aceasta industrie, dar cele mai importante sunt cele care demonstreaza faptul ca apa este sigura pentru consum si ca acest aparat este considerat dispozitiv medical, in Coreea de Sud. Acces la aceste certificari, mai jos prin click:<\/span><\/p>\n<p><span style=\"font-size: 110%;\"><a href=\"https:\/\/azura.ro\/wp-content\/uploads\/2020\/06\/Certificat-medical-ionizator-Mediqua-AK-2000-scaled.jpg\" target=\"_blank\" rel=\"noopener noreferrer\"><span style=\"font-family: tahoma, arial, helvetica, sans-serif;\">Certificat GMP care atesta ca ionizatorul Mediqua AK 2000 este considerat dipozitiv medical in Coreea de Sud;<\/span><\/a><\/span><\/p>\n<p><span style=\"font-size: 110%;\"><a href=\"https:\/\/azura.ro\/wp-content\/uploads\/2020\/06\/Certificat-siguranta-hrana-si-medicamente-ionizator-Mediqua-AK-2000-scaled.jpg\" target=\"_blank\" rel=\"noopener noreferrer\"><span style=\"font-family: tahoma, arial, helvetica, sans-serif;\">Certificat GMP care atesta ca ionizatorul Mediqua AK 2000 este considerat sigur pentru a consuma apa (doar apa alcalina si apa neutra se pot consuma);<\/span><\/a><\/span><\/p>\n<p><span style=\"font-family: tahoma, arial, helvetica, sans-serif; font-size: 110%;\">In plus, este singurul ionizator de apa cu performante testate in laborator, cu privire la puterea de dezinfectie a apei acide. Apa obtinuta de la Mediqua AK-2000, poate fi utilizata cu succes ca dezinfectant.<\/span><\/p>\n<p><span style=\"font-family: tahoma, arial, helvetica, sans-serif; font-size: 110%;\">Acces la buletinul de analiza aici: <a href=\"https:\/\/azura.ro\/wp-content\/uploads\/2020\/06\/Apa-acida-testata-ca-dezinfectant-Mediqua-AK-2000.pdf\" target=\"_blank\" rel=\"noopener noreferrer\">Analiza laboratorului KATR care ceritifica ca apa acida produsa cu Mediqua este considerata dezinfectant<\/a><\/span><\/p>\n<p><span style=\"font-family: tahoma, arial, helvetica, sans-serif; font-size: 110%;\">Pe de o parte, consumi apa alcalina hidrogenata molecular, pentru cresterea imunitatii si detoxifiere, pe de alta parte utilizezi apa acida in loc de dezinfectanti chimici sau alcool.\u00a0<\/span><\/p>\n<h2><span style=\"font-family: tahoma, arial, helvetica, sans-serif; font-size: 110%;\"><strong>De ce este cel mai bun ionizatorul Mediqua AK-2000?\u00a0<\/strong><\/span><\/h2>\n<ul>\n<li><span style=\"font-family: tahoma, arial, helvetica, sans-serif; font-size: 110%;\">Dezinfectie apa cu ultraviolete (lampa UV) \u2013 sistem unic! Se aprinde lampa doar cand exista consum de apa;<\/span><\/li>\n<li><span style=\"font-family: tahoma, arial, helvetica, sans-serif; font-size: 110%;\">Blocarea automata a apei reziduale atunci cand este selectat butonul \u201cApa Purificata\u201d. Acest lucru duce la economii de apa, niciun alt ionizator nu are aceasta functie;<\/span><\/li>\n<li><span style=\"font-family: tahoma, arial, helvetica, sans-serif; font-size: 110%;\">Sistem de filtrare inclus, de tip dual, cu multiple straturi;<\/span><\/li>\n<li><span style=\"font-family: tahoma, arial, helvetica, sans-serif; font-size: 110%;\">Singurul ionizator de pe piata cu posibilitatea de instalare pe chiuveta sau sub chiuveta (pentru varianta &#8222;sub chiuveta&#8221;, este necesar chitul de instalare si bateria speciala). Acest lucru este un avantaj major, deoarece in cazul schimbarii locatiei de utilizare, se poate opta pentru instalarea acestuia pe blatul de bucatarie sau sub blat.<\/span><\/li>\n<\/ul>\n<p><span style=\"font-family: tahoma, arial, helvetica, sans-serif; font-size: 110%;\"><strong>Caracteristici tehnice <\/strong>\u00a0&#8211; aspect ionizator: argintiu &#8211; foarte elegant si foarte frumos &#8211; cu ecran imens, tactil. Vezi si descriere in engleza: <a href=\"https:\/\/azura.ro\/wp-content\/uploads\/2020\/06\/Ionizator-mediqua-ak-2000-EN.pdf\" target=\"_blank\" rel=\"noopener noreferrer\">Ionizator Mediqua AK-2000<\/a><\/span><\/p>\n<ul>\n<li><span style=\"font-family: tahoma, arial, helvetica, sans-serif; font-size: 110%;\">9 placi din titan acoperite cu platina &#8211; placi intregi si solide (nu de tip plasa\/mesh ca cele prezente in ionizatoarele ieftine). Dimensiunea unei placi este de 53 x 146 x 5 mm;<\/span><\/li>\n<li><span style=\"font-family: tahoma, arial, helvetica, sans-serif; font-size: 110%;\">Tehnologie UV (raze cu ultraviolete) pentru distrugerea bacteriilor, virusurilor si chisturilor de criptosporidium si giardia. Acest ionizator are un sistem unic de UV, care functioneaza doar in momentul in care apa trece prin ionizator;<\/span><\/li>\n<li><span style=\"font-family: tahoma, arial, helvetica, sans-serif; font-size: 110%;\">Indicator automat pentru durata de viata a filtrelor &#8211; pe display este aratata durata de viata a acestora;<\/span><\/li>\n<li><span style=\"font-family: tahoma, arial, helvetica, sans-serif; font-size: 110%;\">Voce care anunta tipul de nivel selectat;<\/span><\/li>\n<li><span style=\"font-family: tahoma, arial, helvetica, sans-serif; font-size: 110%;\">Display LCD color care arata majoritatea functiilor importante &#8211; la fiecare nivel de alcalinizare, culoarea ecranului se schimba;<\/span><\/li>\n<li><span style=\"font-family: tahoma, arial, helvetica, sans-serif; font-size: 110%;\">Sistem dual de filtrare cu multiple straturi, pentru fiecare filtru in parte;<\/span><\/li>\n<li><span style=\"font-family: tahoma, arial, helvetica, sans-serif; font-size: 110%;\">Obtinerea unui pH incredibil, intre 3 &#8211; 10;<\/span><\/li>\n<li><span style=\"font-family: tahoma, arial, helvetica, sans-serif; font-size: 110%;\">Valori de pH posibile: 4 nivele pentru apa alcalina, 4 nivele pentru apa acida, 1 nivel de apa cu pH neutru (apa purificata);<\/span><\/li>\n<li><span style=\"font-family: tahoma, arial, helvetica, sans-serif; font-size: 110%;\">Nivelul de pH si ORP este programabil &#8211; poate fi ajustat manual;<\/span><\/li>\n<li><span style=\"font-family: tahoma, arial, helvetica, sans-serif; font-size: 110%;\">Butoane de tip Touch;<\/span><\/li>\n<li><span style=\"font-family: tahoma, arial, helvetica, sans-serif; font-size: 110%;\">Sistem de alimentare SMPS &#8211; 368W pentru obtinerea unui pH stabil;<\/span><\/li>\n<li><span style=\"font-family: tahoma, arial, helvetica, sans-serif; font-size: 110%;\">ORP pentru apa alcalina: &#8211; 650 &#8211; 850 (depinde de calitatea apei);<\/span><\/li>\n<li><span style=\"font-family: tahoma, arial, helvetica, sans-serif; font-size: 110%;\">Furtun flexibil din inox &#8211; otel 100%, pentru consumul apei;<\/span><\/li>\n<li><span style=\"font-family: tahoma, arial, helvetica, sans-serif; font-size: 110%;\">Sistem unic de autocuratare;<\/span><\/li>\n<li><span style=\"font-family: tahoma, arial, helvetica, sans-serif; font-size: 110%;\">Diagnosticare automata cu eroare pe ecran, daca este cazul.<\/span><\/li>\n<\/ul>\n<p><span style=\"font-family: tahoma, arial, helvetica, sans-serif; font-size: 110%;\">&#8211;\u00a0 indeparteaza apa din cele doua filtre dupa fiecare utilizare;<\/span><br \/>\n<span style=\"font-family: tahoma, arial, helvetica, sans-serif; font-size: 110%;\">&#8211;\u00a0 efectueaza o curatare in camera de electroliza, dupa fiecare utilizare;<\/span><br \/>\n<span style=\"font-family: tahoma, arial, helvetica, sans-serif; font-size: 110%;\">&#8211;\u00a0 efectueaza o curatare dupa fiecare schimbare a filtrelor;<\/span><br \/>\n<span style=\"font-family: tahoma, arial, helvetica, sans-serif; font-size: 110%;\">&#8211;\u00a0 efectueaza o curatare suplimentara la fiecare 20 l utilizati fara intrerupere (se poate seta ca aceasta curatare sa intervina la 10, 20 sau 30 l) &#8211; acest lucru depinde de duritatea apei si incarcatura acesteia (TDS-ul apei);<\/span><br \/>\n<span style=\"font-family: tahoma, arial, helvetica, sans-serif; font-size: 110%;\">&#8211;\u00a0 efectueaza o curatare daca de exemplu, curentul este taiat brusc;<\/span><br \/>\n<span style=\"font-family: tahoma, arial, helvetica, sans-serif; font-size: 110%;\">&#8211;\u00a0 efectueaza o curatare daca aparatul nu a fost utilizat mai mult de 24 H<\/span><\/p>\n<p><span style=\"font-family: tahoma, arial, helvetica, sans-serif; font-size: 110%;\"><strong>Alte specificatii tehnice Mediqua AK-2000<\/strong>:<\/span><\/p>\n<p><span style=\"font-family: tahoma, arial, helvetica, sans-serif; font-size: 110%;\">Dimensiuni: 35 cm x 35 cm x 15 cm<\/span><br \/>\n<span style=\"font-family: tahoma, arial, helvetica, sans-serif; font-size: 110%;\">Greutate: 5,5 kg, cu ambalaj 7,5 kg.<\/span><\/p>\n<p><span style=\"font-family: tahoma, arial, helvetica, sans-serif; font-size: 110%;\"><strong>Sistemul de filtrare din interior, creat pentru o apa pura si gustoasa:<\/strong><\/span><\/p>\n<p><span style=\"font-family: tahoma, arial, helvetica, sans-serif; font-size: 110%;\">Acest ionizator este conceput pentru a obtine nu numai o apa alcalina ionizata de calitate superioara, dar si o apa foarte bine filtrata si dezinfectata. Sistemul de filtrare\/purificare este construit din doua filtre cu multiple straturi ce sunt consumabile si un sterilizator UV ce nu se schimba (durata de viata aproximativa 20 ani). Sistemul UV (ultraviolete) este conceput pentru a distruge: bacterii, virusuri, chisturi, fungi.<\/span><\/p>\n<p><span style=\"font-family: tahoma, arial, helvetica, sans-serif; font-size: 110%;\">Sistemul de filtrare, asa cum a fost descris mai sus, este conceput din doua filtre si anume:<\/span><\/p>\n<p><span style=\"font-family: tahoma, arial, helvetica, sans-serif; font-size: 110%;\">Filtrul nr. 1<\/span><\/p>\n<p><span style=\"font-family: tahoma, arial, helvetica, sans-serif; font-size: 110%;\">Filtrul de schimb 1ST Mediqua AK-2000 &#8211; este compus din:<\/span><\/p>\n<ul>\n<li><span style=\"font-family: tahoma, arial, helvetica, sans-serif; font-size: 110%;\">4 straturi de filtrare si anume: polipropilena pura de inalta densitate 10 microni; polipropilena pura de inalta densitate 5 microni; carbune activat obtinut din coaja de nuca de cocos;\u00a0 polipropilena pura de inalta densitate 5 microni.<\/span><\/li>\n<li><span style=\"font-family: tahoma, arial, helvetica, sans-serif; font-size: 110%;\">Durata de viata 4000 litri<\/span><\/li>\n<\/ul>\n<p><span style=\"font-family: tahoma, arial, helvetica, sans-serif; font-size: 110%;\">Filtrul nr. 2:<\/span><\/p>\n<p><span style=\"font-family: tahoma, arial, helvetica, sans-serif; font-size: 110%;\">Filtrul de schimb 2ND Mediqua AK-2000 &#8211; este compus din:<\/span><\/p>\n<ul>\n<li><span style=\"font-family: tahoma, arial, helvetica, sans-serif; font-size: 110%;\">6 straturi si anume:\u00a0polipropilena pura de inalta densitate 5 microni; carbune activat obtinut din coaja de nuca de cocos; polipropilena pura de inalta densitate 5 microni;\u00a0carbune activat obtinut din coaja de nuca de cocos; bile ceramice din calciu, pentru filtrarea clorului si a cloraminei; polipropilena pura de inalta densitate 5 microni.<\/span><\/li>\n<li><span style=\"font-family: tahoma, arial, helvetica, sans-serif; font-size: 110%;\">Durata de viata 8000 litri<\/span><\/li>\n<\/ul>\n<p><span style=\"font-family: tahoma, arial, helvetica, sans-serif; font-size: 110%;\">Unde se utilizeaza si pentru ce?<\/span><\/p>\n<ul>\n<li><span style=\"font-family: tahoma, arial, helvetica, sans-serif; font-size: 110%;\">Se utilizeaza pentru consumul de apa alcalina (apa detoxifianta imbogatita cu hidrogen molecular (ioni de hidroxil);<\/span><\/li>\n<li><span style=\"font-family: tahoma, arial, helvetica, sans-serif; font-size: 110%;\">Se utilizeaza apa acida pentru uz extern, cu multiple aplicatii: dezinfectie, arsuri, iritatii, matreata si multe altele; Detine analiza de apa in care este demonstrat faptul ca apa acida are capacitate de dezinfectie;<\/span>\n<ul>\n<li><span style=\"font-family: tahoma, arial, helvetica, sans-serif; font-size: 110%;\">Se utilizeaza doar cu apa declarata potabila, din retelele de apa controlate, dezinfectate cu agenti de dezinfectie. Rolul filtrelor din interior este sa corecteze apa din retelele publice, sa elimine clorul, trihalometanul, metalul greu, rugina si nisipul, sa distruga chisturile de criptosporidium si giardia (ce sunt rezistente la clor) sa distruga bacterii si virusuri, ce pot contamina accidental apa. In cazul in care apa dvs. nu este dintr-o retea publica si verificata precum apa de foraj\/put, captare din izvoare) este necesar sa efectuati un buletin de analiza si sa ni-l trimiteti prin email. Echipa noastra va poate consilia in obtinerea unei ape potabile, care sa poate fi utilizata impreuna cu ionizatorul Mediaqua AK-2000. Puteti verifica in acest sens o multime de proiecte pentru potabilizare, prin sectiunea din site-ul nostru: <a href=\"https:\/\/azura.ro\/category\/echipamente-instalate\/\" target=\"_blank\" rel=\"noopener noreferrer\">Echipamente instalate<\/a><\/span><\/li>\n<\/ul>\n<\/li>\n<li><span style=\"font-family: tahoma, arial, helvetica, sans-serif; font-size: 110%;\">Se utilizeaza la un singur punct de consum, precum cel de la bucatarie. Este indicat ca ionizatorul sa fie contectat la bucatarie, langa chiuveta. Acest echipament nu se poate instala pentru a obtine apa alcalina sau apa acida pentru toata casa ci doar pentru un punct de consum.<\/span><\/li>\n<li><span style=\"font-family: tahoma, arial, helvetica, sans-serif; font-size: 110%;\">Se utilizeaza doar cu apa rece, in niciun caz cu apa calda (obtinuta de la conducta de apa calda)<\/span><\/li>\n<\/ul>\n<p><span style=\"font-family: tahoma, arial, helvetica, sans-serif; font-size: 110%;\">Amplasarea ionizatorului Mediqua AK-2000<\/span><\/p>\n<p><span style=\"font-family: tahoma, arial, helvetica, sans-serif; font-size: 110%;\">Se va instala la bucatarie, cu pozitionarea aparatului pe blat sau pe chiuveta. In cazul achizitiei modelului &#8222;Montare sub chiuveta&#8221; veti primi un chit de instalare ce include o baterie moderna si accesoriile necesare pentru ca aparatul sa poate fi convertit &#8222;Sub Chiuveta&#8221;. Chitul de instalare &#8222;sub chiuveta&#8221; se poate achizitiona si separat.<\/span><\/p>\n<h3><span style=\"font-size: 110%; font-family: tahoma, arial, helvetica, sans-serif;\">Prezentarea ionizatorului Mediqua AK-2000, in imagini video:<\/span><\/h3>\n<p><iframe loading=\"lazy\" title=\"[Mediqua_ak 2000]\" width=\"1020\" height=\"574\" src=\"https:\/\/www.youtube.com\/embed\/mH2rSTeCF2M?start=27&#038;feature=oembed\" frameborder=\"0\" allow=\"accelerometer; autoplay; clipboard-write; encrypted-media; gyroscope; picture-in-picture; web-share\" referrerpolicy=\"strict-origin-when-cross-origin\" allowfullscreen><\/iframe><\/p>\n<p><iframe loading=\"lazy\" title=\"What is alkaline ionic water?\" width=\"1020\" height=\"574\" src=\"https:\/\/www.youtube.com\/embed\/aozQYD3n9zs?feature=oembed\" frameborder=\"0\" allow=\"accelerometer; autoplay; clipboard-write; encrypted-media; gyroscope; picture-in-picture; web-share\" referrerpolicy=\"strict-origin-when-cross-origin\" allowfullscreen><\/iframe><\/p>\n<p><span style=\"font-family: tahoma, arial, helvetica, sans-serif; font-size: 110%;\"><strong>Garantie: 3 ani<\/strong><\/span><\/p>\n<p><span style=\"font-family: tahoma, arial, helvetica, sans-serif; font-size: 110%;\">Produs de catre compania Jinnys CO, LDT (Coreea de Sud).<\/span><\/p>\n<p>&nbsp;<\/p>\n<p>&nbsp;<\/p>\n<p>&nbsp;<\/p>\n<p>&nbsp;<\/p>\n","protected":false},"excerpt":{"rendered":"<p><span style=\"color: #d0121a; font-size: 100%; font-family: tahoma, arial, helvetica, sans-serif;\">Oferta especial:<\/span><\/p>\n<ul>\n<li><span style=\"font-family: tahoma, arial, helvetica, sans-serif; font-size: 105%;\">Primiti gratuit o pompita de curatare a aparatului, mai exact de decalcifiere pentru eliminarea calcarului in interiorul acestuia, restabilind astfel performanta si calitatea apei. Pompita nu se vinde separat. Se ofera cadou la achizitia ionizarului, impreuna cu un video ce explica pas cu pas procedura de curatare.<\/span><\/li>\n<\/ul>\n<p><span style=\"font-family: tahoma, arial, helvetica, sans-serif; font-size: 100%;\"><a href=\"https:\/\/azura.ro\/es\/100-30-dias-de-garantia-de-devolucion\/\"><img decoding=\"async\" class=\"alignnone wp-image-7307\" src=\"https:\/\/azura.ro\/wp-content\/uploads\/2016\/06\/Garantie-retur.png\" alt=\"100 d\u00edas de garant\u00eda de devoluci\u00f3n\" width=\"102\" height=\"124\" \/><\/a><a href=\"https:\/\/azura.ro\/es\/service\/\"><img decoding=\"async\" class=\"alignnone wp-image-7308\" src=\"https:\/\/azura.ro\/wp-content\/uploads\/2016\/06\/Service.png\" alt=\"Ofrecemos servicio 7 d\u00edas a la semana\" width=\"102\" height=\"102\" srcset=\"https:\/\/azura.ro\/wp-content\/uploads\/2016\/06\/Service.png 189w, https:\/\/azura.ro\/wp-content\/uploads\/2016\/06\/Service-100x100.png 100w, https:\/\/azura.ro\/wp-content\/uploads\/2016\/06\/Service-150x150.png 150w\" sizes=\"(max-width: 102px) 100vw, 102px\" \/><\/a><a href=\"https:\/\/azura.ro\/es\/3-anos-de-garantia\/\" rel=\"attachment wp-att-12368\"><img decoding=\"async\" class=\"alignnone wp-image-12368\" src=\"https:\/\/azura.ro\/wp-content\/uploads\/2018\/08\/3-ani-garantie.png\" alt=\"\" width=\"97\" height=\"124\" \/><\/a><\/span><\/p>\n<p><span style=\"font-family: tahoma, arial, helvetica, sans-serif; font-size: 100%;\"><a href=\"https:\/\/azura.ro\/es\/100-30-dias-de-garantia-de-devolucion\/\" target=\"_blank\" rel=\"noopener noreferrer\">Ofrecemos garant\u00eda de satisfacci\u00f3n con pol\u00edtica de devoluci\u00f3n de 30 d\u00edas;<\/a><\/span><br \/>\n<span style=\"font-family: tahoma, arial, helvetica, sans-serif; font-size: 100%;\">O<a href=\"https:\/\/azura.ro\/es\/service\/\" target=\"_blank\" rel=\"noopener noreferrer\">Prestamos servicio especializado en Ruman\u00eda \u00a1Cualquier problema t\u00e9cnico se resuelve en Ruman\u00eda!<br \/>\n<\/a><a href=\"https:\/\/azura.ro\/es\/3-anos-de-garantia\/\" target=\"_blank\" rel=\"noopener noreferrer\">Ofrecemos 3 a\u00f1os de garant\u00eda contra defectos de fabricaci\u00f3n<\/a><a href=\"https:\/\/azura.ro\/es\/3-anos-de-garantia\/\" target=\"_blank\" rel=\"noopener noreferrer\">;<\/a><\/span><\/p>\n<p>&nbsp;<\/p>\n<p><span style=\"font-size: 85%;\" data-nosnippet=\"true\"><i>El precio de venta del AEE incluye el valor del coste del \"sello verde<u>seg\u00fan GEO 5\/2015<\/u><\/i><\/span><\/p>","protected":false},"featured_media":68927,"comment_status":"open","ping_status":"closed","template":"","meta":{"_seopress_robots_primary_cat":"none","_seopress_titles_title":"","_seopress_titles_desc":"","_seopress_robots_index":""},"product_brand":[],"product_cat":[116],"product_tag":[948,1250,321,1251,995,322,1249,1132],"class_list":{"0":"post-25663","1":"product","2":"type-product","3":"status-publish","4":"has-post-thumbnail","6":"product_cat-ionizatoare-de-apa","7":"product_tag-9-placi-titan-cu-platina","8":"product_tag-ak-2000","9":"product_tag-apa-alcalina","10":"product_tag-apa-cu-hidrogen-molecular","11":"product_tag-apa-hidrogenata","12":"product_tag-ionizator-apa","13":"product_tag-mediqua","14":"product_tag-orp-negativ","15":"pa_amplasare-deasuprachiuvetei","16":"pa_brand-mediqua-jynnys","18":"first","19":"instock","20":"sale","21":"taxable","22":"shipping-taxable","23":"purchasable","24":"product-type-simple"},"_links":{"self":[{"href":"https:\/\/azura.ro\/es\/wp-json\/wp\/v2\/product\/25663","targetHints":{"allow":["GET"]}}],"collection":[{"href":"https:\/\/azura.ro\/es\/wp-json\/wp\/v2\/product"}],"about":[{"href":"https:\/\/azura.ro\/es\/wp-json\/wp\/v2\/types\/product"}],"replies":[{"embeddable":true,"href":"https:\/\/azura.ro\/es\/wp-json\/wp\/v2\/comments?post=25663"}],"wp:featuredmedia":[{"embeddable":true,"href":"https:\/\/azura.ro\/es\/wp-json\/wp\/v2\/media\/68927"}],"wp:attachment":[{"href":"https:\/\/azura.ro\/es\/wp-json\/wp\/v2\/media?parent=25663"}],"wp:term":[{"taxonomy":"product_brand","embeddable":true,"href":"https:\/\/azura.ro\/es\/wp-json\/wp\/v2\/product_brand?post=25663"},{"taxonomy":"product_cat","embeddable":true,"href":"https:\/\/azura.ro\/es\/wp-json\/wp\/v2\/product_cat?post=25663"},{"taxonomy":"product_tag","embeddable":true,"href":"https:\/\/azura.ro\/es\/wp-json\/wp\/v2\/product_tag?post=25663"}],"curies":[{"name":"wp","href":"https:\/\/api.w.org\/{rel}","templated":true}]}}