{"id":266,"date":"2014-04-07T15:20:43","date_gmt":"2014-04-07T13:20:43","guid":{"rendered":"http:\/\/dev02.websynapse.ro\/product\/post-filtru-carbune-activat-granular\/"},"modified":"2026-03-02T19:39:17","modified_gmt":"2026-03-02T17:39:17","slug":"post-filtro-de-carbon-activo-granular","status":"publish","type":"product","link":"https:\/\/azura.ro\/es\/produs\/post-filtru-carbune-activat-granular\/","title":{"rendered":"POST FILTRO DE CARB\u00d3N ACTIVO GRANULAR T33 TF"},"content":{"rendered":"<h2><span style=\"font-family: tahoma, arial, helvetica, sans-serif; font-size: 110%;\">Post filtru cu carbune activat granular, TF<\/span><\/h2>\n<p><span style=\"font-family: tahoma, arial, helvetica, sans-serif; font-size: 110%;\">Modelul T33 inseamna un filtru cu diametrul de 2 toli ce se instaleaza dupa membrana de osmoza inversa\/nanofiltrare\/ultrafiltrare, de aceea se numeste si Post Filtru. Rolul lui este de a corecta gustul si mirosul apei, avand un continut de carbune activat. In acest caz, filtrul T33 contine carbune activat granular obtinut din coaja de nuca de cocos.<\/span><\/p>\n<p><span style=\"font-family: tahoma, arial, helvetica, sans-serif; font-size: 110%;\">TF inseamna tipul de conexiune. THREAD FEMALE = conectare pe baza de filet de tip mama. In acest caz filetul este de 1\/4 toli. Cu alte cuvinte este necesara cupla de tip Tata. Pe filetul cuplei, se va adauga intotdeauna banda de teflon iar cupla se va strange doar cu mana, fara scule de forta (cleste, patent).<\/span><\/p>\n<p><span style=\"font-family: tahoma, arial, helvetica, sans-serif; font-size: 110%;\"><span style=\"color: #d83131;\"><strong>Atenci\u00f3n:<\/strong> <\/span>El hecho de que un filtro lleve la etiqueta T33 no significa que siempre tenga el mismo material filtrante. Puede diferir en contenido, pero no en calidad. T33 es s\u00f3lo un nombre gen\u00e9rico para un determinado tipo de filtro que tiene una determinada finalidad y un determinado tama\u00f1o\/forma.<\/span><\/p>\n<p><span style=\"font-family: tahoma, arial, helvetica, sans-serif; font-size: 110%;\">Vida \u00fatil: 1500 galones (5677 L de agua). La vida \u00fatil depende de la calidad del agua filtrada y de los contaminantes del agua. Como per\u00edodo de sustituci\u00f3n se recomienda utilizar un m\u00e1ximo de 12 meses.\u00a0<\/span><\/p>\n<p><span style=\"font-family: tahoma, arial, helvetica, sans-serif; font-size: 110%;\">Mantenimiento: no hay mantenimiento, el filtro se cambiar\u00e1 en el periodo mencionado anteriormente.<\/span><\/p>\n<h3><span style=\"font-family: tahoma, arial, helvetica, sans-serif; font-size: 110%;\">Specificatii tehnice Post Filtru Carbune Activat T33 TF<br \/>\n<\/span><\/h3>\n<ul>\n<li><span style=\"font-family: tahoma, arial, helvetica, sans-serif; font-size: 110%;\">Tama\u00f1o: 53 mm x 254 mm (\u2205 x L);<\/span><\/li>\n<li><span style=\"font-family: tahoma, arial, helvetica, sans-serif; font-size: 110%;\">Conexiuni intrare\/iesire: filet de tip mama, dimensiune 1\/4 toli;<\/span><\/li>\n<li><span style=\"font-family: tahoma, arial, helvetica, sans-serif; font-size: 110%;\">Continut: carbune activat din coaja de nuca de cocos;<\/span><\/li>\n<\/ul>\n<h3><span style=\"font-family: tahoma, arial, helvetica, sans-serif; font-size: 110%;\">Precautii in utilizare si recomandari Post Filtru Carbune Activat Granular T33 TF<br \/>\n<\/span><\/h3>\n<ul>\n<li><span style=\"font-family: tahoma, arial, helvetica, sans-serif; font-size: 110%;\">Antes de consumir el agua, hay que hacer pasar al menos 10 litros de agua por el filtro;<\/span><\/li>\n<li><span style=\"font-family: tahoma, arial, helvetica, sans-serif; font-size: 110%;\">Preste atenci\u00f3n a la direcci\u00f3n en la que el agua pasa a trav\u00e9s del filtro, indicada por una flecha en la etiqueta del producto;<\/span><\/li>\n<li><span style=\"font-family: tahoma, arial, helvetica, sans-serif; font-size: 110%;\">Necesita suplimentar cuple de tip Male cu filet pe o parte si cu conectare rapida pe cealalta parte.;<\/span><\/li>\n<li><span style=\"font-family: tahoma, arial, helvetica, sans-serif; font-size: 110%;\">Tambi\u00e9n se pueden utilizar los acoplamientos antiguos del filtro existente;<\/span><\/li>\n<li><span style=\"font-family: tahoma, arial, helvetica, sans-serif; font-size: 110%;\">El filtro puede contener tapones de pl\u00e1stico en los dos stents de conexi\u00f3n. En tal caso, deben retirarse;<\/span><\/li>\n<li><span style=\"font-family: tahoma, arial, helvetica, sans-serif; font-size: 110%;\">S\u00f3lo debe utilizarse para filtrar agua fr\u00eda, nunca agua caliente;<\/span><\/li>\n<li><span style=\"font-family: tahoma, arial, helvetica, sans-serif; font-size: 110%;\">Nu utilizati cu apa care este nesigura din punct de vedere microbiologic ori cu apa careia nu-i cunoasteti calitatea, fara ca in prealabil sa se fi aplicat dezinfectia apei, inainte si dupa filtru.<\/span><\/li>\n<\/ul>\n<p><span style=\"font-family: tahoma, arial, helvetica, sans-serif; font-size: 110%;\">Certificaci\u00f3n: NSF, s\u00f3lo para los materiales utilizados en la fabricaci\u00f3n.<\/span><\/p>\n<p><span style=\"font-family: tahoma, arial, helvetica, sans-serif; font-size: 110%;\">Pa\u00eds de origen: Taiw\u00e1n<\/span><\/p>","protected":false},"excerpt":{"rendered":"<ul>\n<li><span style=\"font-family: tahoma, arial, helvetica, sans-serif; font-size: 110%;\">Post filtru cu carbune activat<\/span><\/li>\n<li><span style=\"font-family: tahoma, arial, helvetica, sans-serif; font-size: 110%;\">Carb\u00f3n activado de c\u00e1scara de coco<\/span><\/li>\n<li><span style=\"font-family: tahoma, arial, helvetica, sans-serif; font-size: 110%;\">Conexiuni pe filet de tip &#8222;Mama&#8221;<\/span><\/li>\n<\/ul>","protected":false},"featured_media":69428,"comment_status":"open","ping_status":"closed","template":"","meta":{"_seopress_robots_primary_cat":"none","_seopress_titles_title":"","_seopress_titles_desc":"Post filtru carbune activat granular","_seopress_robots_index":""},"product_brand":[],"product_cat":[1137],"product_tag":[417,420,419,2033,2034],"class_list":{"0":"post-266","1":"product","2":"type-product","3":"status-publish","4":"has-post-thumbnail","6":"product_cat-cartuse-filtre-bucatarie","7":"product_tag-post-filtru-carbune-activ","8":"product_tag-post-filtru-carbune-activat-granular","9":"product_tag-post-filtru-gac","10":"product_tag-t33","11":"product_tag-tf","13":"first","14":"instock","15":"taxable","16":"shipping-taxable","17":"purchasable","18":"product-type-simple"},"_links":{"self":[{"href":"https:\/\/azura.ro\/es\/wp-json\/wp\/v2\/product\/266","targetHints":{"allow":["GET"]}}],"collection":[{"href":"https:\/\/azura.ro\/es\/wp-json\/wp\/v2\/product"}],"about":[{"href":"https:\/\/azura.ro\/es\/wp-json\/wp\/v2\/types\/product"}],"replies":[{"embeddable":true,"href":"https:\/\/azura.ro\/es\/wp-json\/wp\/v2\/comments?post=266"}],"wp:featuredmedia":[{"embeddable":true,"href":"https:\/\/azura.ro\/es\/wp-json\/wp\/v2\/media\/69428"}],"wp:attachment":[{"href":"https:\/\/azura.ro\/es\/wp-json\/wp\/v2\/media?parent=266"}],"wp:term":[{"taxonomy":"product_brand","embeddable":true,"href":"https:\/\/azura.ro\/es\/wp-json\/wp\/v2\/product_brand?post=266"},{"taxonomy":"product_cat","embeddable":true,"href":"https:\/\/azura.ro\/es\/wp-json\/wp\/v2\/product_cat?post=266"},{"taxonomy":"product_tag","embeddable":true,"href":"https:\/\/azura.ro\/es\/wp-json\/wp\/v2\/product_tag?post=266"}],"curies":[{"name":"wp","href":"https:\/\/api.w.org\/{rel}","templated":true}]}}