{"id":28864,"date":"2020-10-03T16:08:57","date_gmt":"2020-10-03T13:08:57","guid":{"rendered":"https:\/\/azura.ro\/?post_type=product&#038;p=28864"},"modified":"2026-02-07T18:41:42","modified_gmt":"2026-02-07T16:41:42","slug":"1er-cartucho-filtrante-antibacteriano-osmoazura-ro100","status":"publish","type":"product","link":"https:\/\/azura.ro\/es\/produs\/cartus-filtrant-1st-antibacterian-osmoazura-ro100\/","title":{"rendered":"1ER CARTUCHO FILTRANTE ANTIBACTERIAS RO100 \/ NF85"},"content":{"rendered":"<p><span style=\"font-family: tahoma, arial, helvetica, sans-serif; font-size: 110%;\">Cartucho filtrante encapsulado paso 1, con medio filtrante de polipropileno puro que contiene nano zinc, con efecto antibacteriano.<\/span><\/p>\n<p><span style=\"font-family: tahoma, arial, helvetica, sans-serif; font-size: 110%;\">El cartucho filtrante es transl\u00facido, por lo que podr\u00e1 ver cu\u00e1ndo cambia de color debido a la carga de sedimentos.<\/span><\/p>\n<p><span style=\"font-family: tahoma, arial, helvetica, sans-serif; font-size: 110%;\">Grado de filtraci\u00f3n: 5 micras.<\/span><br \/>\n<span style=\"font-family: tahoma, arial, helvetica, sans-serif; font-size: 110%;\">Efecto antibacteriano: 99% tasa de eliminaci\u00f3n de bacterias.<\/span><\/p>\n<p><span style=\"font-family: tahoma, arial, helvetica, sans-serif; font-size: 110%;\">Periodo de sustituci\u00f3n: de 4 a 6 meses, dependiendo de la calidad del agua y del volumen de agua consumida.<\/span><\/p>\n<p><span style=\"font-family: tahoma, arial, helvetica, sans-serif; font-size: 110%;\">Compatibilidad: con OSMOAZURA ULTRA SMART RO100 y NANOAZURA ULTRA SMART NF85.<\/span><\/p>\n<p><span style=\"font-family: tahoma, arial, helvetica, sans-serif; font-size: 110%;\">Precauciones de uso:<\/span><\/p>\n<ul>\n<li><span style=\"font-family: tahoma, arial, helvetica, sans-serif; font-size: 110%;\">al cambiar este cartucho es necesario cerrar el agua y abrir el grifo de agua filtrada para despresurizar;<\/span><\/li>\n<li><span style=\"font-family: tahoma, arial, helvetica, sans-serif; font-size: 110%;\">antes de consumir, haga pasar unos 3 litros de agua por el filtro nuevo<\/span><\/li>\n<li><span style=\"font-family: tahoma, arial, helvetica, sans-serif; font-size: 110%;\">Despu\u00e9s del cambio, durante unos d\u00edas, ver\u00e1 finas burbujas de aire en el vaso. Esto es absolutamente normal y ocurrir\u00e1 hasta que el medio filtrante est\u00e9 completamente empapado.<\/span><\/li>\n<\/ul>","protected":false},"excerpt":{"rendered":"<p>Cartus filtrant capsulat treapta 1, cu mediu filtrant polipropilena pura ce contine nano zinc, cu efect antibacterian. Cartusul filtrant este translucid, pentru a se putea vedea cand anume se schimba la culoare, din cauza incarcarii cu sediment. Gradul de filtrare: 5 microni. Efect antibacterian: 99% rata de distrugere a bacteriilor. Perioada de schimb: 4 &#8211; [&#8230;]\n","protected":false},"featured_media":70413,"comment_status":"open","ping_status":"closed","template":"","meta":{"_seopress_robots_primary_cat":"none","_seopress_titles_title":"","_seopress_titles_desc":"","_seopress_robots_index":""},"product_brand":[],"product_cat":[1137],"product_tag":[1446],"class_list":{"0":"post-28864","1":"product","2":"type-product","3":"status-publish","4":"has-post-thumbnail","6":"product_cat-cartuse-filtre-bucatarie","7":"product_tag-osmoazura-ultra-smart-ro100","9":"first","10":"instock","11":"taxable","12":"shipping-taxable","13":"purchasable","14":"product-type-simple"},"_links":{"self":[{"href":"https:\/\/azura.ro\/es\/wp-json\/wp\/v2\/product\/28864","targetHints":{"allow":["GET"]}}],"collection":[{"href":"https:\/\/azura.ro\/es\/wp-json\/wp\/v2\/product"}],"about":[{"href":"https:\/\/azura.ro\/es\/wp-json\/wp\/v2\/types\/product"}],"replies":[{"embeddable":true,"href":"https:\/\/azura.ro\/es\/wp-json\/wp\/v2\/comments?post=28864"}],"wp:featuredmedia":[{"embeddable":true,"href":"https:\/\/azura.ro\/es\/wp-json\/wp\/v2\/media\/70413"}],"wp:attachment":[{"href":"https:\/\/azura.ro\/es\/wp-json\/wp\/v2\/media?parent=28864"}],"wp:term":[{"taxonomy":"product_brand","embeddable":true,"href":"https:\/\/azura.ro\/es\/wp-json\/wp\/v2\/product_brand?post=28864"},{"taxonomy":"product_cat","embeddable":true,"href":"https:\/\/azura.ro\/es\/wp-json\/wp\/v2\/product_cat?post=28864"},{"taxonomy":"product_tag","embeddable":true,"href":"https:\/\/azura.ro\/es\/wp-json\/wp\/v2\/product_tag?post=28864"}],"curies":[{"name":"wp","href":"https:\/\/api.w.org\/{rel}","templated":true}]}}