{"id":28869,"date":"2020-10-03T16:52:45","date_gmt":"2020-10-03T13:52:45","guid":{"rendered":"https:\/\/azura.ro\/?post_type=product&#038;p=28869"},"modified":"2026-02-07T18:41:42","modified_gmt":"2026-02-07T16:41:42","slug":"cartus-filtant-3rd-carbon-antiscale-osmoazura-ro100","status":"publish","type":"product","link":"https:\/\/azura.ro\/es\/produs\/cartus-filtant-3rd-carbon-antiscale-osmoazura-ro100\/","title":{"rendered":"3ER CARTUCHO FILTRANTE ANTICAL DE CARB\u00d3N RO100 \/ NF85"},"content":{"rendered":"<p><span style=\"font-size: 110%; font-family: tahoma, arial, helvetica, sans-serif;\">Cartus filtrant capsulat treapta 3, cu mediu filtrant carbon bloc antiscale obtinut din coaja de nuca de cocos in amestec cu mediu de filtrare anticalcar.<\/span><\/p>\n<p><span style=\"font-size: 110%; font-family: tahoma, arial, helvetica, sans-serif;\">Acest cartus elimina din apa: gust, miros, clor, trihalometani, substante organice, erbicide, pesticide, reziduuri de medicamente, insecticide, fenoli, hidrocarburi poliaromate si multe alte substante chimice. In plus, prin reteTa unica anticalcar, protejeaza importiva depunerilor atat membrana de osmoza inversa cat si pompa de presiune.<\/span><\/p>\n<p><span style=\"font-size: 110%; font-family: tahoma, arial, helvetica, sans-serif;\">Perioada de schimb: 12 luni, in functie de calitatea apei si de volumul de apa consumat.<\/span><\/p>\n<p><span style=\"font-size: 110%; font-family: tahoma, arial, helvetica, sans-serif;\">Compatibilidad: con OSMOAZURA ULTRA SMART RO100 y NANOAZURA ULTRA SMART NF85.<\/span><\/p>\n<p><span style=\"font-size: 110%; font-family: tahoma, arial, helvetica, sans-serif;\">Precautii in utilizare si avertizari:<\/span><\/p>\n<ul>\n<li><span style=\"font-size: 110%; font-family: tahoma, arial, helvetica, sans-serif;\">al cambiar este cartucho es necesario cerrar el agua y abrir el grifo de agua filtrada para despresurizar;<\/span><\/li>\n<li><span style=\"font-size: 110%; font-family: tahoma, arial, helvetica, sans-serif;\">inainte de consum, rulati prin noul filtru aproximativ 3 litri de apa;<\/span><\/li>\n<li><span style=\"font-size: 110%; font-family: tahoma, arial, helvetica, sans-serif;\">Despu\u00e9s del cambio, durante unos d\u00edas, ver\u00e1 finas burbujas de aire en el vaso. Esto es absolutamente normal y ocurrir\u00e1 hasta que el medio filtrante est\u00e9 completamente empapado.<\/span><\/li>\n<\/ul>","protected":false},"excerpt":{"rendered":"<p>Cartus filtrant capsulat treapta 3, cu mediu filtrant carbon bloc antiscale obtinut din coaja de nuca de cocos in amestec cu mediu de filtrare anticalcar. Acest cartus elimina din apa: gust, miros, clor, trihalometani, substante organice, erbicide, pesticide, reziduuri de medicamente, insecticide, fenoli, hidrocarburi poliaromate si multe alte substante chimice. In plus, prin reteTa unica [&#8230;]\n","protected":false},"featured_media":70415,"comment_status":"open","ping_status":"closed","template":"","meta":{"_seopress_robots_primary_cat":"none","_seopress_titles_title":"","_seopress_titles_desc":"","_seopress_robots_index":""},"product_brand":[],"product_cat":[1137],"product_tag":[1447],"class_list":{"0":"post-28869","1":"product","2":"type-product","3":"status-publish","4":"has-post-thumbnail","6":"product_cat-cartuse-filtre-bucatarie","7":"product_tag-carbon-antiscale","9":"first","10":"instock","11":"taxable","12":"shipping-taxable","13":"purchasable","14":"product-type-simple"},"_links":{"self":[{"href":"https:\/\/azura.ro\/es\/wp-json\/wp\/v2\/product\/28869","targetHints":{"allow":["GET"]}}],"collection":[{"href":"https:\/\/azura.ro\/es\/wp-json\/wp\/v2\/product"}],"about":[{"href":"https:\/\/azura.ro\/es\/wp-json\/wp\/v2\/types\/product"}],"replies":[{"embeddable":true,"href":"https:\/\/azura.ro\/es\/wp-json\/wp\/v2\/comments?post=28869"}],"wp:featuredmedia":[{"embeddable":true,"href":"https:\/\/azura.ro\/es\/wp-json\/wp\/v2\/media\/70415"}],"wp:attachment":[{"href":"https:\/\/azura.ro\/es\/wp-json\/wp\/v2\/media?parent=28869"}],"wp:term":[{"taxonomy":"product_brand","embeddable":true,"href":"https:\/\/azura.ro\/es\/wp-json\/wp\/v2\/product_brand?post=28869"},{"taxonomy":"product_cat","embeddable":true,"href":"https:\/\/azura.ro\/es\/wp-json\/wp\/v2\/product_cat?post=28869"},{"taxonomy":"product_tag","embeddable":true,"href":"https:\/\/azura.ro\/es\/wp-json\/wp\/v2\/product_tag?post=28869"}],"curies":[{"name":"wp","href":"https:\/\/api.w.org\/{rel}","templated":true}]}}