{"id":28877,"date":"2020-10-03T17:13:33","date_gmt":"2020-10-03T14:13:33","guid":{"rendered":"https:\/\/azura.ro\/?post_type=product&#038;p=28877"},"modified":"2026-02-07T18:41:42","modified_gmt":"2026-02-07T16:41:42","slug":"cartus-filtrant-2nd-carbon-gac-osmoazura-ro100","status":"publish","type":"product","link":"https:\/\/azura.ro\/es\/produs\/cartus-filtrant-2nd-carbon-gac-osmoazura-ro100\/","title":{"rendered":"2\u00ba CARTUCHO DE FILTRO DE CARB\u00d3N GAC RO100 \/ NF85"},"content":{"rendered":"<p><span style=\"font-family: tahoma, arial, helvetica, sans-serif; font-size: 110%;\">Cartus filtrant capsulat treapta 2, cu mediu filtrant carbon granular obtinut din coaja de nuca de cocos.<\/span><\/p>\n<p><span style=\"font-family: tahoma, arial, helvetica, sans-serif; font-size: 110%;\">Acest cartus elimina din apa: gust, miros, clor, trihalometani, substante organice, erbicide, pesticide, reziduuri de medicamente, insecticide, fenoli, hidrocarburi poliaromate si multe alte substante chimice.<\/span><\/p>\n<p><span style=\"font-family: tahoma, arial, helvetica, sans-serif; font-size: 110%;\">Perioada de schimb: 12 luni, in functie de calitatea apei si de volumul de apa consumat.<\/span><\/p>\n<p><span style=\"font-family: tahoma, arial, helvetica, sans-serif; font-size: 110%;\">Compatibilitate: cu purificatorul OSMOAZURA ULTRA SMART RO100 si cu NANOAZURA ULTRA SMART NF85.<\/span><\/p>\n<p><span style=\"font-family: tahoma, arial, helvetica, sans-serif; font-size: 110%;\">Precautii in utilizare si avertizari:<\/span><\/p>\n<ul>\n<li><span style=\"font-family: tahoma, arial, helvetica, sans-serif; font-size: 110%;\">al cambiar este cartucho es necesario cerrar el agua y abrir el grifo de agua filtrada para despresurizar;<\/span><\/li>\n<li><span style=\"font-family: tahoma, arial, helvetica, sans-serif; font-size: 110%;\">inainte de consum, rulati prin noul filtru aproximativ 3 litri de apa;<\/span><\/li>\n<li><span style=\"font-family: tahoma, arial, helvetica, sans-serif; font-size: 110%;\">Despu\u00e9s del cambio, durante unos d\u00edas, ver\u00e1 finas burbujas de aire en el vaso. Esto es absolutamente normal y ocurrir\u00e1 hasta que el medio filtrante est\u00e9 completamente empapado.<\/span><\/li>\n<\/ul>","protected":false},"excerpt":{"rendered":"<p>Cartus filtrant capsulat treapta 2, cu mediu filtrant carbon granular obtinut din coaja de nuca de cocos. Acest cartus elimina din apa: gust, miros, clor, trihalometani, substante organice, erbicide, pesticide, reziduuri de medicamente, insecticide, fenoli, hidrocarburi poliaromate si multe alte substante chimice. Perioada de schimb: 12 luni, in functie de calitatea apei si de volumul [&#8230;]\n","protected":false},"featured_media":70417,"comment_status":"open","ping_status":"closed","template":"","meta":{"_seopress_robots_primary_cat":"none","_seopress_titles_title":"","_seopress_titles_desc":"","_seopress_robots_index":""},"product_brand":[],"product_cat":[1137],"product_tag":[],"class_list":{"0":"post-28877","1":"product","2":"type-product","3":"status-publish","4":"has-post-thumbnail","6":"product_cat-cartuse-filtre-bucatarie","8":"first","9":"instock","10":"taxable","11":"shipping-taxable","12":"purchasable","13":"product-type-simple"},"_links":{"self":[{"href":"https:\/\/azura.ro\/es\/wp-json\/wp\/v2\/product\/28877","targetHints":{"allow":["GET"]}}],"collection":[{"href":"https:\/\/azura.ro\/es\/wp-json\/wp\/v2\/product"}],"about":[{"href":"https:\/\/azura.ro\/es\/wp-json\/wp\/v2\/types\/product"}],"replies":[{"embeddable":true,"href":"https:\/\/azura.ro\/es\/wp-json\/wp\/v2\/comments?post=28877"}],"wp:featuredmedia":[{"embeddable":true,"href":"https:\/\/azura.ro\/es\/wp-json\/wp\/v2\/media\/70417"}],"wp:attachment":[{"href":"https:\/\/azura.ro\/es\/wp-json\/wp\/v2\/media?parent=28877"}],"wp:term":[{"taxonomy":"product_brand","embeddable":true,"href":"https:\/\/azura.ro\/es\/wp-json\/wp\/v2\/product_brand?post=28877"},{"taxonomy":"product_cat","embeddable":true,"href":"https:\/\/azura.ro\/es\/wp-json\/wp\/v2\/product_cat?post=28877"},{"taxonomy":"product_tag","embeddable":true,"href":"https:\/\/azura.ro\/es\/wp-json\/wp\/v2\/product_tag?post=28877"}],"curies":[{"name":"wp","href":"https:\/\/api.w.org\/{rel}","templated":true}]}}