{"id":28881,"date":"2020-10-03T17:28:03","date_gmt":"2020-10-03T14:28:03","guid":{"rendered":"https:\/\/azura.ro\/?post_type=product&#038;p=28881"},"modified":"2026-04-21T16:14:06","modified_gmt":"2026-04-21T13:14:06","slug":"cartus-filtrant-6th-ph-alcalin-si-gac-osmoazura-ro100","status":"publish","type":"product","link":"https:\/\/azura.ro\/es\/produs\/cartus-filtrant-6th-ph-alcalin-si-gac-osmoazura-ro100\/","title":{"rendered":"CARTUCHO FILTRANTE 6\u00ba PH ALCALINO SI GAC RO100 \/ NF85"},"content":{"rendered":"<p><span style=\"font-size: 110%; font-family: tahoma, arial, helvetica, sans-serif;\">Cartus filtrant capsulat treapta 6, cu mediu filtrant carbon granular obtinut din coaja de nuca de cocos si calcit pentru cresterea si stabilizarea pH-ului apei. <\/span><\/p>\n<h2><span style=\"font-size: 110%; font-family: tahoma, arial, helvetica, sans-serif;\">Apa devine alcalina (sau creste alcalinitatea) prin utilizarea acestui cartus filtrant.<\/span><\/h2>\n<p><span style=\"font-size: 110%; font-family: tahoma, arial, helvetica, sans-serif;\">Este cartucho elimina: sabor, olor, cloro, trihalometanos, org\u00e1nicos, herbicidas, pesticidas, residuos de medicamentos, insecticidas, fenoles, hidrocarburos poliarom\u00e1ticos y muchos otros productos qu\u00edmicos del agua y aumenta el pH, haciendo que el agua sea alcalina.<\/span><\/p>\n<p><span style=\"font-size: 110%; font-family: tahoma, arial, helvetica, sans-serif;\">Mediante el uso de este cartucho de filtro:<\/span><\/p>\n<ul>\n<li><span style=\"font-size: 110%; font-family: tahoma, arial, helvetica, sans-serif;\">creste pH-ul apei cu aproximativ o unitate. De exemplu, daca apa are la intrarea in filtru un pH de 7, la iesire va avea aproximativ 8;<\/span><\/li>\n<li><span style=\"font-size: 110%; font-family: tahoma, arial, helvetica, sans-serif;\">El TDS del agua aumentar\u00e1 entre 10 y 20 unidades.<\/span><\/li>\n<\/ul>\n<p><span style=\"font-size: 110%; font-family: tahoma, arial, helvetica, sans-serif;\">Periodo de sustituci\u00f3n: 12 meses, dependiendo de la calidad del agua y del volumen de agua consumida.<\/span><\/p>\n<p><span style=\"font-size: 110%; font-family: tahoma, arial, helvetica, sans-serif;\">Compatibilidad: con OSMOAZURA ULTRA SMART RO100 y NANOAZURA ULTRA SMART NF85.<\/span><\/p>\n<p><span style=\"font-size: 110%; font-family: tahoma, arial, helvetica, sans-serif;\">Precauciones de uso y advertencias:<\/span><\/p>\n<ul>\n<li><span style=\"font-size: 110%; font-family: tahoma, arial, helvetica, sans-serif;\">al cambiar este cartucho es necesario cerrar el agua y abrir el grifo de agua filtrada para despresurizar;<\/span><\/li>\n<li><span style=\"font-size: 110%; font-family: tahoma, arial, helvetica, sans-serif;\">Antes de consumirla, haga pasar unos 3 litros de agua por el filtro nuevo;<\/span><\/li>\n<li><span style=\"font-size: 110%; font-family: tahoma, arial, helvetica, sans-serif;\">Despu\u00e9s del cambio, durante unos d\u00edas, ver\u00e1 finas burbujas de aire en el vaso. Esto es absolutamente normal y ocurrir\u00e1 hasta que el medio filtrante est\u00e9 completamente empapado.<\/span><\/li>\n<\/ul>","protected":false},"excerpt":{"rendered":"<p>Cartus filtrant capsulat treapta 6, cu mediu filtrant carbon granular obtinut din coaja de nuca de cocos si calcit pentru cresterea si stabilizarea pH-ului apei. Apa devine alcalina (sau creste alcalinitatea) prin utilizarea acestui cartus filtrant. Acest cartus elimina din apa: gust, miros, clor, trihalometani, substante organice, erbicide, pesticide, reziduuri de medicamente, insecticide, fenoli, hidrocarburi [&#8230;]\n","protected":false},"featured_media":70419,"comment_status":"open","ping_status":"closed","template":"","meta":{"_seopress_robots_primary_cat":"none","_seopress_titles_title":"","_seopress_titles_desc":"","_seopress_robots_index":""},"product_brand":[],"product_cat":[1137],"product_tag":[1263,1502,435,981,1504,1501],"class_list":{"0":"post-28881","1":"product","2":"type-product","3":"status-publish","4":"has-post-thumbnail","6":"product_cat-cartuse-filtre-bucatarie","7":"product_tag-filtru-alcalin","8":"product_tag-filtru-calcit","9":"product_tag-gac","10":"product_tag-ph-alcalin","11":"product_tag-post-filtru-alcalin","12":"product_tag-post-filtru-calcit","14":"first","15":"instock","16":"taxable","17":"shipping-taxable","18":"purchasable","19":"product-type-simple"},"_links":{"self":[{"href":"https:\/\/azura.ro\/es\/wp-json\/wp\/v2\/product\/28881","targetHints":{"allow":["GET"]}}],"collection":[{"href":"https:\/\/azura.ro\/es\/wp-json\/wp\/v2\/product"}],"about":[{"href":"https:\/\/azura.ro\/es\/wp-json\/wp\/v2\/types\/product"}],"replies":[{"embeddable":true,"href":"https:\/\/azura.ro\/es\/wp-json\/wp\/v2\/comments?post=28881"}],"wp:featuredmedia":[{"embeddable":true,"href":"https:\/\/azura.ro\/es\/wp-json\/wp\/v2\/media\/70419"}],"wp:attachment":[{"href":"https:\/\/azura.ro\/es\/wp-json\/wp\/v2\/media?parent=28881"}],"wp:term":[{"taxonomy":"product_brand","embeddable":true,"href":"https:\/\/azura.ro\/es\/wp-json\/wp\/v2\/product_brand?post=28881"},{"taxonomy":"product_cat","embeddable":true,"href":"https:\/\/azura.ro\/es\/wp-json\/wp\/v2\/product_cat?post=28881"},{"taxonomy":"product_tag","embeddable":true,"href":"https:\/\/azura.ro\/es\/wp-json\/wp\/v2\/product_tag?post=28881"}],"curies":[{"name":"wp","href":"https:\/\/api.w.org\/{rel}","templated":true}]}}