{"id":30945,"date":"2020-12-30T16:13:19","date_gmt":"2020-12-30T14:13:19","guid":{"rendered":"https:\/\/azura.ro\/?post_type=product&#038;p=30945"},"modified":"2025-08-04T17:57:34","modified_gmt":"2025-08-04T14:57:34","slug":"nanoazura-ultra-smart-nf85-apa-alcalina-hidrogenata","status":"publish","type":"product","link":"https:\/\/azura.ro\/es\/produs\/nanoazura-ultra-smart-nf85-apa-alcalina-hidrogenata\/","title":{"rendered":"NANOAZURA ULTRA SMART NF85 - AGUA ALCALINA HIDROGENADA"},"content":{"rendered":"<h2><span style=\"font-family: tahoma, arial, helvetica, sans-serif; font-size: 110%;\"><strong>NANOAZURA ULTRA SMART NF85 - AGUA ALCALINA HIDROGENADA<\/strong> este in momentul de fata cel mai performant sistem de filtrare a apei existent si singurul care pe langa o apa nano filtrata prin tehnologia cu nanofiltrare, ofera o apa alcalina, hidrogenata si in acelasi timp cu ORP negativ.<\/span><\/h2>\n<p><span style=\"font-family: tahoma, arial, helvetica, sans-serif; font-size: 110%;\">Esto es posible gracias a la construcci\u00f3n \u00fanica de este purificador con los materiales de m\u00e1s alto rendimiento, incluyendo la presencia y la acci\u00f3n del filtro Biocera certificado por la NSF y probado por la FDA.<\/span><\/p>\n<h2><span style=\"font-family: tahoma, arial, helvetica, sans-serif; font-size: 110%;\">Deci pe langa sistemul de filtrare foarte performant NANOAZURA ULTRA SMART NF85, veti obtine o apa antioxidanta, hidrogenata si alcalina.<\/span><\/h2>\n<p><span style=\"font-family: tahoma, arial, helvetica, sans-serif; font-size: 110%;\">Pe langa filtrele foarte performante ce sunt incorporate in acest sistem, purificatorul <strong>NANOAZURA ULTRA SMART NF85<\/strong> afiseaza informatii despre durata de viata a cartuselor, afiseaza TDS-ul apei ce are legatura cu durata directa cu calitatea acesteia si este dotat cu un sistem unic de auto curatare a membranei de nanofiltrare. In plus, sistemul este dotat cu alarma in cazul pierderilor de apa. <strong>De hecho, el purificador est\u00e1 equipado con un microordenador inteligente.<\/strong><\/span><\/p>\n<p><span style=\"font-family: tahoma, arial, helvetica, sans-serif; font-size: 110%;\">Calitatile apei obtinute cu sistemul de filtrare NANOAZURA ULTRA SMART NF85, prin actiunea filtrului BIOCERA (productie Coreea de Sud):<\/span><\/p>\n<ul>\n<li><span style=\"font-family: tahoma, arial, helvetica, sans-serif; font-size: 110%;\">contiene silicio que previene el Alzheimer;<\/span><\/li>\n<li><span style=\"font-family: tahoma, arial, helvetica, sans-serif; font-size: 110%;\">rica en rayos infrarrojos con innumerables ventajas: impide el crecimiento de bacterias, equilibra la acidez del organismo, regula el colesterol, activa mol\u00e9culas de nuestro cuerpo, mejora las funciones del sistema nervioso;<\/span><\/li>\n<li><span style=\"font-family: tahoma, arial, helvetica, sans-serif; font-size: 110%;\">crea iones negativos en el agua;<\/span><\/li>\n<li><span style=\"font-family: tahoma, arial, helvetica, sans-serif; font-size: 110%;\">crea agua alcalina elevando el pH del agua y enriqueci\u00e9ndola con minerales;<\/span><\/li>\n<li><span style=\"font-family: tahoma, arial, helvetica, sans-serif; font-size: 110%;\">eliminar el cloro;<\/span><\/li>\n<li><span style=\"font-family: tahoma, arial, helvetica, sans-serif; font-size: 110%;\">tiene un efecto antibacteriano por la acci\u00f3n de los iones de plata;<\/span><\/li>\n<li><span style=\"font-family: tahoma, arial, helvetica, sans-serif; font-size: 110%;\">enriquece el agua con magnesio, que tiene el efecto de reducir las contracciones musculares;<\/span><\/li>\n<li><span style=\"font-family: tahoma, arial, helvetica, sans-serif; font-size: 110%;\">enriquece el agua con hidr\u00f3geno y reduce el ox\u00edgeno activo;<\/span><\/li>\n<li><span style=\"font-family: tahoma, arial, helvetica, sans-serif; font-size: 110%;\">disminuye el ORP del agua a negativo, como en los ionizadores de agua (ORP = Oxidation Reduction Potential);<\/span><\/li>\n<li><span style=\"font-family: tahoma, arial, helvetica, sans-serif; font-size: 110%;\">El agua ser\u00e1 fuertemente hidratante debido a sus grupos de mol\u00e9culas m\u00e1s peque\u00f1as.<\/span><\/li>\n<\/ul>\n<p><span style=\"font-family: tahoma, arial, helvetica, sans-serif; font-size: 110%;\">Acceda a la ficha t\u00e9cnica del filtro BIOCERA: <a href=\"https:\/\/azura.ro\/wp-content\/uploads\/2019\/10\/FILTRU-BIOCERA.pdf\">BIOCERA FILTRO<\/a><\/span><\/p>\n<p><span style=\"font-size: 110%;\"><img decoding=\"async\" class=\"wp-image-18664 aligncenter\" src=\"https:\/\/azura.ro\/wp-content\/uploads\/2019\/10\/Filtru-Biocera-216x300.jpg\" alt=\"\" width=\"713\" height=\"990\" srcset=\"https:\/\/azura.ro\/wp-content\/uploads\/2019\/10\/Filtru-Biocera-216x300.jpg 216w, https:\/\/azura.ro\/wp-content\/uploads\/2019\/10\/Filtru-Biocera-510x707.jpg 510w, https:\/\/azura.ro\/wp-content\/uploads\/2019\/10\/Filtru-Biocera.jpg 659w\" sizes=\"(max-width: 713px) 100vw, 713px\" \/><\/span><\/p>\n<p>&nbsp;<\/p>\n<p><span style=\"font-family: tahoma, arial, helvetica, sans-serif; font-size: 110%;\">Precizie de filtrare: 0,001 microni<\/span><\/p>\n<p><span style=\"font-family: tahoma, arial, helvetica, sans-serif; font-size: 110%;\">Este modelo est\u00e1 equipado con una bomba de refuerzo que aumenta la capacidad de filtraci\u00f3n.  Para realizar el proceso de filtraci\u00f3n se necesita una fuente de presi\u00f3n de solo 1,5 bares (ya que contiene la bomba).<\/span><\/p>\n<p><span style=\"font-family: tahoma, arial, helvetica, sans-serif; font-size: 110%;\">Desigur, NANOAZURA ULTRA SMART NF85 detine certificari de tipul TSE-HYB si este fabricat din materiale certificate la randul lor: NSF si SGS. Toate aceste certificari se afla in posesia noastra iar la solicitarea dvs. vi le putem prezenta.<\/span><\/p>\n<p><span style=\"font-family: tahoma, arial, helvetica, sans-serif; font-size: 110%;\"><strong>Garantizar \"<a href=\"https:\/\/azura.ro\/es\/agradecimiento-pleno\/\">AGRADECIMIENTO PLENO<\/a>\"<\/strong> = <strong>Garantia ca sistemul de filtrare NANOAZURA ULTRA SMART NF85 are efectul promis.<\/strong><\/span><\/p>\n<p><span style=\"font-family: tahoma, arial, helvetica, sans-serif; font-size: 110%;\"><img decoding=\"async\" class=\"wp-image-13707 alignleft\" src=\"https:\/\/azura.ro\/wp-content\/uploads\/2018\/12\/30-zile-garantie-retur.png\" alt=\"\" width=\"160\" height=\"160\" srcset=\"https:\/\/azura.ro\/wp-content\/uploads\/2018\/12\/30-zile-garantie-retur.png 300w, https:\/\/azura.ro\/wp-content\/uploads\/2018\/12\/30-zile-garantie-retur-247x247.png 247w, https:\/\/azura.ro\/wp-content\/uploads\/2018\/12\/30-zile-garantie-retur-100x100.png 100w, https:\/\/azura.ro\/wp-content\/uploads\/2018\/12\/30-zile-garantie-retur-150x150.png 150w\" sizes=\"(max-width: 160px) 100vw, 160px\" \/>Purificatorul de apa NANOAZURA ULTRA SMART NF85 functioneaza si de aceea oferim acest echipament cu <a href=\"https:\/\/azura.ro\/es\/agradecimiento-pleno\/\">GARANT\u00cdA DE DEVOLUCI\u00d3N DE 30 D\u00cdAS<\/a>. La finalidad de este tipo de garant\u00eda es una sola, su satisfacci\u00f3n.<\/span><br \/>\n<span style=\"font-family: tahoma, arial, helvetica, sans-serif; font-size: 110%;\">Noi garantam ca Purificatorul NANOAZURA ULTRA SMART NF85 va functiona si pentru tine. Daca nu esti multumit dupa 30 de ZILE cu performantele sistemului, te rugam sa ne contactezi intr-o perioada de 30 zile dupa perioada de testare si utilizare. Daca nu putem rezolva problema ce te nemultumeste, banii pe echipament vor fi inapoiati in intregime dupa ce ne vei inapoia echipamentul. Nu vei plati nici macar costul de transport!<\/span><\/p>\n<p><span style=\"text-decoration: underline; font-family: tahoma, arial, helvetica, sans-serif; font-size: 110%;\">Configuratie unica de filtrare pentru <span style=\"font-family: tahoma, arial, helvetica, sans-serif;\">NANOAZURA ULTRA SMART NF85<\/span> \u2013 garantam ca o astfel de filtrare nu veti mai intalni intr-un alt sistem cu nanofiltrare.<\/span><\/p>\n<p><span style=\"font-family: tahoma, arial, helvetica, sans-serif; font-size: 110%;\"><strong>Sistemul de filtrare NANOAZURA ULTRA SMART NF85 contine multiple straturi de filtrare prezente in 6 cartuse filtrante si anume:<\/strong><\/span><\/p>\n<p><span style=\"font-family: tahoma, arial, helvetica, sans-serif; font-size: 110%;\"><strong>El primer filtro (es\u00a0<em>transl\u00facido<\/em>\u00a0para ver cu\u00e1ndo se ensucia el filtro):<\/strong> <strong>CARTUCHO FILTRANTE 1ER CARTUCHO FILTRANTE ANTIBACTERIANO DE 5 MICRAS RO100 \/ NF85<\/strong> - contiene polipropileno puro con grado de filtraci\u00f3n de 5 micras, impregnado de nano zinc. La funci\u00f3n de este filtro es prefiltrar el agua en busca de \u00f3xido, suciedad, arena y otras part\u00edculas y destruir las bacterias mediante la acci\u00f3n del nano zinc.<\/span><\/p>\n<p><span style=\"font-family: tahoma, arial, helvetica, sans-serif; font-size: 110%;\">Periodo de cambio recomendado para 1ST: 4-6 meses.<\/span><\/p>\n<p><span style=\"font-family: tahoma, arial, helvetica, sans-serif; font-size: 110%;\"><strong>Segundo filtro: CARTUCHO FILTRANTE 2<sup>ND<\/sup> CARBONO GAC RO100 \/ NF85 <\/strong>- medio filtrante de carb\u00f3n granular obtenido de la c\u00e1scara de coco. La funci\u00f3n de este filtro es filtrar el sabor, el olor, el cloro, los trihalometanos, los org\u00e1nicos, los herbicidas, los pesticidas, los residuos de medicamentos, los insecticidas, los fenoles, los hidrocarburos poliarom\u00e1ticos y muchas otras sustancias qu\u00edmicas.<\/span><\/p>\n<p><span style=\"font-family: tahoma, arial, helvetica, sans-serif; font-size: 110%;\">Periodo de cambio recomendado para 2ND: 12 meses.<\/span><\/p>\n<p><span style=\"font-family: tahoma, arial, helvetica, sans-serif; font-size: 110%;\"><strong>Tercer filtro: 3er CARTUCHO FILTRANTE DE CARB\u00d3N RO100 \/ NF85<\/strong>\u00a0\u2013 rol de tratare anticalcar pentru protectie pompa de presiune si membrana de nanofiltrare. In plus, are capacitate de filtrare pentru clor, trihalometani, substante organice, erbicide, pesticide, reziduuri de medicamente, insecticide, fenoli, hidrocarburi poliaromate.<\/span><\/p>\n<p><span style=\"font-family: tahoma, arial, helvetica, sans-serif; font-size: 110%;\">Periodo de sustituci\u00f3n recomendado para 3RD: 12 meses.<\/span><\/p>\n<p><span style=\"font-family: tahoma, arial, helvetica, sans-serif; font-size: 110%;\"><strong>El cuarto filtro, tambi\u00e9n el \"coraz\u00f3n del sistema\" CARTUCHO FILTRANTE 4<sup>TH<\/sup> MEMRANA NANOFILTRARE 85 GPD<\/strong>\u00a0 &#8211; aceasta membrana are capacitatea cea mai puternica de filtrare dintre toate filtrele. Capacitate de productie 13.30 litri\/ora.<\/span><\/p>\n<p><span style=\"font-family: tahoma, arial, helvetica, sans-serif; font-size: 110%;\">Periodo de cambio recomendado para 4TH: 12 meses.<\/span><\/p>\n<p><span style=\"font-family: tahoma, arial, helvetica, sans-serif; font-size: 110%;\"><strong>El quinto filtro: CARTUCHO FILTRANTE ALCALINO, ANTIOXIDANTE, ANTIBACTERIANO, BIOCERA<\/strong> - este cartucho es \u00fanico en el mundo y proporciona al agua propiedades antioxidantes al enriquecerla con hidr\u00f3geno y minerales cuidadosamente seleccionados y certificados por la NSF.<\/span><\/p>\n<p><span style=\"font-family: tahoma, arial, helvetica, sans-serif; font-size: 110%;\">Periodo de sustituci\u00f3n recomendado para Biocera: 12 meses<\/span><\/p>\n<p><span style=\"font-family: tahoma, arial, helvetica, sans-serif; font-size: 110%;\"><strong>Sexto filtro: CARTUCHO FILTRO 6<sup>TH<\/sup> PH ALCALINO SI GAC RO100 \/ NF85<\/strong>\u00a0- Medio filtrante de carb\u00f3n granular fabricado con c\u00e1scara de coco y piedra caliza para aumentar y estabilizar el pH del agua. El agua se alcaliniza (o aumenta su alcalinidad) utilizando este cartucho filtrante. Este filtro tambi\u00e9n act\u00faa como filtro de acabado y corrector del sabor, haciendo que el agua sea muy agradable de beber.<\/span><\/p>\n<p><span style=\"font-family: tahoma, arial, helvetica, sans-serif; font-size: 110%;\">Periodo de cambio recomendado para 6TH: 12 meses.<\/span><\/p>\n<p><span style=\"font-family: tahoma, arial, helvetica, sans-serif; font-size: 110%;\">Nota: el tiempo de cambio de los cartuchos filtrantes depende directamente de la calidad del agua filtrada.<\/span><\/p>\n<p><span style=\"font-family: tahoma, arial, helvetica, sans-serif; font-size: 110%;\">Puede encontrar los cartuchos filtrantes y los costes correspondientes haciendo clic en el bot\u00f3n virtual \"CARTUCHOS DE CAMBIO\", situado debajo de las im\u00e1genes de los productos (en la parte superior de la p\u00e1gina).<\/span><\/p>\n<p><span style=\"font-family: tahoma, arial, helvetica, sans-serif; font-size: 110%;\"><strong>\u00bfD\u00f3nde y para qu\u00e9?<\/strong><\/span><\/p>\n<p><span style=\"font-family: tahoma, arial, helvetica, sans-serif; font-size: 110%;\">NANOAZURA ULTRA SMART NF85 se monteaza in general la bucatarie, sub blat, iar consumul de apa se face prin bateria de apa purificata oferita in kitul de instalare. Este o baterie moderna, argintie, ce se potriveste cu orice bucatarie moderna.<\/span><\/p>\n<p><span style=\"font-family: tahoma, arial, helvetica, sans-serif; font-size: 110%;\">El agua purificada de este modo se utiliza para el consumo diario, para preparar t\u00e9 y caf\u00e9, para cocinar, lavar frutas y verduras.<\/span><\/p>\n<p><span style=\"font-family: tahoma, arial, helvetica, sans-serif; font-size: 110%;\">Atentie! Sistemul de filtrare NANOAZURA ULTRA SMART NF85\u00a0este proiectat si gandit sa purifice apa din retelele publice controlate, dezinfectata si declarata potabila. Nu utilizati sistemul (fara sa ne consultati) cu apa din surse proprii precum apa de foraj\/put, apa de suprafata. In astfel de cazuri este necesar un buletin de analiza a apei. Specialistii nostri va stau la dispozitie prin consultanta de specialitate si va vor indica cu exactitate ce filtre va sunt necesare pentru a trata apa din surse proprii, dar numai pe baza unui buletin de analiza a apei.<\/span><\/p>\n<p><span style=\"font-family: tahoma, arial, helvetica, sans-serif; font-size: 110%;\">Utilizati NANOAZURA ULTRA SMART NF85 doar cu apa rece. Nu montati pe conducta de apa calda!<\/span><\/p>\n<p><span style=\"font-family: tahoma, arial, helvetica, sans-serif; font-size: 110%;\"><strong>\u00bfLavar\u00e1s los platos con agua filtrada?<\/strong><\/span><\/p>\n<p><span style=\"font-family: tahoma, arial, helvetica, sans-serif; font-size: 110%;\">Raspunsul este NU. Kitul de instalare permite ca numai apa ce se doreste a fi consumata sa fie filtrata. Purificatorul NANOAZURA ULTRA SMART NF85 contine kit de instalare in acest sens.<\/span><\/p>\n<p><span style=\"font-family: tahoma, arial, helvetica, sans-serif; font-size: 110%;\"><strong>\u00bfQu\u00e9 recibo en el paquete en el momento de la entrega?<\/strong><\/span><\/p>\n<ul>\n<li><span style=\"font-family: tahoma, arial, helvetica, sans-serif; font-size: 110%;\">El dispositivo de filtrado con los filtros antes mencionados;<\/span><br \/>\n<span style=\"font-family: tahoma, arial, helvetica, sans-serif; font-size: 110%;\">- Manguera de presi\u00f3n blanca para agua filtrada m\u00e1s que suficiente para la grifer\u00eda;<\/span><br \/>\n<span style=\"font-family: tahoma, arial, helvetica, sans-serif; font-size: 110%;\">- Pila de metal plateado para beber agua purificada, con certificaci\u00f3n NSF, sin plomo;<\/span><br \/>\n<span style=\"font-family: tahoma, arial, helvetica, sans-serif; font-size: 110%;\">- Pieza de conexi\u00f3n bajo el fregadero de 1\/2\" con grifo de entrada\/salida de agua al filtro;<\/span><br \/>\n<span style=\"font-family: tahoma, arial, helvetica, sans-serif; font-size: 110%;\">* Pieza de conexi\u00f3n de desag\u00fce para aguas residuales;<\/span><br \/>\n<span style=\"font-family: tahoma, arial, helvetica, sans-serif; font-size: 110%;\">* Tanque de almacenamiento para recoger el agua depurada;<\/span><br \/>\n<span style=\"font-family: tahoma, arial, helvetica, sans-serif; font-size: 110%;\">* Grifo para el recipiente de almacenamiento;<\/span><\/li>\n<\/ul>\n<p><span style=\"font-family: tahoma, arial, helvetica, sans-serif; font-size: 110%;\"><strong>Montaj NANOAZURA ULTRA SMART NF85<\/strong><\/span><\/p>\n<p><span style=\"font-family: tahoma, arial, helvetica, sans-serif; font-size: 110%;\">El sistema de filtraci\u00f3n se monta debajo del fregadero y en el fregadero s\u00f3lo se monta la bater\u00eda especial suministrada en el kit de instalaci\u00f3n. La instalaci\u00f3n no es dif\u00edcil, sin embargo requiere pocos conocimientos t\u00e9cnicos o un instalador. Le proporcionaremos el Manual del Usuario con la compra. Para Bucarest e Ilfov puede pedir a nuestro equipo que instale el filtro por usted (cargo adicional).<\/span><\/p>\n<p><span style=\"font-family: tahoma, arial, helvetica, sans-serif; font-size: 110%;\">Durante la puesta en marcha, antes de beber agua, llene y vac\u00ede dos recipientes de almacenamiento (el que se suministra con el sistema de filtraci\u00f3n). Despu\u00e9s de la instalaci\u00f3n, durante unos d\u00edas, ver\u00e1 finas burbujas de aire en el vaso. Esto es absolutamente normal y ocurrir\u00e1 hasta que el medio filtrante est\u00e9 completamente empapado.<\/span><\/p>\n<p><span style=\"font-family: tahoma, arial, helvetica, sans-serif; font-size: 110%;\">\u00a1Atenci\u00f3n! Es necesario que el sistema de filtrado est\u00e9 conectado a la red el\u00e9ctrica de 220V.<\/span><\/p>\n<p><span style=\"font-family: tahoma, arial, helvetica, sans-serif; font-size: 110%;\"><strong>Cambiar los cartuchos filtrantes: nada m\u00e1s sencillo:<\/strong><\/span><\/p>\n<p><span style=\"font-family: tahoma, arial, helvetica, sans-serif; font-size: 110%;\">Cambiar los filtros es muy sencillo y no se necesitan herramientas ni llaves complicadas. Todo lleva entre 15 y 20 minutos. El \u00fanico cartucho que necesita una llave es la mebrana de \u00f3smosis inversa. Encontrar\u00e1 la llave para este filtro en el kit suministrado con el purificador.<\/span><\/p>\n<ul>\n<li><span style=\"font-family: tahoma, arial, helvetica, sans-serif; font-size: 110%;\">se cierra el agua - se abre la bater\u00eda de agua filtrada para despresurizarla - se acoplan todos los filtros mediante acoplamientos r\u00e1pidos, todo es muy sencillo. No es necesario forzar, no se necesitan llaves especiales, cualquiera puede realizar este procedimiento.<\/span><\/li>\n<li><span style=\"font-family: tahoma, arial, helvetica, sans-serif; font-size: 110%;\">Garantie: NANOAZURA ULTRA SMART NF85 are Garantie pe Viata. Cartusele filtrante sunt consumabile si nu intra sub incidenta garantiei.<\/span><\/li>\n<\/ul>\n<p><span style=\"font-family: tahoma, arial, helvetica, sans-serif; font-size: 110%;\"><strong>Otras especificaciones t\u00e9cnicas:<\/strong><\/span><\/p>\n<p><span style=\"font-family: tahoma, arial, helvetica, sans-serif; font-size: 110%;\">*Presiune minima a apei de intrare 1 bar;<\/span><br \/>\n<span style=\"font-family: tahoma, arial, helvetica, sans-serif; font-size: 110%;\">* Presi\u00f3n m\u00e1xima del agua de entrada 5 bar;<\/span><br \/>\n<span style=\"font-family: tahoma, arial, helvetica, sans-serif; font-size: 110%;\">*Caudal ofrecido 1,7 litros - 2,5 litros\/minuto;<\/span><br \/>\n<span style=\"font-family: tahoma, arial, helvetica, sans-serif; font-size: 110%;\">*Capacitate de productie 13.30 litri\/ora;<\/span><br \/>\n<span style=\"font-family: tahoma, arial, helvetica, sans-serif; font-size: 110%;\">*Incluye kit de instalaci\u00f3n con mangueras, filtros, conectores y bater\u00eda para consumo de agua filtrada;<\/span><br \/>\n<span style=\"font-family: tahoma, arial, helvetica, sans-serif; font-size: 110%;\">*S\u00f3lo debe instalarse en la tuber\u00eda de agua fr\u00eda, nunca en la de agua caliente.<\/span><\/p>\n<p><span style=\"font-family: tahoma, arial, helvetica, sans-serif; font-size: 110%;\">Dimensiones:<\/span><\/p>\n<ul>\n<li><span style=\"font-family: tahoma, arial, helvetica, sans-serif; font-size: 110%;\">Dimensiones: 500 x 260 x 420 mm (Largo x Ancho x Alto)<\/span><\/li>\n<\/ul>\n<p><span style=\"font-family: tahoma, arial, helvetica, sans-serif; font-size: 110%; color: #808080;\"><strong>Garant\u00eda: <a href=\"https:\/\/azura.ro\/es\/garantie-pe-viata\/\" target=\"_blank\" rel=\"noopener\">Sobre la vida<\/a><\/strong><\/span><\/p>\n<p><span style=\"font-family: tahoma, arial, helvetica, sans-serif; font-size: 110%;\">Puteti primi consultanta gratuita pentru compatibilitatea Purificatorului NANOAZURA ULTRA SMART NF85<em>\u00a0<\/em>con su fuente de agua. Contamos con profesionales del tratamiento del agua que pueden darle los mejores consejos para la purificaci\u00f3n y el tratamiento del agua.<\/span><\/p>\n<p><span style=\"font-family: tahoma, arial, helvetica, sans-serif; font-size: 110%;\">Gracias por su atenci\u00f3n e inter\u00e9s. El agua es vida, y el agua limpia es salud.<\/span><\/p>","protected":false},"excerpt":{"rendered":"<p><span style=\"font-size: 100%; font-family: tahoma, arial, helvetica, sans-serif;\"><a href=\"https:\/\/azura.ro\/es\/100-30-dias-de-garantia-de-devolucion\/\" target=\"_blank\" rel=\"attachment noopener wp-att-7307 noreferrer\"><img decoding=\"async\" class=\"alignnone wp-image-7307\" src=\"https:\/\/azura.ro\/wp-content\/uploads\/2016\/06\/Garantie-retur.png\" alt=\"\" width=\"108\" height=\"133\" \/><\/a><a href=\"https:\/\/azura.ro\/es\/garantie-pe-viata\/\" target=\"_blank\" rel=\"attachment noopener wp-att-7308 noreferrer\"><img decoding=\"async\" class=\"alignnone wp-image-7308\" src=\"https:\/\/azura.ro\/wp-content\/uploads\/2016\/06\/Service.png\" alt=\"\" width=\"134\" height=\"134\" srcset=\"https:\/\/azura.ro\/wp-content\/uploads\/2016\/06\/Service.png 189w, https:\/\/azura.ro\/wp-content\/uploads\/2016\/06\/Service-100x100.png 100w, https:\/\/azura.ro\/wp-content\/uploads\/2016\/06\/Service-150x150.png 150w\" sizes=\"(max-width: 134px) 100vw, 134px\" \/><img decoding=\"async\" class=\"\" src=\"https:\/\/azura.ro\/wp-content\/uploads\/2024\/01\/garantie-pe-viata.png\" alt=\"garant\u00eda de por vida\" width=\"110\" height=\"141\" \/><\/a><\/span><\/p>\n<p><span style=\"font-size: 100%; font-family: tahoma, arial, helvetica, sans-serif;\"><a href=\"https:\/\/azura.ro\/es\/100-30-dias-de-garantia-de-devolucion\/\" target=\"_blank\" rel=\"noopener noreferrer\">Ofrecemos garant\u00eda de satisfacci\u00f3n con pol\u00edtica de devoluci\u00f3n de 30 d\u00edas;<\/a><\/span><br \/>\n<span style=\"font-size: 100%; font-family: tahoma, arial, helvetica, sans-serif;\"><a href=\"https:\/\/azura.ro\/es\/service\/\" target=\"_blank\" rel=\"noopener noreferrer\">Ofrecemos servicio especializado en Ruman\u00eda \u00a1Cualquier problema t\u00e9cnico se resuelve en Ruman\u00eda!<\/a><a href=\"https:\/\/azura.ro\/es\/service\/\" target=\"_blank\" rel=\"noopener noreferrer\"><br \/>\n<\/a><a href=\"https:\/\/azura.ro\/es\/garantie-pe-viata\/\" target=\"_blank\" rel=\"noopener\">Ofrecemos garant\u00eda contra defectos de fabricaci\u00f3n, Garant\u00eda de por vida - haga clic para solicitarla.<\/a><\/span><\/p>\n<p><span style=\"font-size: 85%;\" data-nosnippet=\"true\"><i>El precio de venta del AEE incluye el valor del coste del \"sello verde<u>seg\u00fan GEO 5\/2015<\/u><\/i><\/span><\/p>","protected":false},"featured_media":68175,"comment_status":"open","ping_status":"closed","template":"","meta":{"_seopress_robots_primary_cat":"none","_seopress_titles_title":"","_seopress_titles_desc":"","_seopress_robots_index":""},"product_brand":[],"product_cat":[80,989],"product_tag":[1567,1568],"class_list":{"0":"post-30945","1":"product","2":"type-product","3":"status-publish","4":"has-post-thumbnail","6":"product_cat-filtre-apa-cu-nanofiltrare","7":"product_cat-hidrogenatoare-de-apa","8":"product_tag-cel-mai-bun-filtru-cu-nanofiltrare","9":"product_tag-cel-mai-bun-purificator-cu-nanofiltrare","10":"pa_amplasare-subchiuveta","11":"pa_brand-azura-filters","13":"first","14":"instock","15":"sale","16":"taxable","17":"shipping-taxable","18":"purchasable","19":"product-type-simple"},"_links":{"self":[{"href":"https:\/\/azura.ro\/es\/wp-json\/wp\/v2\/product\/30945","targetHints":{"allow":["GET"]}}],"collection":[{"href":"https:\/\/azura.ro\/es\/wp-json\/wp\/v2\/product"}],"about":[{"href":"https:\/\/azura.ro\/es\/wp-json\/wp\/v2\/types\/product"}],"replies":[{"embeddable":true,"href":"https:\/\/azura.ro\/es\/wp-json\/wp\/v2\/comments?post=30945"}],"wp:featuredmedia":[{"embeddable":true,"href":"https:\/\/azura.ro\/es\/wp-json\/wp\/v2\/media\/68175"}],"wp:attachment":[{"href":"https:\/\/azura.ro\/es\/wp-json\/wp\/v2\/media?parent=30945"}],"wp:term":[{"taxonomy":"product_brand","embeddable":true,"href":"https:\/\/azura.ro\/es\/wp-json\/wp\/v2\/product_brand?post=30945"},{"taxonomy":"product_cat","embeddable":true,"href":"https:\/\/azura.ro\/es\/wp-json\/wp\/v2\/product_cat?post=30945"},{"taxonomy":"product_tag","embeddable":true,"href":"https:\/\/azura.ro\/es\/wp-json\/wp\/v2\/product_tag?post=30945"}],"curies":[{"name":"wp","href":"https:\/\/api.w.org\/{rel}","templated":true}]}}