{"id":32261,"date":"2021-02-19T19:51:15","date_gmt":"2021-02-19T17:51:15","guid":{"rendered":"https:\/\/azura.ro\/?post_type=product&#038;p=32261"},"modified":"2026-04-07T13:36:40","modified_gmt":"2026-04-07T10:36:40","slug":"filtru-declorinator-antibacterian-clear-cto-10-racord-1-2","status":"publish","type":"product","link":"https:\/\/azura.ro\/es\/produs\/filtru-declorinator-antibacterian-clear-cto-10-racord-1-2\/","title":{"rendered":"FILTRO DECLORADOR ANTIBACTERIANO CLEAR CTO 10\u2033 CON CONEXI\u00d3N DE 1\/2\u2033."},"content":{"rendered":"<h2><span style=\"font-size: 110%; font-family: tahoma, arial, helvetica, sans-serif;\">Filtro declorador con cartucho filtrante antibacteriano impregnado de plata.<\/span><\/h2>\n<p><span style=\"font-size: 110%; font-family: tahoma, arial, helvetica, sans-serif;\">Recomandarea de utilizare este pentru un singur punct de consum, de exemplu instalat pentru o singura chiuveta.<\/span><\/p>\n<p><span style=\"font-size: 110%; font-family: tahoma, arial, helvetica, sans-serif;\">Caracter\u00edsticas t\u00e9cnicas:<\/span><\/p>\n<ul>\n<li><span style=\"font-size: 110%; font-family: tahoma, arial, helvetica, sans-serif;\">Conexiunea se face pe filet interior de 1\/2&#8243;<\/span><\/li>\n<li><span style=\"font-size: 110%; font-family: tahoma, arial, helvetica, sans-serif;\">el cartucho filtrado se fabrica a partir de una mezcla de carb\u00f3n activado obtenido de la c\u00e1scara de coco mezclado con iones de plata<\/span><\/li>\n<li><span style=\"font-size: 110%; font-family: tahoma, arial, helvetica, sans-serif;\">el cartucho est\u00e1 cubierto con una estrella para protegerlo de los sedimentos y la suciedad<\/span><\/li>\n<li><span style=\"font-size: 110%; font-family: tahoma, arial, helvetica, sans-serif;\">elimina olores, olores, cloro, trihalometanos, sustancias org\u00e1nicas<\/span><\/li>\n<li><span style=\"font-size: 110%; font-family: tahoma, arial, helvetica, sans-serif;\">vida \u00fatil: 6 - 12 meses - recomendamos cambiar despu\u00e9s de 6 meses como m\u00e1ximo<\/span><\/li>\n<li><span style=\"font-size: 110%; font-family: tahoma, arial, helvetica, sans-serif;\">capacidad de filtraci\u00f3n para la decloraci\u00f3n: 75.708 litros (la capacidad de filtraci\u00f3n depende del nivel de contaminaci\u00f3n del agua).<\/span><\/li>\n<li><span style=\"font-size: 110%; font-family: tahoma, arial, helvetica, sans-serif;\">utilizar s\u00f3lo con agua fr\u00eda.<\/span><\/li>\n<li><span style=\"font-size: 110%; font-family: tahoma, arial, helvetica, sans-serif;\">grado de filtraci\u00f3n: entre 5 y 10 micras<\/span><\/li>\n<\/ul>\n<p><span style=\"font-size: 110%; font-family: tahoma, arial, helvetica, sans-serif;\">&#8211; Debit maxim: 3,8 l\/min (Acesta este debitul de filtrare corect. Dar filtrul permite debit de pana la 20 litri\/minut) . Este un filtru destinat sistemelor ce se monteaza sub chiuveta sau pe chiuveta. Nu utilizati acest cartus filtrant ca si filtrare pentru toata casa sau pentru retele de apa cu debite mai mari de 3,8 l\/min.<\/span><\/p>\n<p><span style=\"font-size: 110%; font-family: tahoma, arial, helvetica, sans-serif;\">\u00dasalo:<\/span><br \/>\n<span style=\"font-size: 110%; font-family: tahoma, arial, helvetica, sans-serif;\">- idealmente, se utilizar\u00e1 en un \u00fanico punto de consumo integrado en filtros para la potabilizaci\u00f3n del agua<\/span><br \/>\n<span style=\"font-size: 110%; font-family: tahoma, arial, helvetica, sans-serif;\">- s\u00f3lo para agua fr\u00eda<\/span><br \/>\n<span style=\"font-size: 110%; font-family: tahoma, arial, helvetica, sans-serif;\">- idealmente, se utilizar\u00e1 con prefiltraci\u00f3n de sedimentos, tasa de filtraci\u00f3n recomendada inferior a 20 micras<\/span><br \/>\n<span style=\"font-size: 110%; font-family: tahoma, arial, helvetica, sans-serif;\">- No utilizar con agua bacteriol\u00f3gicamente contaminada. Utilizar \u00fanicamente con agua procedente de redes controladas.<\/span><\/p>\n<p><span style=\"font-size: 110%; font-family: tahoma, arial, helvetica, sans-serif;\">Puesta en servicio:<\/span><\/p>\n<ul>\n<li><span style=\"font-size: 110%; font-family: tahoma, arial, helvetica, sans-serif;\">Antes de consumir agua, pase unos 10 - 15 litros de agua por el filtro para limpiarlo del polvo negro producido por el carb\u00f3n activado.<\/span><\/li>\n<\/ul>\n<p><span style=\"font-size: 110%; font-family: tahoma, arial, helvetica, sans-serif;\">Pa\u00eds de origen: Italia<\/span><\/p>","protected":false},"excerpt":{"rendered":"<p>Filtru declorinator cu cartus filtrant antibacterian, impregnat cu argint. Recomandarea de utilizare este pentru un singur punct de consum, de exemplu instalat pentru o singura chiuveta. Caracteristici tehnice: Conexiunea se face pe filet interior de 1\/2&#8243; cartusul filtrat este produs din amestec de carbune activat obtinut din coaja de nuca cocos in amestec cu ioni [&#8230;]\n","protected":false},"featured_media":69866,"comment_status":"open","ping_status":"closed","template":"","meta":{"_seopress_robots_primary_cat":"none","_seopress_titles_title":"","_seopress_titles_desc":"","_seopress_robots_index":""},"product_brand":[],"product_cat":[87],"product_tag":[1604,1644,790],"class_list":{"0":"post-32261","1":"product","2":"type-product","3":"status-publish","4":"has-post-thumbnail","6":"product_cat-filtre-standard-cu-carbune-activat","7":"product_tag-filtru-antibacterian","8":"product_tag-filtru-cu-ioni-de-argint","9":"product_tag-filtru-declorinator","10":"pa_amplasare-conductaprincipala","11":"pa_brand-azura-filters","13":"first","14":"outofstock","15":"taxable","16":"shipping-taxable","17":"purchasable","18":"product-type-simple"},"_links":{"self":[{"href":"https:\/\/azura.ro\/es\/wp-json\/wp\/v2\/product\/32261","targetHints":{"allow":["GET"]}}],"collection":[{"href":"https:\/\/azura.ro\/es\/wp-json\/wp\/v2\/product"}],"about":[{"href":"https:\/\/azura.ro\/es\/wp-json\/wp\/v2\/types\/product"}],"replies":[{"embeddable":true,"href":"https:\/\/azura.ro\/es\/wp-json\/wp\/v2\/comments?post=32261"}],"wp:featuredmedia":[{"embeddable":true,"href":"https:\/\/azura.ro\/es\/wp-json\/wp\/v2\/media\/69866"}],"wp:attachment":[{"href":"https:\/\/azura.ro\/es\/wp-json\/wp\/v2\/media?parent=32261"}],"wp:term":[{"taxonomy":"product_brand","embeddable":true,"href":"https:\/\/azura.ro\/es\/wp-json\/wp\/v2\/product_brand?post=32261"},{"taxonomy":"product_cat","embeddable":true,"href":"https:\/\/azura.ro\/es\/wp-json\/wp\/v2\/product_cat?post=32261"},{"taxonomy":"product_tag","embeddable":true,"href":"https:\/\/azura.ro\/es\/wp-json\/wp\/v2\/product_tag?post=32261"}],"curies":[{"name":"wp","href":"https:\/\/api.w.org\/{rel}","templated":true}]}}