{"id":32283,"date":"2021-02-20T13:36:10","date_gmt":"2021-02-20T11:36:10","guid":{"rendered":"https:\/\/azura.ro\/?post_type=product&#038;p=32283"},"modified":"2026-02-24T11:49:34","modified_gmt":"2026-02-24T09:49:34","slug":"filtro-de-agua-ultrapura-bmb-line-azura-filters","status":"publish","type":"product","link":"https:\/\/azura.ro\/es\/produs\/filtru-apa-ultrazura-zada-bmb-line-azura-filters\/","title":{"rendered":"FILTRO DE AGUA ULTRAPURA BMB LINE AZURA FILTERS"},"content":{"rendered":"<h2><span style=\"font-size: 110%; font-family: tahoma, arial, helvetica, sans-serif; color: #333333;\"><strong>Filtro de agua <\/strong>ULTRAZURA ZADA BMB LINE are 6 tratamente incorporate intr-un singur cartus filtrant. Tehnologii moderne, inclusiv nano zinc si membrana japoneza de ultrafiltrare pentru eliminarea bacteriilor si protozoarelor.<img decoding=\"async\" class=\"alignright wp-image-38630\" src=\"https:\/\/azura.ro\/wp-content\/uploads\/2021\/02\/FILTRU-APA-ULTRAZURA-ZADA-BMB-LINE-AZURA-FILTERS_2.jpg\" alt=\"FILTRO DE AGUA ULTRAPURA BMB LINE AZURA FILTERS\" width=\"447\" height=\"404\" srcset=\"https:\/\/azura.ro\/wp-content\/uploads\/2021\/02\/FILTRU-APA-ULTRAZURA-ZADA-BMB-LINE-AZURA-FILTERS_2.jpg 713w, https:\/\/azura.ro\/wp-content\/uploads\/2021\/02\/FILTRU-APA-ULTRAZURA-ZADA-BMB-LINE-AZURA-FILTERS_2-510x461.jpg 510w, https:\/\/azura.ro\/wp-content\/uploads\/2021\/02\/FILTRU-APA-ULTRAZURA-ZADA-BMB-LINE-AZURA-FILTERS_2-300x271.jpg 300w\" sizes=\"(max-width: 447px) 100vw, 447px\" \/><\/span><\/h2>\n<p><span style=\"font-size: 110%; font-family: tahoma, arial, helvetica, sans-serif; color: #333333;\">Acest cartus filtrant incorporeaza 6 tratamente de filtrare pentru eliminarea din apa de retea publica a mai multor\u00a0contaminanti, cei mai importanti fiind: criptosporidium si giardia (chisturi rezistente la clor), clor (ce se foloseste ca si dezinfectant), trihalometani (un subprodus al clorului), substante organice, urme de medicamente si multe alte substante chimice, inclusiv metale grele. Evident ca gustul si mirosul apei vor fi corectate, devenind o apa foarte placuta.<\/span><\/p>\n<p><span style=\"font-size: 110%; font-family: tahoma, arial, helvetica, sans-serif; color: #333333;\">Este construit in mai multe trepte de filtrare: polipropilena pura de 1 micron impreganta cu nano zinc, carbon pudra, polipropilena pura de 0,5 microni impregnata cu nano zinc, membrana de ultrafiltrare 0,2 microni, produsa in Japonia de catre compania KITZ Water Solutions.<\/span><\/p>\n<p><span style=\"font-size: 110%; font-family: tahoma, arial, helvetica, sans-serif; color: #333333;\">Toate materialele din care este construit acest filtru au diferite certificari: NSF, SGS, IEC, TSE.<\/span><\/p>\n<p><span style=\"font-family: tahoma, arial, helvetica, sans-serif; font-size: 110%;\">Los materiales de primera calidad con los que est\u00e1 construido este purificador proceden de fabricantes de renombre mundial:<\/span><br \/>\n<span style=\"font-size: 110%;\"><img decoding=\"async\" class=\"aligncenter size-full wp-image-24165\" src=\"https:\/\/azura.ro\/wp-content\/uploads\/2019\/03\/prodicatori-zada-pro.jpg\" alt=\"\" width=\"903\" height=\"70\" srcset=\"https:\/\/azura.ro\/wp-content\/uploads\/2019\/03\/prodicatori-zada-pro.jpg 903w, https:\/\/azura.ro\/wp-content\/uploads\/2019\/03\/prodicatori-zada-pro-510x40.jpg 510w, https:\/\/azura.ro\/wp-content\/uploads\/2019\/03\/prodicatori-zada-pro-300x23.jpg 300w\" sizes=\"(max-width: 903px) 100vw, 903px\" \/><\/span><\/p>\n<p><span style=\"font-size: 110%; font-family: tahoma, arial, helvetica, sans-serif; color: #333333;\">Garantizar \"<a style=\"color: #333333;\" href=\"https:\/\/azura.ro\/es\/agradecimiento-pleno\/\" target=\"_blank\" rel=\"noopener noreferrer\">AGRADECIMIENTO PLENO<\/a>\" = Garant\u00eda de que <strong>FILTRU APA ULTRAZURA ZADA BMB LINE<\/strong>\u00a0tiene el efecto prometido.<\/span><\/p>\n<p><span style=\"font-family: tahoma, arial, helvetica, sans-serif; font-size: 110%; color: #333333;\"><a style=\"color: #333333;\" href=\"https:\/\/azura.ro\/es\/agradecimiento-pleno\/\" target=\"_blank\" rel=\"attachment noopener wp-att-13707 noreferrer\"><img decoding=\"async\" class=\"alignleft wp-image-13707\" src=\"https:\/\/azura.ro\/wp-content\/uploads\/2018\/12\/30-zile-garantie-retur.png\" alt=\"\" width=\"159\" height=\"159\" srcset=\"https:\/\/azura.ro\/wp-content\/uploads\/2018\/12\/30-zile-garantie-retur.png 300w, https:\/\/azura.ro\/wp-content\/uploads\/2018\/12\/30-zile-garantie-retur-247x247.png 247w, https:\/\/azura.ro\/wp-content\/uploads\/2018\/12\/30-zile-garantie-retur-100x100.png 100w, https:\/\/azura.ro\/wp-content\/uploads\/2018\/12\/30-zile-garantie-retur-150x150.png 150w\" sizes=\"(max-width: 159px) 100vw, 159px\" \/><\/a><\/span><\/p>\n<p><span style=\"font-size: 110%; font-family: tahoma, arial, helvetica, sans-serif; color: #333333;\"><strong>FILTRU APA ULTRAZURA ZADA BMB LINE<\/strong>\u00a0funciona y por eso ofrecemos este equipo con una GARANT\u00cdA DE DEVOLUCI\u00d3N DE 30 D\u00cdAS. La finalidad de este tipo de garant\u00eda es s\u00f3lo una, su satisfacci\u00f3n.<\/span><br \/>\n<span style=\"font-size: 110%; font-family: tahoma, arial, helvetica, sans-serif; color: #333333;\"> Garantizamos que <strong>FILTRU APA ULTRAZURA ZADA BMB LINE<\/strong>\u00a0funcionar\u00e1 para usted. Si despu\u00e9s de 30 D\u00cdAS no est\u00e1 satisfecho con el funcionamiento del sistema, p\u00f3ngase en contacto con nosotros en un plazo de 30 d\u00edas tras el periodo de prueba y uso. Si no somos capaces de resolver el problema con el que no est\u00e1 satisfecho, el dinero de su equipo ser\u00e1 reembolsado en su totalidad despu\u00e9s de que nos devuelva el equipo. \u00a1Ni siquiera tendr\u00e1 que pagar los gastos de env\u00edo!\u00a0<\/span><\/p>\n<p><span style=\"font-size: 110%; font-family: tahoma, arial, helvetica, sans-serif; color: #333333;\"><strong>\u00a1Atenci\u00f3n!<\/strong> Sistema de filtrado <strong>ULTRAZURA ZADA BMB LINE<\/strong>\u00a0est\u00e1 dise\u00f1ado y fabricado para purificar agua de la red p\u00fablica que ha sido controlada, desinfectada y declarada potable. No utilice el sistema (sin consultarnos) con agua procedente de fuentes propias, como agua de perforaci\u00f3n\/pozo, aguas superficiales. En estos casos se requiere un informe de an\u00e1lisis del agua. Nuestros especialistas est\u00e1n a su disposici\u00f3n con asesoramiento experto y le dir\u00e1n exactamente qu\u00e9 filtros necesita para tratar su propia fuente de agua, pero s\u00f3lo sobre la base de un informe de an\u00e1lisis del agua.<\/span><\/p>\n<p><span style=\"font-size: 110%; font-family: tahoma, arial, helvetica, sans-serif; color: #333333;\">Vida \u00fatil del cartucho filtrante:<\/span><\/p>\n<p><span style=\"font-size: 110%; font-family: tahoma, arial, helvetica, sans-serif; color: #333333;\">Filtrul are o capacitate de filtrare 9000 l sau maxim un an de la prima utilizare.<\/span><\/p>\n<p><span style=\"font-size: 110%; font-family: tahoma, arial, helvetica, sans-serif; color: #333333;\"><strong>Precio del cartucho de filtro:\u00a0<\/strong>il gasiti la sectiunea &#8222;CARTUS DE SCHIMB&#8221; imediat sub imaginile produsului. Click pe &#8222;CARTUS DE SCHIMB&#8221; pentru pret si descriere cartus filtrant.<\/span><\/p>\n<h3><span style=\"font-size: 110%; font-family: tahoma, arial, helvetica, sans-serif; color: #333333;\">Tutorial montaj ULTRAZURA ZADA BMB LINE:<\/span><\/h3>\n<p><span style=\"font-size: 110%; font-family: tahoma, arial, helvetica, sans-serif; color: #333333;\"><span style=\"font-family: tahoma, arial, helvetica, sans-serif;\">El sistema de filtraci\u00f3n se monta debajo del fregadero y en el fregadero s\u00f3lo se monta la bater\u00eda especial suministrada en el kit de instalaci\u00f3n. La instalaci\u00f3n no es dif\u00edcil, sin embargo requiere pocos conocimientos t\u00e9cnicos o un instalador. Le proporcionaremos el Manual del Usuario con la compra. Para Bucarest e Ilfov puede pedir a nuestro equipo que instale el filtro por usted (cargo adicional).<\/span><\/span><\/p>\n<p><iframe loading=\"lazy\" title=\"Instalare Filtru Apa Ultrazura Zada Bmb Line Azura Filters\" width=\"1020\" height=\"574\" src=\"https:\/\/www.youtube.com\/embed\/1Lj-aUNyv4Y?feature=oembed\" frameborder=\"0\" allow=\"accelerometer; autoplay; clipboard-write; encrypted-media; gyroscope; picture-in-picture; web-share\" referrerpolicy=\"strict-origin-when-cross-origin\" allowfullscreen><\/iframe><\/p>\n<p><img decoding=\"async\" class=\"aligncenter size-full wp-image-38632\" src=\"https:\/\/azura.ro\/wp-content\/uploads\/2021\/02\/Ultrazura-Zada-BMB-Line_3.jpg\" alt=\"Ultrazura Zada BMB Line\" width=\"783\" height=\"376\" srcset=\"https:\/\/azura.ro\/wp-content\/uploads\/2021\/02\/Ultrazura-Zada-BMB-Line_3.jpg 783w, https:\/\/azura.ro\/wp-content\/uploads\/2021\/02\/Ultrazura-Zada-BMB-Line_3-510x245.jpg 510w, https:\/\/azura.ro\/wp-content\/uploads\/2021\/02\/Ultrazura-Zada-BMB-Line_3-300x144.jpg 300w\" sizes=\"(max-width: 783px) 100vw, 783px\" \/><\/p>\n<p><span style=\"font-size: 110%; font-family: tahoma, arial, helvetica, sans-serif; color: #333333;\">D\u00e9bito ofrecido:<\/span><\/p>\n<p><span style=\"font-size: 110%; font-family: tahoma, arial, helvetica, sans-serif; color: #333333;\">Intre 1,5 &#8211; 4,5 l apa \/ minut, in functie de presiune. In cele mai multe cazuri va exista un debit intre 1,5 &#8211; 3 l minut.<\/span><\/p>\n<p><span style=\"font-size: 110%; font-family: tahoma, arial, helvetica, sans-serif; color: #333333;\">Precauciones e indicaciones de uso:<\/span><\/p>\n<p><span style=\"font-size: 110%; font-family: tahoma, arial, helvetica, sans-serif; color: #333333;\">* La punerea in functiune sau la schimbarea cartusului filtrant se vor trece prin filtru, inainte de consum aproximativ 10 l de apa.<br \/>\n* Se va alimenta doar cu apa rece.<\/span><\/p>\n<p><span style=\"font-family: tahoma, arial, helvetica, sans-serif; font-size: 110%;\">Dimensiunile aparatului: 370 x 140 x 140 mm (Inaltime x Latime x Adancime)<\/span><\/p>\n<p><span style=\"font-size: 110%; font-family: tahoma, arial, helvetica, sans-serif; color: #333333;\">Garant\u00eda del producto:<\/span><\/p>\n<p><span style=\"font-size: 110%; font-family: tahoma, arial, helvetica, sans-serif; color: #333333;\">Se ofrece una garant\u00eda de dos a\u00f1os para el sistema de filtraci\u00f3n. El cartucho filtrante es un consumible y no est\u00e1 cubierto por la garant\u00eda.<\/span><\/p>\n<h3><span style=\"font-size: 110%; font-family: tahoma, arial, helvetica, sans-serif; color: #333333;\">Tutorial schimbare cartus filtrant ULTRAZURA ZADA BMB LINE:<\/span><\/h3>\n<p><iframe loading=\"lazy\" title=\"Schimbare Cartus Filtrant Ultrazura Zada BMB Line Azura Filters\" width=\"1020\" height=\"574\" src=\"https:\/\/www.youtube.com\/embed\/HhBg2t1JQTA?feature=oembed\" frameborder=\"0\" allow=\"accelerometer; autoplay; clipboard-write; encrypted-media; gyroscope; picture-in-picture; web-share\" referrerpolicy=\"strict-origin-when-cross-origin\" allowfullscreen><\/iframe><\/p>\n<p><span style=\"font-size: 110%; font-family: tahoma, arial, helvetica, sans-serif; color: #333333;\">Produs pentru: AZURA FILTERS in Taiwan<\/span><\/p>","protected":false},"excerpt":{"rendered":"<p><span style=\"font-size: 100%; font-family: tahoma, arial, helvetica, sans-serif;\"><a href=\"https:\/\/azura.ro\/es\/100-30-dias-de-garantia-de-devolucion\/\" target=\"_blank\" rel=\"attachment noopener wp-att-7307 noreferrer\"><img decoding=\"async\" class=\"alignnone wp-image-7307\" src=\"https:\/\/azura.ro\/wp-content\/uploads\/2016\/06\/Garantie-retur.png\" alt=\"\" width=\"108\" height=\"133\" \/><\/a><a href=\"https:\/\/azura.ro\/es\/service\/\" target=\"_blank\" rel=\"attachment noopener wp-att-7308 noreferrer\"><img decoding=\"async\" class=\"alignnone wp-image-7308\" src=\"https:\/\/azura.ro\/wp-content\/uploads\/2016\/06\/Service.png\" alt=\"\" width=\"134\" height=\"134\" srcset=\"https:\/\/azura.ro\/wp-content\/uploads\/2016\/06\/Service.png 189w, https:\/\/azura.ro\/wp-content\/uploads\/2016\/06\/Service-100x100.png 100w, https:\/\/azura.ro\/wp-content\/uploads\/2016\/06\/Service-150x150.png 150w\" sizes=\"(max-width: 134px) 100vw, 134px\" \/><\/a><a href=\"https:\/\/azura.ro\/es\/2-ani-garantie\/\" target=\"_blank\" rel=\"noopener noreferrer\"><img decoding=\"async\" class=\"alignnone wp-image-14008\" src=\"https:\/\/azura.ro\/wp-content\/uploads\/2018\/12\/2-ani-garantie.png\" alt=\"\" width=\"109\" height=\"139\" \/><\/a><\/span><\/p>\n<p><span style=\"font-size: 105%; font-family: tahoma, arial, helvetica, sans-serif;\"><a href=\"https:\/\/azura.ro\/es\/100-30-dias-de-garantia-de-devolucion\/\" target=\"_blank\" rel=\"noopener noreferrer\"><span style=\"font-size: 100%;\">Ofrecemos garant\u00eda de satisfacci\u00f3n con pol\u00edtica de devoluci\u00f3n de 30 d\u00edas;<\/span><\/a><\/span><br \/>\n<span style=\"font-size: 100%; font-family: tahoma, arial, helvetica, sans-serif;\"><a href=\"https:\/\/azura.ro\/es\/service\/\" target=\"_blank\" rel=\"noopener noreferrer\">Ofrecemos servicio especializado en Ruman\u00eda \u00a1Cualquier problema t\u00e9cnico se resuelve en Ruman\u00eda!<\/a><a href=\"https:\/\/azura.ro\/es\/service\/\" target=\"_blank\" rel=\"noopener noreferrer\"><br \/>\n<\/a><a href=\"https:\/\/azura.ro\/es\/2-ani-garantie\/\" target=\"_blank\" rel=\"noopener noreferrer\">Ofrecemos garant\u00eda contra defectos de fabricaci\u00f3n, 2 a\u00f1os de garant\u00eda;<\/a><\/span><\/p>","protected":false},"featured_media":68183,"comment_status":"open","ping_status":"closed","template":"","meta":{"_seopress_robots_primary_cat":"none","_seopress_titles_title":"","_seopress_titles_desc":"","_seopress_robots_index":""},"product_brand":[],"product_cat":[95],"product_tag":[1465,493,340],"class_list":{"0":"post-32283","1":"product","2":"type-product","3":"status-publish","4":"has-post-thumbnail","6":"product_cat-filtre-apa-cu-ultrafiltrare","7":"product_tag-filtru-apa-bucuresti","8":"product_tag-filtru-apa-ultrafiltrare","9":"product_tag-ultrafiltru","10":"pa_amplasare-subchiuveta","11":"pa_brand-azura-filters","12":"pa_graddefiltrare-02-microni","14":"first","15":"instock","16":"sale","17":"taxable","18":"shipping-taxable","19":"purchasable","20":"product-type-simple"},"_links":{"self":[{"href":"https:\/\/azura.ro\/es\/wp-json\/wp\/v2\/product\/32283","targetHints":{"allow":["GET"]}}],"collection":[{"href":"https:\/\/azura.ro\/es\/wp-json\/wp\/v2\/product"}],"about":[{"href":"https:\/\/azura.ro\/es\/wp-json\/wp\/v2\/types\/product"}],"replies":[{"embeddable":true,"href":"https:\/\/azura.ro\/es\/wp-json\/wp\/v2\/comments?post=32283"}],"wp:featuredmedia":[{"embeddable":true,"href":"https:\/\/azura.ro\/es\/wp-json\/wp\/v2\/media\/68183"}],"wp:attachment":[{"href":"https:\/\/azura.ro\/es\/wp-json\/wp\/v2\/media?parent=32283"}],"wp:term":[{"taxonomy":"product_brand","embeddable":true,"href":"https:\/\/azura.ro\/es\/wp-json\/wp\/v2\/product_brand?post=32283"},{"taxonomy":"product_cat","embeddable":true,"href":"https:\/\/azura.ro\/es\/wp-json\/wp\/v2\/product_cat?post=32283"},{"taxonomy":"product_tag","embeddable":true,"href":"https:\/\/azura.ro\/es\/wp-json\/wp\/v2\/product_tag?post=32283"}],"curies":[{"name":"wp","href":"https:\/\/api.w.org\/{rel}","templated":true}]}}